{"id":15509,"date":"2025-10-19T13:16:56","date_gmt":"2025-10-19T11:16:56","guid":{"rendered":"https:\/\/www.lltrezor.sk\/shop\/?post_type=product&#038;p=15509"},"modified":"2026-03-20T20:16:33","modified_gmt":"2026-03-20T19:16:33","slug":"four-lines-2","status":"publish","type":"product","link":"https:\/\/www.lltrezor.sk\/shop\/product\/four-lines-2\/","title":{"rendered":"Four Lines 2"},"content":{"rendered":"<div class=\"product-sdesc\">\n<p data-start=\"142\" data-end=\"325\">Exteri\u00e9rov\u00e1 po\u0161tov\u00e1 schr\u00e1nka z pozinkovanej ocele, odoln\u00e1 vo\u010di nepriazniv\u00e9mu po\u010dasiu, v elegantnej matnej antracitovej farbe RAL 7016, vhodn\u00e1 pre po\u0161tu form\u00e1tu A4.<\/p>\n<hr data-start=\"327\" data-end=\"330\" \/>\n<h3 data-start=\"332\" data-end=\"362\">\ud83c\udfd7\ufe0f Materi\u00e1l a kon\u0161trukcia<\/h3>\n<ul>\n<li data-start=\"365\" data-end=\"437\">Vyroben\u00e1 z <strong data-start=\"376\" data-end=\"398\">pozinkovanej ocele<\/strong> odolnej vo\u010di poveternostn\u00fdm vplyvom.<\/li>\n<li data-start=\"440\" data-end=\"507\"><strong data-start=\"440\" data-end=\"460\">Elegantn\u00fd dizajn<\/strong> vhodn\u00fd do modern\u00e9ho aj klasick\u00e9ho exteri\u00e9ru.<\/li>\n<li data-start=\"510\" data-end=\"567\"><strong data-start=\"510\" data-end=\"544\">Predn\u00fd aj zadn\u00fd chr\u00e1nen\u00fd otvor<\/strong> vhodn\u00fd pre po\u0161tu A4.<\/li>\n<li data-start=\"570\" data-end=\"670\">Zadn\u00e1 strana so <strong data-start=\"586\" data-end=\"623\">pripraven\u00fdmi otvormi na upevnenie<\/strong> (materi\u00e1l na upevnenie je s\u00fa\u010das\u0165ou balenia).<\/li>\n<\/ul>\n<hr data-start=\"672\" data-end=\"675\" \/>\n<h3 data-start=\"677\" data-end=\"702\">\ud83d\udd12 Z\u00e1mok a bezpe\u010dnos\u0165<\/h3>\n<ul>\n<li data-start=\"705\" data-end=\"744\"><strong data-start=\"705\" data-end=\"726\">Cylindrick\u00fd z\u00e1mok<\/strong> s dvoma k\u013e\u00fa\u010dmi.<\/li>\n<li data-start=\"747\" data-end=\"802\">Mo\u017enos\u0165 doobjedna\u0165 \u010fal\u0161ie k\u013e\u00fa\u010de pod\u013ea \u010d\u00edsla produktu.<\/li>\n<\/ul>\n<hr data-start=\"804\" data-end=\"807\" \/>\n<h3 data-start=\"809\" data-end=\"830\">\ud83c\udfa8 Farba a povrch<\/h3>\n<ul data-start=\"831\" data-end=\"862\">\n<li data-start=\"831\" data-end=\"862\">\n<p data-start=\"833\" data-end=\"862\"><strong data-start=\"833\" data-end=\"860\">Matn\u00fd antracit RAL 7016\u00a0<\/strong><\/p>\n<\/li>\n<\/ul>\n<hr data-start=\"864\" data-end=\"867\" \/>\n<h3 data-start=\"869\" data-end=\"883\">\ud83d\udcd0 Rozmery<\/h3>\n<ul>\n<li style=\"list-style-type: none;\">\n<ul data-start=\"884\" data-end=\"933\">\n<li data-start=\"884\" data-end=\"933\">\n<p data-start=\"886\" data-end=\"933\"><strong data-start=\"886\" data-end=\"912\">V\u00fd\u0161ka \u00d7 \u0161\u00edrka \u00d7 h\u013abka:<\/strong> 339 \u00d7 266 \u00d7 100 mm<\/p>\n<\/li>\n<\/ul>\n<\/li>\n<\/ul>\n<\/div>\n","protected":false},"excerpt":{"rendered":"<p>Exteri\u00e9rov\u00e1 po\u0161tov\u00e1 schr\u00e1nka z pozinkovanej ocele, odoln\u00e1 vo\u010di nepriazniv\u00e9mu po\u010dasiu, v elegantnej matnej antracitovej farbe RAL 7016, vhodn\u00e1 pre po\u0161tu form\u00e1tu A4<\/p>\n","protected":false},"featured_media":15510,"comment_status":"open","ping_status":"closed","template":"","meta":{"_monsterinsights_skip_tracking":false,"_monsterinsights_sitenote_active":false,"_monsterinsights_sitenote_note":"","_monsterinsights_sitenote_category":0},"product_brand":[318],"product_cat":[309],"product_tag":[1687],"class_list":{"0":"post-15509","1":"product","2":"type-product","3":"status-publish","4":"has-post-thumbnail","6":"product_brand-trezor-liktor","7":"product_cat-postove-schranky","8":"product_tag-designove","9":"product_shipping_class-do-10kg","10":"pa_farba-antracit","11":"pa_farba-hneda","12":"pa_material-ocel","13":"pa_vonkajsia-hlbka-805","14":"pa_vonkajsia-sirka-1281","15":"pa_vonkajsia-vyska-1282","16":"ts_product_brand-trezor-liktor","18":"first","19":"instock","20":"featured","21":"taxable","22":"shipping-taxable","23":"purchasable","24":"product-type-simple"},"aioseo_notices":[],"jetpack_sharing_enabled":true,"_links":{"self":[{"href":"https:\/\/www.lltrezor.sk\/shop\/wp-json\/wp\/v2\/product\/15509","targetHints":{"allow":["GET"]}}],"collection":[{"href":"https:\/\/www.lltrezor.sk\/shop\/wp-json\/wp\/v2\/product"}],"about":[{"href":"https:\/\/www.lltrezor.sk\/shop\/wp-json\/wp\/v2\/types\/product"}],"replies":[{"embeddable":true,"href":"https:\/\/www.lltrezor.sk\/shop\/wp-json\/wp\/v2\/comments?post=15509"}],"wp:featuredmedia":[{"embeddable":true,"href":"https:\/\/www.lltrezor.sk\/shop\/wp-json\/wp\/v2\/media\/15510"}],"wp:attachment":[{"href":"https:\/\/www.lltrezor.sk\/shop\/wp-json\/wp\/v2\/media?parent=15509"}],"wp:term":[{"taxonomy":"product_brand","embeddable":true,"href":"https:\/\/www.lltrezor.sk\/shop\/wp-json\/wp\/v2\/product_brand?post=15509"},{"taxonomy":"product_cat","embeddable":true,"href":"https:\/\/www.lltrezor.sk\/shop\/wp-json\/wp\/v2\/product_cat?post=15509"},{"taxonomy":"product_tag","embeddable":true,"href":"https:\/\/www.lltrezor.sk\/shop\/wp-json\/wp\/v2\/product_tag?post=15509"}],"curies":[{"name":"wp","href":"https:\/\/api.w.org\/{rel}","templated":true}]}}