{"id":15500,"date":"2025-10-19T13:09:26","date_gmt":"2025-10-19T11:09:26","guid":{"rendered":"https:\/\/www.lltrezor.sk\/shop\/?post_type=product&#038;p=15500"},"modified":"2026-03-20T20:16:33","modified_gmt":"2026-03-20T19:16:33","slug":"four-lines-1","status":"publish","type":"product","link":"https:\/\/www.lltrezor.sk\/shop\/product\/four-lines-1\/","title":{"rendered":"Four Lines 1"},"content":{"rendered":"<div class=\"product-sdesc\">\n<p data-start=\"173\" data-end=\"385\">Exteri\u00e9rov\u00e1 po\u0161tov\u00e1 schr\u00e1nka z pozinkovanej ocele, odoln\u00e1 vo\u010di nepriazniv\u00fdm poveternostn\u00fdm podmienkam, s elegantn\u00fdm dizajnom a predn\u00fdm aj zadn\u00fdm chr\u00e1nen\u00fdm otvorom vhodn\u00fdm pre po\u0161tu form\u00e1tu A4.<\/p>\n<hr data-start=\"387\" data-end=\"390\" \/>\n<h3 data-start=\"392\" data-end=\"422\">\ud83c\udfd7\ufe0f Materi\u00e1l a kon\u0161trukcia<\/h3>\n<ul>\n<li data-start=\"425\" data-end=\"499\">Vyroben\u00e1 z <strong data-start=\"436\" data-end=\"458\">pozinkovanej ocele<\/strong>, odolnej proti poveternostn\u00fdm vplyvom.<\/li>\n<li data-start=\"502\" data-end=\"576\">Elegantn\u00fd dizajn s <strong data-start=\"521\" data-end=\"555\">obd\u013a\u017enikovou nerezovou ozdobou<\/strong> na prednej strane.<\/li>\n<li data-start=\"579\" data-end=\"640\">Predn\u00fd aj zadn\u00fd chr\u00e1nen\u00fd otvor vhodn\u00fd pre po\u0161tu form\u00e1tu A4.<\/li>\n<li data-start=\"643\" data-end=\"743\">Zadn\u00e1 strana so <strong data-start=\"659\" data-end=\"696\">pripraven\u00fdmi otvormi na upevnenie<\/strong> (materi\u00e1l na upevnenie je s\u00fa\u010das\u0165ou balenia).<\/li>\n<\/ul>\n<hr data-start=\"745\" data-end=\"748\" \/>\n<h3 data-start=\"750\" data-end=\"775\">\ud83d\udd12 Z\u00e1mok a bezpe\u010dnos\u0165<\/h3>\n<ul>\n<li data-start=\"778\" data-end=\"817\"><strong data-start=\"778\" data-end=\"799\">Cylindrick\u00fd z\u00e1mok<\/strong> s dvoma k\u013e\u00fa\u010dmi.<\/li>\n<li data-start=\"820\" data-end=\"875\">Mo\u017enos\u0165 doobjedna\u0165 \u010fal\u0161ie k\u013e\u00fa\u010de pod\u013ea \u010d\u00edsla produktu.<\/li>\n<\/ul>\n<hr data-start=\"877\" data-end=\"880\" \/>\n<h3 data-start=\"882\" data-end=\"903\">\ud83c\udfa8 Farba a povrch<\/h3>\n<ul data-start=\"904\" data-end=\"968\">\n<li data-start=\"904\" data-end=\"968\">\n<p data-start=\"906\" data-end=\"968\"><strong data-start=\"906\" data-end=\"933\">Matn\u00fd antracit RAL 7016<\/strong> s nerezovou dekorat\u00edvnou ozdobou<\/p>\n<\/li>\n<\/ul>\n<hr data-start=\"970\" data-end=\"973\" \/>\n<h3 data-start=\"975\" data-end=\"989\">\ud83d\udcd0 Rozmery<\/h3>\n<ul>\n<li data-start=\"992\" data-end=\"1039\"><strong data-start=\"992\" data-end=\"1018\">V\u00fd\u0161ka \u00d7 \u0161\u00edrka \u00d7 h\u013abka:<\/strong> 339 \u00d7 266 \u00d7 100 mm<\/li>\n<\/ul>\n<\/div>\n","protected":false},"excerpt":{"rendered":"<p>Po\u0161tov\u00e1 schr\u00e1nka \u2013 matn\u00fd antracit RAL 7016 s nerezovou ozdobou<\/p>\n","protected":false},"featured_media":15508,"comment_status":"open","ping_status":"closed","template":"","meta":{"_monsterinsights_skip_tracking":false,"_monsterinsights_sitenote_active":false,"_monsterinsights_sitenote_note":"","_monsterinsights_sitenote_category":0},"product_brand":[318],"product_cat":[309],"product_tag":[1687],"class_list":{"0":"post-15500","1":"product","2":"type-product","3":"status-publish","4":"has-post-thumbnail","6":"product_brand-trezor-liktor","7":"product_cat-postove-schranky","8":"product_tag-designove","9":"product_shipping_class-do-10kg","10":"pa_material-ocel","11":"pa_vonkajsia-hlbka-805","12":"pa_vonkajsia-sirka-1281","13":"pa_vonkajsia-vyska-1282","14":"ts_product_brand-trezor-liktor","16":"first","17":"instock","18":"featured","19":"taxable","20":"shipping-taxable","21":"purchasable","22":"product-type-simple"},"aioseo_notices":[],"jetpack_sharing_enabled":true,"_links":{"self":[{"href":"https:\/\/www.lltrezor.sk\/shop\/wp-json\/wp\/v2\/product\/15500","targetHints":{"allow":["GET"]}}],"collection":[{"href":"https:\/\/www.lltrezor.sk\/shop\/wp-json\/wp\/v2\/product"}],"about":[{"href":"https:\/\/www.lltrezor.sk\/shop\/wp-json\/wp\/v2\/types\/product"}],"replies":[{"embeddable":true,"href":"https:\/\/www.lltrezor.sk\/shop\/wp-json\/wp\/v2\/comments?post=15500"}],"wp:featuredmedia":[{"embeddable":true,"href":"https:\/\/www.lltrezor.sk\/shop\/wp-json\/wp\/v2\/media\/15508"}],"wp:attachment":[{"href":"https:\/\/www.lltrezor.sk\/shop\/wp-json\/wp\/v2\/media?parent=15500"}],"wp:term":[{"taxonomy":"product_brand","embeddable":true,"href":"https:\/\/www.lltrezor.sk\/shop\/wp-json\/wp\/v2\/product_brand?post=15500"},{"taxonomy":"product_cat","embeddable":true,"href":"https:\/\/www.lltrezor.sk\/shop\/wp-json\/wp\/v2\/product_cat?post=15500"},{"taxonomy":"product_tag","embeddable":true,"href":"https:\/\/www.lltrezor.sk\/shop\/wp-json\/wp\/v2\/product_tag?post=15500"}],"curies":[{"name":"wp","href":"https:\/\/api.w.org\/{rel}","templated":true}]}}