{"id":15434,"date":"2025-10-19T11:51:14","date_gmt":"2025-10-19T09:51:14","guid":{"rendered":"https:\/\/www.lltrezor.sk\/shop\/?post_type=product&#038;p=15434"},"modified":"2026-03-01T13:52:56","modified_gmt":"2026-03-01T12:52:56","slug":"zsl-4-me","status":"publish","type":"product","link":"https:\/\/www.lltrezor.sk\/shop\/product\/zsl-4-me\/","title":{"rendered":"ZSL 4 ME"},"content":{"rendered":"<div class=\"product-sdesc\">\n<p data-start=\"135\" data-end=\"321\">Kompaktn\u00e1 certifikovan\u00e1 skrinka na bezpe\u010dn\u00e9 ulo\u017eenie <strong data-start=\"208\" data-end=\"243\">a\u017e 4 kr\u00e1tkych zbran\u00ed a streliva<\/strong>, ur\u010den\u00e1 pre fyzick\u00e9 osoby, s kombin\u00e1ciou elektronick\u00e9ho a mechanick\u00e9ho z\u00e1mku.<\/p>\n<hr data-start=\"323\" data-end=\"326\" \/>\n<h3 data-start=\"328\" data-end=\"361\">\ud83d\udee1\ufe0f Bezpe\u010dnos\u0165 a certifik\u00e1cia<\/h3>\n<ul>\n<li data-start=\"364\" data-end=\"406\"><strong data-start=\"364\" data-end=\"406\">Certifikovan\u00e1 mini skrinka na 4 zbrane<\/strong><\/li>\n<li data-start=\"409\" data-end=\"435\"><strong data-start=\"409\" data-end=\"435\">Bezpe\u010dnostn\u00e1 trieda Z1<\/strong><\/li>\n<li data-start=\"438\" data-end=\"515\">Skrinka sp\u013a\u0148a po\u017eiadavky na <strong data-start=\"466\" data-end=\"515\">\u00farove\u0148 odolnosti S1 pod\u013ea normy EN 14450:2005<\/strong><\/li>\n<li>Skri\u0148a <strong data-start=\"449\" data-end=\"521\">sp\u013a\u0148a podmienky \u00a7 55 z\u00e1kona \u010d. 190\/2003 Z. z. o zbraniach a strelive<\/strong><\/li>\n<li data-start=\"518\" data-end=\"576\">Odpor\u00fa\u010dan\u00e1 najm\u00e4 pre <strong data-start=\"539\" data-end=\"556\">fyzick\u00e9 osoby<\/strong> a dom\u00e1ce pou\u017eitie<\/li>\n<\/ul>\n<hr data-start=\"578\" data-end=\"581\" \/>\n<h3 data-start=\"583\" data-end=\"601\">\ud83d\udeaa Kon\u0161trukcia<\/h3>\n<ul>\n<li data-start=\"604\" data-end=\"659\"><strong data-start=\"604\" data-end=\"626\">Dvojpl\u00e1\u0161\u0165ov\u00e9 dvere<\/strong> pre vy\u0161\u0161iu mechanick\u00fa odolnos\u0165<\/li>\n<li data-start=\"662\" data-end=\"692\">Robustn\u00e1 oce\u013eov\u00e1 kon\u0161trukcia<\/li>\n<li data-start=\"695\" data-end=\"736\">Povrchov\u00e1 \u00faprava v <strong data-start=\"714\" data-end=\"736\">antracitovej farbe<\/strong><\/li>\n<\/ul>\n<hr data-start=\"738\" data-end=\"741\" \/>\n<h3 data-start=\"743\" data-end=\"764\">\ud83d\udd10 Z\u00e1mkov\u00fd syst\u00e9m<\/h3>\n<ul>\n<li data-start=\"767\" data-end=\"829\"><strong data-start=\"767\" data-end=\"827\">Elektronick\u00fd z\u00e1mok <span class=\"hover:entity-accent entity-underline inline cursor-pointer align-baseline\"><span class=\"whitespace-normal\">SAFEtronics<\/span><\/span><\/strong><\/li>\n<li data-start=\"832\" data-end=\"892\"><strong data-start=\"832\" data-end=\"890\">Mechanick\u00fd z\u00e1mok <span class=\"hover:entity-accent entity-underline inline cursor-pointer align-baseline\"><span class=\"whitespace-normal\">Lowe &amp; Fletcher<\/span><\/span><\/strong><\/li>\n<li data-start=\"895\" data-end=\"962\">Kombin\u00e1cia dvoch typov z\u00e1mkov v\u00fdrazne zvy\u0161uje \u00farove\u0148 zabezpe\u010denia<\/li>\n<\/ul>\n<hr data-start=\"964\" data-end=\"967\" \/>\n<h3 data-start=\"969\" data-end=\"997\">\ud83c\udfaf Vn\u00fatorn\u00e9 usporiadanie<\/h3>\n<ul>\n<li data-start=\"1000\" data-end=\"1059\"><strong data-start=\"1000\" data-end=\"1033\">Uzamykate\u013en\u00e1 vn\u00fatorn\u00e1 skrinka<\/strong> na strelivo a z\u00e1sobn\u00edky<\/li>\n<li data-start=\"1062\" data-end=\"1129\"><strong data-start=\"1062\" data-end=\"1083\">Opierka z PU peny<\/strong> pre bezpe\u010dn\u00e9 ulo\u017eenie <strong data-start=\"1106\" data-end=\"1127\">4 kr\u00e1tkych zbran\u00ed<\/strong><\/li>\n<li data-start=\"1132\" data-end=\"1192\">Vhodn\u00e1 pre kr\u00e1tke zbrane s maxim\u00e1lnou d\u013a\u017ekou <strong data-start=\"1177\" data-end=\"1190\">do 270 mm<\/strong><\/li>\n<li data-start=\"1195\" data-end=\"1254\">Zbrane s\u00fa chr\u00e1nen\u00e9 proti po\u0161kodeniu aj ne\u017eiaducemu pohybu<\/li>\n<\/ul>\n<hr data-start=\"1256\" data-end=\"1259\" \/>\n<h3 data-start=\"1261\" data-end=\"1283\">\u2705 Ide\u00e1lne vyu\u017eitie<\/h3>\n<ul>\n<li data-start=\"1286\" data-end=\"1334\">Bezpe\u010dn\u00e9 ulo\u017eenie kr\u00e1tkych zbran\u00ed v dom\u00e1cnosti<\/li>\n<li data-start=\"1337\" data-end=\"1404\">Ulo\u017eenie zbran\u00ed a streliva v s\u00falade s legislat\u00edvnymi po\u017eiadavkami<\/li>\n<li data-start=\"1407\" data-end=\"1460\">Praktick\u00e9 rie\u0161enie pre dr\u017eite\u013eov zbrojn\u00e9ho preukazu<\/li>\n<\/ul>\n<\/div>\n","protected":false},"excerpt":{"rendered":"<p>Kompaktn\u00e1 certifikovan\u00e1 skrinka na bezpe\u010dn\u00e9 ulo\u017eenie a\u017e 4 kr\u00e1tkych zbran\u00ed a streliva<\/p>\n","protected":false},"featured_media":15431,"comment_status":"open","ping_status":"closed","template":"","meta":{"_monsterinsights_skip_tracking":false,"_monsterinsights_sitenote_active":false,"_monsterinsights_sitenote_note":"","_monsterinsights_sitenote_category":0},"product_brand":[676],"product_cat":[147,224],"product_tag":[992],"class_list":{"0":"post-15434","1":"product","2":"type-product","3":"status-publish","4":"has-post-thumbnail","6":"product_brand-safetronics","7":"product_cat-akciove-produkty","8":"product_cat-skrine-na-kratke-zbrane","9":"product_tag-zsl","10":"product_shipping_class-od-101-kg-do-25kg","11":"pa_bezpecnostna-trieda-bezpecnostnej-triedy-a-v-zmysle-normy-en-1300","12":"pa_bezpecnostna-trieda-s1-podla-normy-en-14450","13":"pa_bezpecnostna-trieda-trieda-z1-norma-en-1143-1","14":"pa_material-ocel","15":"pa_miesto-instalacie-volne-stojace","16":"pa_typ-zamku-elektronicky-zamok-safetronics-mechanicky-zamok-lowefletcher","17":"pa_vnutorna-hlbka-947","18":"pa_vnutorna-sirka-969","19":"pa_vnutorna-vyska-1275","20":"pa_vnutorny-objem-1276","21":"pa_vonkajsia-hlbka-1146","22":"pa_vonkajsia-sirka-838","23":"pa_vonkajsia-vyska-849","24":"ts_product_brand-safetronics","26":"first","27":"instock","28":"sale","29":"featured","30":"taxable","31":"shipping-taxable","32":"purchasable","33":"product-type-simple"},"aioseo_notices":[],"jetpack_sharing_enabled":true,"_links":{"self":[{"href":"https:\/\/www.lltrezor.sk\/shop\/wp-json\/wp\/v2\/product\/15434","targetHints":{"allow":["GET"]}}],"collection":[{"href":"https:\/\/www.lltrezor.sk\/shop\/wp-json\/wp\/v2\/product"}],"about":[{"href":"https:\/\/www.lltrezor.sk\/shop\/wp-json\/wp\/v2\/types\/product"}],"replies":[{"embeddable":true,"href":"https:\/\/www.lltrezor.sk\/shop\/wp-json\/wp\/v2\/comments?post=15434"}],"wp:featuredmedia":[{"embeddable":true,"href":"https:\/\/www.lltrezor.sk\/shop\/wp-json\/wp\/v2\/media\/15431"}],"wp:attachment":[{"href":"https:\/\/www.lltrezor.sk\/shop\/wp-json\/wp\/v2\/media?parent=15434"}],"wp:term":[{"taxonomy":"product_brand","embeddable":true,"href":"https:\/\/www.lltrezor.sk\/shop\/wp-json\/wp\/v2\/product_brand?post=15434"},{"taxonomy":"product_cat","embeddable":true,"href":"https:\/\/www.lltrezor.sk\/shop\/wp-json\/wp\/v2\/product_cat?post=15434"},{"taxonomy":"product_tag","embeddable":true,"href":"https:\/\/www.lltrezor.sk\/shop\/wp-json\/wp\/v2\/product_tag?post=15434"}],"curies":[{"name":"wp","href":"https:\/\/api.w.org\/{rel}","templated":true}]}}