{"id":15413,"date":"2025-10-19T11:18:35","date_gmt":"2025-10-19T09:18:35","guid":{"rendered":"https:\/\/www.lltrezor.sk\/shop\/?post_type=product&#038;p=15413"},"modified":"2026-02-19T17:09:18","modified_gmt":"2026-02-19T16:09:18","slug":"bc-150-v-basic","status":"publish","type":"product","link":"https:\/\/www.lltrezor.sk\/shop\/product\/bc-150-v-basic\/","title":{"rendered":"BC 150 V (basic)"},"content":{"rendered":"<p data-start=\"193\" data-end=\"412\"><strong data-start=\"193\" data-end=\"208\">AM MODULARE<\/strong> je profesion\u00e1lny modul\u00e1rny syst\u00e9m ur\u010den\u00fd pre obchody so zbra\u0148ami,<strong> in\u0161tit\u00facie a n\u00e1ro\u010dn\u00fdch zberate\u013eov<\/strong>, ktor\u00ed potrebuj\u00fa bezpe\u010dne skladova\u0165 a prev\u00e1dzkova\u0165 <strong data-start=\"354\" data-end=\"379\">ve\u013ek\u00e9 mno\u017estvo zbran\u00ed<\/strong> v s\u00falade s platnou legislat\u00edvou.<\/p>\n<h3 data-start=\"414\" data-end=\"446\">\ud83d\udd12 Bezpe\u010dnos\u0165 a certifik\u00e1cia<\/h3>\n<ul>\n<li data-start=\"449\" data-end=\"505\">certifik\u00e1cia pod\u013ea <strong data-start=\"468\" data-end=\"505\">EN 14450 \u2013 bezpe\u010dnostn\u00e1 trieda S1<\/strong><\/li>\n<li data-start=\"508\" data-end=\"536\"><strong data-start=\"508\" data-end=\"536\">mechanick\u00fd z\u00e1mok na k\u013e\u00fa\u010d<\/strong><\/li>\n<li data-start=\"539\" data-end=\"590\">robustn\u00e1 oce\u013eov\u00e1 kon\u0161trukcia pre dlhodob\u00fa prev\u00e1dzku<\/li>\n<li data-start=\"593\" data-end=\"650\">mo\u017enos\u0165 <strong data-start=\"601\" data-end=\"635\">2 zadn\u00fdch uzamykate\u013en\u00fdch dver\u00ed<\/strong> (za pr\u00edplatok)<\/li>\n<\/ul>\n<h3 data-start=\"652\" data-end=\"684\">\ud83c\udfa8 Povrchov\u00e1 \u00faprava a dizajn<\/h3>\n<ul>\n<li data-start=\"687\" data-end=\"736\"><strong data-start=\"687\" data-end=\"736\">pr\u00e1\u0161kov\u00e9 lakovanie s ve\u013emi vysokou odolnos\u0165ou<\/strong><\/li>\n<li data-start=\"739\" data-end=\"780\">dostupn\u00e9 v <strong data-start=\"750\" data-end=\"780\">\u010diernej alebo bielej farbe<\/strong><\/li>\n<li data-start=\"783\" data-end=\"838\">vzorky povrchov\u00fdch \u00faprav k dispoz\u00edcii <strong data-start=\"821\" data-end=\"838\">na po\u017eiadanie<\/strong><\/li>\n<\/ul>\n<h3 data-start=\"840\" data-end=\"863\">\ud83c\udfed V\u00fdroba a dodanie<\/h3>\n<ul>\n<li data-start=\"866\" data-end=\"948\"><strong data-start=\"866\" data-end=\"886\">z\u00e1kazkov\u00e1 v\u00fdroba<\/strong> spolo\u010dnosti <span class=\"hover:entity-accent entity-underline inline cursor-pointer align-baseline\"><span class=\"whitespace-normal\">METALK S.r.l.<\/span><\/span> (Taliansko)<\/li>\n<li data-start=\"951\" data-end=\"984\">dodacia lehota: <strong>12 \u201316 t\u00fd\u017ed\u0148ov<\/strong><\/li>\n<li data-start=\"987\" data-end=\"1040\">ka\u017ed\u00fd syst\u00e9m je konfigurovan\u00fd pod\u013ea potrieb z\u00e1kazn\u00edka<\/li>\n<\/ul>\n<h3 data-start=\"1042\" data-end=\"1076\">\u2139\ufe0f D\u00f4le\u017eit\u00e9 obchodn\u00e9 podmienky<\/h3>\n<ul>\n<li data-start=\"1079\" data-end=\"1129\">pri objednan\u00ed sa vy\u017eaduje <strong data-start=\"1105\" data-end=\"1129\">z\u00e1loha vo v\u00fd\u0161ke 50 %<\/strong><\/li>\n<li data-start=\"1132\" data-end=\"1235\">objedn\u00e1vka prebieha v s\u00falade s obchodn\u00fdmi podmienkami spolo\u010dnosti <span class=\"hover:entity-accent entity-underline inline cursor-pointer align-baseline\"><span class=\"whitespace-normal\">DELTA COMMERCE, s.r.o.<\/span><\/span><\/li>\n<li data-start=\"1238\" data-end=\"1361\">po vytvoren\u00ed objedn\u00e1vky je potrebn\u00e9 <strong data-start=\"1274\" data-end=\"1305\">kontaktova\u0165 n\u00e1s telefonicky<\/strong> za \u00fa\u010delom kontroly konfigur\u00e1cie a jednotliv\u00fdch polo\u017eiek<\/li>\n<\/ul>\n","protected":false},"excerpt":{"rendered":"<p>Modul\u00e1rne rie\u0161enie pre obchody so zbra\u0148ami a ve\u013ek\u00fdch zberate\u013eov<\/p>\n","protected":false},"featured_media":15418,"comment_status":"open","ping_status":"closed","template":"","meta":{"_monsterinsights_skip_tracking":false,"_monsterinsights_sitenote_active":false,"_monsterinsights_sitenote_note":"","_monsterinsights_sitenote_category":0},"product_brand":[908],"product_cat":[224],"product_tag":[1274],"class_list":{"0":"post-15413","1":"product","2":"type-product","3":"status-publish","4":"has-post-thumbnail","6":"product_brand-metalk-s-r-l","7":"product_cat-skrine-na-kratke-zbrane","8":"product_tag-bc-150-v","9":"product_shipping_class-od-1501-kg-do-200kg","10":"pa_bezpecnostna-trieda-cen-en-1063-nepriestrelne-sklo","11":"pa_bezpecnostna-trieda-bezpecnostnej-triedy-a-v-zmysle-normy-en-1300","12":"pa_bezpecnostna-trieda-s1-podla-normy-en-14450","13":"pa_farba-ral-9005-cierna","14":"pa_farba-ral9010-biela","15":"pa_material-ocel","16":"pa_miesto-instalacie-volne-stojace","17":"pa_typ-zamku-mechanicky-zamok","18":"pa_vnutorna-hlbka-1108","19":"pa_vnutorna-sirka-1271","20":"pa_vnutorna-vyska-873","21":"pa_vnutorny-objem-1273","22":"pa_vonkajsia-hlbka-1202","23":"pa_vonkajsia-sirka-1272","24":"pa_vonkajsia-vyska-820","25":"ts_product_brand-metalk-s-r-l","27":"first","28":"onbackorder","29":"taxable","30":"shipping-taxable","31":"purchasable","32":"product-type-variable"},"aioseo_notices":[],"jetpack_sharing_enabled":true,"_links":{"self":[{"href":"https:\/\/www.lltrezor.sk\/shop\/wp-json\/wp\/v2\/product\/15413","targetHints":{"allow":["GET"]}}],"collection":[{"href":"https:\/\/www.lltrezor.sk\/shop\/wp-json\/wp\/v2\/product"}],"about":[{"href":"https:\/\/www.lltrezor.sk\/shop\/wp-json\/wp\/v2\/types\/product"}],"replies":[{"embeddable":true,"href":"https:\/\/www.lltrezor.sk\/shop\/wp-json\/wp\/v2\/comments?post=15413"}],"wp:featuredmedia":[{"embeddable":true,"href":"https:\/\/www.lltrezor.sk\/shop\/wp-json\/wp\/v2\/media\/15418"}],"wp:attachment":[{"href":"https:\/\/www.lltrezor.sk\/shop\/wp-json\/wp\/v2\/media?parent=15413"}],"wp:term":[{"taxonomy":"product_brand","embeddable":true,"href":"https:\/\/www.lltrezor.sk\/shop\/wp-json\/wp\/v2\/product_brand?post=15413"},{"taxonomy":"product_cat","embeddable":true,"href":"https:\/\/www.lltrezor.sk\/shop\/wp-json\/wp\/v2\/product_cat?post=15413"},{"taxonomy":"product_tag","embeddable":true,"href":"https:\/\/www.lltrezor.sk\/shop\/wp-json\/wp\/v2\/product_tag?post=15413"}],"curies":[{"name":"wp","href":"https:\/\/api.w.org\/{rel}","templated":true}]}}