{"id":15382,"date":"2025-10-19T10:35:31","date_gmt":"2025-10-19T08:35:31","guid":{"rendered":"https:\/\/www.lltrezor.sk\/shop\/?post_type=product&#038;p=15382"},"modified":"2026-02-19T17:11:27","modified_gmt":"2026-02-19T16:11:27","slug":"zsl-8-me","status":"publish","type":"product","link":"https:\/\/www.lltrezor.sk\/shop\/product\/zsl-8-me\/","title":{"rendered":"ZSL 8 ME"},"content":{"rendered":"<div class=\"product-sdesc\">\n<p data-start=\"207\" data-end=\"496\">Robustn\u00e1 <strong data-start=\"216\" data-end=\"270\">bezpe\u010dnostn\u00e1 skri\u0148a na ulo\u017eenie a\u017e 8 dlh\u00fdch zbran\u00ed<\/strong>, navrhnut\u00e1 pre bezpe\u010dn\u00e9 a preh\u013eadn\u00e9 ulo\u017eenie zbran\u00ed a pr\u00edslu\u0161enstva v s\u00falade s platn\u00fdmi normami. Vysok\u00e1 \u00farove\u0148 zabezpe\u010denia, kvalitn\u00e1 oce\u013eov\u00e1 kon\u0161trukcia a elektronick\u00fd z\u00e1mok ju predur\u010duj\u00fa na dom\u00e1ce aj profesion\u00e1lne pou\u017eitie.<\/p>\n<h3 data-start=\"498\" data-end=\"528\">\ud83d\udee1\ufe0f Kapacita a variabilita<\/h3>\n<ul>\n<li data-start=\"531\" data-end=\"589\">z\u00e1kladn\u00e1 konfigur\u00e1cia: <strong>8\u00a0dlh\u00fdch zbran\u00ed do d\u013a\u017eky 130 cm<\/strong><\/li>\n<li data-start=\"592\" data-end=\"655\">na bo\u010dnej stene skrine <strong data-start=\"615\" data-end=\"655\">3 n\u00e1doby na odkladanie pr\u00edslu\u0161enstva<\/strong><\/li>\n<\/ul>\n<h3 data-start=\"767\" data-end=\"799\">\ud83d\udd12 Bezpe\u010dnos\u0165 a certifik\u00e1cia<\/h3>\n<ul>\n<li data-start=\"802\" data-end=\"815\">certifik\u00e1cia:<\/li>\n<li data-start=\"820\" data-end=\"872\"><strong data-start=\"820\" data-end=\"846\">bezpe\u010dnostn\u00e1 trieda Z2<\/strong> pod\u013ea EN 1143\u20111+A1:2009<\/li>\n<li data-start=\"877\" data-end=\"923\"><strong data-start=\"877\" data-end=\"903\">bezpe\u010dnostn\u00e1 trieda S1<\/strong> pod\u013ea EN 14450:2005<\/li>\n<li data-start=\"926\" data-end=\"970\">vhodn\u00e1 na z\u00e1konn\u00e9 ulo\u017eenie zbran\u00ed a streliva<\/li>\n<\/ul>\n<h3 data-start=\"972\" data-end=\"989\">\ud83d\udd11 Uzamykanie<\/h3>\n<ul>\n<li data-start=\"992\" data-end=\"1014\"><strong data-start=\"992\" data-end=\"1014\">elektronick\u00fd z\u00e1mok<\/strong><\/li>\n<li data-start=\"1017\" data-end=\"1053\"><strong data-start=\"1017\" data-end=\"1053\">trojsmern\u00e9 \u0161es\u0165bodov\u00e9 uzamykanie<\/strong><\/li>\n<li data-start=\"1056\" data-end=\"1135\">samostatne uzamykate\u013en\u00e1 <strong data-start=\"1080\" data-end=\"1113\">vn\u00fatorn\u00e1 schr\u00e1nka na strelivo<\/strong> s cylindrick\u00fdm z\u00e1mkom<\/li>\n<\/ul>\n<h3 data-start=\"1137\" data-end=\"1155\">\ud83e\uddf1 Kon\u0161trukcia<\/h3>\n<ul>\n<li data-start=\"1158\" data-end=\"1197\">jednopl\u00e1\u0161\u0165ov\u00fd korpus z ocele <strong data-start=\"1187\" data-end=\"1197\">2,5 mm<\/strong><\/li>\n<li data-start=\"1200\" data-end=\"1235\">dvojpl\u00e1\u0161\u0165ov\u00e9 dvere z ocele <strong data-start=\"1227\" data-end=\"1235\">3 mm<\/strong><\/li>\n<li data-start=\"1238\" data-end=\"1290\">vysok\u00e1 mechanick\u00e1 odolnos\u0165 proti n\u00e1siln\u00e9mu vniknutiu<\/li>\n<\/ul>\n<h3 data-start=\"1292\" data-end=\"1317\">\ud83d\udce6 Vn\u00fatorn\u00e9 vybavenie<\/h3>\n<ul>\n<li data-start=\"1320\" data-end=\"1413\">dr\u017eiak na zbrane s <strong data-start=\"1339\" data-end=\"1361\">penov\u00fdmi opierkami<\/strong><br data-start=\"1361\" data-end=\"1364\" \/><em data-start=\"1366\" data-end=\"1413\">(volite\u013ene magnetick\u00e9 opierky \u2013 za pr\u00edplatok)<\/em><\/li>\n<li data-start=\"1416\" data-end=\"1454\"><strong data-start=\"1416\" data-end=\"1428\">3 n\u00e1doby<\/strong> na ulo\u017eenie pr\u00edslu\u0161enstva<\/li>\n<li data-start=\"1457\" data-end=\"1517\">dno skrine vystlan\u00e9 <strong data-start=\"1477\" data-end=\"1499\">filcovou text\u00edliou<\/strong> na ochranu zbran\u00ed<\/li>\n<\/ul>\n<h3 data-start=\"1519\" data-end=\"1532\">\ud83d\udd29 Mont\u00e1\u017e<\/h3>\n<ul>\n<li data-start=\"1535\" data-end=\"1576\">mo\u017enos\u0165 <strong data-start=\"1543\" data-end=\"1576\">kotvenia k stene aj k podlahe<\/strong><\/li>\n<li data-start=\"1579\" data-end=\"1609\">stabiln\u00e1 a bezpe\u010dn\u00e1 in\u0161tal\u00e1cia<\/li>\n<\/ul>\n<h3 data-start=\"1611\" data-end=\"1634\">\ud83c\udfa8 Povrchov\u00e1 \u00faprava<\/h3>\n<ul>\n<li data-start=\"1637\" data-end=\"1656\">farba: <strong data-start=\"1644\" data-end=\"1656\">antracit<\/strong><\/li>\n<li data-start=\"1659\" data-end=\"1702\">odoln\u00e1 povrchov\u00e1 \u00faprava vhodn\u00e1 do interi\u00e9ru<\/li>\n<\/ul>\n<h3 data-start=\"1704\" data-end=\"1718\">\ud83c\udfed V\u00fdrobca<\/h3>\n<ul data-start=\"1719\" data-end=\"1770\">\n<li data-start=\"1719\" data-end=\"1770\">\n<p data-start=\"1721\" data-end=\"1770\"><span class=\"hover:entity-accent entity-underline inline cursor-pointer align-baseline\"><span class=\"whitespace-normal\">Safetronics a.s.<\/span><\/span> \u2013 Slovensko<\/p>\n<\/li>\n<\/ul>\n<\/div>\n","protected":false},"excerpt":{"rendered":"<p>Certifikovan\u00e1 bezpe\u010dnostn\u00e1 skri\u0148a na 8 dlh\u00fdch zbran\u00ed \u2013 elektronick\u00fd z\u00e1mok (Z2 \/ S1)<\/p>\n","protected":false},"featured_media":15386,"comment_status":"open","ping_status":"closed","template":"","meta":{"_monsterinsights_skip_tracking":false,"_monsterinsights_sitenote_active":false,"_monsterinsights_sitenote_note":"","_monsterinsights_sitenote_category":0},"product_brand":[676],"product_cat":[82,84],"product_tag":[992],"class_list":{"0":"post-15382","1":"product","2":"type-product","3":"status-publish","4":"has-post-thumbnail","6":"product_brand-safetronics","7":"product_cat-skrine-na-dlhe-zbrane","8":"product_cat-trezory-na-dlhe-zbrane","9":"product_tag-zsl","10":"product_shipping_class-od-701-kg-do-100kg","11":"pa_bezpecnostna-trieda-bezpecnostnej-triedy-a-v-zmysle-normy-en-1300","12":"pa_bezpecnostna-trieda-s1-podla-normy-en-14450","13":"pa_bezpecnostna-trieda-z2-podla-en-1143-1a12009","14":"pa_material-ocel","15":"pa_miesto-instalacie-pripevnitelne-k-stene-aj-k-podlahe","16":"pa_typ-zamku-elektronicky-zamok-safetronics-mechanicky-zamok-lowefletcher","17":"pa_vnutorna-hlbka-666","18":"pa_vnutorna-sirka-1100","19":"pa_vnutorna-vyska-1267","20":"pa_vnutorny-objem-1270","21":"pa_vonkajsia-hlbka-788","22":"pa_vonkajsia-sirka-576","23":"pa_vonkajsia-vyska-581","24":"ts_product_brand-safetronics","26":"first","27":"onbackorder","28":"taxable","29":"shipping-taxable","30":"purchasable","31":"product-type-variable"},"aioseo_notices":[],"jetpack_sharing_enabled":true,"_links":{"self":[{"href":"https:\/\/www.lltrezor.sk\/shop\/wp-json\/wp\/v2\/product\/15382","targetHints":{"allow":["GET"]}}],"collection":[{"href":"https:\/\/www.lltrezor.sk\/shop\/wp-json\/wp\/v2\/product"}],"about":[{"href":"https:\/\/www.lltrezor.sk\/shop\/wp-json\/wp\/v2\/types\/product"}],"replies":[{"embeddable":true,"href":"https:\/\/www.lltrezor.sk\/shop\/wp-json\/wp\/v2\/comments?post=15382"}],"wp:featuredmedia":[{"embeddable":true,"href":"https:\/\/www.lltrezor.sk\/shop\/wp-json\/wp\/v2\/media\/15386"}],"wp:attachment":[{"href":"https:\/\/www.lltrezor.sk\/shop\/wp-json\/wp\/v2\/media?parent=15382"}],"wp:term":[{"taxonomy":"product_brand","embeddable":true,"href":"https:\/\/www.lltrezor.sk\/shop\/wp-json\/wp\/v2\/product_brand?post=15382"},{"taxonomy":"product_cat","embeddable":true,"href":"https:\/\/www.lltrezor.sk\/shop\/wp-json\/wp\/v2\/product_cat?post=15382"},{"taxonomy":"product_tag","embeddable":true,"href":"https:\/\/www.lltrezor.sk\/shop\/wp-json\/wp\/v2\/product_tag?post=15382"}],"curies":[{"name":"wp","href":"https:\/\/api.w.org\/{rel}","templated":true}]}}