{"id":15376,"date":"2025-10-19T10:29:39","date_gmt":"2025-10-19T08:29:39","guid":{"rendered":"https:\/\/www.lltrezor.sk\/shop\/?post_type=product&#038;p=15376"},"modified":"2026-02-19T17:11:51","modified_gmt":"2026-02-19T16:11:51","slug":"zsl-8-m","status":"publish","type":"product","link":"https:\/\/www.lltrezor.sk\/shop\/product\/zsl-8-m\/","title":{"rendered":"ZSL 8 M"},"content":{"rendered":"<div class=\"product-sdesc\">\n<p data-start=\"183\" data-end=\"435\">Profesion\u00e1lna <strong data-start=\"197\" data-end=\"267\">bezpe\u010dnostn\u00e1 skri\u0148a na ulo\u017eenie a\u017e 8 dlh\u00fdch zbran\u00ed do d\u013a\u017eky 130 cm<\/strong>, navrhnut\u00e1 s d\u00f4razom na vysok\u00fa \u00farove\u0148 zabezpe\u010denia, funk\u010dnos\u0165 a dlhodob\u00fa odolnos\u0165. Ide\u00e1lne rie\u0161enie pre leg\u00e1lne ulo\u017eenie zbran\u00ed a streliva v s\u00falade s platn\u00fdmi normami.<\/p>\n<h3 data-start=\"437\" data-end=\"468\">\ud83d\udee1\ufe0f Kapacita a usporiadanie<\/h3>\n<ul>\n<li data-start=\"471\" data-end=\"500\">kapacita: <strong data-start=\"481\" data-end=\"500\">8 dlh\u00fdch zbran\u00ed<\/strong><\/li>\n<li data-start=\"503\" data-end=\"537\">maxim\u00e1lna d\u013a\u017eka zbran\u00ed: <strong data-start=\"527\" data-end=\"537\">130 cm<\/strong><\/li>\n<li data-start=\"540\" data-end=\"603\">na bo\u010dnej stene skrine <strong data-start=\"563\" data-end=\"603\">3 n\u00e1doby na odkladanie pr\u00edslu\u0161enstva<\/strong><\/li>\n<li data-start=\"606\" data-end=\"625\">mo\u017enos\u0165 roz\u0161\u00edrenia:<\/li>\n<li data-start=\"630\" data-end=\"659\">dr\u017eiak na <strong data-start=\"640\" data-end=\"659\">8 dlh\u00fdch zbran\u00ed<\/strong><\/li>\n<li data-start=\"664\" data-end=\"702\"><strong data-start=\"664\" data-end=\"702\">2 n\u00e1doby na vn\u00fatornej strane dver\u00ed<\/strong><\/li>\n<\/ul>\n<h3 data-start=\"704\" data-end=\"736\">\ud83d\udd12 Bezpe\u010dnos\u0165 a certifik\u00e1cia<\/h3>\n<ul>\n<li data-start=\"739\" data-end=\"779\">certifikovan\u00e1 v bezpe\u010dnostn\u00fdch triedach:<\/li>\n<li data-start=\"784\" data-end=\"814\"><strong data-start=\"784\" data-end=\"790\">Z2<\/strong> pod\u013ea EN 1143\u20111+A1:2009<\/li>\n<li data-start=\"819\" data-end=\"845\"><strong data-start=\"819\" data-end=\"825\">S1<\/strong> pod\u013ea EN 14450:2005<\/li>\n<li data-start=\"848\" data-end=\"892\">vhodn\u00e1 na z\u00e1konn\u00e9 ulo\u017eenie zbran\u00ed a streliva<\/li>\n<\/ul>\n<h3 data-start=\"894\" data-end=\"911\">\ud83d\udd11 Uzamykanie<\/h3>\n<ul>\n<li data-start=\"914\" data-end=\"934\"><strong data-start=\"914\" data-end=\"934\">mechanick\u00fd z\u00e1mok<\/strong><\/li>\n<li data-start=\"937\" data-end=\"973\"><strong data-start=\"937\" data-end=\"973\">trojsmern\u00e9 \u0161es\u0165bodov\u00e9 uzamykanie<\/strong><\/li>\n<li data-start=\"976\" data-end=\"1055\">samostatne uzamykate\u013en\u00e1 <strong data-start=\"1000\" data-end=\"1033\">vn\u00fatorn\u00e1 schr\u00e1nka na strelivo<\/strong> s cylindrick\u00fdm z\u00e1mkom<\/li>\n<\/ul>\n<h3 data-start=\"1057\" data-end=\"1075\">\ud83e\uddf1 Kon\u0161trukcia<\/h3>\n<ul>\n<li data-start=\"1078\" data-end=\"1128\">jednopl\u00e1\u0161\u0165ov\u00fd korpus z oce\u013eov\u00e9ho plechu <strong data-start=\"1118\" data-end=\"1128\">2,5 mm<\/strong><\/li>\n<li data-start=\"1131\" data-end=\"1177\">dvojpl\u00e1\u0161\u0165ov\u00e9 dvere z oce\u013eov\u00e9ho plechu <strong data-start=\"1169\" data-end=\"1177\">3 mm<\/strong><\/li>\n<li data-start=\"1180\" data-end=\"1232\">vysok\u00e1 mechanick\u00e1 odolnos\u0165 proti n\u00e1siln\u00e9mu vniknutiu<\/li>\n<\/ul>\n<h3 data-start=\"1234\" data-end=\"1259\">\ud83d\udce6 Vn\u00fatorn\u00e9 vybavenie<\/h3>\n<ul>\n<li data-start=\"1262\" data-end=\"1303\">dr\u017eiak na zbrane s <strong data-start=\"1281\" data-end=\"1303\">penov\u00fdmi opierkami<\/strong><\/li>\n<li data-start=\"1306\" data-end=\"1363\">volite\u013ene <strong data-start=\"1316\" data-end=\"1348\">magnetick\u00e9 opierky na zbrane<\/strong> (za pr\u00edplatok)<\/li>\n<li data-start=\"1366\" data-end=\"1395\"><strong data-start=\"1366\" data-end=\"1378\">3 n\u00e1doby<\/strong> na pr\u00edslu\u0161enstvo<\/li>\n<li data-start=\"1398\" data-end=\"1458\">dno skrine vystlan\u00e9 <strong data-start=\"1418\" data-end=\"1440\">filcovou text\u00edliou<\/strong> na ochranu zbran\u00ed<\/li>\n<\/ul>\n<h3 data-start=\"1460\" data-end=\"1473\">\ud83d\udd29 Mont\u00e1\u017e<\/h3>\n<ul>\n<li data-start=\"1476\" data-end=\"1517\">mo\u017enos\u0165 <strong data-start=\"1484\" data-end=\"1517\">kotvenia k stene aj k podlahe<\/strong><\/li>\n<li data-start=\"1520\" data-end=\"1550\">stabiln\u00e1 a bezpe\u010dn\u00e1 in\u0161tal\u00e1cia<\/li>\n<\/ul>\n<h3 data-start=\"1552\" data-end=\"1575\">\ud83c\udfa8 Povrchov\u00e1 \u00faprava<\/h3>\n<ul>\n<li data-start=\"1578\" data-end=\"1597\">farba: <strong data-start=\"1585\" data-end=\"1597\">antracit<\/strong><\/li>\n<li data-start=\"1600\" data-end=\"1643\">odoln\u00e1 povrchov\u00e1 \u00faprava vhodn\u00e1 do interi\u00e9ru<\/li>\n<\/ul>\n<h3 data-start=\"1645\" data-end=\"1659\">\ud83c\udfed V\u00fdrobca<\/h3>\n<ul data-start=\"1660\" data-end=\"1711\">\n<li data-start=\"1660\" data-end=\"1711\">\n<p data-start=\"1662\" data-end=\"1711\"><span class=\"hover:entity-accent entity-underline inline cursor-pointer align-baseline\"><span class=\"whitespace-normal\">Safetronics a.s.<\/span><\/span> \u2013 Slovensko<\/p>\n<\/li>\n<\/ul>\n<\/div>\n","protected":false},"excerpt":{"rendered":"<p>Certifikovan\u00e1 skri\u0148a na 8 dlh\u00fdch zbran\u00ed \u2013 mechanick\u00fd z\u00e1mok (Z2 \/ S1)<\/p>\n","protected":false},"featured_media":15377,"comment_status":"open","ping_status":"closed","template":"","meta":{"_monsterinsights_skip_tracking":false,"_monsterinsights_sitenote_active":false,"_monsterinsights_sitenote_note":"","_monsterinsights_sitenote_category":0},"product_brand":[676],"product_cat":[82,84],"product_tag":[992],"class_list":{"0":"post-15376","1":"product","2":"type-product","3":"status-publish","4":"has-post-thumbnail","6":"product_brand-safetronics","7":"product_cat-skrine-na-dlhe-zbrane","8":"product_cat-trezory-na-dlhe-zbrane","9":"product_tag-zsl","10":"product_shipping_class-od-701-kg-do-100kg","11":"pa_bezpecnostna-trieda-bezpecnostnej-triedy-a-v-zmysle-normy-en-1300","12":"pa_bezpecnostna-trieda-s1-podla-normy-en-14450","13":"pa_bezpecnostna-trieda-z2-podla-en-1143-1a12009","14":"pa_material-ocel","15":"pa_miesto-instalacie-pripevnitelne-k-stene-aj-k-podlahe","16":"pa_typ-zamku-m-mechanicky-zamok-mauer","17":"pa_vnutorna-hlbka-666","18":"pa_vnutorna-sirka-1100","19":"pa_vnutorna-vyska-1267","20":"pa_vnutorny-objem-1270","21":"pa_vonkajsia-hlbka-788","22":"pa_vonkajsia-sirka-576","23":"pa_vonkajsia-vyska-581","24":"ts_product_brand-safetronics","26":"first","27":"onbackorder","28":"taxable","29":"shipping-taxable","30":"purchasable","31":"product-type-variable"},"aioseo_notices":[],"jetpack_sharing_enabled":true,"_links":{"self":[{"href":"https:\/\/www.lltrezor.sk\/shop\/wp-json\/wp\/v2\/product\/15376","targetHints":{"allow":["GET"]}}],"collection":[{"href":"https:\/\/www.lltrezor.sk\/shop\/wp-json\/wp\/v2\/product"}],"about":[{"href":"https:\/\/www.lltrezor.sk\/shop\/wp-json\/wp\/v2\/types\/product"}],"replies":[{"embeddable":true,"href":"https:\/\/www.lltrezor.sk\/shop\/wp-json\/wp\/v2\/comments?post=15376"}],"wp:featuredmedia":[{"embeddable":true,"href":"https:\/\/www.lltrezor.sk\/shop\/wp-json\/wp\/v2\/media\/15377"}],"wp:attachment":[{"href":"https:\/\/www.lltrezor.sk\/shop\/wp-json\/wp\/v2\/media?parent=15376"}],"wp:term":[{"taxonomy":"product_brand","embeddable":true,"href":"https:\/\/www.lltrezor.sk\/shop\/wp-json\/wp\/v2\/product_brand?post=15376"},{"taxonomy":"product_cat","embeddable":true,"href":"https:\/\/www.lltrezor.sk\/shop\/wp-json\/wp\/v2\/product_cat?post=15376"},{"taxonomy":"product_tag","embeddable":true,"href":"https:\/\/www.lltrezor.sk\/shop\/wp-json\/wp\/v2\/product_tag?post=15376"}],"curies":[{"name":"wp","href":"https:\/\/api.w.org\/{rel}","templated":true}]}}