{"id":15359,"date":"2025-10-19T10:13:13","date_gmt":"2025-10-19T08:13:13","guid":{"rendered":"https:\/\/www.lltrezor.sk\/shop\/?post_type=product&#038;p=15359"},"modified":"2026-02-19T17:13:48","modified_gmt":"2026-02-19T16:13:48","slug":"zsl-3-m","status":"publish","type":"product","link":"https:\/\/www.lltrezor.sk\/shop\/product\/zsl-3-m\/","title":{"rendered":"ZSL 3 M"},"content":{"rendered":"<p data-start=\"171\" data-end=\"421\">Kompaktn\u00e1 a certifikovan\u00e1 bezpe\u010dnostn\u00e1 skri\u0148a ur\u010den\u00e1 na <strong data-start=\"227\" data-end=\"258\">ulo\u017eenie 3 ks dlh\u00fdch zbran\u00ed<\/strong> so <strong data-start=\"262\" data-end=\"322\">samostatne uzamykate\u013enou vn\u00fatornou schr\u00e1nkou na strelivo<\/strong>. Ide\u00e1lne rie\u0161enie pre fyzick\u00e9 osoby, ktor\u00e9 po\u017eaduj\u00fa z\u00e1konn\u00e9, bezpe\u010dn\u00e9 a preh\u013eadn\u00e9 ulo\u017eenie zbran\u00ed.<\/p>\n<h3 data-start=\"423\" data-end=\"456\">\ud83d\udee1\ufe0f Bezpe\u010dnos\u0165 a certifik\u00e1cia<\/h3>\n<ul>\n<li data-start=\"459\" data-end=\"523\">certifik\u00e1cia <strong data-start=\"472\" data-end=\"499\">bezpe\u010dnostnej triedy S1<\/strong> pod\u013ea <strong data-start=\"506\" data-end=\"523\">EN 14450:2005<\/strong><\/li>\n<li data-start=\"526\" data-end=\"565\"><strong data-start=\"526\" data-end=\"564\">bezpe\u010dnostn\u00fd trezorov\u00fd z\u00e1mok MAUER<\/strong>:<\/li>\n<li data-start=\"570\" data-end=\"596\">mechanick\u00fd z\u00e1mok na k\u013e\u00fa\u010d<\/li>\n<li data-start=\"601\" data-end=\"644\">bezpe\u010dnostn\u00e1 trieda <strong data-start=\"621\" data-end=\"626\">A<\/strong> pod\u013ea <strong data-start=\"633\" data-end=\"644\">EN 1300<\/strong><\/li>\n<li data-start=\"647\" data-end=\"704\"><strong data-start=\"647\" data-end=\"684\">trojsmern\u00e9 \u0161tvorbodov\u00e9 uzamykanie<\/strong> pre zv\u00fd\u0161en\u00fa ochranu<\/li>\n<\/ul>\n<h3 data-start=\"706\" data-end=\"746\">\ud83d\udd11 Uzamykate\u013en\u00e1 schr\u00e1nka na strelivo<\/h3>\n<ul>\n<li data-start=\"749\" data-end=\"777\">samostatn\u00e1 vn\u00fatorn\u00e1 schr\u00e1nka<\/li>\n<li data-start=\"780\" data-end=\"797\">cylindrick\u00fd z\u00e1mok<\/li>\n<li data-start=\"800\" data-end=\"835\">bezpe\u010dn\u00e9 oddelenie zbran\u00ed a mun\u00edcie<\/li>\n<\/ul>\n<h3 data-start=\"837\" data-end=\"862\">\ud83e\uddf1 Kon\u0161trukcia skrine<\/h3>\n<ul>\n<li data-start=\"865\" data-end=\"915\">jednopl\u00e1\u0161\u0165ov\u00fd korpus z oce\u013eov\u00e9ho plechu <strong data-start=\"905\" data-end=\"915\">2,5 mm<\/strong><\/li>\n<li data-start=\"918\" data-end=\"964\">dvojpl\u00e1\u0161\u0165ov\u00e9 dvere z oce\u013eov\u00e9ho plechu <strong data-start=\"956\" data-end=\"964\">3 mm<\/strong><\/li>\n<li data-start=\"967\" data-end=\"1015\">robustn\u00e9 oce\u013eov\u00e9 vyhotovenie s dlhou \u017eivotnos\u0165ou<\/li>\n<\/ul>\n<h3 data-start=\"1017\" data-end=\"1042\">\ud83c\udfaf Vn\u00fatorn\u00e9 vybavenie<\/h3>\n<ul>\n<li data-start=\"1045\" data-end=\"1114\">dr\u017eiak na zbrane s <strong data-start=\"1064\" data-end=\"1086\">penov\u00fdmi opierkami<\/strong> \u2013 ochrana povrchovej \u00fapravy<\/li>\n<li data-start=\"1117\" data-end=\"1147\"><strong data-start=\"1117\" data-end=\"1147\">dr\u017eiak na \u010distiace potreby<\/strong><\/li>\n<li data-start=\"1150\" data-end=\"1192\">dno skrine vystlan\u00e9 <strong data-start=\"1170\" data-end=\"1192\">filcovou text\u00edliou<\/strong><\/li>\n<\/ul>\n<h3 data-start=\"1194\" data-end=\"1217\">\ud83c\udfa8 Povrchov\u00e1 \u00faprava<\/h3>\n<ul>\n<li data-start=\"1220\" data-end=\"1237\">farba: <strong data-start=\"1227\" data-end=\"1237\">granit<\/strong><\/li>\n<li data-start=\"1240\" data-end=\"1273\">odoln\u00fd povrch vhodn\u00fd do interi\u00e9ru<\/li>\n<\/ul>\n<h3 data-start=\"1275\" data-end=\"1289\">\ud83c\udfed V\u00fdrobca<\/h3>\n<ul data-start=\"1290\" data-end=\"1341\">\n<li data-start=\"1290\" data-end=\"1341\">\n<p data-start=\"1292\" data-end=\"1341\"><span class=\"hover:entity-accent entity-underline inline cursor-pointer align-baseline\"><span class=\"whitespace-normal\">Safetronics<\/span><\/span> \u2013 Slovensko<\/p>\n<\/li>\n<\/ul>\n","protected":false},"excerpt":{"rendered":"<p>Certifikovan\u00e1 skri\u0148a na 3 dlh\u00e9 zbrane S1 \u2013 so schr\u00e1nkou na strelivo<\/p>\n","protected":false},"featured_media":15365,"comment_status":"open","ping_status":"closed","template":"","meta":{"_monsterinsights_skip_tracking":false,"_monsterinsights_sitenote_active":false,"_monsterinsights_sitenote_note":"","_monsterinsights_sitenote_category":0},"product_brand":[676],"product_cat":[147,82,84],"product_tag":[992],"class_list":{"0":"post-15359","1":"product","2":"type-product","3":"status-publish","4":"has-post-thumbnail","6":"product_brand-safetronics","7":"product_cat-akciove-produkty","8":"product_cat-skrine-na-dlhe-zbrane","9":"product_cat-trezory-na-dlhe-zbrane","10":"product_tag-zsl","11":"product_shipping_class-od-401-kg-do-70kg","12":"pa_bezpecnostna-trieda-bezpecnostnej-triedy-a-v-zmysle-normy-en-1300","13":"pa_bezpecnostna-trieda-s1-podla-normy-en-14450","14":"pa_bezpecnostna-trieda-z2-podla-en-1143-1a12009","15":"pa_material-ocel","16":"pa_miesto-instalacie-pripevnitelne-k-stene-aj-k-podlahe","17":"pa_typ-zamku-elektronicky-zamok-safetronics-mechanicky-zamok-lowefletcher","18":"pa_vnutorna-hlbka-666","19":"pa_vnutorna-sirka-1171","20":"pa_vnutorna-vyska-1267","21":"pa_vnutorny-objem-1268","22":"pa_vonkajsia-hlbka-788","23":"pa_vonkajsia-sirka-573","24":"pa_vonkajsia-vyska-581","25":"ts_product_brand-safetronics","27":"first","28":"instock","29":"sale","30":"featured","31":"taxable","32":"shipping-taxable","33":"purchasable","34":"product-type-simple"},"aioseo_notices":[],"jetpack_sharing_enabled":true,"_links":{"self":[{"href":"https:\/\/www.lltrezor.sk\/shop\/wp-json\/wp\/v2\/product\/15359","targetHints":{"allow":["GET"]}}],"collection":[{"href":"https:\/\/www.lltrezor.sk\/shop\/wp-json\/wp\/v2\/product"}],"about":[{"href":"https:\/\/www.lltrezor.sk\/shop\/wp-json\/wp\/v2\/types\/product"}],"replies":[{"embeddable":true,"href":"https:\/\/www.lltrezor.sk\/shop\/wp-json\/wp\/v2\/comments?post=15359"}],"wp:featuredmedia":[{"embeddable":true,"href":"https:\/\/www.lltrezor.sk\/shop\/wp-json\/wp\/v2\/media\/15365"}],"wp:attachment":[{"href":"https:\/\/www.lltrezor.sk\/shop\/wp-json\/wp\/v2\/media?parent=15359"}],"wp:term":[{"taxonomy":"product_brand","embeddable":true,"href":"https:\/\/www.lltrezor.sk\/shop\/wp-json\/wp\/v2\/product_brand?post=15359"},{"taxonomy":"product_cat","embeddable":true,"href":"https:\/\/www.lltrezor.sk\/shop\/wp-json\/wp\/v2\/product_cat?post=15359"},{"taxonomy":"product_tag","embeddable":true,"href":"https:\/\/www.lltrezor.sk\/shop\/wp-json\/wp\/v2\/product_tag?post=15359"}],"curies":[{"name":"wp","href":"https:\/\/api.w.org\/{rel}","templated":true}]}}