{"id":15353,"date":"2025-10-19T10:06:56","date_gmt":"2025-10-19T08:06:56","guid":{"rendered":"https:\/\/www.lltrezor.sk\/shop\/?post_type=product&#038;p=15353"},"modified":"2026-04-20T15:30:43","modified_gmt":"2026-04-20T13:30:43","slug":"zsl-10-me-k5","status":"publish","type":"product","link":"https:\/\/www.lltrezor.sk\/shop\/product\/zsl-10-me-k5\/","title":{"rendered":"ZSL 10 ME\/K5"},"content":{"rendered":"<div class=\"product-sdesc\">\n<p data-start=\"163\" data-end=\"483\">Profesion\u00e1lna <strong data-start=\"177\" data-end=\"212\">kombinovan\u00e1 bezpe\u010dnostn\u00e1 skri\u0148a<\/strong> ur\u010den\u00e1 na <strong data-start=\"223\" data-end=\"254\">ulo\u017eenie 5 ks dlh\u00fdch zbran\u00ed<\/strong> a pr\u00edslu\u0161enstva. V\u010faka <strong data-start=\"278\" data-end=\"310\">trojici nastavite\u013en\u00fdch pol\u00edc<\/strong>, vysokej \u00farovni certifik\u00e1cie a elektronick\u00e9mu z\u00e1mku je ide\u00e1lnym rie\u0161en\u00edm pre n\u00e1ro\u010dn\u00fdch pou\u017e\u00edvate\u013eov, ktor\u00ed po\u017eaduj\u00fa maxim\u00e1lnu bezpe\u010dnos\u0165 a variabilitu vn\u00fatorn\u00e9ho priestoru.<\/p>\n<h3 data-start=\"485\" data-end=\"518\">\ud83d\udee1\ufe0f Bezpe\u010dnos\u0165 a certifik\u00e1cia<\/h3>\n<ul>\n<li data-start=\"521\" data-end=\"592\">certifikovan\u00e1 v bezpe\u010dnostnej triede <strong data-start=\"558\" data-end=\"564\">Z2<\/strong> pod\u013ea <strong data-start=\"571\" data-end=\"592\">EN 1143-1+A1:2009<\/strong><\/li>\n<li data-start=\"595\" data-end=\"638\">certifik\u00e1cia <strong data-start=\"608\" data-end=\"614\">S1<\/strong> pod\u013ea <strong data-start=\"621\" data-end=\"638\">EN 14450:2005<\/strong><\/li>\n<li data-start=\"641\" data-end=\"663\"><strong data-start=\"641\" data-end=\"663\">elektronick\u00fd z\u00e1mok<\/strong><\/li>\n<li data-start=\"666\" data-end=\"746\"><strong data-start=\"666\" data-end=\"702\">trojsmern\u00e9 \u0161es\u0165bodov\u00e9 uzamykanie<\/strong> \u2013 vysok\u00e1 odolnos\u0165 proti n\u00e1siln\u00e9mu vniknutiu<\/li>\n<\/ul>\n<h3 data-start=\"748\" data-end=\"784\">\ud83d\udd11 Vn\u00fatorn\u00e1 schr\u00e1nka na strelivo<\/h3>\n<ul>\n<li data-start=\"787\" data-end=\"819\">samostatne uzamykate\u013en\u00e1 schr\u00e1nka<\/li>\n<li data-start=\"822\" data-end=\"839\">cylindrick\u00fd z\u00e1mok<\/li>\n<li data-start=\"842\" data-end=\"878\">bezpe\u010dn\u00e9 oddelenie mun\u00edcie od zbran\u00ed<\/li>\n<\/ul>\n<h3 data-start=\"880\" data-end=\"905\">\ud83e\uddf1 Kon\u0161trukcia skrine<\/h3>\n<ul>\n<li data-start=\"908\" data-end=\"958\">jednopl\u00e1\u0161\u0165ov\u00fd korpus z oce\u013eov\u00e9ho plechu <strong data-start=\"948\" data-end=\"958\">2,5 mm<\/strong><\/li>\n<li data-start=\"961\" data-end=\"996\">dvojpl\u00e1\u0161\u0165ov\u00e9 dvere z ocele <strong data-start=\"988\" data-end=\"996\">3 mm<\/strong><\/li>\n<li data-start=\"999\" data-end=\"1031\">robustn\u00e9 priemyseln\u00e9 vyhotovenie<\/li>\n<\/ul>\n<h3 data-start=\"1033\" data-end=\"1058\">\ud83c\udfaf Vn\u00fatorn\u00e9 vybavenie<\/h3>\n<ul>\n<li data-start=\"1061\" data-end=\"1128\">dr\u017eiak na zbrane s <strong data-start=\"1080\" data-end=\"1102\">penov\u00fdmi opierkami<\/strong> (ochrana pa\u017eieb a hlavn\u00ed)<\/li>\n<li data-start=\"1131\" data-end=\"1184\">mo\u017enos\u0165 doplni\u0165 <strong data-start=\"1147\" data-end=\"1169\">magnetick\u00e9 opierky<\/strong> (za pr\u00edplatok)<\/li>\n<li data-start=\"1187\" data-end=\"1247\"><strong data-start=\"1187\" data-end=\"1212\">3 nastavite\u013en\u00e9 police<\/strong> na optiku, mun\u00edciu a pr\u00edslu\u0161enstvo<\/li>\n<li data-start=\"1250\" data-end=\"1285\">dno vystlan\u00e9 <strong data-start=\"1263\" data-end=\"1285\">filcovou text\u00edliou<\/strong><\/li>\n<\/ul>\n<h3 data-start=\"1287\" data-end=\"1300\">\ud83d\udd29 Mont\u00e1\u017e<\/h3>\n<ul data-start=\"1301\" data-end=\"1369\">\n<li data-start=\"1301\" data-end=\"1369\">\n<p data-start=\"1303\" data-end=\"1369\">mo\u017enos\u0165 <strong data-start=\"1311\" data-end=\"1345\">ukotvenia k stene aj k podlahe<\/strong> pre maxim\u00e1lnu stabilitu<\/p>\n<\/li>\n<\/ul>\n<h3 data-start=\"1371\" data-end=\"1394\">\ud83c\udfa8 Povrchov\u00e1 \u00faprava<\/h3>\n<ul>\n<li data-start=\"1397\" data-end=\"1416\">farba: <strong data-start=\"1404\" data-end=\"1416\">antracit<\/strong><\/li>\n<li data-start=\"1419\" data-end=\"1476\">odoln\u00fd lak vhodn\u00fd do interi\u00e9rov aj technick\u00fdch priestorov<\/li>\n<\/ul>\n<h3 data-start=\"1478\" data-end=\"1492\">\ud83c\udfed V\u00fdrobca<\/h3>\n<ul data-start=\"1493\" data-end=\"1544\">\n<li data-start=\"1493\" data-end=\"1544\">\n<p data-start=\"1495\" data-end=\"1544\"><span class=\"hover:entity-accent entity-underline inline cursor-pointer align-baseline\"><span class=\"whitespace-normal\">Safetronics<\/span><\/span> \u2013 Slovensko<\/p>\n<\/li>\n<\/ul>\n<\/div>\n<div class=\"product-ldesc\"><\/div>\n","protected":false},"excerpt":{"rendered":"<p>Kombinovan\u00e1 certifikovan\u00e1 skri\u0148a na 5 dlh\u00fdch zbran\u00ed + police<\/p>\n","protected":false},"featured_media":15358,"comment_status":"open","ping_status":"closed","template":"","meta":{"_monsterinsights_skip_tracking":false,"_monsterinsights_sitenote_active":false,"_monsterinsights_sitenote_note":"","_monsterinsights_sitenote_category":0},"product_brand":[676],"product_cat":[82,84],"product_tag":[992],"class_list":{"0":"post-15353","1":"product","2":"type-product","3":"status-publish","4":"has-post-thumbnail","6":"product_brand-safetronics","7":"product_cat-skrine-na-dlhe-zbrane","8":"product_cat-trezory-na-dlhe-zbrane","9":"product_tag-zsl","10":"product_shipping_class-od-1001-kg-do-150kg","11":"pa_bezpecnostna-trieda-bezpecnostnej-triedy-a-v-zmysle-normy-en-1300","12":"pa_bezpecnostna-trieda-s1-podla-normy-en-14450","13":"pa_bezpecnostna-trieda-z2-podla-en-1143-1a12009","14":"pa_material-ocel","15":"pa_miesto-instalacie-pripevnitelne-k-stene-aj-k-podlahe","16":"pa_typ-zamku-elektronicky-zamok-safetronics-mechanicky-zamok-lowefletcher","17":"pa_vnutorna-hlbka-1260","18":"pa_vnutorna-sirka-1261","19":"pa_vnutorna-vyska-1262","20":"pa_vnutorny-objem-1263","21":"pa_vonkajsia-hlbka-788","22":"pa_vonkajsia-sirka-1264","23":"pa_vonkajsia-vyska-1104","24":"ts_product_brand-safetronics","26":"first","27":"onbackorder","28":"taxable","29":"shipping-taxable","30":"purchasable","31":"product-type-variable"},"aioseo_notices":[],"jetpack_sharing_enabled":true,"_links":{"self":[{"href":"https:\/\/www.lltrezor.sk\/shop\/wp-json\/wp\/v2\/product\/15353","targetHints":{"allow":["GET"]}}],"collection":[{"href":"https:\/\/www.lltrezor.sk\/shop\/wp-json\/wp\/v2\/product"}],"about":[{"href":"https:\/\/www.lltrezor.sk\/shop\/wp-json\/wp\/v2\/types\/product"}],"replies":[{"embeddable":true,"href":"https:\/\/www.lltrezor.sk\/shop\/wp-json\/wp\/v2\/comments?post=15353"}],"wp:featuredmedia":[{"embeddable":true,"href":"https:\/\/www.lltrezor.sk\/shop\/wp-json\/wp\/v2\/media\/15358"}],"wp:attachment":[{"href":"https:\/\/www.lltrezor.sk\/shop\/wp-json\/wp\/v2\/media?parent=15353"}],"wp:term":[{"taxonomy":"product_brand","embeddable":true,"href":"https:\/\/www.lltrezor.sk\/shop\/wp-json\/wp\/v2\/product_brand?post=15353"},{"taxonomy":"product_cat","embeddable":true,"href":"https:\/\/www.lltrezor.sk\/shop\/wp-json\/wp\/v2\/product_cat?post=15353"},{"taxonomy":"product_tag","embeddable":true,"href":"https:\/\/www.lltrezor.sk\/shop\/wp-json\/wp\/v2\/product_tag?post=15353"}],"curies":[{"name":"wp","href":"https:\/\/api.w.org\/{rel}","templated":true}]}}