{"id":15142,"date":"2025-10-18T18:27:49","date_gmt":"2025-10-18T16:27:49","guid":{"rendered":"https:\/\/www.lltrezor.sk\/shop\/?post_type=product&#038;p=15142"},"modified":"2026-03-25T08:41:19","modified_gmt":"2026-03-25T07:41:19","slug":"vesiak-na-cizmy","status":"publish","type":"product","link":"https:\/\/www.lltrezor.sk\/shop\/product\/vesiak-na-cizmy\/","title":{"rendered":"Ve\u0161iak na \u010di\u017emy"},"content":{"rendered":"<p data-start=\"130\" data-end=\"273\"><strong data-start=\"130\" data-end=\"149\">Ve\u0161iak na \u010di\u017emy<\/strong> je ide\u00e1lnym rie\u0161en\u00edm pre po\u013eovn\u00edkov, z\u00e1hradn\u00edkov alebo kohoko\u013evek, kto potrebuje bezpe\u010dne a efekt\u00edvne ulo\u017ei\u0165 svoje \u010di\u017emy.<\/p>\n<hr data-start=\"275\" data-end=\"278\" \/>\n<h3 data-start=\"280\" data-end=\"296\">\u2705 Vlastnosti<\/h3>\n<ul>\n<li data-start=\"299\" data-end=\"374\">Umo\u017e\u0148uje <strong data-start=\"308\" data-end=\"346\">such\u00e9 a hygienick\u00e9 ulo\u017eenie \u010di\u017eiem<\/strong> bez zbyto\u010dn\u00e9ho zavadzania<\/li>\n<li data-start=\"377\" data-end=\"427\"><strong data-start=\"377\" data-end=\"401\">Praktick\u00e9 odkladanie<\/strong> v akejko\u013evek miestnosti<\/li>\n<li data-start=\"430\" data-end=\"481\"><strong data-start=\"430\" data-end=\"460\">Mo\u017enos\u0165 upevnenia na stenu<\/strong> v \u013eubovo\u013enej v\u00fd\u0161ke<\/li>\n<li data-start=\"484\" data-end=\"519\">Vhodn\u00fd pre <strong data-start=\"495\" data-end=\"517\">v\u0161etky typy \u010di\u017eiem<\/strong><\/li>\n<\/ul>\n<hr data-start=\"521\" data-end=\"524\" \/>\n<h3 data-start=\"526\" data-end=\"551\">\ud83c\udfe1 Pre koho je ur\u010den\u00fd<\/h3>\n<ul>\n<li data-start=\"554\" data-end=\"565\">Po\u013eovn\u00edci<\/li>\n<li data-start=\"568\" data-end=\"580\">Z\u00e1hradn\u00edci<\/li>\n<li data-start=\"583\" data-end=\"629\">Rodiny a dom\u00e1cnosti s viacer\u00fdmi p\u00e1rmi \u010di\u017eiem<\/li>\n<\/ul>\n","protected":false},"excerpt":{"rendered":"<p>Ve\u0161iak na \u010di\u017emy \u2013 praktick\u00fd pomocn\u00edk pre ka\u017ed\u00e9ho<\/p>\n","protected":false},"featured_media":15143,"comment_status":"open","ping_status":"closed","template":"","meta":{"_monsterinsights_skip_tracking":false,"_monsterinsights_sitenote_active":false,"_monsterinsights_sitenote_note":"","_monsterinsights_sitenote_category":0},"product_brand":[318],"product_cat":[302],"product_tag":[],"class_list":{"0":"post-15142","1":"product","2":"type-product","3":"status-publish","4":"has-post-thumbnail","6":"product_brand-trezor-liktor","7":"product_cat-doplnky","8":"product_shipping_class-do-10kg","9":"ts_product_brand-trezor-liktor","11":"first","12":"instock","13":"featured","14":"taxable","15":"shipping-taxable","16":"purchasable","17":"product-type-simple"},"aioseo_notices":[],"jetpack_sharing_enabled":true,"_links":{"self":[{"href":"https:\/\/www.lltrezor.sk\/shop\/wp-json\/wp\/v2\/product\/15142","targetHints":{"allow":["GET"]}}],"collection":[{"href":"https:\/\/www.lltrezor.sk\/shop\/wp-json\/wp\/v2\/product"}],"about":[{"href":"https:\/\/www.lltrezor.sk\/shop\/wp-json\/wp\/v2\/types\/product"}],"replies":[{"embeddable":true,"href":"https:\/\/www.lltrezor.sk\/shop\/wp-json\/wp\/v2\/comments?post=15142"}],"wp:featuredmedia":[{"embeddable":true,"href":"https:\/\/www.lltrezor.sk\/shop\/wp-json\/wp\/v2\/media\/15143"}],"wp:attachment":[{"href":"https:\/\/www.lltrezor.sk\/shop\/wp-json\/wp\/v2\/media?parent=15142"}],"wp:term":[{"taxonomy":"product_brand","embeddable":true,"href":"https:\/\/www.lltrezor.sk\/shop\/wp-json\/wp\/v2\/product_brand?post=15142"},{"taxonomy":"product_cat","embeddable":true,"href":"https:\/\/www.lltrezor.sk\/shop\/wp-json\/wp\/v2\/product_cat?post=15142"},{"taxonomy":"product_tag","embeddable":true,"href":"https:\/\/www.lltrezor.sk\/shop\/wp-json\/wp\/v2\/product_tag?post=15142"}],"curies":[{"name":"wp","href":"https:\/\/api.w.org\/{rel}","templated":true}]}}