{"id":15122,"date":"2025-10-18T17:56:09","date_gmt":"2025-10-18T15:56:09","guid":{"rendered":"https:\/\/www.lltrezor.sk\/shop\/?post_type=product&#038;p=15122"},"modified":"2026-02-19T17:25:15","modified_gmt":"2026-02-19T16:25:15","slug":"office-v","status":"publish","type":"product","link":"https:\/\/www.lltrezor.sk\/shop\/product\/office-v\/","title":{"rendered":"&#8220;OFFICE V.&#8221;"},"content":{"rendered":"<p data-start=\"128\" data-end=\"278\"><strong data-start=\"128\" data-end=\"166\">Archiva\u010dn\u00e1 skri\u0148a bez certifik\u00e1cie<\/strong> je ide\u00e1lna pre kancel\u00e1rie, firmy a organiz\u00e1cie, ktor\u00e9 potrebuj\u00fa bezpe\u010dne ulo\u017ei\u0165 \u0161an\u00f3ny, dokumenty a cennosti.<\/p>\n<hr data-start=\"280\" data-end=\"283\" \/>\n<h3 data-start=\"285\" data-end=\"301\">\u2705 Vlastnosti<\/h3>\n<ul>\n<li data-start=\"304\" data-end=\"369\"><strong data-start=\"304\" data-end=\"342\">Trojstrann\u00e9 sedembodov\u00e9 uzamykanie<\/strong> pre maxim\u00e1lnu bezpe\u010dnos\u0165<\/li>\n<li data-start=\"372\" data-end=\"434\"><strong data-start=\"372\" data-end=\"401\">Jednopl\u00e1\u0161\u0165ov\u00e1 kon\u0161trukcia<\/strong> z oce\u013eov\u00e9ho plechu hr\u00fabky 2 mm<\/li>\n<li data-start=\"437\" data-end=\"501\"><strong data-start=\"437\" data-end=\"469\">Dvojpl\u00e1\u0161\u0165ov\u00e9 zosilnen\u00e9 dvere<\/strong> s kon\u0161trukciou proti vl\u00e1maniu<\/li>\n<li data-start=\"504\" data-end=\"574\"><strong data-start=\"504\" data-end=\"534\">Trezorov\u00fd mechanick\u00fd z\u00e1mok<\/strong> bezpe\u010dnostnej triedy \u201eA\u201c zna\u010dky MAUER<\/li>\n<li data-start=\"577\" data-end=\"634\"><strong data-start=\"577\" data-end=\"599\">Elektronick\u00fd z\u00e1mok<\/strong> LA-GARD, bezpe\u010dnostn\u00e1 trieda \u201eA\u201c<\/li>\n<li data-start=\"637\" data-end=\"722\"><strong data-start=\"637\" data-end=\"684\">Trojstrann\u00fd p\u00e4\u0165bodov\u00fd rozvorov\u00fd mechanizmus<\/strong> so siln\u00fdmi z\u00e1vorov\u00fdmi \u010dapmi \u00d8 22 mm<\/li>\n<li data-start=\"725\" data-end=\"761\"><strong data-start=\"725\" data-end=\"759\">2 ks k\u013e\u00fa\u010dov s poradov\u00fdm \u010d\u00edslom<\/strong><\/li>\n<li data-start=\"764\" data-end=\"825\"><strong data-start=\"764\" data-end=\"793\">5 nastavite\u013en\u00fdch poli\u010diek<\/strong> pre pohodln\u00e9 ulo\u017eenie \u0161an\u00f3nov<\/li>\n<li data-start=\"828\" data-end=\"918\">Prisp\u00f4soben\u00e9 na <strong data-start=\"844\" data-end=\"880\">ukotvenie do podlahy alebo steny<\/strong>, kotviaci materi\u00e1l s\u00fa\u010das\u0165ou balenia<\/li>\n<li data-start=\"921\" data-end=\"986\">Farba: <strong data-start=\"928\" data-end=\"945\">siv\u00e1 RAL 7035<\/strong> (mo\u017enos\u0165 inej farby za pr\u00edplatok 10\u202f%)<\/li>\n<\/ul>\n<hr data-start=\"988\" data-end=\"991\" \/>\n<h3 data-start=\"993\" data-end=\"1018\">\ud83c\udfe2 Pre koho je ur\u010den\u00e1<\/h3>\n<ul>\n<li data-start=\"1021\" data-end=\"1041\">Kancel\u00e1rie a firmy<\/li>\n<li data-start=\"1044\" data-end=\"1081\">Arch\u00edvy a administrat\u00edvne priestory<\/li>\n<li data-start=\"1084\" data-end=\"1148\">V\u0161etky organiz\u00e1cie, ktor\u00e9 potrebuj\u00fa bezpe\u010dne uklada\u0165 dokumenty<\/li>\n<\/ul>\n","protected":false},"excerpt":{"rendered":"<p>Archiva\u010dn\u00e1 skri\u0148a bez certifik\u00e1cie \u2013 bezpe\u010dn\u00e9 ulo\u017eenie dokumentov<\/p>\n","protected":false},"featured_media":15128,"comment_status":"open","ping_status":"closed","template":"","meta":{"_monsterinsights_skip_tracking":false,"_monsterinsights_sitenote_active":false,"_monsterinsights_sitenote_note":"","_monsterinsights_sitenote_category":0},"product_brand":[318],"product_cat":[300],"product_tag":[1129],"class_list":{"0":"post-15122","1":"product","2":"type-product","3":"status-publish","4":"has-post-thumbnail","6":"product_brand-trezor-liktor","7":"product_cat-archivacne-skrine","8":"product_tag-office","9":"product_shipping_class-od-1001-kg-do-150kg","10":"pa_bezpecnostna-trieda-bezpecnostnej-triedy-a-v-zmysle-normy-en-1300","11":"pa_material-ocel","12":"pa_miesto-instalacie-pripevnitelne-k-stene","13":"pa_vnutorna-hlbka-1225","14":"pa_vnutorna-sirka-1088","15":"pa_vnutorna-vyska-1089","16":"pa_vonkajsia-hlbka-548","17":"pa_vonkajsia-sirka-1090","18":"pa_vonkajsia-vyska-546","19":"ts_product_brand-trezor-liktor","21":"first","22":"onbackorder","23":"taxable","24":"shipping-taxable","25":"purchasable","26":"product-type-simple"},"aioseo_notices":[],"jetpack_sharing_enabled":true,"_links":{"self":[{"href":"https:\/\/www.lltrezor.sk\/shop\/wp-json\/wp\/v2\/product\/15122","targetHints":{"allow":["GET"]}}],"collection":[{"href":"https:\/\/www.lltrezor.sk\/shop\/wp-json\/wp\/v2\/product"}],"about":[{"href":"https:\/\/www.lltrezor.sk\/shop\/wp-json\/wp\/v2\/types\/product"}],"replies":[{"embeddable":true,"href":"https:\/\/www.lltrezor.sk\/shop\/wp-json\/wp\/v2\/comments?post=15122"}],"wp:featuredmedia":[{"embeddable":true,"href":"https:\/\/www.lltrezor.sk\/shop\/wp-json\/wp\/v2\/media\/15128"}],"wp:attachment":[{"href":"https:\/\/www.lltrezor.sk\/shop\/wp-json\/wp\/v2\/media?parent=15122"}],"wp:term":[{"taxonomy":"product_brand","embeddable":true,"href":"https:\/\/www.lltrezor.sk\/shop\/wp-json\/wp\/v2\/product_brand?post=15122"},{"taxonomy":"product_cat","embeddable":true,"href":"https:\/\/www.lltrezor.sk\/shop\/wp-json\/wp\/v2\/product_cat?post=15122"},{"taxonomy":"product_tag","embeddable":true,"href":"https:\/\/www.lltrezor.sk\/shop\/wp-json\/wp\/v2\/product_tag?post=15122"}],"curies":[{"name":"wp","href":"https:\/\/api.w.org\/{rel}","templated":true}]}}