{"id":15099,"date":"2025-10-18T17:39:43","date_gmt":"2025-10-18T15:39:43","guid":{"rendered":"https:\/\/www.lltrezor.sk\/shop\/?post_type=product&#038;p=15099"},"modified":"2026-02-19T17:26:03","modified_gmt":"2026-02-19T16:26:03","slug":"office-ii","status":"publish","type":"product","link":"https:\/\/www.lltrezor.sk\/shop\/product\/office-ii\/","title":{"rendered":"&#8220;OFFICE II.&#8221;"},"content":{"rendered":"<p data-start=\"173\" data-end=\"319\"><strong data-start=\"173\" data-end=\"194\">Archiva\u010dn\u00e1 skri\u0148a<\/strong> pon\u00faka spo\u013eahliv\u00e9 a flexibiln\u00e9 rie\u0161enie pre uskladnenie dokumentov, \u0161an\u00f3nov a in\u00fdch materi\u00e1lov v kancel\u00e1rii alebo arch\u00edve.<\/p>\n<hr data-start=\"321\" data-end=\"324\" \/>\n<h3 data-start=\"326\" data-end=\"356\">\ud83d\udd12 Bezpe\u010dnostn\u00e9 vlastnosti<\/h3>\n<ul>\n<li data-start=\"359\" data-end=\"434\"><strong data-start=\"359\" data-end=\"396\">Trojstrann\u00e9 trojbodov\u00e9 uzamykanie<\/strong> pre zv\u00fd\u0161en\u00fa odolnos\u0165 proti vl\u00e1maniu<\/li>\n<li data-start=\"437\" data-end=\"503\"><strong data-start=\"437\" data-end=\"466\">Jednopl\u00e1\u0161\u0165ov\u00e1 kon\u0161trukcia<\/strong> z oce\u013eov\u00e9ho plechu hr\u00fabky 1\u20131,5 mm<\/li>\n<li data-start=\"506\" data-end=\"605\"><strong data-start=\"506\" data-end=\"531\">Uzamykac\u00ed mechanizmus<\/strong>: 2 \u00d7 2 ks k\u013e\u00fa\u010dov s poradov\u00fdm \u010d\u00edslom alebo <strong data-start=\"574\" data-end=\"603\">elektronick\u00fd z\u00e1mok E-Pass<\/strong><\/li>\n<li data-start=\"608\" data-end=\"676\"><strong data-start=\"608\" data-end=\"633\">Pr\u00edprava na ukotvenie<\/strong> \u2013 skrine dod\u00e1van\u00e9 s kotviacim materi\u00e1lom<\/li>\n<\/ul>\n<hr data-start=\"678\" data-end=\"681\" \/>\n<h3 data-start=\"683\" data-end=\"708\">\u2699\ufe0f Funk\u010dn\u00e9 vlastnosti<\/h3>\n<ul>\n<li data-start=\"711\" data-end=\"770\"><strong data-start=\"711\" data-end=\"735\">Opcia delen\u00fdch dver\u00ed<\/strong> pre jednoduch\u0161\u00ed pr\u00edstup k obsahu<\/li>\n<li data-start=\"773\" data-end=\"838\"><strong data-start=\"773\" data-end=\"798\">3 nastavite\u013en\u00e9 police<\/strong> pre preh\u013eadn\u00e9 usporiadanie dokumentov<\/li>\n<li data-start=\"841\" data-end=\"924\">Farby: <strong data-start=\"848\" data-end=\"874\">z\u00e1kladn\u00e1 siv\u00e1 RAL 7035<\/strong> (mo\u017enos\u0165 individu\u00e1lnej farby za pr\u00edplatok 10\u202f%)<\/li>\n<\/ul>\n<hr data-start=\"926\" data-end=\"929\" \/>\n<h3 data-start=\"931\" data-end=\"945\">\ud83c\udfed V\u00fdrobca<\/h3>\n<p data-start=\"946\" data-end=\"980\"><strong data-start=\"946\" data-end=\"978\">Trezor-Liktor Zrt., Ma\u010farsko<\/strong><\/p>\n","protected":false},"excerpt":{"rendered":"<p>Archiva\u010dn\u00e1 skri\u0148a \u2013 bezpe\u010dn\u00e9 a praktick\u00e9 ulo\u017eenie dokumentov<\/p>\n","protected":false},"featured_media":15105,"comment_status":"open","ping_status":"closed","template":"","meta":{"_monsterinsights_skip_tracking":false,"_monsterinsights_sitenote_active":false,"_monsterinsights_sitenote_note":"","_monsterinsights_sitenote_category":0},"product_brand":[318],"product_cat":[300],"product_tag":[1129],"class_list":{"0":"post-15099","1":"product","2":"type-product","3":"status-publish","4":"has-post-thumbnail","6":"product_brand-trezor-liktor","7":"product_cat-archivacne-skrine","8":"product_tag-office","9":"product_shipping_class-od-101-kg-do-25kg","10":"pa_bezpecnostna-trieda-1306","11":"pa_material-ocel","12":"pa_miesto-instalacie-pripevnitelne-k-stene","13":"pa_vnutorna-hlbka-872","14":"pa_vnutorna-sirka-1222","15":"pa_vnutorna-vyska-1223","16":"pa_vonkajsia-hlbka-1224","17":"pa_vonkajsia-sirka-585","18":"pa_vonkajsia-vyska-581","19":"ts_product_brand-trezor-liktor","21":"first","22":"onbackorder","23":"taxable","24":"shipping-taxable","25":"purchasable","26":"product-type-simple"},"aioseo_notices":[],"jetpack_sharing_enabled":true,"_links":{"self":[{"href":"https:\/\/www.lltrezor.sk\/shop\/wp-json\/wp\/v2\/product\/15099","targetHints":{"allow":["GET"]}}],"collection":[{"href":"https:\/\/www.lltrezor.sk\/shop\/wp-json\/wp\/v2\/product"}],"about":[{"href":"https:\/\/www.lltrezor.sk\/shop\/wp-json\/wp\/v2\/types\/product"}],"replies":[{"embeddable":true,"href":"https:\/\/www.lltrezor.sk\/shop\/wp-json\/wp\/v2\/comments?post=15099"}],"wp:featuredmedia":[{"embeddable":true,"href":"https:\/\/www.lltrezor.sk\/shop\/wp-json\/wp\/v2\/media\/15105"}],"wp:attachment":[{"href":"https:\/\/www.lltrezor.sk\/shop\/wp-json\/wp\/v2\/media?parent=15099"}],"wp:term":[{"taxonomy":"product_brand","embeddable":true,"href":"https:\/\/www.lltrezor.sk\/shop\/wp-json\/wp\/v2\/product_brand?post=15099"},{"taxonomy":"product_cat","embeddable":true,"href":"https:\/\/www.lltrezor.sk\/shop\/wp-json\/wp\/v2\/product_cat?post=15099"},{"taxonomy":"product_tag","embeddable":true,"href":"https:\/\/www.lltrezor.sk\/shop\/wp-json\/wp\/v2\/product_tag?post=15099"}],"curies":[{"name":"wp","href":"https:\/\/api.w.org\/{rel}","templated":true}]}}