{"id":15076,"date":"2025-10-12T22:50:11","date_gmt":"2025-10-12T20:50:11","guid":{"rendered":"https:\/\/www.lltrezor.sk\/shop\/?post_type=product&#038;p=15076"},"modified":"2026-02-19T17:29:39","modified_gmt":"2026-02-19T16:29:39","slug":"trezor-lord-minimal","status":"publish","type":"product","link":"https:\/\/www.lltrezor.sk\/shop\/product\/trezor-lord-minimal\/","title":{"rendered":"Trezor &#8220;LORD MINIMAL&#8221;"},"content":{"rendered":"<p data-start=\"201\" data-end=\"316\"><strong data-start=\"201\" data-end=\"214\">Pozn\u00e1mka:<\/strong> Uveden\u00e1 cena je orienta\u010dn\u00e1, ka\u017ed\u00e1 z\u00e1kazka sa oce\u0148uje individu\u00e1lne na z\u00e1klade po\u017eiadaviek z\u00e1kazn\u00edka.<\/p>\n<p data-start=\"318\" data-end=\"590\">Luxusn\u00fd trezor LORD je ru\u010dne vyroben\u00fd s d\u00f4razom na detail a eleganciu. Ide\u00e1lne dopln\u00ed <strong data-start=\"404\" data-end=\"514\">loveck\u00e9 z\u00e1mky, ka\u0161tiele, po\u013eovn\u00edcke chaty, kancel\u00e1rie alebo byty zariaden\u00e9 historick\u00fdm a antick\u00fdm n\u00e1bytkom<\/strong>. Tento trezor sp\u00e1ja estetiku s vysokou \u00farov\u0148ou ochrany zbran\u00ed a streliva.<\/p>\n<hr data-start=\"592\" data-end=\"595\" \/>\n<h3 data-start=\"597\" data-end=\"617\">\u2699\ufe0f Popis produktu<\/h3>\n<ul>\n<li data-start=\"621\" data-end=\"697\">Mo\u017enos\u0165 ulo\u017eenia <strong data-start=\"638\" data-end=\"663\">3 a\u017e 10 dlh\u00fdch zbran\u00ed<\/strong> s maxim\u00e1lnou d\u013a\u017ekou <strong data-start=\"684\" data-end=\"695\">1350 mm<\/strong><\/li>\n<li data-start=\"700\" data-end=\"743\">Dvere z <strong data-start=\"708\" data-end=\"741\">trojvrstvovej kvalitnej ocele<\/strong><\/li>\n<li data-start=\"746\" data-end=\"844\"><strong data-start=\"746\" data-end=\"774\">Dvojpl\u00e1\u0161\u0165ov\u00e9 hrub\u00e9 steny<\/strong> s oh\u0148ovzdornou izol\u00e1ciou \u2013 odolaj\u00fa priamemu oh\u0148u a vysok\u00fdm teplot\u00e1m<\/li>\n<li data-start=\"847\" data-end=\"948\"><strong data-start=\"847\" data-end=\"887\">\u0160trn\u00e1s\u0165-bodov\u00e9 \u0161tvorsmern\u00e9 zamykanie<\/strong> s pozl\u00e1ten\u00fdmi oce\u013eov\u00fdmi \u010dapmi zabezpe\u010duje dokonal\u00fa ochranu<\/li>\n<li data-start=\"951\" data-end=\"1027\"><strong data-start=\"951\" data-end=\"980\">Skryt\u00fd elektronick\u00fd z\u00e1mok<\/strong> chr\u00e1nen\u00fd \u0161peci\u00e1lnym materi\u00e1lom proti v\u0155taniu<\/li>\n<li data-start=\"1030\" data-end=\"1108\">Vonkaj\u0161ie oblo\u017eenie z <strong data-start=\"1052\" data-end=\"1071\">mas\u00edvneho dreva<\/strong>, spracovan\u00e9 do najmen\u0161\u00edch detailov<\/li>\n<li data-start=\"1111\" data-end=\"1175\"><strong data-start=\"1111\" data-end=\"1144\">Ru\u010dne \u0161it\u00e9 vn\u00fatorn\u00e9 \u010dal\u00fanenie<\/strong> pre maxim\u00e1lnu ochranu zbran\u00ed<\/li>\n<li data-start=\"1178\" data-end=\"1226\"><strong data-start=\"1178\" data-end=\"1214\">Ru\u010dne vyrez\u00e1van\u00e9 dreven\u00e9 opierky<\/strong> na zbrane<\/li>\n<li data-start=\"1229\" data-end=\"1299\"><strong data-start=\"1229\" data-end=\"1264\">Skryt\u00e9 LED osvetlenie interi\u00e9ru<\/strong> pre zv\u00fdraznenie ulo\u017een\u00fdch zbran\u00ed<\/li>\n<li data-start=\"1302\" data-end=\"1353\"><strong data-start=\"1302\" data-end=\"1321\">Vn\u00fatorn\u00fd trezor<\/strong> pre z\u00e1konn\u00e9 ulo\u017eenie streliva<\/li>\n<li data-start=\"1356\" data-end=\"1410\"><strong data-start=\"1356\" data-end=\"1372\">\u0160tyri police<\/strong> pre pohodln\u00e9 ulo\u017eenie pr\u00edslu\u0161enstva<\/li>\n<\/ul>\n<hr data-start=\"1412\" data-end=\"1415\" \/>\n<h3 data-start=\"1417\" data-end=\"1455\">\ud83d\udd12 Certifik\u00e1ty a bezpe\u010dnostn\u00e9 normy<\/h3>\n<ul>\n<li data-start=\"1459\" data-end=\"1521\"><strong data-start=\"1459\" data-end=\"1476\">STN EN 1143-1<\/strong> \u2013 kon\u0161trukcia v bezpe\u010dnostnej triede &#8220;N\/0&#8221;<\/li>\n<li data-start=\"1524\" data-end=\"1590\"><strong data-start=\"1524\" data-end=\"1539\">STN EN 1300<\/strong> \u2013 z\u00e1mkov\u00fd mechanizmus v bezpe\u010dnostnej triede &#8220;B&#8221;<\/li>\n<li data-start=\"1593\" data-end=\"1638\"><strong data-start=\"1593\" data-end=\"1610\">ISO 9001:2000<\/strong> \u2013 kvalitat\u00edvne osved\u010denie<\/li>\n<\/ul>\n<hr data-start=\"1640\" data-end=\"1643\" \/>\n<h3 data-start=\"1645\" data-end=\"1680\">\ud83d\udee1\ufe0f Mo\u017enosti a volite\u013en\u00e9 doplnky<\/h3>\n<ul>\n<li data-start=\"1684\" data-end=\"1764\">Individu\u00e1lne rezb\u00e1rske spracovanie a ozdobn\u00e9 kovania pod\u013ea predstavy z\u00e1kazn\u00edka<\/li>\n<li data-start=\"1767\" data-end=\"1837\">Zabudovan\u00fd <strong data-start=\"1778\" data-end=\"1808\">alarm s otrasov\u00fdm senzorom<\/strong> a sn\u00edma\u010dom otvorenia dver\u00ed<\/li>\n<li data-start=\"1840\" data-end=\"1894\">Exkluz\u00edvne <strong data-start=\"1851\" data-end=\"1892\">vonkaj\u0161ie oblo\u017eenie zo vz\u00e1cneho dreva<\/strong><\/li>\n<li data-start=\"1897\" data-end=\"1940\"><strong data-start=\"1897\" data-end=\"1916\">Ko\u017een\u00fd interi\u00e9r<\/strong> \u2013 luxusn\u00fd a elegantn\u00fd<\/li>\n<li data-start=\"1943\" data-end=\"2004\">Mo\u017enos\u0165 <strong data-start=\"1951\" data-end=\"2002\">individu\u00e1lnych vonkaj\u0161\u00edch a vn\u00fatorn\u00fdch rozmerov<\/strong><\/li>\n<li data-start=\"2007\" data-end=\"2086\">Mo\u017enos\u0165 namontovania <strong data-start=\"2028\" data-end=\"2051\">biometrick\u00e9ho z\u00e1mku<\/strong> pre vy\u0161\u0161ie pohodlie a bezpe\u010dnos\u0165<\/li>\n<\/ul>\n","protected":false},"excerpt":{"rendered":"<p>Luxusn\u00fd trezor LORD \u2013 elegancia a bezpe\u010dnos\u0165 v jednom<\/p>\n","protected":false},"featured_media":15077,"comment_status":"open","ping_status":"closed","template":"","meta":{"_monsterinsights_skip_tracking":false,"_monsterinsights_sitenote_active":false,"_monsterinsights_sitenote_note":"","_monsterinsights_sitenote_category":0},"product_brand":[318],"product_cat":[304],"product_tag":[],"class_list":{"0":"post-15076","1":"product","2":"type-product","3":"status-publish","4":"has-post-thumbnail","6":"product_brand-trezor-liktor","7":"product_cat-exkluzivne-trezory-na-zbrane","8":"product_shipping_class-od-4001-kg-do-600kg","9":"pa_bezpecnostna-trieda-0-podla-en-1143-1-a12009","10":"pa_bezpecnostna-trieda-stn-en-1300-zamkovy-mechanizmus-v-bezpecnostnej-triede-b","11":"pa_material-drevo","12":"pa_material-nepriestrelny-sklo","13":"pa_material-ocel","14":"pa_miesto-instalacie-volne-stojace","15":"pa_vnutorna-hlbka-1203","16":"pa_vnutorna-sirka-1214","17":"pa_vnutorna-vyska-1215","18":"pa_vonkajsia-hlbka-858","19":"pa_vonkajsia-sirka-1213","20":"pa_vonkajsia-vyska-745","21":"ts_product_brand-trezor-liktor","23":"first","24":"onbackorder","25":"taxable","26":"shipping-taxable","27":"purchasable","28":"product-type-simple"},"aioseo_notices":[],"jetpack_sharing_enabled":true,"_links":{"self":[{"href":"https:\/\/www.lltrezor.sk\/shop\/wp-json\/wp\/v2\/product\/15076","targetHints":{"allow":["GET"]}}],"collection":[{"href":"https:\/\/www.lltrezor.sk\/shop\/wp-json\/wp\/v2\/product"}],"about":[{"href":"https:\/\/www.lltrezor.sk\/shop\/wp-json\/wp\/v2\/types\/product"}],"replies":[{"embeddable":true,"href":"https:\/\/www.lltrezor.sk\/shop\/wp-json\/wp\/v2\/comments?post=15076"}],"wp:featuredmedia":[{"embeddable":true,"href":"https:\/\/www.lltrezor.sk\/shop\/wp-json\/wp\/v2\/media\/15077"}],"wp:attachment":[{"href":"https:\/\/www.lltrezor.sk\/shop\/wp-json\/wp\/v2\/media?parent=15076"}],"wp:term":[{"taxonomy":"product_brand","embeddable":true,"href":"https:\/\/www.lltrezor.sk\/shop\/wp-json\/wp\/v2\/product_brand?post=15076"},{"taxonomy":"product_cat","embeddable":true,"href":"https:\/\/www.lltrezor.sk\/shop\/wp-json\/wp\/v2\/product_cat?post=15076"},{"taxonomy":"product_tag","embeddable":true,"href":"https:\/\/www.lltrezor.sk\/shop\/wp-json\/wp\/v2\/product_tag?post=15076"}],"curies":[{"name":"wp","href":"https:\/\/api.w.org\/{rel}","templated":true}]}}