{"id":14984,"date":"2025-10-12T20:41:05","date_gmt":"2025-10-12T18:41:05","guid":{"rendered":"https:\/\/www.lltrezor.sk\/shop\/?post_type=product&#038;p=14984"},"modified":"2026-03-14T08:09:20","modified_gmt":"2026-03-14T07:09:20","slug":"regina-74-basic","status":"publish","type":"product","link":"https:\/\/www.lltrezor.sk\/shop\/product\/regina-74-basic\/","title":{"rendered":"Regina 7+4"},"content":{"rendered":"<p data-start=\"205\" data-end=\"470\">Elegantn\u00fd <strong data-start=\"215\" data-end=\"233\">luxusn\u00fd trezor<\/strong> kombinuje <strong data-start=\"244\" data-end=\"274\">vysok\u00fa bezpe\u010dnos\u0165 a dizajn<\/strong>, ktor\u00fd zapad\u00e1 do interi\u00e9ru, po\u013eovn\u00edckej izby alebo na po\u013eovn\u00edcku chatu. P\u00f4sob\u00ed ako <strong data-start=\"358\" data-end=\"373\">kus n\u00e1bytku<\/strong>, pri\u010dom poskytuje <strong data-start=\"392\" data-end=\"467\">spo\u013eahliv\u00fa ochranu va\u0161ich dlh\u00fdch a kr\u00e1tkych zbran\u00ed, streliva a cennost\u00ed<\/strong>.<\/p>\n<p data-start=\"472\" data-end=\"605\">Trezor je certifikovan\u00fd pod\u013ea <strong data-start=\"502\" data-end=\"541\">EN 14 450 v bezpe\u010dnostnej triede S1<\/strong>, s d\u00f4razom na odolnos\u0165 proti vl\u00e1maniu a kvalitn\u00fa kon\u0161trukciu.<\/p>\n<hr data-start=\"607\" data-end=\"610\" \/>\n<h3 data-start=\"612\" data-end=\"645\">\ud83d\udee1\ufe0f Certifik\u00e1cia a bezpe\u010dnos\u0165<\/h3>\n<p data-start=\"648\" data-end=\"692\"><strong data-start=\"648\" data-end=\"690\">Bezpe\u010dnostn\u00e1 trieda S1 pod\u013ea EN 14 450<\/strong><\/p>\n<p data-start=\"695\" data-end=\"744\">Trojsmern\u00e9 uzamykanie s oce\u013eov\u00fdmi \u010dapmi \u00d8 22 mm<\/p>\n<p data-start=\"747\" data-end=\"788\">Dvojpl\u00e1\u0161\u0165ov\u00e1 kon\u0161trukcia z ocele 3+2 mm<\/p>\n<p data-start=\"791\" data-end=\"867\">Volite\u013en\u00e9 zamykanie: <strong data-start=\"812\" data-end=\"865\">mechanick\u00fd z\u00e1mok na k\u013e\u00fa\u010d alebo elektronick\u00fd z\u00e1mok<\/strong><\/p>\n<p data-start=\"870\" data-end=\"924\">Vrstven\u00e9 <strong data-start=\"879\" data-end=\"922\">bezpe\u010dnostn\u00e9 sklo (sklo + polykarbon\u00e1t)<\/strong><\/p>\n<hr data-start=\"926\" data-end=\"929\" \/>\n<h3 data-start=\"931\" data-end=\"961\">\u2699\ufe0f Vybavenie a kon\u0161trukcia<\/h3>\n<p data-start=\"964\" data-end=\"996\"><strong data-start=\"964\" data-end=\"994\">Opierka na 7 dlh\u00fdch zbran\u00ed<\/strong><\/p>\n<p data-start=\"999\" data-end=\"1069\"><strong data-start=\"999\" data-end=\"1021\">4 sklenen\u00e9 poli\u010dky<\/strong> vhodn\u00e9 napr. pre kr\u00e1tke zbrane alebo cennosti<\/p>\n<p data-start=\"1072\" data-end=\"1120\">Mo\u017enos\u0165 <strong data-start=\"1080\" data-end=\"1118\">kotvenia do steny alebo do podlahy<\/strong><\/p>\n<p data-start=\"1123\" data-end=\"1190\">Volite\u013en\u00e1 farba vn\u00fatorn\u00e9ho \u010dal\u00fanenia: <strong data-start=\"1161\" data-end=\"1188\">\u010derven\u00e1, zelen\u00e1, b\u00e9\u017eov\u00e1<\/strong><\/p>\n<p data-start=\"1193\" data-end=\"1243\"><strong data-start=\"1193\" data-end=\"1225\">LED vn\u00fatorn\u00e9 osvetlenie 220V<\/strong> (na po\u017eiadanie)<\/p>\n<p data-start=\"1246\" data-end=\"1310\"><strong data-start=\"1246\" data-end=\"1292\">Uzamykate\u013en\u00e1 vn\u00fatorn\u00e1 schr\u00e1nka na strelivo<\/strong> (na po\u017eiadanie)<\/p>\n<p data-start=\"1313\" data-end=\"1354\">Pr\u00e1\u0161kov\u00e9 lakovanie s vysokou odolnos\u0165ou<\/p>\n<hr data-start=\"1356\" data-end=\"1359\" \/>\n<h3 data-start=\"1361\" data-end=\"1384\">\ud83c\udfa8 Farebn\u00e9 varianty<\/h3>\n<p data-start=\"1387\" data-end=\"1427\">Z\u00e1kladn\u00e9 RAL farby: <strong data-start=\"1407\" data-end=\"1425\">biela a \u010dierna<\/strong><\/p>\n<p data-start=\"1430\" data-end=\"1494\">5 r\u00f4znych <strong data-start=\"1440\" data-end=\"1458\">imit\u00e1ci\u00ed dreva<\/strong> (na po\u017eiadanie poskytneme vzorky)<\/p>\n<p data-start=\"1497\" data-end=\"1555\">\u0160peci\u00e1lne farby: <strong data-start=\"1514\" data-end=\"1553\">Salt Lake \u010dierna a Salt Lake v\u00ednov\u00e1<\/strong><\/p>\n<hr data-start=\"1557\" data-end=\"1560\" \/>\n<h3 data-start=\"1562\" data-end=\"1585\">\ud83e\uddf1 Mont\u00e1\u017e a dodanie<\/h3>\n<p data-start=\"1588\" data-end=\"1635\"><strong data-start=\"1588\" data-end=\"1633\">Z\u00e1kazkov\u00e1 v\u00fdroba METALK S.r.l., Taliansko<\/strong><\/p>\n<p data-start=\"1638\" data-end=\"1671\">Dodacia doba: <strong>12 \u2013 16 t\u00fd\u017ed\u0148ov<\/strong><\/p>\n<p data-start=\"1674\" data-end=\"1766\">Po objednan\u00ed je potrebn\u00e1 <strong data-start=\"1699\" data-end=\"1714\">z\u00e1loha 50 %<\/strong> pod\u013ea obchodn\u00fdch podmienok DELTA COMMERCE, s.r.o.<\/p>\n<p data-start=\"1769\" data-end=\"1850\">Po vytvoren\u00ed objedn\u00e1vky v\u00e1s kontaktujeme <strong data-start=\"1810\" data-end=\"1848\">telefonicky na potvrdenie detailov<\/strong><\/p>\n<hr data-start=\"1852\" data-end=\"1855\" \/>\n<h3 data-start=\"1857\" data-end=\"1892\">\u2714\ufe0f Pre\u010do si vybra\u0165 tento trezor<\/h3>\n<p data-start=\"1895\" data-end=\"1965\"><strong data-start=\"1895\" data-end=\"1930\">Luxusn\u00fd dizajn a imit\u00e1cia dreva<\/strong> \u2013 elegantne zapadne do interi\u00e9ru<\/p>\n<p data-start=\"1968\" data-end=\"2026\"><strong data-start=\"1968\" data-end=\"1999\">Certifikovan\u00e1 bezpe\u010dnos\u0165 S2<\/strong> pre dlh\u00e9 a kr\u00e1tke zbrane<\/p>\n<p data-start=\"2029\" data-end=\"2088\"><strong data-start=\"2029\" data-end=\"2058\">Volite\u013en\u00e9 z\u00e1mky a doplnky<\/strong> pre maxim\u00e1lne prisp\u00f4sobenie<\/p>\n<p data-start=\"2091\" data-end=\"2154\">Ide\u00e1lne pre <strong data-start=\"2103\" data-end=\"2152\">po\u013eovn\u00edcku izbu, chatu alebo modern\u00fd interi\u00e9r<\/strong><\/p>\n","protected":false},"excerpt":{"rendered":"<p>Opierka na 7 dlh\u00fdch zbran\u00ed + 4 sklenen\u00e9 poli\u010dky napr\u00edklad pre kr\u00e1tke zbrane.<\/p>\n","protected":false},"featured_media":14974,"comment_status":"open","ping_status":"closed","template":"","meta":{"_monsterinsights_skip_tracking":false,"_monsterinsights_sitenote_active":false,"_monsterinsights_sitenote_note":"","_monsterinsights_sitenote_category":0},"product_brand":[908],"product_cat":[304,305],"product_tag":[1114],"class_list":{"0":"post-14984","1":"product","2":"type-product","3":"status-publish","4":"has-post-thumbnail","6":"product_brand-metalk-s-r-l","7":"product_cat-exkluzivne-trezory-na-zbrane","8":"product_cat-luxusne-skrine-na-zbrane","9":"product_tag-regina","10":"product_shipping_class-od-2001-kg-do-300kg","11":"pa_bezpecnostna-trieda-cen-en-1063-nepriestrelne-sklo","12":"pa_bezpecnostna-trieda-bezpecnostnej-triedy-a-v-zmysle-normy-en-1300","13":"pa_bezpecnostna-trieda-s1-podla-normy-en-14450","14":"pa_material-ocel","15":"pa_miesto-instalacie-volne-stojace","16":"pa_typ-zamku-elektronicky-zamok","17":"pa_typ-zamku-mechanicky-zamok","18":"pa_vaha-1113","19":"pa_vnutorna-hlbka-1026","20":"pa_vnutorna-sirka-1043","21":"pa_vnutorna-vyska-1028","22":"pa_vnutorny-objem-1067","23":"pa_vonkajsia-hlbka-626","24":"pa_vonkajsia-sirka-1045","25":"pa_vonkajsia-vyska-1066","26":"ts_product_brand-metalk-s-r-l","28":"first","29":"onbackorder","30":"taxable","31":"shipping-taxable","32":"purchasable","33":"product-type-variable","34":"has-default-attributes"},"aioseo_notices":[],"jetpack_sharing_enabled":true,"_links":{"self":[{"href":"https:\/\/www.lltrezor.sk\/shop\/wp-json\/wp\/v2\/product\/14984","targetHints":{"allow":["GET"]}}],"collection":[{"href":"https:\/\/www.lltrezor.sk\/shop\/wp-json\/wp\/v2\/product"}],"about":[{"href":"https:\/\/www.lltrezor.sk\/shop\/wp-json\/wp\/v2\/types\/product"}],"replies":[{"embeddable":true,"href":"https:\/\/www.lltrezor.sk\/shop\/wp-json\/wp\/v2\/comments?post=14984"}],"wp:featuredmedia":[{"embeddable":true,"href":"https:\/\/www.lltrezor.sk\/shop\/wp-json\/wp\/v2\/media\/14974"}],"wp:attachment":[{"href":"https:\/\/www.lltrezor.sk\/shop\/wp-json\/wp\/v2\/media?parent=14984"}],"wp:term":[{"taxonomy":"product_brand","embeddable":true,"href":"https:\/\/www.lltrezor.sk\/shop\/wp-json\/wp\/v2\/product_brand?post=14984"},{"taxonomy":"product_cat","embeddable":true,"href":"https:\/\/www.lltrezor.sk\/shop\/wp-json\/wp\/v2\/product_cat?post=14984"},{"taxonomy":"product_tag","embeddable":true,"href":"https:\/\/www.lltrezor.sk\/shop\/wp-json\/wp\/v2\/product_tag?post=14984"}],"curies":[{"name":"wp","href":"https:\/\/api.w.org\/{rel}","templated":true}]}}