{"id":14915,"date":"2025-10-12T19:27:53","date_gmt":"2025-10-12T17:27:53","guid":{"rendered":"https:\/\/www.lltrezor.sk\/shop\/?post_type=product&#038;p=14915"},"modified":"2026-03-14T08:10:05","modified_gmt":"2026-03-14T07:10:05","slug":"gabbiano-8-basic","status":"publish","type":"product","link":"https:\/\/www.lltrezor.sk\/shop\/product\/gabbiano-8-basic\/","title":{"rendered":"GABBIANO 8"},"content":{"rendered":"<p data-start=\"289\" data-end=\"655\"><strong data-start=\"289\" data-end=\"303\">Gabbiano 8<\/strong> je elegantn\u00fd panoramatick\u00fd trezor ur\u010den\u00fd na bezpe\u010dn\u00e9 a reprezentat\u00edvne ulo\u017eenie dlh\u00fdch zbran\u00ed. V\u010faka presklen\u00fdm dver\u00e1m, kvalitn\u00e9mu spracovaniu a dizajnu v imit\u00e1cii dreva p\u00f4sob\u00ed ako luxusn\u00fd kus n\u00e1bytku vhodn\u00fd do po\u013eovn\u00edckej izby, kancel\u00e1rie \u010di s\u00fakromn\u00e9ho interi\u00e9ru. V\u00fdrobcom je renomovan\u00e1 talianska spolo\u010dnos\u0165 <strong data-start=\"613\" data-end=\"654\"><span class=\"hover:entity-accent entity-underline inline cursor-pointer align-baseline\"><span class=\"whitespace-normal\">METALK S.r.l.<\/span><\/span><\/strong>.<\/p>\n<hr data-start=\"657\" data-end=\"660\" \/>\n<h2 data-start=\"662\" data-end=\"687\">\ud83d\udd2b Kapacita a vyu\u017eitie<\/h2>\n<ul>\n<li data-start=\"690\" data-end=\"722\"><strong data-start=\"690\" data-end=\"720\">Opierka na 8 dlh\u00fdch zbran\u00ed<\/strong><\/li>\n<li data-start=\"725\" data-end=\"806\">Panoramatick\u00e9 prevedenie \u2013 ide\u00e1lne na <strong data-start=\"763\" data-end=\"804\">preh\u013eadn\u00e9 a estetick\u00e9 ulo\u017eenie zbran\u00ed<\/strong><\/li>\n<li data-start=\"809\" data-end=\"872\">Vhodn\u00e9 pre po\u013eovn\u00edkov, zberate\u013eov a reprezentat\u00edvne priestory<\/li>\n<\/ul>\n<hr data-start=\"874\" data-end=\"877\" \/>\n<h2 data-start=\"879\" data-end=\"910\">\ud83d\udd10 Bezpe\u010dnos\u0165 a certifik\u00e1cia<\/h2>\n<ul>\n<li data-start=\"913\" data-end=\"941\"><strong data-start=\"913\" data-end=\"930\">Certifik\u00e1cia:<\/strong> EN 14450<\/li>\n<li data-start=\"944\" data-end=\"977\"><strong data-start=\"944\" data-end=\"968\">Bezpe\u010dnostn\u00e1 trieda:<\/strong> <strong data-start=\"969\" data-end=\"975\">S1<\/strong><\/li>\n<li data-start=\"980\" data-end=\"1005\"><strong data-start=\"980\" data-end=\"1003\">Mo\u017enosti zamykania:<\/strong><\/li>\n<li data-start=\"1010\" data-end=\"1047\">mechanick\u00fd z\u00e1mok na k\u013e\u00fa\u010d (\u0161tandard)<\/li>\n<li data-start=\"1052\" data-end=\"1087\">elektronick\u00fd z\u00e1mok (za pr\u00edplatok)<\/li>\n<li data-start=\"1090\" data-end=\"1151\"><strong data-start=\"1090\" data-end=\"1110\">Zamykanie dver\u00ed:<\/strong> trojsmern\u00e9 s oce\u013eov\u00fdmi \u010dapmi <strong data-start=\"1140\" data-end=\"1151\">\u00d8 22 mm<\/strong><\/li>\n<\/ul>\n<hr data-start=\"1153\" data-end=\"1156\" \/>\n<h2 data-start=\"1158\" data-end=\"1183\">\ud83e\uddf1 Kon\u0161trukcia trezoru<\/h2>\n<ul>\n<li data-start=\"1186\" data-end=\"1260\"><strong data-start=\"1186\" data-end=\"1197\">Korpus:<\/strong> jednopl\u00e1\u0161\u0165ov\u00e1 kon\u0161trukcia z oce\u013eov\u00e9ho plechu <strong data-start=\"1243\" data-end=\"1258\">hr\u00fabky 3 mm<\/strong><\/li>\n<li data-start=\"1263\" data-end=\"1361\"><strong data-start=\"1263\" data-end=\"1285\">Bezpe\u010dnostn\u00e9 sklo:<\/strong> vrstven\u00e9 sklo (sklo + polykarbon\u00e1t) s vysokou odolnos\u0165ou proti po\u0161kodeniu<\/li>\n<li data-start=\"1364\" data-end=\"1405\">Stabiln\u00e1 vn\u00fatorn\u00e1 <strong data-start=\"1382\" data-end=\"1403\">opierka na zbrane<\/strong><\/li>\n<\/ul>\n<hr data-start=\"1407\" data-end=\"1410\" \/>\n<h2 data-start=\"1412\" data-end=\"1436\">\ud83e\uddf0 Vn\u00fatorn\u00e9 vybavenie<\/h2>\n<ul>\n<li data-start=\"1439\" data-end=\"1505\"><strong data-start=\"1439\" data-end=\"1472\">Vn\u00fatorn\u00e9 LED osvetlenie 220 V<\/strong> \u2013 na po\u017eiadanie (za pr\u00edplatok)<\/li>\n<li data-start=\"1508\" data-end=\"1578\"><strong data-start=\"1508\" data-end=\"1545\">Uzamykate\u013en\u00e1 schr\u00e1nka na strelivo<\/strong> \u2013 na po\u017eiadanie (za pr\u00edplatok)<\/li>\n<li data-start=\"1581\" data-end=\"1646\"><strong data-start=\"1581\" data-end=\"1601\">Farba \u010dal\u00fanenia:<\/strong> \u010derven\u00e1, zelen\u00e1 alebo b\u00e9\u017eov\u00e1 (bez pr\u00edplatku)<\/li>\n<\/ul>\n<hr data-start=\"1648\" data-end=\"1651\" \/>\n<h2 data-start=\"1653\" data-end=\"1684\">\ud83c\udfa8 Povrchov\u00e1 \u00faprava a dizajn<\/h2>\n<ul>\n<li data-start=\"1687\" data-end=\"1756\"><strong data-start=\"1687\" data-end=\"1708\">Povrchov\u00e1 \u00faprava:<\/strong> pr\u00e1\u0161kov\u00e9 lakovanie s ve\u013emi vysokou odolnos\u0165ou<\/li>\n<li data-start=\"1759\" data-end=\"1784\"><strong data-start=\"1759\" data-end=\"1782\">Farebn\u00e9 prevedenia:<\/strong><\/li>\n<li data-start=\"1789\" data-end=\"1809\">RAL: biela, \u010dierna<\/li>\n<li data-start=\"1814\" data-end=\"1856\">5\u00d7 imit\u00e1cia dreva (vzorky na po\u017eiadanie)<\/li>\n<li data-start=\"1861\" data-end=\"1898\">Salt Lake \u010dierna a Salt Lake v\u00ednov\u00e1<\/li>\n<\/ul>\n<hr data-start=\"1900\" data-end=\"1903\" \/>\n<h2 data-start=\"1905\" data-end=\"1919\">\ud83d\udd29 Kotvenie<\/h2>\n<ul data-start=\"1920\" data-end=\"1968\">\n<li data-start=\"1920\" data-end=\"1968\">\n<p data-start=\"1922\" data-end=\"1968\">Mo\u017enos\u0165 <strong data-start=\"1930\" data-end=\"1968\">kotvenia do steny alebo do podlahy<\/strong><\/p>\n<\/li>\n<\/ul>\n<hr data-start=\"1970\" data-end=\"1973\" \/>\n<h2 data-start=\"1975\" data-end=\"2001\">\ud83d\ude9a Objedn\u00e1vka a dodanie<\/h2>\n<ul>\n<li data-start=\"2004\" data-end=\"2046\"><strong data-start=\"2004\" data-end=\"2015\">V\u00fdroba:<\/strong> z\u00e1kazkov\u00e1 v\u00fdroba \u2013 Taliansko<\/li>\n<li data-start=\"2049\" data-end=\"2086\"><strong data-start=\"2049\" data-end=\"2068\">Dodacia lehota:<\/strong> 14 \u2013 18 t\u00fd\u017ed\u0148ov<\/li>\n<li data-start=\"2089\" data-end=\"2188\"><strong data-start=\"2089\" data-end=\"2100\">Z\u00e1loha:<\/strong> 50 % pod\u013ea obchodn\u00fdch podmienok spolo\u010dnosti <strong data-start=\"2145\" data-end=\"2186\"><span class=\"hover:entity-accent entity-underline inline cursor-pointer align-baseline\"><span class=\"whitespace-normal\">DELTA COMMERCE, s.r.o.<\/span><\/span><\/strong><\/li>\n<li data-start=\"2191\" data-end=\"2323\">Po vytvoren\u00ed objedn\u00e1vky je potrebn\u00e9 <strong data-start=\"2227\" data-end=\"2253\">telefonick\u00e9 potvrdenie<\/strong>, aby sme spolu prekontrolovali v\u0161etky polo\u017eky a konfigur\u00e1ciu trezora.<\/li>\n<\/ul>\n<hr data-start=\"2325\" data-end=\"2328\" \/>\n<h3 data-start=\"2330\" data-end=\"2363\">\u2705 Pre\u010do si vybra\u0165 Gabbiano 8?<\/h3>\n<p data-start=\"2364\" data-end=\"2519\">\u2714 certifikovan\u00fd panoramatick\u00fd trezor triedy S1<br data-start=\"2410\" data-end=\"2413\" \/>\u2714 elegantn\u00e1 prezent\u00e1cia zbran\u00ed<br data-start=\"2443\" data-end=\"2446\" \/>\u2714 \u0161irok\u00e9 mo\u017enosti dizajnu a v\u00fdbavy<br data-start=\"2480\" data-end=\"2483\" \/>\u2714 prec\u00edzna talianska v\u00fdroba METALK<\/p>\n","protected":false},"excerpt":{"rendered":"<p>Gabbiano 8 \u2013 panoramatick\u00fd trezor na 8 dlh\u00fdch zbran\u00ed | S1<\/p>\n","protected":false},"featured_media":17684,"comment_status":"open","ping_status":"closed","template":"","meta":{"_monsterinsights_skip_tracking":false,"_monsterinsights_sitenote_active":false,"_monsterinsights_sitenote_note":"","_monsterinsights_sitenote_category":0},"product_brand":[908],"product_cat":[305,311],"product_tag":[1183],"class_list":{"0":"post-14915","1":"product","2":"type-product","3":"status-publish","4":"has-post-thumbnail","6":"product_brand-metalk-s-r-l","7":"product_cat-luxusne-skrine-na-zbrane","8":"product_cat-panoramaticke-bezpecnostne-skrine","9":"product_tag-condor","10":"product_shipping_class-od-1001-kg-do-150kg","11":"pa_bezpecnostna-trieda-cen-en-1063-nepriestrelne-sklo","12":"pa_bezpecnostna-trieda-bezpecnostnej-triedy-a-v-zmysle-normy-en-1300","13":"pa_bezpecnostna-trieda-s1-podla-normy-en-14450","14":"pa_material-ocel","15":"pa_miesto-instalacie-volne-stojace","16":"pa_typ-zamku-elektronicky-zamok","17":"pa_typ-zamku-mechanicky-zamok","18":"pa_vaha-1185","19":"pa_vnutorna-hlbka-630","20":"pa_vnutorna-sirka-1071","21":"pa_vnutorna-vyska-1072","22":"pa_vnutorny-objem-1186","23":"pa_vonkajsia-hlbka-788","24":"pa_vonkajsia-sirka-1037","25":"pa_vonkajsia-vyska-581","26":"ts_product_brand-metalk-s-r-l","28":"first","29":"onbackorder","30":"taxable","31":"shipping-taxable","32":"purchasable","33":"product-type-variable","34":"has-default-attributes"},"aioseo_notices":[],"jetpack_sharing_enabled":true,"_links":{"self":[{"href":"https:\/\/www.lltrezor.sk\/shop\/wp-json\/wp\/v2\/product\/14915","targetHints":{"allow":["GET"]}}],"collection":[{"href":"https:\/\/www.lltrezor.sk\/shop\/wp-json\/wp\/v2\/product"}],"about":[{"href":"https:\/\/www.lltrezor.sk\/shop\/wp-json\/wp\/v2\/types\/product"}],"replies":[{"embeddable":true,"href":"https:\/\/www.lltrezor.sk\/shop\/wp-json\/wp\/v2\/comments?post=14915"}],"wp:featuredmedia":[{"embeddable":true,"href":"https:\/\/www.lltrezor.sk\/shop\/wp-json\/wp\/v2\/media\/17684"}],"wp:attachment":[{"href":"https:\/\/www.lltrezor.sk\/shop\/wp-json\/wp\/v2\/media?parent=14915"}],"wp:term":[{"taxonomy":"product_brand","embeddable":true,"href":"https:\/\/www.lltrezor.sk\/shop\/wp-json\/wp\/v2\/product_brand?post=14915"},{"taxonomy":"product_cat","embeddable":true,"href":"https:\/\/www.lltrezor.sk\/shop\/wp-json\/wp\/v2\/product_cat?post=14915"},{"taxonomy":"product_tag","embeddable":true,"href":"https:\/\/www.lltrezor.sk\/shop\/wp-json\/wp\/v2\/product_tag?post=14915"}],"curies":[{"name":"wp","href":"https:\/\/api.w.org\/{rel}","templated":true}]}}