{"id":14770,"date":"2025-10-11T19:00:42","date_gmt":"2025-10-11T17:00:42","guid":{"rendered":"https:\/\/www.lltrezor.sk\/shop\/?post_type=product&#038;p=14770"},"modified":"2026-02-19T17:43:15","modified_gmt":"2026-02-19T16:43:15","slug":"st-25","status":"publish","type":"product","link":"https:\/\/www.lltrezor.sk\/shop\/product\/st-25\/","title":{"rendered":"ST 25"},"content":{"rendered":"<p data-start=\"277\" data-end=\"699\"><strong data-start=\"277\" data-end=\"308\">Trezor do steny Safetronics<\/strong> je kvalitn\u00fd <strong data-start=\"321\" data-end=\"342\">slovensk\u00fd v\u00fdrobok<\/strong>, ur\u010den\u00fd na bezpe\u010dn\u00e9 ulo\u017eenie dokumentov, hotovosti a cennost\u00ed. In\u0161taluje sa <strong data-start=\"419\" data-end=\"450\">zamurovan\u00edm priamo do steny<\/strong>, \u010d\u00edm sa v\u00fdrazne zvy\u0161uje jeho ochrana proti kr\u00e1de\u017ei \u2013 trezor nie je mo\u017en\u00e9 z priestoru odnies\u0165 a dodato\u010dne otvori\u0165.<br data-start=\"564\" data-end=\"567\" \/>V\u010faka prec\u00edznemu spracovaniu, kvalitn\u00fdm materi\u00e1lom a certifikovan\u00fdm z\u00e1mkom patr\u00ed medzi <strong data-start=\"654\" data-end=\"698\">najob\u013e\u00fabenej\u0161ie trezory do steny na trhu<\/strong>.<\/p>\n<hr data-start=\"701\" data-end=\"704\" \/>\n<h2 data-start=\"706\" data-end=\"737\">\ud83d\udee1\ufe0f Certifikovan\u00e1 bezpe\u010dnos\u0165<\/h2>\n<ul>\n<li data-start=\"741\" data-end=\"776\">certifikovan\u00fd pod\u013ea <strong data-start=\"761\" data-end=\"774\">EN 1143-1<\/strong><\/li>\n<li data-start=\"779\" data-end=\"808\"><strong data-start=\"779\" data-end=\"806\">bezpe\u010dnostn\u00e1 trieda \u201eI\u201c<\/strong><\/li>\n<li data-start=\"811\" data-end=\"865\">overen\u00e1 odolnos\u0165 vo\u010di vl\u00e1maniu pod\u013ea eur\u00f3pskej normy<\/li>\n<li data-start=\"868\" data-end=\"931\">vhodn\u00fd na \u00faschovu cennost\u00ed, hotovosti a d\u00f4le\u017eit\u00fdch dokumentov<\/li>\n<\/ul>\n<hr data-start=\"933\" data-end=\"936\" \/>\n<h2 data-start=\"938\" data-end=\"986\">\u2705 Pre\u010do si vybra\u0165 trezor do steny Safetronics<\/h2>\n<ul>\n<li data-start=\"990\" data-end=\"1075\">slovensk\u00fd v\u00fdrobok od renomovan\u00e9ho v\u00fdrobcu <strong data-start=\"1032\" data-end=\"1073\"><span class=\"hover:entity-accent entity-underline inline cursor-pointer align-baseline\"><span class=\"whitespace-normal\">Safetronics<\/span><\/span><\/strong><\/li>\n<li data-start=\"1078\" data-end=\"1133\">certifik\u00e1cia v bezpe\u010dnostnej triede <strong data-start=\"1114\" data-end=\"1131\">I (EN 1143-1)<\/strong><\/li>\n<li data-start=\"1136\" data-end=\"1200\">zamurovanie priamo do steny \u2013 <strong data-start=\"1166\" data-end=\"1198\">nemo\u017enos\u0165 odcudzenia trezora<\/strong><\/li>\n<li data-start=\"1203\" data-end=\"1252\">vysok\u00e1 miera diskr\u00e9tnosti a jednoduch\u00e9 zakrytie<\/li>\n<li data-start=\"1255\" data-end=\"1285\">kvalitn\u00e1 oce\u013eov\u00e1 kon\u0161trukcia<\/li>\n<li data-start=\"1288\" data-end=\"1330\">v\u00fdborn\u00fd pomer ceny a \u00farovne zabezpe\u010denia<\/li>\n<li data-start=\"1333\" data-end=\"1372\">\u0161irok\u00e1 ponuka ve\u013ekost\u00ed a typov z\u00e1mkov<\/li>\n<\/ul>\n<hr data-start=\"1374\" data-end=\"1377\" \/>\n<h2 data-start=\"1379\" data-end=\"1412\">\ud83d\udee0\ufe0f Kon\u0161trukcia a zabezpe\u010denie<\/h2>\n<ul>\n<li data-start=\"1416\" data-end=\"1446\">robustn\u00e1 oce\u013eov\u00e1 kon\u0161trukcia<\/li>\n<li data-start=\"1449\" data-end=\"1492\">viacbodov\u00e9 uzamykanie <strong data-start=\"1471\" data-end=\"1490\">v 2 a\u017e 5 bodoch<\/strong><\/li>\n<li data-start=\"1495\" data-end=\"1559\">uzamykanie na jednej alebo troch stran\u00e1ch dver\u00ed (pod\u013ea modelu)<\/li>\n<li data-start=\"1562\" data-end=\"1608\">vysok\u00e1 odolnos\u0165 vo\u010di mechanick\u00e9mu napadnutiu<\/li>\n<\/ul>\n<hr data-start=\"1610\" data-end=\"1613\" \/>\n<h2 data-start=\"1615\" data-end=\"1652\">\ud83d\udd10 Typy z\u00e1mkov a ozna\u010denia modelov<\/h2>\n<ul>\n<li><strong data-start=\"1656\" data-end=\"1680\">M \u2013 mechanick\u00fd z\u00e1mok<\/strong>\n<ul>\n<li>otv\u00e1ranie k\u013e\u00fa\u010dom<\/li>\n<li>FAB alebo certifikovan\u00fd bezpe\u010dnostn\u00fd z\u00e1mok MAUER<\/li>\n<\/ul>\n<\/li>\n<li><strong data-start=\"1762\" data-end=\"1798\">LG \u2013 mechanick\u00fd kombina\u010dn\u00fd z\u00e1mok<\/strong>\n<ul>\n<li>zad\u00e1vanie k\u00f3du oto\u010dn\u00fdm kolieskom (n\u00f3nius)<\/li>\n<li>z\u00e1mok <strong data-start=\"1857\" data-end=\"1867\">LAGARD<\/strong><\/li>\n<li>hlb\u0161ie zapustenie do steny, \u010deln\u00fd r\u00e1m pre zarovnanie so stenou<\/li>\n<\/ul>\n<\/li>\n<li><strong data-start=\"1942\" data-end=\"1969\">ME \u2013 elektronick\u00fd z\u00e1mok<\/strong>\n<ul>\n<li>zad\u00e1vanie k\u00f3du pomocou kl\u00e1vesnice<\/li>\n<li>elektronick\u00fd z\u00e1mok <strong data-start=\"2033\" data-end=\"2049\">SAFEtronics\u00ae<\/strong><\/li>\n<\/ul>\n<\/li>\n<\/ul>\n<hr data-start=\"2053\" data-end=\"2056\" \/>\n<h2 data-start=\"2058\" data-end=\"2093\">\ud83d\udce6 Vn\u00fatorn\u00e9 vybavenie a ve\u013ekosti<\/h2>\n<ul>\n<li>vyr\u00e1ba sa v <strong data-start=\"2109\" data-end=\"2126\">6 ve\u013ekostiach<\/strong><\/li>\n<li>modely <strong data-start=\"2138\" data-end=\"2164\">18 \/ 20 \/ 23 \/ 25 \/ 28<\/strong>\n<ul>\n<li><strong data-start=\"2169\" data-end=\"2198\">1 ks vyberate\u013enej poli\u010dky<\/strong><\/li>\n<\/ul>\n<\/li>\n<li>model <strong data-start=\"2210\" data-end=\"2216\">61<\/strong>\n<ul>\n<li><strong data-start=\"2221\" data-end=\"2252\">2 ks vyberate\u013en\u00fdch poli\u010diek<\/strong><\/li>\n<\/ul>\n<\/li>\n<\/ul>\n","protected":false},"excerpt":{"rendered":"<p>Trezor do steny Safetronics \u2013 slovensk\u00e1 kvalita a maxim\u00e1lna nen\u00e1padnos\u0165<\/p>\n","protected":false},"featured_media":14778,"comment_status":"open","ping_status":"closed","template":"","meta":{"_monsterinsights_skip_tracking":false,"_monsterinsights_sitenote_active":false,"_monsterinsights_sitenote_note":"","_monsterinsights_sitenote_category":0},"product_brand":[676],"product_cat":[119],"product_tag":[1145],"class_list":{"0":"post-14770","1":"product","2":"type-product","3":"status-publish","4":"has-post-thumbnail","6":"product_brand-safetronics","7":"product_cat-nastenne-trezory","8":"product_tag-st","9":"product_shipping_class-od-251-kg-do-40kg","10":"pa_bezpecnostna-trieda-bezpecnostnej-triedy-a-v-zmysle-normy-en-1300","11":"pa_bezpecnostna-trieda-norma-en1143-1-v-bezpecnostnej-triede-i","12":"pa_material-ocel","13":"pa_miesto-instalacie-kotvenie-do-steny","14":"pa_typ-zamku-lg-mechanicky-kombinovany-zamok-lagard","15":"pa_typ-zamku-m-mechanicky-zamok-mauer","16":"pa_typ-zamku-elektronicky-zamok-safetronics-mechanicky-zamok-lowefletcher","17":"pa_vnutorna-hlbka-1157","18":"pa_vnutorna-sirka-786","19":"pa_vnutorna-vyska-1158","20":"pa_vnutorny-objem-1134","21":"pa_vonkajsia-hlbka-572","22":"pa_vonkajsia-hlbka-886","23":"pa_vonkajsia-sirka-1159","24":"pa_vonkajsia-sirka-1160","25":"pa_vonkajsia-vyska-1161","26":"pa_vonkajsia-vyska-801","27":"ts_product_brand-safetronics","29":"first","30":"onbackorder","31":"taxable","32":"shipping-taxable","33":"purchasable","34":"product-type-variable"},"aioseo_notices":[],"jetpack_sharing_enabled":true,"_links":{"self":[{"href":"https:\/\/www.lltrezor.sk\/shop\/wp-json\/wp\/v2\/product\/14770","targetHints":{"allow":["GET"]}}],"collection":[{"href":"https:\/\/www.lltrezor.sk\/shop\/wp-json\/wp\/v2\/product"}],"about":[{"href":"https:\/\/www.lltrezor.sk\/shop\/wp-json\/wp\/v2\/types\/product"}],"replies":[{"embeddable":true,"href":"https:\/\/www.lltrezor.sk\/shop\/wp-json\/wp\/v2\/comments?post=14770"}],"wp:featuredmedia":[{"embeddable":true,"href":"https:\/\/www.lltrezor.sk\/shop\/wp-json\/wp\/v2\/media\/14778"}],"wp:attachment":[{"href":"https:\/\/www.lltrezor.sk\/shop\/wp-json\/wp\/v2\/media?parent=14770"}],"wp:term":[{"taxonomy":"product_brand","embeddable":true,"href":"https:\/\/www.lltrezor.sk\/shop\/wp-json\/wp\/v2\/product_brand?post=14770"},{"taxonomy":"product_cat","embeddable":true,"href":"https:\/\/www.lltrezor.sk\/shop\/wp-json\/wp\/v2\/product_cat?post=14770"},{"taxonomy":"product_tag","embeddable":true,"href":"https:\/\/www.lltrezor.sk\/shop\/wp-json\/wp\/v2\/product_tag?post=14770"}],"curies":[{"name":"wp","href":"https:\/\/api.w.org\/{rel}","templated":true}]}}