{"id":14732,"date":"2025-10-11T18:21:58","date_gmt":"2025-10-11T16:21:58","guid":{"rendered":"https:\/\/www.lltrezor.sk\/shop\/?post_type=product&#038;p=14732"},"modified":"2026-02-19T17:44:38","modified_gmt":"2026-02-19T16:44:38","slug":"ursu","status":"publish","type":"product","link":"https:\/\/www.lltrezor.sk\/shop\/product\/ursu\/","title":{"rendered":"URSU"},"content":{"rendered":"<p data-start=\"225\" data-end=\"509\"><strong data-start=\"225\" data-end=\"275\">Kompaktn\u00fd, no mimoriadne odoln\u00fd stenov\u00fd trezor<\/strong> ur\u010den\u00fd na bezpe\u010dn\u00e9 ulo\u017eenie <strong data-start=\"304\" data-end=\"369\">v\u00e4\u010d\u0161ieho mno\u017estva hotovosti, cennost\u00ed a dokumentov form\u00e1tu A4<\/strong>. Ide o <strong data-start=\"377\" data-end=\"415\">najsilnej\u0161\u00ed stenov\u00fd trezor v\u00fdrobcu<\/strong>, navrhnut\u00fd pre n\u00e1ro\u010dn\u00fdch pou\u017e\u00edvate\u013eov v dom\u00e1cnostiach aj firm\u00e1ch, kancel\u00e1ri\u00e1ch a prev\u00e1dzkach.<\/p>\n<p data-start=\"511\" data-end=\"690\">V\u010faka mas\u00edvnej dvojstennej kon\u0161trukcii a certifik\u00e1cii pod\u013ea <strong data-start=\"571\" data-end=\"608\">EN 1143-1 \u2013 bezpe\u010dnostn\u00e1 trieda I<\/strong> poskytuje vysok\u00fa ochranu proti vl\u00e1maniu a z\u00e1rove\u0148 <strong data-start=\"659\" data-end=\"689\">stredn\u00fa odolnos\u0165 vo\u010di oh\u0148u<\/strong>.<\/p>\n<hr data-start=\"692\" data-end=\"695\" \/>\n<h2 data-start=\"697\" data-end=\"729\">\ud83d\udee1\ufe0f Certifik\u00e1cia a bezpe\u010dnos\u0165<\/h2>\n<ul>\n<li data-start=\"733\" data-end=\"766\">certifikovan\u00fd pod\u013ea <strong data-start=\"753\" data-end=\"766\">EN 1143-1<\/strong><\/li>\n<li data-start=\"769\" data-end=\"794\"><strong data-start=\"769\" data-end=\"794\">bezpe\u010dnostn\u00e1 trieda I<\/strong><\/li>\n<li data-start=\"797\" data-end=\"815\">ur\u010den\u00fd na ochranu:\n<ul>\n<li data-start=\"820\" data-end=\"829\">hotovosti<\/li>\n<li data-start=\"834\" data-end=\"842\">cennost\u00ed<\/li>\n<li data-start=\"847\" data-end=\"873\">d\u00f4le\u017eit\u00fdch dokumentov (A4)<\/li>\n<\/ul>\n<\/li>\n<li data-start=\"876\" data-end=\"905\">stredn\u00e1 \u00farove\u0148 oh\u0148ovzdornosti<\/li>\n<li data-start=\"908\" data-end=\"945\">vhodn\u00fd pre dom\u00e1ce aj firemn\u00e9 pou\u017eitie<\/li>\n<\/ul>\n<hr data-start=\"947\" data-end=\"950\" \/>\n<h2 data-start=\"952\" data-end=\"992\">\u2699\ufe0f Kon\u0161trukcia a technick\u00e9 prevedenie<\/h2>\n<ul>\n<li data-start=\"996\" data-end=\"1038\"><strong data-start=\"996\" data-end=\"1038\">mas\u00edvna dvojstenn\u00e1 oce\u013eov\u00e1 kon\u0161trukcia<\/strong><\/li>\n<li data-start=\"1041\" data-end=\"1084\">korpus vyroben\u00fd z <strong data-start=\"1059\" data-end=\"1084\">3 mm oce\u013eov\u00e9ho plechu<\/strong><\/li>\n<li data-start=\"1087\" data-end=\"1135\"><strong data-start=\"1087\" data-end=\"1109\">dvojpl\u00e1\u0161\u0165ov\u00e9 dvere<\/strong> s ochranou proti vl\u00e1maniu<\/li>\n<li data-start=\"1138\" data-end=\"1167\">laserom rezan\u00e9 dvern\u00e9 kr\u00eddlo:\n<ul>\n<li data-start=\"1172\" data-end=\"1201\">hr\u00fabka ocele dver\u00ed: <strong data-start=\"1192\" data-end=\"1201\">10 mm<\/strong><\/li>\n<li data-start=\"1206\" data-end=\"1237\">celkov\u00e1 hr\u00fabka dver\u00ed: <strong data-start=\"1228\" data-end=\"1237\">60 mm<\/strong><\/li>\n<\/ul>\n<\/li>\n<li data-start=\"1240\" data-end=\"1279\">ochrana z\u00e1mku a rozvorov\u00e9ho mechanizmu:<\/li>\n<li data-start=\"1284\" data-end=\"1325\">\u0161peci\u00e1lny materi\u00e1l s tvrdos\u0165ou <strong data-start=\"1315\" data-end=\"1325\">60 HRC<\/strong><\/li>\n<li data-start=\"1328\" data-end=\"1365\"><strong data-start=\"1328\" data-end=\"1365\">trojstrann\u00e9 uzamykanie v 9 bodoch<\/strong><\/li>\n<li data-start=\"1368\" data-end=\"1403\">oce\u013eov\u00e9 uzamykacie \u010dapy <strong data-start=\"1392\" data-end=\"1403\">\u00d8 22 mm<\/strong><\/li>\n<li data-start=\"1406\" data-end=\"1429\">robustn\u00e9 vn\u00fatorn\u00e9 p\u00e1nty<\/li>\n<li data-start=\"1432\" data-end=\"1458\">otvorenie dver\u00ed do <strong data-start=\"1451\" data-end=\"1458\">90\u00b0<\/strong><\/li>\n<li data-start=\"1461\" data-end=\"1518\">pripraven\u00e9 otvory na <strong data-start=\"1482\" data-end=\"1518\">ukotvenie do steny alebo podlahy<\/strong><\/li>\n<\/ul>\n<hr data-start=\"1520\" data-end=\"1523\" \/>\n<h2 data-start=\"1525\" data-end=\"1550\">\ud83d\udd11 Z\u00e1mkov\u00fd mechanizmus<\/h2>\n<ul>\n<li data-start=\"1554\" data-end=\"1592\">trezorov\u00fd mechanick\u00fd <strong data-start=\"1575\" data-end=\"1592\">k\u013e\u00fa\u010dov\u00fd z\u00e1mok<\/strong><\/li>\n<li data-start=\"1595\" data-end=\"1646\">certifikovan\u00fd pod\u013ea <strong data-start=\"1615\" data-end=\"1626\">EN 1300<\/strong> (\u0161tandardn\u00e1 v\u00fdbava)<\/li>\n<li data-start=\"1649\" data-end=\"1669\">mo\u017enos\u0165 vyhotovenia:\n<ul>\n<li data-start=\"1674\" data-end=\"1726\">s <strong data-start=\"1676\" data-end=\"1695\">dvojit\u00fdm z\u00e1mkom<\/strong> pre vy\u0161\u0161iu \u00farove\u0148 zabezpe\u010denia<\/li>\n<\/ul>\n<\/li>\n<\/ul>\n<hr data-start=\"1728\" data-end=\"1731\" \/>\n<h2 data-start=\"1733\" data-end=\"1756\">\ud83d\udcc1 Vn\u00fatorn\u00fd priestor<\/h2>\n<ul>\n<li data-start=\"1760\" data-end=\"1795\">vhodn\u00fd pre dokumenty <strong data-start=\"1781\" data-end=\"1795\">form\u00e1tu A4<\/strong><\/li>\n<li data-start=\"1798\" data-end=\"1833\">preh\u013eadn\u00e9 a efekt\u00edvne usporiadanie:\n<ul>\n<li data-start=\"1838\" data-end=\"1847\">hotovosti<\/li>\n<li data-start=\"1852\" data-end=\"1860\">cennost\u00ed<\/li>\n<li data-start=\"1865\" data-end=\"1875\">dokumentov<\/li>\n<\/ul>\n<\/li>\n<li data-start=\"1878\" data-end=\"1945\">ide\u00e1lny pomer <strong data-start=\"1892\" data-end=\"1945\">kompaktn\u00fdch rozmerov a ve\u013ek\u00e9ho \u00falo\u017en\u00e9ho priestoru<\/strong><\/li>\n<li data-start=\"1948\" data-end=\"1996\"><strong data-start=\"1948\" data-end=\"1977\">1 ks nastavite\u013enej police<\/strong> v z\u00e1kladnej v\u00fdbave<\/li>\n<\/ul>\n<hr data-start=\"1998\" data-end=\"2001\" \/>\n<h2 data-start=\"2003\" data-end=\"2034\">\ud83c\udfa8 Dizajn a povrchov\u00e1 \u00faprava<\/h2>\n<ul>\n<li data-start=\"2038\" data-end=\"2066\">\u0161tandardn\u00e1 farba: <strong data-start=\"2056\" data-end=\"2066\">\u010dierna<\/strong><\/li>\n<li data-start=\"2069\" data-end=\"2115\">kvalitn\u00e1 povrchov\u00e1 \u00faprava s vysokou odolnos\u0165ou<\/li>\n<\/ul>\n<hr data-start=\"2117\" data-end=\"2120\" \/>\n<h2 data-start=\"2122\" data-end=\"2135\">\ud83c\udfed V\u00fdrobca<\/h2>\n<ul>\n<li data-start=\"2139\" data-end=\"2189\">v\u00fdrobca: <strong data-start=\"2148\" data-end=\"2189\"><span class=\"hover:entity-accent entity-underline inline cursor-pointer align-baseline\"><span class=\"whitespace-normal\">Trezor\u2011Liktor Zrt.<\/span><\/span><\/strong><\/li>\n<li data-start=\"2192\" data-end=\"2220\">krajina p\u00f4vodu: <strong data-start=\"2208\" data-end=\"2220\">Ma\u010farsko<\/strong><\/li>\n<li data-start=\"2223\" data-end=\"2270\"><strong data-start=\"2223\" data-end=\"2270\">najsilnej\u0161\u00ed stenov\u00fd trezor v ponuke v\u00fdrobcu<\/strong><\/li>\n<\/ul>\n<hr data-start=\"2272\" data-end=\"2275\" \/>\n<h2 data-start=\"2277\" data-end=\"2312\">\u2714\ufe0f Pre\u010do si vybra\u0165 tento trezor?<\/h2>\n<ul>\n<li data-start=\"2316\" data-end=\"2357\">bezpe\u010dnostn\u00e1 trieda <strong data-start=\"2336\" data-end=\"2357\">I pod\u013ea EN 1143-1<\/strong><\/li>\n<li data-start=\"2360\" data-end=\"2398\">extr\u00e9mne odoln\u00e1 dvojstenn\u00e1 kon\u0161trukcia<\/li>\n<li data-start=\"2401\" data-end=\"2436\">trojstrann\u00e9 <strong data-start=\"2413\" data-end=\"2436\">9-bodov\u00e9 uzamykanie<\/strong><\/li>\n<li data-start=\"2439\" data-end=\"2475\">ochrana z\u00e1mku proti v\u0155taniu (60 HRC)<\/li>\n<li data-start=\"2478\" data-end=\"2522\">vhodn\u00fd na hotovos\u0165, cennosti aj A4 dokumenty<\/li>\n<li data-start=\"2525\" data-end=\"2567\">ide\u00e1lny pre dom\u00e1cnosti, firmy a kancel\u00e1rie<\/li>\n<li data-start=\"2570\" data-end=\"2594\">overen\u00fd eur\u00f3psky v\u00fdrobca<\/li>\n<\/ul>\n","protected":false},"excerpt":{"rendered":"<p>Kompaktn\u00fd, no mimoriadne odoln\u00fd stenov\u00fd trezor ur\u010den\u00fd na bezpe\u010dn\u00e9 ulo\u017eenie v\u00e4\u010d\u0161ieho mno\u017estva hotovosti<\/p>\n","protected":false},"featured_media":14742,"comment_status":"open","ping_status":"closed","template":"","meta":{"_monsterinsights_skip_tracking":false,"_monsterinsights_sitenote_active":false,"_monsterinsights_sitenote_note":"","_monsterinsights_sitenote_category":0},"product_brand":[318],"product_cat":[119],"product_tag":[],"class_list":{"0":"post-14732","1":"product","2":"type-product","3":"status-publish","4":"has-post-thumbnail","6":"product_brand-trezor-liktor","7":"product_cat-nastenne-trezory","8":"product_shipping_class-od-251-kg-do-40kg","9":"pa_bezpecnostna-trieda-bezpecnostnej-triedy-a-v-zmysle-normy-en-1300","10":"pa_bezpecnostna-trieda-norma-en1143-1-v-bezpecnostnej-triede-i","11":"pa_material-ocel","12":"pa_miesto-instalacie-kotvenie-do-steny","13":"pa_vaha-1133","14":"pa_vnutorna-hlbka-1131","15":"pa_vnutorna-sirka-881","16":"pa_vnutorna-vyska-1125","17":"pa_vnutorny-objem-1134","18":"pa_vonkajsia-hlbka-572","19":"pa_vonkajsia-sirka-1126","20":"pa_vonkajsia-vyska-1127","21":"ts_product_brand-trezor-liktor","23":"first","24":"onbackorder","25":"taxable","26":"shipping-taxable","27":"purchasable","28":"product-type-simple"},"aioseo_notices":[],"jetpack_sharing_enabled":true,"_links":{"self":[{"href":"https:\/\/www.lltrezor.sk\/shop\/wp-json\/wp\/v2\/product\/14732","targetHints":{"allow":["GET"]}}],"collection":[{"href":"https:\/\/www.lltrezor.sk\/shop\/wp-json\/wp\/v2\/product"}],"about":[{"href":"https:\/\/www.lltrezor.sk\/shop\/wp-json\/wp\/v2\/types\/product"}],"replies":[{"embeddable":true,"href":"https:\/\/www.lltrezor.sk\/shop\/wp-json\/wp\/v2\/comments?post=14732"}],"wp:featuredmedia":[{"embeddable":true,"href":"https:\/\/www.lltrezor.sk\/shop\/wp-json\/wp\/v2\/media\/14742"}],"wp:attachment":[{"href":"https:\/\/www.lltrezor.sk\/shop\/wp-json\/wp\/v2\/media?parent=14732"}],"wp:term":[{"taxonomy":"product_brand","embeddable":true,"href":"https:\/\/www.lltrezor.sk\/shop\/wp-json\/wp\/v2\/product_brand?post=14732"},{"taxonomy":"product_cat","embeddable":true,"href":"https:\/\/www.lltrezor.sk\/shop\/wp-json\/wp\/v2\/product_cat?post=14732"},{"taxonomy":"product_tag","embeddable":true,"href":"https:\/\/www.lltrezor.sk\/shop\/wp-json\/wp\/v2\/product_tag?post=14732"}],"curies":[{"name":"wp","href":"https:\/\/api.w.org\/{rel}","templated":true}]}}