{"id":14724,"date":"2025-10-11T18:16:42","date_gmt":"2025-10-11T16:16:42","guid":{"rendered":"https:\/\/www.lltrezor.sk\/shop\/?post_type=product&#038;p=14724"},"modified":"2026-02-19T17:45:07","modified_gmt":"2026-02-19T16:45:07","slug":"skorpio-2","status":"publish","type":"product","link":"https:\/\/www.lltrezor.sk\/shop\/product\/skorpio-2\/","title":{"rendered":"Skorpi\u00f3, n\u00e1stenn\u00fd trezor"},"content":{"rendered":"<p data-start=\"153\" data-end=\"399\">Kompaktn\u00fd a spo\u013eahliv\u00fd <strong data-start=\"176\" data-end=\"210\">stenov\u00fd sejf z kvalitnej ocele<\/strong>, ur\u010den\u00fd na bezpe\u010dn\u00e9 ulo\u017eenie hotovosti, cennost\u00ed a dokumentov. V\u010faka mont\u00e1\u017ei priamo do steny je sejf nen\u00e1padn\u00fd, \u0165a\u017eko odcudzite\u013en\u00fd a ide\u00e1lny pre dom\u00e1cnosti, kancel\u00e1rie aj men\u0161ie prev\u00e1dzky.<\/p>\n<hr data-start=\"401\" data-end=\"404\" \/>\n<h2 data-start=\"406\" data-end=\"436\">\u2699\ufe0f Kon\u0161trukcia a prevedenie<\/h2>\n<ul>\n<li data-start=\"440\" data-end=\"481\"><strong data-start=\"440\" data-end=\"481\">korpus z oce\u013eov\u00e9ho plechu hr\u00fabky 3 mm<\/strong><\/li>\n<li data-start=\"484\" data-end=\"526\"><strong data-start=\"484\" data-end=\"526\">dvojpl\u00e1\u0161\u0165ov\u00e9 dvere z ocele hr\u00fabky 5 mm<\/strong><\/li>\n<li data-start=\"529\" data-end=\"557\">kvalitn\u00e1 oce\u013eov\u00e1 kon\u0161trukcia<\/li>\n<li data-start=\"560\" data-end=\"594\">robustn\u00e9 z\u00e1vesy pre dlh\u00fa \u017eivotnos\u0165<\/li>\n<li data-start=\"597\" data-end=\"631\">ur\u010den\u00fd na <strong data-start=\"607\" data-end=\"631\">zabudovanie do steny<\/strong><\/li>\n<li data-start=\"634\" data-end=\"659\"><strong data-start=\"634\" data-end=\"659\">jednosmern\u00e9 zamykanie<\/strong><\/li>\n<\/ul>\n<hr data-start=\"661\" data-end=\"664\" \/>\n<h2 data-start=\"666\" data-end=\"691\">\ud83d\udd11 Z\u00e1mkov\u00fd mechanizmus<\/h2>\n<ul>\n<li data-start=\"695\" data-end=\"756\">z\u00e1mok certifikovan\u00fd pod\u013ea <strong data-start=\"721\" data-end=\"756\">EN 1300 \u2013 bezpe\u010dnostn\u00e1 trieda A<\/strong><\/li>\n<li data-start=\"759\" data-end=\"788\"><strong data-start=\"759\" data-end=\"787\">volite\u013en\u00e9 typy zamykania<\/strong>:\n<ul>\n<li data-start=\"793\" data-end=\"822\">elektronick\u00fd z\u00e1mok <strong data-start=\"812\" data-end=\"822\">M-Lock<\/strong><\/li>\n<li data-start=\"827\" data-end=\"871\">trezorov\u00fd mechanick\u00fd z\u00e1mok na k\u013e\u00fa\u010d <strong data-start=\"862\" data-end=\"871\">MAUER<\/strong><\/li>\n<li data-start=\"876\" data-end=\"921\">oto\u010dn\u00fd mechanick\u00fd kombina\u010dn\u00fd z\u00e1mok <strong data-start=\"911\" data-end=\"921\">LaGard<\/strong><\/li>\n<\/ul>\n<\/li>\n<\/ul>\n<hr data-start=\"923\" data-end=\"926\" \/>\n<h2 data-start=\"928\" data-end=\"958\">\ud83d\udee1\ufe0f Bezpe\u010dnostn\u00e9 vlastnosti<\/h2>\n<ul>\n<li data-start=\"962\" data-end=\"1004\">sejf je <strong data-start=\"970\" data-end=\"1004\">bez bezpe\u010dnostnej certifik\u00e1cie<\/strong><\/li>\n<li data-start=\"1007\" data-end=\"1097\">kvalitn\u00e9 materi\u00e1ly a mas\u00edvne dvere poskytuj\u00fa z\u00e1kladn\u00fa ochranu proti neopr\u00e1vnen\u00e9mu pr\u00edstupu<\/li>\n<li data-start=\"1100\" data-end=\"1145\">vhodn\u00fd na be\u017en\u00e9 dom\u00e1ce a kancel\u00e1rske pou\u017eitie<\/li>\n<\/ul>\n<hr data-start=\"1147\" data-end=\"1150\" \/>\n<h2 data-start=\"1152\" data-end=\"1183\">\ud83c\udfa8 Dizajn a povrchov\u00e1 \u00faprava<\/h2>\n<ul>\n<li data-start=\"1187\" data-end=\"1204\">farba: <strong data-start=\"1194\" data-end=\"1204\">\u010dierna<\/strong><\/li>\n<li data-start=\"1207\" data-end=\"1230\">odoln\u00e1 povrchov\u00e1 \u00faprava<\/li>\n<\/ul>\n<hr data-start=\"1232\" data-end=\"1235\" \/>\n<h2 data-start=\"1237\" data-end=\"1250\">\ud83c\udfed V\u00fdrobca<\/h2>\n<ul>\n<li data-start=\"1254\" data-end=\"1304\">v\u00fdrobca: <strong data-start=\"1263\" data-end=\"1304\"><span class=\"hover:entity-accent entity-underline inline cursor-pointer align-baseline\"><span class=\"whitespace-normal\">Trezor-Liktor Zrt.<\/span><\/span><\/strong><\/li>\n<li data-start=\"1307\" data-end=\"1335\">krajina p\u00f4vodu: <strong data-start=\"1323\" data-end=\"1335\">Ma\u010farsko<\/strong><\/li>\n<li data-start=\"1338\" data-end=\"1374\">tradi\u010dn\u00fd v\u00fdrobca trezorovej techniky<\/li>\n<\/ul>\n<hr data-start=\"1376\" data-end=\"1379\" \/>\n<h2 data-start=\"1381\" data-end=\"1422\">\u2714\ufe0f Pre\u010do si vybra\u0165 tento stenov\u00fd sejf?<\/h2>\n<ul>\n<li data-start=\"1426\" data-end=\"1457\">mas\u00edvny <strong data-start=\"1434\" data-end=\"1457\">oce\u013eov\u00fd korpus 3 mm<\/strong><\/li>\n<li data-start=\"1460\" data-end=\"1487\"><strong data-start=\"1460\" data-end=\"1487\">dvojpl\u00e1\u0161\u0165ov\u00e9 dvere 5 mm<\/strong><\/li>\n<li data-start=\"1490\" data-end=\"1529\">mo\u017enos\u0165 v\u00fdberu typu z\u00e1mku pod\u013ea potreby<\/li>\n<li data-start=\"1532\" data-end=\"1562\">nen\u00e1padn\u00e9 zabudovanie do steny<\/li>\n<li data-start=\"1565\" data-end=\"1601\">dobr\u00fd pomer ceny a \u00fa\u017eitkovej hodnoty<\/li>\n<li data-start=\"1604\" data-end=\"1620\">eur\u00f3psky v\u00fdrobca<\/li>\n<\/ul>\n","protected":false},"excerpt":{"rendered":"<p>Kompaktn\u00fd a spo\u013eahliv\u00fd stenov\u00fd sejf z kvalitnej ocele, ur\u010den\u00fd na bezpe\u010dn\u00e9 ulo\u017eenie hotovosti, cennost\u00ed a dokumentov<\/p>\n","protected":false},"featured_media":14731,"comment_status":"open","ping_status":"closed","template":"","meta":{"_monsterinsights_skip_tracking":false,"_monsterinsights_sitenote_active":false,"_monsterinsights_sitenote_note":"","_monsterinsights_sitenote_category":0},"product_brand":[318],"product_cat":[119],"product_tag":[],"class_list":{"0":"post-14724","1":"product","2":"type-product","3":"status-publish","4":"has-post-thumbnail","6":"product_brand-trezor-liktor","7":"product_cat-nastenne-trezory","8":"product_shipping_class-od-251-kg-do-40kg","9":"pa_bezpecnostna-trieda-bezpecnostnej-triedy-a-v-zmysle-normy-en-1300","10":"pa_material-ocel","11":"pa_miesto-instalacie-kotvenie-do-steny","12":"pa_vaha-1130","13":"pa_vnutorna-hlbka-1131","14":"pa_vnutorna-sirka-919","15":"pa_vnutorna-vyska-1120","16":"pa_vnutorny-objem-1132","17":"pa_vonkajsia-hlbka-572","18":"pa_vonkajsia-sirka-980","19":"pa_vonkajsia-vyska-795","20":"ts_product_brand-trezor-liktor","22":"first","23":"onbackorder","24":"taxable","25":"shipping-taxable","26":"purchasable","27":"product-type-simple"},"aioseo_notices":[],"jetpack_sharing_enabled":true,"_links":{"self":[{"href":"https:\/\/www.lltrezor.sk\/shop\/wp-json\/wp\/v2\/product\/14724","targetHints":{"allow":["GET"]}}],"collection":[{"href":"https:\/\/www.lltrezor.sk\/shop\/wp-json\/wp\/v2\/product"}],"about":[{"href":"https:\/\/www.lltrezor.sk\/shop\/wp-json\/wp\/v2\/types\/product"}],"replies":[{"embeddable":true,"href":"https:\/\/www.lltrezor.sk\/shop\/wp-json\/wp\/v2\/comments?post=14724"}],"wp:featuredmedia":[{"embeddable":true,"href":"https:\/\/www.lltrezor.sk\/shop\/wp-json\/wp\/v2\/media\/14731"}],"wp:attachment":[{"href":"https:\/\/www.lltrezor.sk\/shop\/wp-json\/wp\/v2\/media?parent=14724"}],"wp:term":[{"taxonomy":"product_brand","embeddable":true,"href":"https:\/\/www.lltrezor.sk\/shop\/wp-json\/wp\/v2\/product_brand?post=14724"},{"taxonomy":"product_cat","embeddable":true,"href":"https:\/\/www.lltrezor.sk\/shop\/wp-json\/wp\/v2\/product_cat?post=14724"},{"taxonomy":"product_tag","embeddable":true,"href":"https:\/\/www.lltrezor.sk\/shop\/wp-json\/wp\/v2\/product_tag?post=14724"}],"curies":[{"name":"wp","href":"https:\/\/api.w.org\/{rel}","templated":true}]}}