{"id":14621,"date":"2025-10-11T15:29:47","date_gmt":"2025-10-11T13:29:47","guid":{"rendered":"https:\/\/www.lltrezor.sk\/shop\/?post_type=product&#038;p=14621"},"modified":"2026-02-19T17:48:44","modified_gmt":"2026-02-19T16:48:44","slug":"skrina-pre-strelivo-tcr-10","status":"publish","type":"product","link":"https:\/\/www.lltrezor.sk\/shop\/product\/skrina-pre-strelivo-tcr-10\/","title":{"rendered":"Skri\u0148a &#8220;TCR\/10&#8221;"},"content":{"rendered":"<p data-start=\"200\" data-end=\"459\">Robustn\u00e1 <strong data-start=\"209\" data-end=\"238\">oce\u013eov\u00e1 archiva\u010dn\u00e1 skri\u0148a<\/strong> ur\u010den\u00e1 na bezpe\u010dn\u00e9 ulo\u017eenie \u0161an\u00f3nov, dokumentov a v\u00e4\u010d\u0161ieho mno\u017estva streliva. Ide\u00e1lne rie\u0161enie pre <strong data-start=\"338\" data-end=\"404\">kancel\u00e1rie, firmy, sklady, prev\u00e1dzky aj profesion\u00e1lne vyu\u017eitie<\/strong>, kde je po\u017eadovan\u00e1 spo\u013eahlivos\u0165 a mechanick\u00e1 odolnos\u0165.<\/p>\n<hr data-start=\"461\" data-end=\"464\" \/>\n<h3 data-start=\"466\" data-end=\"495\">\ud83d\udee1\ufe0f Zamykanie a bezpe\u010dnos\u0165<\/h3>\n<ul>\n<li data-start=\"499\" data-end=\"535\"><strong data-start=\"499\" data-end=\"535\">mechanick\u00fd trezorov\u00fd z\u00e1mok MAUER<\/strong><\/li>\n<li data-start=\"538\" data-end=\"569\">bezpe\u010dnostn\u00e1 trieda z\u00e1mku <strong data-start=\"564\" data-end=\"569\">A<\/strong><\/li>\n<li data-start=\"572\" data-end=\"608\"><strong data-start=\"572\" data-end=\"608\">trojsmern\u00e9 \u0161tvorbodov\u00e9 zamykanie<\/strong><\/li>\n<li data-start=\"611\" data-end=\"656\">oce\u013eov\u00e9 z\u00e1vorov\u00e9 \u010dapy s priemerom <strong data-start=\"645\" data-end=\"656\">\u00d8 20 mm<\/strong><\/li>\n<li data-start=\"659\" data-end=\"738\">stabiln\u00e1 kon\u0161trukcia vhodn\u00e1 aj na ulo\u017eenie streliva<br data-start=\"710\" data-end=\"713\" \/><em data-start=\"715\" data-end=\"738\">(a\u017e do 10 000 ks)<\/em><\/li>\n<\/ul>\n<hr data-start=\"740\" data-end=\"743\" \/>\n<h3 data-start=\"745\" data-end=\"785\">\u2699\ufe0f Kon\u0161trukcia a technick\u00e9 prevedenie<\/h3>\n<ul>\n<li data-start=\"789\" data-end=\"848\"><strong data-start=\"789\" data-end=\"813\">jednopl\u00e1\u0161\u0165ov\u00fd korpus<\/strong> z oce\u013eov\u00e9ho plechu hr\u00fabky <strong data-start=\"840\" data-end=\"848\">2 mm<\/strong><\/li>\n<li data-start=\"851\" data-end=\"908\"><strong data-start=\"851\" data-end=\"873\">dvojpl\u00e1\u0161\u0165ov\u00e9 dvere<\/strong> z oce\u013eov\u00e9ho plechu hr\u00fabky <strong data-start=\"900\" data-end=\"908\">2 mm<\/strong><\/li>\n<li data-start=\"911\" data-end=\"942\"><strong data-start=\"911\" data-end=\"942\">celkov\u00e1 hr\u00fabka dver\u00ed: 50 mm<\/strong><\/li>\n<li data-start=\"945\" data-end=\"990\">pevn\u00e1 oce\u013eov\u00e1 kon\u0161trukcia s dlhou \u017eivotnos\u0165ou<\/li>\n<li data-start=\"993\" data-end=\"1040\">vhodn\u00e1 na profesion\u00e1lne a ka\u017edodenn\u00e9 pou\u017e\u00edvanie<\/li>\n<\/ul>\n<hr data-start=\"1042\" data-end=\"1045\" \/>\n<h3 data-start=\"1047\" data-end=\"1071\">\ud83d\udcc1 Vn\u00fatorn\u00e9 vybavenie<\/h3>\n<ul>\n<li data-start=\"1075\" data-end=\"1112\"><strong data-start=\"1075\" data-end=\"1112\">3 ks vyberate\u013en\u00e9 zosilnen\u00e9 police<\/strong><\/li>\n<li data-start=\"1115\" data-end=\"1156\">vhodn\u00e1 na ulo\u017eenie <strong data-start=\"1134\" data-end=\"1156\">\u0161an\u00f3nov form\u00e1tu A4<\/strong><\/li>\n<li data-start=\"1159\" data-end=\"1207\">preh\u013eadn\u00e9 usporiadanie dokumentov alebo streliva<\/li>\n<\/ul>\n<hr data-start=\"1209\" data-end=\"1212\" \/>\n<h3 data-start=\"1214\" data-end=\"1237\">\ud83d\udd29 Kotvenie a mont\u00e1\u017e<\/h3>\n<ul>\n<li data-start=\"1241\" data-end=\"1271\">mo\u017enos\u0165 <strong data-start=\"1249\" data-end=\"1271\">ukotvenia do steny<\/strong><\/li>\n<li data-start=\"1274\" data-end=\"1315\"><strong data-start=\"1274\" data-end=\"1315\">kotviaci materi\u00e1l je s\u00fa\u010das\u0165ou balenia<\/strong><\/li>\n<li data-start=\"1318\" data-end=\"1362\">vy\u0161\u0161ia ochrana proti odcudzeniu celej skrine<\/li>\n<\/ul>\n<hr data-start=\"1364\" data-end=\"1367\" \/>\n<h3 data-start=\"1369\" data-end=\"1391\">\ud83c\udfa8 Povrchov\u00e1 \u00faprava<\/h3>\n<ul>\n<li data-start=\"1395\" data-end=\"1422\">kvalitn\u00e9 pr\u00e1\u0161kov\u00e9 lakovanie<\/li>\n<li data-start=\"1425\" data-end=\"1455\">farba: <strong data-start=\"1432\" data-end=\"1455\">svetlosiv\u00e1 RAL 7035<\/strong><\/li>\n<li data-start=\"1458\" data-end=\"1516\">odoln\u00e1 povrchov\u00e1 \u00faprava vhodn\u00e1 do kancel\u00e1rskeho prostredia<\/li>\n<\/ul>\n<hr data-start=\"1518\" data-end=\"1521\" \/>\n<h3 data-start=\"1523\" data-end=\"1536\">\ud83c\udfed V\u00fdrobca<\/h3>\n<ul>\n<li data-start=\"1540\" data-end=\"1590\">v\u00fdrobca: <strong data-start=\"1549\" data-end=\"1590\"><span class=\"hover:entity-accent entity-underline inline cursor-pointer align-baseline\"><span class=\"whitespace-normal\">Technomax<\/span><\/span><\/strong><\/li>\n<li data-start=\"1593\" data-end=\"1622\">krajina p\u00f4vodu: <strong data-start=\"1609\" data-end=\"1622\">Taliansko<\/strong><\/li>\n<li data-start=\"1625\" data-end=\"1679\">renomovan\u00fd v\u00fdrobca trezorovej a bezpe\u010dnostnej techniky<\/li>\n<\/ul>\n<hr data-start=\"1681\" data-end=\"1684\" \/>\n<h3 data-start=\"1686\" data-end=\"1731\">\u2714\ufe0f Pre\u010do si vybra\u0165 t\u00fato archiva\u010dn\u00fa skri\u0148u?<\/h3>\n<ul>\n<li data-start=\"1735\" data-end=\"1766\">mechanick\u00fd z\u00e1mok MAUER triedy A<\/li>\n<li data-start=\"1769\" data-end=\"1796\">mas\u00edvna oce\u013eov\u00e1 kon\u0161trukcia<\/li>\n<li data-start=\"1799\" data-end=\"1845\">vhodn\u00e1 na dokumenty aj ve\u013ek\u00e9 mno\u017estvo streliva<\/li>\n<li data-start=\"1848\" data-end=\"1885\">zosilnen\u00e9 police a bezpe\u010dn\u00e9 zamykanie<\/li>\n<li data-start=\"1888\" data-end=\"1905\">mo\u017enos\u0165 ukotvenia<\/li>\n<li data-start=\"1908\" data-end=\"1933\">kvalitn\u00e1 talianska v\u00fdroba<\/li>\n<\/ul>\n","protected":false},"excerpt":{"rendered":"<p>Bezpe\u010dnostn\u00e1 archiva\u010dn\u00e1 skri\u0148a \u2013 mechanick\u00fd z\u00e1mok MAUER<\/p>\n","protected":false},"featured_media":14622,"comment_status":"open","ping_status":"closed","template":"","meta":{"_monsterinsights_skip_tracking":false,"_monsterinsights_sitenote_active":false,"_monsterinsights_sitenote_note":"","_monsterinsights_sitenote_category":0},"product_brand":[785],"product_cat":[300,560,131],"product_tag":[],"class_list":{"0":"post-14621","1":"product","2":"type-product","3":"status-publish","4":"has-post-thumbnail","6":"product_brand-technomax","7":"product_cat-archivacne-skrine","8":"product_cat-archivacne-skrine-a-kartoteky","9":"product_cat-skrine-a-schranky-na-strelivo","10":"product_shipping_class-od-401-kg-do-70kg","11":"pa_bezpecnostna-trieda-1306","12":"pa_material-ocel","13":"pa_vnutorna-hlbka-616","14":"pa_vnutorna-sirka-1091","15":"pa_vnutorna-vyska-1092","16":"pa_vonkajsia-hlbka-950","17":"pa_vonkajsia-sirka-671","18":"pa_vonkajsia-vyska-615","19":"ts_product_brand-technomax","21":"first","22":"onbackorder","23":"taxable","24":"shipping-taxable","25":"purchasable","26":"product-type-simple"},"aioseo_notices":[],"jetpack_sharing_enabled":true,"_links":{"self":[{"href":"https:\/\/www.lltrezor.sk\/shop\/wp-json\/wp\/v2\/product\/14621","targetHints":{"allow":["GET"]}}],"collection":[{"href":"https:\/\/www.lltrezor.sk\/shop\/wp-json\/wp\/v2\/product"}],"about":[{"href":"https:\/\/www.lltrezor.sk\/shop\/wp-json\/wp\/v2\/types\/product"}],"replies":[{"embeddable":true,"href":"https:\/\/www.lltrezor.sk\/shop\/wp-json\/wp\/v2\/comments?post=14621"}],"wp:featuredmedia":[{"embeddable":true,"href":"https:\/\/www.lltrezor.sk\/shop\/wp-json\/wp\/v2\/media\/14622"}],"wp:attachment":[{"href":"https:\/\/www.lltrezor.sk\/shop\/wp-json\/wp\/v2\/media?parent=14621"}],"wp:term":[{"taxonomy":"product_brand","embeddable":true,"href":"https:\/\/www.lltrezor.sk\/shop\/wp-json\/wp\/v2\/product_brand?post=14621"},{"taxonomy":"product_cat","embeddable":true,"href":"https:\/\/www.lltrezor.sk\/shop\/wp-json\/wp\/v2\/product_cat?post=14621"},{"taxonomy":"product_tag","embeddable":true,"href":"https:\/\/www.lltrezor.sk\/shop\/wp-json\/wp\/v2\/product_tag?post=14621"}],"curies":[{"name":"wp","href":"https:\/\/api.w.org\/{rel}","templated":true}]}}