{"id":14605,"date":"2025-10-11T14:49:20","date_gmt":"2025-10-11T12:49:20","guid":{"rendered":"https:\/\/www.lltrezor.sk\/shop\/?post_type=product&#038;p=14605"},"modified":"2026-02-19T17:50:03","modified_gmt":"2026-02-19T16:50:03","slug":"schranka-pre-strelivo-iv","status":"publish","type":"product","link":"https:\/\/www.lltrezor.sk\/shop\/product\/schranka-pre-strelivo-iv\/","title":{"rendered":"Schr\u00e1nka pre strelivo &#8220;IV&#8221;"},"content":{"rendered":"<div class=\"product-sdesc\">\n<div class=\"product-sdesc\">\n<div class=\"product-sdesc\">\n<div class=\"product-sdesc\">\n<div class=\"product-sdesc\">\n<div class=\"product-sdesc\">\n<div class=\"product-sdesc\">\n<div class=\"product-sdesc\">\n<div class=\"product-sdesc\">\n<div class=\"product-sdesc\">\n<div class=\"product-sdesc\">\n<div class=\"product-sdesc\">\n<div class=\"product-sdesc\">\n<p data-start=\"231\" data-end=\"465\">Praktick\u00e1 a kompaktn\u00e1 <strong data-start=\"253\" data-end=\"284\">oce\u013eov\u00e1 bezpe\u010dnostn\u00e1 skri\u0148a<\/strong> ur\u010den\u00e1 na ulo\u017eenie streliva, pr\u00edslu\u0161enstva alebo dokumentov. Rozmerovo je <strong data-start=\"359\" data-end=\"420\">ide\u00e1lne prisp\u00f4soben\u00e1 ku skrini na zbrane Diana 5 Standard<\/strong>, v\u010faka \u010domu tvor\u00ed funk\u010dn\u00fd a estetick\u00fd celok.<\/p>\n<hr data-start=\"467\" data-end=\"470\" \/>\n<h3 data-start=\"472\" data-end=\"501\">\ud83d\udee1\ufe0f Zamykanie a bezpe\u010dnos\u0165<\/h3>\n<ul>\n<li data-start=\"505\" data-end=\"533\"><strong data-start=\"505\" data-end=\"533\">mechanick\u00fd z\u00e1mok na k\u013e\u00fa\u010d<\/strong><\/li>\n<li data-start=\"536\" data-end=\"569\"><strong data-start=\"536\" data-end=\"569\">2 ks k\u013e\u00fa\u010dov s v\u00fdrobn\u00fdm \u010d\u00edslom<\/strong><\/li>\n<li data-start=\"572\" data-end=\"608\"><strong data-start=\"572\" data-end=\"608\">jednosmern\u00e9 uzamykanie<\/strong><\/li>\n<\/ul>\n<hr data-start=\"702\" data-end=\"705\" \/>\n<h3 data-start=\"707\" data-end=\"747\">\u2699\ufe0f Kon\u0161trukcia a technick\u00e9 prevedenie<\/h3>\n<ul>\n<li data-start=\"751\" data-end=\"780\"><strong data-start=\"751\" data-end=\"780\">jednopl\u00e1\u0161\u0165ov\u00e1 kon\u0161trukcia<\/strong><\/li>\n<li data-start=\"783\" data-end=\"826\">korpus z oce\u013eov\u00e9ho plechu hr\u00fabky <strong data-start=\"816\" data-end=\"826\">1,5 mm<\/strong><\/li>\n<li data-start=\"829\" data-end=\"889\"><strong data-start=\"829\" data-end=\"852\">jednopl\u00e1\u0161\u0165ov\u00e9 dvere<\/strong> z oce\u013eov\u00e9ho plechu hr\u00fabky <strong data-start=\"879\" data-end=\"889\">1,5 mm<\/strong><\/li>\n<li data-start=\"892\" data-end=\"945\">pevn\u00e1 oce\u013eov\u00e1 kon\u0161trukcia pre be\u017en\u00e9 bezpe\u010dn\u00e9 pou\u017eitie<\/li>\n<\/ul>\n<hr data-start=\"976\" data-end=\"979\" \/>\n<h3 data-start=\"981\" data-end=\"1004\">\ud83d\udd29 Kotvenie a mont\u00e1\u017e<\/h3>\n<ul>\n<li data-start=\"1008\" data-end=\"1033\"><strong data-start=\"1008\" data-end=\"1033\">pripevnite\u013en\u00e1 k stene<\/strong><\/li>\n<li data-start=\"1036\" data-end=\"1077\"><strong data-start=\"1036\" data-end=\"1077\">kotviaci materi\u00e1l je s\u00fa\u010das\u0165ou balenia<\/strong><\/li>\n<li data-start=\"1080\" data-end=\"1112\">zv\u00fd\u0161en\u00e1 ochrana proti odcudzeniu<\/li>\n<\/ul>\n<hr data-start=\"1114\" data-end=\"1117\" \/>\n<h3 data-start=\"1119\" data-end=\"1149\">\ud83c\udfa8 Povrchov\u00e1 \u00faprava a farby<\/h3>\n<ul>\n<li data-start=\"1153\" data-end=\"1180\">kvalitn\u00e9 pr\u00e1\u0161kov\u00e9 lakovanie<\/li>\n<li data-start=\"1183\" data-end=\"1211\"><strong data-start=\"1183\" data-end=\"1211\">\u0161tandardn\u00e1 farba: zelen\u00e1<\/strong><\/li>\n<li data-start=\"1214\" data-end=\"1265\"><strong data-start=\"1214\" data-end=\"1245\">in\u00e9 farby RAL na objedn\u00e1vku<\/strong> <em data-start=\"1246\" data-end=\"1265\">(pr\u00edplatok +10 %)<\/em><\/li>\n<\/ul>\n<hr data-start=\"1267\" data-end=\"1270\" \/>\n<h3 data-start=\"1272\" data-end=\"1291\">\ud83e\udde9 Kompatibilita<\/h3>\n<ul>\n<li data-start=\"1295\" data-end=\"1352\">rozmerovo <strong data-start=\"1305\" data-end=\"1352\">pasuje ku skrini na zbrane Diana 5 Standard<\/strong><\/li>\n<li data-start=\"1355\" data-end=\"1414\">vhodn\u00e1 ako doplnkov\u00e1 skri\u0148a na strelivo alebo pr\u00edslu\u0161enstvo<\/li>\n<\/ul>\n<hr data-start=\"1416\" data-end=\"1419\" \/>\n<h3 data-start=\"1421\" data-end=\"1434\">\ud83c\udfed V\u00fdrobca<\/h3>\n<ul>\n<li data-start=\"1438\" data-end=\"1488\">v\u00fdrobca: <strong data-start=\"1447\" data-end=\"1488\"><span class=\"hover:entity-accent entity-underline inline cursor-pointer align-baseline\"><span class=\"whitespace-normal\">Trezor-Liktor Zrt.<\/span><\/span><\/strong><\/li>\n<li data-start=\"1491\" data-end=\"1515\">krajina p\u00f4vodu: Ma\u010farsko<\/li>\n<\/ul>\n<hr data-start=\"1517\" data-end=\"1520\" \/>\n<h3 data-start=\"1522\" data-end=\"1556\">\u2714\ufe0f Pre\u010do si vybra\u0165 t\u00fato skri\u0148u?<\/h3>\n<ul>\n<li data-start=\"1560\" data-end=\"1604\">praktick\u00e9 rie\u0161enie k skrini Diana 5 Standard<\/li>\n<li data-start=\"1607\" data-end=\"1645\">jednoduch\u00e9 a spo\u013eahliv\u00e9 mechanick\u00e9 zamykanie<\/li>\n<li data-start=\"1695\" data-end=\"1720\">pevn\u00e1 oce\u013eov\u00e1 kon\u0161trukcia<\/li>\n<li data-start=\"1723\" data-end=\"1754\">mo\u017enos\u0165 farebn\u00e9ho prisp\u00f4sobenia<\/li>\n<li data-start=\"1757\" data-end=\"1774\">kotvenie v balen\u00ed<\/li>\n<li data-start=\"1777\" data-end=\"1801\">kvalitn\u00e1 ma\u010farsk\u00e1 v\u00fdroba<\/li>\n<\/ul>\n<\/div>\n<\/div>\n<\/div>\n<\/div>\n<\/div>\n<\/div>\n<\/div>\n<\/div>\n<\/div>\n<\/div>\n<\/div>\n<\/div>\n<\/div>\n","protected":false},"excerpt":{"rendered":"<p>Praktick\u00e1 a kompaktn\u00e1 oce\u013eov\u00e1 bezpe\u010dnostn\u00e1 skri\u0148a ur\u010den\u00e1 na ulo\u017eenie streliva<\/p>\n","protected":false},"featured_media":14606,"comment_status":"open","ping_status":"closed","template":"","meta":{"_monsterinsights_skip_tracking":false,"_monsterinsights_sitenote_active":false,"_monsterinsights_sitenote_note":"","_monsterinsights_sitenote_category":0},"product_brand":[318],"product_cat":[131],"product_tag":[],"class_list":{"0":"post-14605","1":"product","2":"type-product","3":"status-publish","4":"has-post-thumbnail","6":"product_brand-trezor-liktor","7":"product_cat-skrine-a-schranky-na-strelivo","8":"product_shipping_class-do-10kg","9":"pa_bezpecnostna-trieda-1306","10":"pa_material-ocel","11":"pa_vnutorna-hlbka-620","12":"pa_vnutorna-sirka-621","13":"pa_vnutorna-vyska-622","14":"pa_vonkajsia-hlbka-584","15":"pa_vonkajsia-sirka-623","16":"pa_vonkajsia-vyska-624","17":"ts_product_brand-trezor-liktor","19":"first","20":"instock","21":"featured","22":"taxable","23":"shipping-taxable","24":"purchasable","25":"product-type-simple"},"aioseo_notices":[],"jetpack_sharing_enabled":true,"_links":{"self":[{"href":"https:\/\/www.lltrezor.sk\/shop\/wp-json\/wp\/v2\/product\/14605","targetHints":{"allow":["GET"]}}],"collection":[{"href":"https:\/\/www.lltrezor.sk\/shop\/wp-json\/wp\/v2\/product"}],"about":[{"href":"https:\/\/www.lltrezor.sk\/shop\/wp-json\/wp\/v2\/types\/product"}],"replies":[{"embeddable":true,"href":"https:\/\/www.lltrezor.sk\/shop\/wp-json\/wp\/v2\/comments?post=14605"}],"wp:featuredmedia":[{"embeddable":true,"href":"https:\/\/www.lltrezor.sk\/shop\/wp-json\/wp\/v2\/media\/14606"}],"wp:attachment":[{"href":"https:\/\/www.lltrezor.sk\/shop\/wp-json\/wp\/v2\/media?parent=14605"}],"wp:term":[{"taxonomy":"product_brand","embeddable":true,"href":"https:\/\/www.lltrezor.sk\/shop\/wp-json\/wp\/v2\/product_brand?post=14605"},{"taxonomy":"product_cat","embeddable":true,"href":"https:\/\/www.lltrezor.sk\/shop\/wp-json\/wp\/v2\/product_cat?post=14605"},{"taxonomy":"product_tag","embeddable":true,"href":"https:\/\/www.lltrezor.sk\/shop\/wp-json\/wp\/v2\/product_tag?post=14605"}],"curies":[{"name":"wp","href":"https:\/\/api.w.org\/{rel}","templated":true}]}}