{"id":14586,"date":"2025-10-11T14:34:50","date_gmt":"2025-10-11T12:34:50","guid":{"rendered":"https:\/\/www.lltrezor.sk\/shop\/?post_type=product&#038;p=14586"},"modified":"2026-03-14T08:13:01","modified_gmt":"2026-03-14T07:13:01","slug":"grifone-basic","status":"publish","type":"product","link":"https:\/\/www.lltrezor.sk\/shop\/product\/grifone-basic\/","title":{"rendered":"Grifone 4 police"},"content":{"rendered":"<p data-start=\"201\" data-end=\"598\"><strong data-start=\"201\" data-end=\"224\">Bezpe\u010dnostn\u00e1 skri\u0148a<\/strong> ur\u010den\u00e1 na ulo\u017eenie dokumentov, \u0161an\u00f3nov form\u00e1tu A4, ako aj <strong data-start=\"283\" data-end=\"313\">kr\u00e1tkych zbran\u00ed a streliva<\/strong>, predstavuje ide\u00e1lne rie\u0161enie pre <strong data-start=\"348\" data-end=\"435\">kancel\u00e1rie, firmy s reprezenta\u010dn\u00fdmi priestormi aj n\u00e1ro\u010dn\u00fdch s\u00fakromn\u00fdch pou\u017e\u00edvate\u013eov<\/strong>. Vyzna\u010duje sa pevnou oce\u013eovou kon\u0161trukciou, <strong data-start=\"480\" data-end=\"522\">certifikovanou ochranou proti vl\u00e1maniu<\/strong> a \u0161irok\u00fdmi mo\u017enos\u0165ami <strong data-start=\"545\" data-end=\"597\">individu\u00e1lnej konfigur\u00e1cie uzamykania aj dizajnu<\/strong>.<\/p>\n<hr data-start=\"600\" data-end=\"603\" \/>\n<h3 data-start=\"605\" data-end=\"636\">\ud83d\udee1\ufe0f Certifikovan\u00e1 bezpe\u010dnos\u0165<\/h3>\n<ul>\n<li data-start=\"640\" data-end=\"671\">certifik\u00e1cia pod\u013ea <strong data-start=\"659\" data-end=\"671\">EN 14450<\/strong><\/li>\n<li data-start=\"674\" data-end=\"700\"><strong data-start=\"674\" data-end=\"700\">bezpe\u010dnostn\u00e1 trieda S1<\/strong><\/li>\n<li data-start=\"703\" data-end=\"722\">vhodn\u00e1 na ulo\u017eenie:\n<ul>\n<li data-start=\"727\" data-end=\"747\">dokumentov a \u0161an\u00f3nov<\/li>\n<li data-start=\"752\" data-end=\"760\">cennost\u00ed<\/li>\n<li data-start=\"765\" data-end=\"791\">kr\u00e1tkych zbran\u00ed a streliva<\/li>\n<\/ul>\n<\/li>\n<li data-start=\"794\" data-end=\"841\">spo\u013eahliv\u00e1 ochrana proti neopr\u00e1vnen\u00e9mu pr\u00edstupu<\/li>\n<\/ul>\n<hr data-start=\"843\" data-end=\"846\" \/>\n<h3>\u2699\ufe0f Kon\u0161trukcia a technick\u00e9 rie\u0161enie<\/h3>\n<ul>\n<li data-start=\"890\" data-end=\"950\"><strong data-start=\"890\" data-end=\"950\">jednopl\u00e1\u0161\u0165ov\u00e1 kon\u0161trukcia z oce\u013eov\u00e9ho plechu hr\u00fabky 3 mm<\/strong><\/li>\n<li data-start=\"953\" data-end=\"1008\"><strong data-start=\"953\" data-end=\"978\">trojsmern\u00e9 uzamykanie<\/strong> s oce\u013eov\u00fdmi \u010dapmi <strong data-start=\"997\" data-end=\"1008\">\u00d8 22 mm<\/strong><\/li>\n<li data-start=\"1011\" data-end=\"1053\">vysok\u00e1 mechanick\u00e1 odolnos\u0165 proti vyp\u00e1\u010deniu<\/li>\n<li data-start=\"1056\" data-end=\"1123\"><strong data-start=\"1056\" data-end=\"1090\">3 nastavite\u013en\u00e9 vn\u00fatorn\u00e9 police<\/strong> na dokumenty alebo pr\u00edslu\u0161enstvo<\/li>\n<li data-start=\"1126\" data-end=\"1163\">skri\u0148a je <strong data-start=\"1136\" data-end=\"1163\">pripraven\u00e1 na ukotvenie<\/strong><\/li>\n<\/ul>\n<hr data-start=\"1165\" data-end=\"1168\" \/>\n<h3 data-start=\"1170\" data-end=\"1206\">\ud83d\udd12 Syst\u00e9my uzamykania (volite\u013en\u00e9)<\/h3>\n<ul>\n<li data-start=\"1210\" data-end=\"1236\">mechanick\u00fd z\u00e1mok na k\u013e\u00fa\u010d<\/li>\n<li data-start=\"1239\" data-end=\"1259\">elektronick\u00fd z\u00e1mok<\/li>\n<li data-start=\"1262\" data-end=\"1338\"><strong data-start=\"1262\" data-end=\"1308\">vn\u00fatorn\u00e1 uzamykate\u013en\u00e1 schr\u00e1nka na strelivo<\/strong> (na po\u017eiadanie, za pr\u00edplatok)<\/li>\n<\/ul>\n<hr data-start=\"1340\" data-end=\"1343\" \/>\n<h3 data-start=\"1345\" data-end=\"1376\">\ud83c\udfa8 Povrchov\u00e1 \u00faprava a dizajn<\/h3>\n<ul>\n<li data-start=\"1380\" data-end=\"1429\"><strong data-start=\"1380\" data-end=\"1429\">pr\u00e1\u0161kov\u00e9 lakovanie s ve\u013emi vysokou odolnos\u0165ou<\/strong><\/li>\n<li data-start=\"1432\" data-end=\"1460\">dostupn\u00e9 farebn\u00e9 prevedenia:\n<ul>\n<li data-start=\"1465\" data-end=\"1491\">RAL <strong data-start=\"1469\" data-end=\"1491\">biela alebo \u010dierna<\/strong><\/li>\n<li data-start=\"1496\" data-end=\"1559\"><strong data-start=\"1496\" data-end=\"1516\">5 imit\u00e1ci\u00ed dreva<\/strong> (na po\u017eiadanie \u2013 mo\u017enos\u0165 zaslania vzoriek)<\/li>\n<li data-start=\"1564\" data-end=\"1634\">exkluz\u00edvne farby <strong data-start=\"1581\" data-end=\"1600\">SaltLake \u010dierna<\/strong> alebo <strong data-start=\"1607\" data-end=\"1634\">SaltLake v\u00ednovo bordov\u00e1<\/strong><\/li>\n<\/ul>\n<\/li>\n<\/ul>\n<hr data-start=\"1636\" data-end=\"1639\" \/>\n<h3 data-start=\"1641\" data-end=\"1674\">\ud83c\udfed V\u00fdroba a obchodn\u00e9 podmienky<\/h3>\n<ul>\n<li data-start=\"1678\" data-end=\"1763\"><strong data-start=\"1678\" data-end=\"1698\">z\u00e1kazkov\u00e1 v\u00fdroba<\/strong> od talianskeho v\u00fdrobcu <strong data-start=\"1722\" data-end=\"1763\"><span class=\"hover:entity-accent entity-underline inline cursor-pointer align-baseline\"><span class=\"whitespace-normal\">METALK S.r.l.<\/span><\/span><\/strong><\/li>\n<li data-start=\"1766\" data-end=\"1801\">dodacia lehota: <strong data-start=\"1782\" data-end=\"1801\">14 \u2013 18 t\u00fd\u017ed\u0148ov<\/strong><\/li>\n<li data-start=\"1804\" data-end=\"1926\">pri objednan\u00ed sa vy\u017eaduje <strong data-start=\"1830\" data-end=\"1845\">z\u00e1loha 50 %<\/strong> pod\u013ea obchodn\u00fdch podmienok spolo\u010dnosti <strong data-start=\"1885\" data-end=\"1926\"><span class=\"hover:entity-accent entity-underline inline cursor-pointer align-baseline\"><span class=\"whitespace-normal\">DELTA COMMERCE, s.r.o.<\/span><\/span><\/strong><\/li>\n<li data-start=\"1929\" data-end=\"2038\">po vytvoren\u00ed objedn\u00e1vky je potrebn\u00e9 <strong data-start=\"1965\" data-end=\"1991\">telefonick\u00e9 potvrdenie<\/strong> pre kontrolu konfigur\u00e1cie a zvolen\u00fdch doplnkov<\/li>\n<\/ul>\n<hr data-start=\"2040\" data-end=\"2043\" \/>\n<h3 data-start=\"2045\" data-end=\"2092\">\u2714\ufe0f Pre\u010do si vybra\u0165 t\u00fato bezpe\u010dnostn\u00fa skri\u0148u?<\/h3>\n<ul>\n<li data-start=\"2096\" data-end=\"2133\">certifik\u00e1cia <strong data-start=\"2109\" data-end=\"2133\">EN 14450 \u2013 trieda S1<\/strong><\/li>\n<li data-start=\"2136\" data-end=\"2170\">pevn\u00e1 <strong data-start=\"2142\" data-end=\"2170\">3 mm oce\u013eov\u00e1 kon\u0161trukcia<\/strong><\/li>\n<li data-start=\"2173\" data-end=\"2225\">mo\u017enos\u0165 mechanick\u00e9ho alebo elektronick\u00e9ho uzamykania<\/li>\n<li data-start=\"2228\" data-end=\"2267\">volite\u013en\u00e1 vn\u00fatorn\u00e1 schr\u00e1nka na strelivo<\/li>\n<li data-start=\"2270\" data-end=\"2313\">\u0161irok\u00fd v\u00fdber dizajnov a farebn\u00fdch preveden\u00ed<\/li>\n<li data-start=\"2316\" data-end=\"2355\"><strong data-start=\"2316\" data-end=\"2355\">prec\u00edzna talianska z\u00e1kazkov\u00e1 v\u00fdroba<\/strong><\/li>\n<\/ul>\n","protected":false},"excerpt":{"rendered":"<p>Bezpe\u010dnostn\u00e1 skri\u0148a na dokumenty, zbrane a strelivo \u2013 certifik\u00e1cia S1<\/p>\n","protected":false},"featured_media":17700,"comment_status":"open","ping_status":"closed","template":"","meta":{"_monsterinsights_skip_tracking":false,"_monsterinsights_sitenote_active":false,"_monsterinsights_sitenote_note":"","_monsterinsights_sitenote_category":0},"product_brand":[908],"product_cat":[300,131,224],"product_tag":[1074],"class_list":{"0":"post-14586","1":"product","2":"type-product","3":"status-publish","4":"has-post-thumbnail","6":"product_brand-metalk-s-r-l","7":"product_cat-archivacne-skrine","8":"product_cat-skrine-a-schranky-na-strelivo","9":"product_cat-skrine-na-kratke-zbrane","10":"product_tag-grifone","11":"product_shipping_class-od-1001-kg-do-150kg","12":"pa_bezpecnostna-trieda-bezpecnostnej-triedy-a-v-zmysle-normy-en-1300","13":"pa_bezpecnostna-trieda-s1-podla-normy-en-14450","14":"pa_material-ocel","15":"pa_miesto-instalacie-volne-stojace","16":"pa_typ-zamku-elektronicky-zamok","17":"pa_typ-zamku-mechanicky-zamok","18":"pa_vaha-1069","19":"pa_vnutorna-hlbka-1070","20":"pa_vnutorna-sirka-1071","21":"pa_vnutorna-vyska-1072","22":"pa_vnutorny-objem-1073","23":"pa_vonkajsia-hlbka-878","24":"pa_vonkajsia-sirka-1037","25":"pa_vonkajsia-vyska-581","26":"ts_product_brand-metalk-s-r-l","28":"first","29":"onbackorder","30":"taxable","31":"shipping-taxable","32":"purchasable","33":"product-type-variable","34":"has-default-attributes"},"aioseo_notices":[],"jetpack_sharing_enabled":true,"_links":{"self":[{"href":"https:\/\/www.lltrezor.sk\/shop\/wp-json\/wp\/v2\/product\/14586","targetHints":{"allow":["GET"]}}],"collection":[{"href":"https:\/\/www.lltrezor.sk\/shop\/wp-json\/wp\/v2\/product"}],"about":[{"href":"https:\/\/www.lltrezor.sk\/shop\/wp-json\/wp\/v2\/types\/product"}],"replies":[{"embeddable":true,"href":"https:\/\/www.lltrezor.sk\/shop\/wp-json\/wp\/v2\/comments?post=14586"}],"wp:featuredmedia":[{"embeddable":true,"href":"https:\/\/www.lltrezor.sk\/shop\/wp-json\/wp\/v2\/media\/17700"}],"wp:attachment":[{"href":"https:\/\/www.lltrezor.sk\/shop\/wp-json\/wp\/v2\/media?parent=14586"}],"wp:term":[{"taxonomy":"product_brand","embeddable":true,"href":"https:\/\/www.lltrezor.sk\/shop\/wp-json\/wp\/v2\/product_brand?post=14586"},{"taxonomy":"product_cat","embeddable":true,"href":"https:\/\/www.lltrezor.sk\/shop\/wp-json\/wp\/v2\/product_cat?post=14586"},{"taxonomy":"product_tag","embeddable":true,"href":"https:\/\/www.lltrezor.sk\/shop\/wp-json\/wp\/v2\/product_tag?post=14586"}],"curies":[{"name":"wp","href":"https:\/\/api.w.org\/{rel}","templated":true}]}}