{"id":14574,"date":"2025-10-11T12:27:36","date_gmt":"2025-10-11T10:27:36","guid":{"rendered":"https:\/\/www.lltrezor.sk\/shop\/?post_type=product&#038;p=14574"},"modified":"2026-02-19T17:52:06","modified_gmt":"2026-02-19T16:52:06","slug":"koala-basic","status":"publish","type":"product","link":"https:\/\/www.lltrezor.sk\/shop\/product\/koala-basic\/","title":{"rendered":"Koala (basic)"},"content":{"rendered":"<p data-start=\"281\" data-end=\"624\"><strong data-start=\"281\" data-end=\"290\">Koala<\/strong> je univerz\u00e1lna bezpe\u010dnostn\u00e1 skri\u0148a s policov\u00fdm syst\u00e9mom, ide\u00e1lna pre <strong data-start=\"360\" data-end=\"423\">kancel\u00e1rie, arch\u00edvy, dom\u00e1cnosti aj z\u00e1konn\u00fa \u00faschovu streliva<\/strong>. V\u010faka elegantn\u00e9mu dizajnu a mo\u017enosti povrchovej \u00fapravy v imit\u00e1cii dreva p\u00f4sob\u00ed ako nen\u00e1padn\u00fd kus n\u00e1bytku. Skri\u0148a je vyr\u00e1ban\u00e1 renomovan\u00fdm talianskym v\u00fdrobcom <strong data-start=\"582\" data-end=\"623\"><span class=\"hover:entity-accent entity-underline inline cursor-pointer align-baseline\"><span class=\"whitespace-normal\">METALK S.r.l.<\/span><\/span><\/strong>.<\/p>\n<hr data-start=\"626\" data-end=\"629\" \/>\n<h3 data-start=\"631\" data-end=\"669\">\ud83d\udcc2 Vyu\u017eitie a vn\u00fatorn\u00e9 usporiadanie<\/h3>\n<ul>\n<li data-start=\"672\" data-end=\"743\"><strong data-start=\"672\" data-end=\"693\">4 vn\u00fatorn\u00e9 police<\/strong> \u2013 ide\u00e1lne na dokumenty, strelivo alebo cennosti<\/li>\n<li data-start=\"746\" data-end=\"809\">Vhodn\u00e1 pre <strong data-start=\"757\" data-end=\"807\">administrat\u00edvne priestory aj s\u00fakromn\u00e9 pou\u017eitie<\/strong><\/li>\n<li data-start=\"812\" data-end=\"881\">Mo\u017enos\u0165 doplnenia <strong data-start=\"830\" data-end=\"866\">vn\u00fatornej uzamykate\u013enej schr\u00e1nky<\/strong> (za pr\u00edplatok)<\/li>\n<\/ul>\n<hr data-start=\"883\" data-end=\"886\" \/>\n<h3 data-start=\"888\" data-end=\"919\">\ud83d\udd10 Bezpe\u010dnos\u0165 a certifik\u00e1cia<\/h3>\n<ul>\n<li data-start=\"922\" data-end=\"950\"><strong data-start=\"922\" data-end=\"939\">Certifik\u00e1cia:<\/strong> EN 14450<\/li>\n<li data-start=\"953\" data-end=\"986\"><strong data-start=\"953\" data-end=\"977\">Bezpe\u010dnostn\u00e1 trieda:<\/strong> <strong data-start=\"978\" data-end=\"984\">S1<\/strong><\/li>\n<li data-start=\"989\" data-end=\"1015\"><strong data-start=\"989\" data-end=\"1013\">Mo\u017enosti uzamykania:<\/strong>\n<ul>\n<li data-start=\"1020\" data-end=\"1057\">mechanick\u00fd z\u00e1mok na k\u013e\u00fa\u010d (\u0161tandard)<\/li>\n<li data-start=\"1062\" data-end=\"1097\">elektronick\u00fd z\u00e1mok (za pr\u00edplatok)<\/li>\n<\/ul>\n<\/li>\n<li data-start=\"1100\" data-end=\"1157\"><strong data-start=\"1100\" data-end=\"1120\">Zamykanie dver\u00ed:<\/strong> trojsmern\u00e9, oce\u013eov\u00e9 \u010dapy <strong data-start=\"1146\" data-end=\"1157\">\u00d8 22 mm<\/strong><\/li>\n<\/ul>\n<hr data-start=\"1159\" data-end=\"1162\" \/>\n<h3 data-start=\"1164\" data-end=\"1181\">\ud83e\uddf1 Kon\u0161trukcia<\/h3>\n<ul>\n<li data-start=\"1184\" data-end=\"1258\"><strong data-start=\"1184\" data-end=\"1195\">Korpus:<\/strong> jednopl\u00e1\u0161\u0165ov\u00e1 kon\u0161trukcia z oce\u013eov\u00e9ho plechu <strong data-start=\"1241\" data-end=\"1256\">hr\u00fabky 3 mm<\/strong><\/li>\n<li data-start=\"1261\" data-end=\"1338\"><strong data-start=\"1261\" data-end=\"1271\">Dvere:<\/strong> dvojpl\u00e1\u0161\u0165ov\u00e9 zosilnen\u00e9 dvere s vysokou odolnos\u0165ou proti vl\u00e1maniu<\/li>\n<li data-start=\"1341\" data-end=\"1391\">Robustn\u00e1 kon\u0161trukcia vhodn\u00e1 na dlhodob\u00e9 pou\u017e\u00edvanie<\/li>\n<\/ul>\n<hr data-start=\"1393\" data-end=\"1396\" \/>\n<h3 data-start=\"1398\" data-end=\"1429\">\ud83c\udfa8 Dizajn a povrchov\u00e1 \u00faprava<\/h3>\n<ul>\n<li data-start=\"1432\" data-end=\"1491\"><strong data-start=\"1432\" data-end=\"1443\">Povrch:<\/strong> pr\u00e1\u0161kov\u00e9 lakovanie s ve\u013emi vysokou odolnos\u0165ou<\/li>\n<li data-start=\"1494\" data-end=\"1519\"><strong data-start=\"1494\" data-end=\"1517\">Farebn\u00e9 prevedenia:<\/strong>\n<ul>\n<li data-start=\"1524\" data-end=\"1544\">\u010dierna alebo biela<\/li>\n<\/ul>\n<\/li>\n<li data-start=\"1594\" data-end=\"1670\"><strong data-start=\"1594\" data-end=\"1625\">Farba vn\u00fatorn\u00e9ho \u010dal\u00fanenia:<\/strong> \u010derven\u00e1, zelen\u00e1 alebo b\u00e9\u017eov\u00e1 (bez pr\u00edplatku)<\/li>\n<\/ul>\n<hr data-start=\"1672\" data-end=\"1675\" \/>\n<h3 data-start=\"1677\" data-end=\"1691\">\ud83d\udd29 Kotvenie<\/h3>\n<ul data-start=\"1692\" data-end=\"1777\">\n<li data-start=\"1692\" data-end=\"1777\">\n<p data-start=\"1694\" data-end=\"1777\">Mo\u017enos\u0165 <strong data-start=\"1702\" data-end=\"1740\">kotvenia do steny alebo do podlahy<\/strong> pre maxim\u00e1lnu stabilitu a bezpe\u010dnos\u0165<\/p>\n<\/li>\n<\/ul>\n<hr data-start=\"1779\" data-end=\"1782\" \/>\n<h3 data-start=\"1784\" data-end=\"1810\">\ud83d\ude9a Objedn\u00e1vka a dodanie<\/h3>\n<ul>\n<li data-start=\"1813\" data-end=\"1855\"><strong data-start=\"1813\" data-end=\"1824\">V\u00fdroba:<\/strong> z\u00e1kazkov\u00e1 v\u00fdroba \u2013 Taliansko<\/li>\n<li data-start=\"1858\" data-end=\"1895\"><strong data-start=\"1858\" data-end=\"1877\">Dodacia lehota:<\/strong> 14 \u2013 18 t\u00fd\u017ed\u0148ov<\/li>\n<li data-start=\"1898\" data-end=\"2008\"><strong data-start=\"1898\" data-end=\"1909\">Z\u00e1loha:<\/strong> 50 % v s\u00falade s obchodn\u00fdmi podmienkami spolo\u010dnosti<br data-start=\"1960\" data-end=\"1963\" \/><strong data-start=\"1965\" data-end=\"2006\"><span class=\"hover:entity-accent entity-underline inline cursor-pointer align-baseline\"><span class=\"whitespace-normal\">DELTA COMMERCE, s.r.o.<\/span><\/span><\/strong><\/li>\n<li data-start=\"2011\" data-end=\"2121\">Po vytvoren\u00ed objedn\u00e1vky je nutn\u00e9 <strong data-start=\"2044\" data-end=\"2070\">telefonick\u00e9 potvrdenie<\/strong>, aby bolo mo\u017en\u00e9 skontrolova\u0165 konfigur\u00e1ciu v\u00fdrobku.<\/li>\n<\/ul>\n<hr data-start=\"2123\" data-end=\"2126\" \/>\n<h3 data-start=\"2128\" data-end=\"2163\">\u2705 Pre\u010do si vybra\u0165 skri\u0148u Koala?<\/h3>\n<p data-start=\"2164\" data-end=\"2332\">\u2714 certifikovan\u00e1 bezpe\u010dnostn\u00e1 trieda S1<br data-start=\"2202\" data-end=\"2205\" \/>\u2714 univerz\u00e1lne pou\u017eitie \u2013 kancel\u00e1ria aj strelivo<br data-start=\"2252\" data-end=\"2255\" \/>\u2714 kvalitn\u00e1 talianska v\u00fdroba<br data-start=\"2282\" data-end=\"2285\" \/>\u2714 elegantn\u00fd dizajn s mo\u017enos\u0165ou imit\u00e1cie dreva<\/p>\n<p>&nbsp;<\/p>\n","protected":false},"excerpt":{"rendered":"<p>Ide\u00e1lna pre kancel\u00e1rie, arch\u00edvy, dom\u00e1cnosti aj z\u00e1konn\u00fa \u00faschovu streliva<\/p>\n","protected":false},"featured_media":14579,"comment_status":"open","ping_status":"closed","template":"","meta":{"_monsterinsights_skip_tracking":false,"_monsterinsights_sitenote_active":false,"_monsterinsights_sitenote_note":"","_monsterinsights_sitenote_category":0},"product_brand":[908],"product_cat":[300,560,131],"product_tag":[1068],"class_list":{"0":"post-14574","1":"product","2":"type-product","3":"status-publish","4":"has-post-thumbnail","6":"product_brand-metalk-s-r-l","7":"product_cat-archivacne-skrine","8":"product_cat-archivacne-skrine-a-kartoteky","9":"product_cat-skrine-a-schranky-na-strelivo","10":"product_tag-koala","11":"product_shipping_class-od-2001-kg-do-300kg","12":"pa_bezpecnostna-trieda-bezpecnostnej-triedy-a-v-zmysle-normy-en-1300","13":"pa_bezpecnostna-trieda-s1-podla-normy-en-14450","14":"pa_material-ocel","15":"pa_miesto-instalacie-volne-stojace","16":"pa_typ-zamku-elektronicky-zamok","17":"pa_typ-zamku-mechanicky-zamok","18":"pa_vaha-1065","19":"pa_vnutorna-hlbka-1026","20":"pa_vnutorna-sirka-1043","21":"pa_vnutorna-vyska-1028","22":"pa_vnutorny-objem-1067","23":"pa_vonkajsia-hlbka-626","24":"pa_vonkajsia-sirka-1045","25":"pa_vonkajsia-vyska-1066","26":"ts_product_brand-metalk-s-r-l","28":"first","29":"onbackorder","30":"taxable","31":"shipping-taxable","32":"purchasable","33":"product-type-variable","34":"has-default-attributes"},"aioseo_notices":[],"jetpack_sharing_enabled":true,"_links":{"self":[{"href":"https:\/\/www.lltrezor.sk\/shop\/wp-json\/wp\/v2\/product\/14574","targetHints":{"allow":["GET"]}}],"collection":[{"href":"https:\/\/www.lltrezor.sk\/shop\/wp-json\/wp\/v2\/product"}],"about":[{"href":"https:\/\/www.lltrezor.sk\/shop\/wp-json\/wp\/v2\/types\/product"}],"replies":[{"embeddable":true,"href":"https:\/\/www.lltrezor.sk\/shop\/wp-json\/wp\/v2\/comments?post=14574"}],"wp:featuredmedia":[{"embeddable":true,"href":"https:\/\/www.lltrezor.sk\/shop\/wp-json\/wp\/v2\/media\/14579"}],"wp:attachment":[{"href":"https:\/\/www.lltrezor.sk\/shop\/wp-json\/wp\/v2\/media?parent=14574"}],"wp:term":[{"taxonomy":"product_brand","embeddable":true,"href":"https:\/\/www.lltrezor.sk\/shop\/wp-json\/wp\/v2\/product_brand?post=14574"},{"taxonomy":"product_cat","embeddable":true,"href":"https:\/\/www.lltrezor.sk\/shop\/wp-json\/wp\/v2\/product_cat?post=14574"},{"taxonomy":"product_tag","embeddable":true,"href":"https:\/\/www.lltrezor.sk\/shop\/wp-json\/wp\/v2\/product_tag?post=14574"}],"curies":[{"name":"wp","href":"https:\/\/api.w.org\/{rel}","templated":true}]}}