{"id":13670,"date":"2025-10-06T09:42:33","date_gmt":"2025-10-06T07:42:33","guid":{"rendered":"https:\/\/www.lltrezor.sk\/shop\/?post_type=product&#038;p=13670"},"modified":"2026-03-14T08:17:43","modified_gmt":"2026-03-14T07:17:43","slug":"araldo-10","status":"publish","type":"product","link":"https:\/\/www.lltrezor.sk\/shop\/product\/araldo-10\/","title":{"rendered":"ARALDO 10 (decor)"},"content":{"rendered":"<p data-start=\"178\" data-end=\"454\">Kompaktn\u00e1 a z\u00e1rove\u0148 mimoriadne odoln\u00e1 <strong data-start=\"216\" data-end=\"255\">trezorov\u00e1 skri\u0148a na 10 dlh\u00fdch zbran\u00ed<\/strong>, ur\u010den\u00e1 pre bezpe\u010dn\u00e9 a z\u00e1konn\u00e9 ulo\u017eenie streln\u00fdch zbran\u00ed v dom\u00e1cnostiach, po\u013eovn\u00edckych izb\u00e1ch alebo klubov\u00fdch priestoroch. Spojenie talianskej prec\u00edznosti, vysokej bezpe\u010dnosti a elegantn\u00e9ho dizajnu.<\/p>\n<p data-start=\"456\" data-end=\"625\">Skri\u0148a je <strong data-start=\"466\" data-end=\"546\">z\u00e1kazkovo vyr\u00e1ban\u00e1 talianskym v\u00fdrobcom <span class=\"hover:entity-accent entity-underline inline cursor-pointer align-baseline\"><span class=\"whitespace-normal\">METALK S.r.l.<\/span><\/span><\/strong>, \u0161pecialistom na bezpe\u010dnostn\u00e9 \u00falo\u017en\u00e9 syst\u00e9my s d\u00f4razom na kvalitu spracovania.<\/p>\n<hr data-start=\"627\" data-end=\"630\" \/>\n<h3 data-start=\"632\" data-end=\"664\">\ud83d\udee1\ufe0f Certifik\u00e1cia a bezpe\u010dnos\u0165<\/h3>\n<ul>\n<li data-start=\"667\" data-end=\"688\"><strong data-start=\"667\" data-end=\"677\">Norma:<\/strong> EN 14450<\/li>\n<li data-start=\"691\" data-end=\"724\"><strong data-start=\"691\" data-end=\"715\">Bezpe\u010dnostn\u00e1 trieda:<\/strong> <strong data-start=\"716\" data-end=\"722\">S1<\/strong><\/li>\n<li data-start=\"727\" data-end=\"783\">Sp\u013a\u0148a po\u017eiadavky na z\u00e1konn\u00e9 ulo\u017eenie zbran\u00ed a streliva<\/li>\n<\/ul>\n<hr data-start=\"785\" data-end=\"788\" \/>\n<h3 data-start=\"790\" data-end=\"817\">\ud83e\uddf1 Kon\u0161trukcia a ochrana<\/h3>\n<ul>\n<li data-start=\"820\" data-end=\"882\"><strong data-start=\"820\" data-end=\"850\">Jednopl\u00e1\u0161\u0165ov\u00e9 telo skrine:<\/strong> oce\u013eov\u00fd plech hr\u00fabky <strong data-start=\"872\" data-end=\"880\">3 mm<\/strong><\/li>\n<li data-start=\"885\" data-end=\"954\"><strong data-start=\"885\" data-end=\"917\">Dvojpl\u00e1\u0161\u0165ov\u00e9 zosilnen\u00e9 dvere<\/strong> pre vy\u0161\u0161iu odolnos\u0165 proti vl\u00e1maniu<\/li>\n<li data-start=\"957\" data-end=\"996\"><strong data-start=\"957\" data-end=\"994\">Trojstrann\u00fd uzamykac\u00ed mechanizmus<\/strong><\/li>\n<li data-start=\"999\" data-end=\"1061\"><strong data-start=\"999\" data-end=\"1031\">Mas\u00edvne oce\u013eov\u00e9 \u010dapy \u00d8 22 mm<\/strong> \u2013 vysok\u00e1 mechanick\u00e1 pevnos\u0165<\/li>\n<\/ul>\n<hr data-start=\"1063\" data-end=\"1066\" \/>\n<h3 data-start=\"1068\" data-end=\"1093\">\ud83d\udd11 Mo\u017enosti uzamykania<\/h3>\n<ul>\n<li data-start=\"1096\" data-end=\"1136\"><strong data-start=\"1096\" data-end=\"1134\">Mechanick\u00fd trezorov\u00fd z\u00e1mok na k\u013e\u00fa\u010d<\/strong><\/li>\n<li data-start=\"1139\" data-end=\"1186\"><strong data-start=\"1139\" data-end=\"1161\">Elektronick\u00fd z\u00e1mok<\/strong> (volite\u013en\u00e1 konfigur\u00e1cia)<\/li>\n<\/ul>\n<hr data-start=\"1188\" data-end=\"1191\" \/>\n<h3 data-start=\"1193\" data-end=\"1217\">\ud83c\udfaf Vn\u00fatorn\u00e9 vybavenie<\/h3>\n<ul>\n<li data-start=\"1220\" data-end=\"1252\"><strong data-start=\"1220\" data-end=\"1250\">Opierka na 10 dlh\u00fdch zbran\u00ed<\/strong><\/li>\n<li data-start=\"1255\" data-end=\"1335\"><strong data-start=\"1255\" data-end=\"1301\">Vn\u00fatorn\u00e1 uzamykate\u013en\u00e1 schr\u00e1nka na strelivo<\/strong> <em data-start=\"1302\" data-end=\"1333\">(na po\u017eiadanie, za pr\u00edplatok)<\/em><\/li>\n<li data-start=\"1338\" data-end=\"1383\"><strong data-start=\"1338\" data-end=\"1368\">Farebn\u00e9 vn\u00fatorn\u00e9 \u010dal\u00fanenie<\/strong> bez pr\u00edplatku:\n<ul>\n<li data-start=\"1388\" data-end=\"1397\">\u010derven\u00e1<\/li>\n<li data-start=\"1402\" data-end=\"1410\">zelen\u00e1<\/li>\n<li data-start=\"1415\" data-end=\"1423\">b\u00e9\u017eov\u00e1<\/li>\n<\/ul>\n<\/li>\n<\/ul>\n<hr data-start=\"1425\" data-end=\"1428\" \/>\n<h3 data-start=\"1430\" data-end=\"1444\">\ud83d\udd29 Kotvenie<\/h3>\n<ul>\n<li data-start=\"1447\" data-end=\"1499\">Pr\u00edprava na <strong data-start=\"1459\" data-end=\"1497\">kotvenie do steny alebo do podlahy<\/strong><\/li>\n<li data-start=\"1502\" data-end=\"1547\">V\u00fdrazne zvy\u0161uje bezpe\u010dnos\u0165 a stabilitu skrine<\/li>\n<\/ul>\n<hr data-start=\"1549\" data-end=\"1552\" \/>\n<h3 data-start=\"1554\" data-end=\"1585\">\ud83c\udfa8 Povrchov\u00e1 \u00faprava a dizajn<\/h3>\n<ul>\n<li data-start=\"1588\" data-end=\"1656\"><strong data-start=\"1588\" data-end=\"1654\">Pr\u00e1\u0161kov\u00e9 lakovanie s ve\u013emi vysokou odolnos\u0165ou proti po\u0161kodeniu<\/strong><\/li>\n<li data-start=\"1659\" data-end=\"1687\">Dostupn\u00e9 farebn\u00e9 prevedenia:\n<ul>\n<li data-start=\"1692\" data-end=\"1722\"><strong data-start=\"1692\" data-end=\"1706\">RAL farby:<\/strong> biela, \u010dierna<\/li>\n<li data-start=\"1727\" data-end=\"1788\"><strong data-start=\"1727\" data-end=\"1761\">5 realistick\u00fdch imit\u00e1ci\u00ed dreva<\/strong> <em data-start=\"1762\" data-end=\"1786\">(vzorky na vy\u017eiadanie)<\/em><\/li>\n<\/ul>\n<\/li>\n<li data-start=\"1793\" data-end=\"1816\"><strong data-start=\"1793\" data-end=\"1814\">Exkluz\u00edvne farby:<\/strong>\n<ul>\n<li data-start=\"1823\" data-end=\"1840\">SaltLake \u010dierna<\/li>\n<li data-start=\"1847\" data-end=\"1872\">SaltLake v\u00ednovo bordov\u00e1<\/li>\n<\/ul>\n<\/li>\n<\/ul>\n<hr data-start=\"1874\" data-end=\"1877\" \/>\n<h3 data-start=\"1879\" data-end=\"1912\">\u23f3 Dodacie a obchodn\u00e9 podmienky<\/h3>\n<ul>\n<li data-start=\"1915\" data-end=\"1937\"><strong data-start=\"1915\" data-end=\"1935\">Z\u00e1kazkov\u00e1 v\u00fdroba<\/strong><\/li>\n<li data-start=\"1940\" data-end=\"1981\"><strong data-start=\"1940\" data-end=\"1957\">Dodacia doba:<\/strong> cca <strong>14 \u2013 18 t\u00fd\u017ed\u0148ov<\/strong><\/li>\n<li data-start=\"1984\" data-end=\"2078\">Vy\u017eadovan\u00e1 <strong data-start=\"1995\" data-end=\"2010\">z\u00e1loha 50 %<\/strong> pod\u013ea obchodn\u00fdch podmienok spolo\u010dnosti <strong data-start=\"2050\" data-end=\"2076\">DELTA COMMERCE, s.r.o.<\/strong><\/li>\n<li data-start=\"2081\" data-end=\"2176\">Po vytvoren\u00ed objedn\u00e1vky je potrebn\u00e9 <strong data-start=\"2117\" data-end=\"2176\">telefonick\u00e9 potvrdenie konfigur\u00e1cie a kontrola detailov<\/strong><\/li>\n<\/ul>\n<hr data-start=\"2178\" data-end=\"2181\" \/>\n<h3 data-start=\"2183\" data-end=\"2202\">\u2705 Hlavn\u00e9 v\u00fdhody<\/h3>\n<p data-start=\"2203\" data-end=\"2372\">\u2714 certifik\u00e1cia EN 14450 \u2013 S1<br data-start=\"2231\" data-end=\"2234\" \/>\u2714 kapacita a\u017e 7 dlh\u00fdch zbran\u00ed<br data-start=\"2263\" data-end=\"2266\" \/>\u2714 mas\u00edvna oce\u013eov\u00e1 kon\u0161trukcia<br data-start=\"2295\" data-end=\"2298\" \/>\u2714 \u0161irok\u00e9 mo\u017enosti dizajnov\u00e9ho prisp\u00f4sobenia<br data-start=\"2341\" data-end=\"2344\" \/>\u2714 talianska z\u00e1kazkov\u00e1 v\u00fdroba<\/p>\n","protected":false},"excerpt":{"rendered":"<p>Trezorov\u00e1 skri\u0148a na 10 dlh\u00fdch zbran\u00ed | Bezpe\u010dnostn\u00e1 trieda S1<\/p>\n","protected":false},"featured_media":13729,"comment_status":"open","ping_status":"closed","template":"","meta":{"_monsterinsights_skip_tracking":false,"_monsterinsights_sitenote_active":false,"_monsterinsights_sitenote_note":"","_monsterinsights_sitenote_category":0},"product_brand":[908],"product_cat":[305,82],"product_tag":[1024],"class_list":{"0":"post-13670","1":"product","2":"type-product","3":"status-publish","4":"has-post-thumbnail","6":"product_brand-metalk-s-r-l","7":"product_cat-luxusne-skrine-na-zbrane","8":"product_cat-skrine-na-dlhe-zbrane","9":"product_tag-araldo","10":"product_shipping_class-od-1501-kg-do-200kg","11":"pa_bezpecnostna-trieda-bezpecnostnej-triedy-a-v-zmysle-normy-en-1300","12":"pa_bezpecnostna-trieda-s1-podla-normy-en-14450","13":"pa_material-imitacia-dreva","14":"pa_material-ocel","15":"pa_miesto-instalacie-volne-stojace","16":"pa_typ-zamku-elektronicky-zamok","17":"pa_typ-zamku-mechanicky-zamok","18":"pa_vaha-1021","19":"pa_vnutorna-hlbka-901","20":"pa_vnutorna-sirka-902","21":"pa_vnutorna-vyska-1022","22":"pa_vnutorny-objem-1023","23":"pa_vonkajsia-hlbka-904","24":"pa_vonkajsia-sirka-905","25":"pa_vonkajsia-vyska-704","26":"ts_product_brand-metalk-s-r-l","28":"first","29":"onbackorder","30":"taxable","31":"shipping-taxable","32":"purchasable","33":"product-type-variable"},"aioseo_notices":[],"jetpack_sharing_enabled":true,"_links":{"self":[{"href":"https:\/\/www.lltrezor.sk\/shop\/wp-json\/wp\/v2\/product\/13670","targetHints":{"allow":["GET"]}}],"collection":[{"href":"https:\/\/www.lltrezor.sk\/shop\/wp-json\/wp\/v2\/product"}],"about":[{"href":"https:\/\/www.lltrezor.sk\/shop\/wp-json\/wp\/v2\/types\/product"}],"replies":[{"embeddable":true,"href":"https:\/\/www.lltrezor.sk\/shop\/wp-json\/wp\/v2\/comments?post=13670"}],"wp:featuredmedia":[{"embeddable":true,"href":"https:\/\/www.lltrezor.sk\/shop\/wp-json\/wp\/v2\/media\/13729"}],"wp:attachment":[{"href":"https:\/\/www.lltrezor.sk\/shop\/wp-json\/wp\/v2\/media?parent=13670"}],"wp:term":[{"taxonomy":"product_brand","embeddable":true,"href":"https:\/\/www.lltrezor.sk\/shop\/wp-json\/wp\/v2\/product_brand?post=13670"},{"taxonomy":"product_cat","embeddable":true,"href":"https:\/\/www.lltrezor.sk\/shop\/wp-json\/wp\/v2\/product_cat?post=13670"},{"taxonomy":"product_tag","embeddable":true,"href":"https:\/\/www.lltrezor.sk\/shop\/wp-json\/wp\/v2\/product_tag?post=13670"}],"curies":[{"name":"wp","href":"https:\/\/api.w.org\/{rel}","templated":true}]}}