{"id":13641,"date":"2025-10-05T19:52:07","date_gmt":"2025-10-05T17:52:07","guid":{"rendered":"https:\/\/www.lltrezor.sk\/shop\/?post_type=product&#038;p=13641"},"modified":"2026-02-19T18:03:22","modified_gmt":"2026-02-19T17:03:22","slug":"sbf-02","status":"publish","type":"product","link":"https:\/\/www.lltrezor.sk\/shop\/product\/sbf-02\/","title":{"rendered":"SBF 02"},"content":{"rendered":"<p data-start=\"204\" data-end=\"587\"><strong data-start=\"204\" data-end=\"232\">Podlahov\u00e9 trezory SBF<\/strong>\u00a0s\u00fa ur\u010den\u00e9 na <strong data-start=\"246\" data-end=\"305\">maxim\u00e1lne zabezpe\u010denie cennost\u00ed, dokumentov a hotovosti<\/strong>, kde je mo\u017en\u00e9 trezor <strong data-start=\"327\" data-end=\"350\">zapusti\u0165 do podlahy<\/strong>. \u0160peci\u00e1lna \u00faprava umo\u017e\u0148uje in\u0161tal\u00e1ciu krycieho plechu, ktor\u00fd chr\u00e1ni <strong data-start=\"419\" data-end=\"443\">z\u00e1mok aj madlo dver\u00ed<\/strong> pred po\u0161koden\u00edm a zneu\u017eit\u00edm. Ide\u00e1lne rie\u0161enie pre domy, kancel\u00e1rie, banky a in\u0161tit\u00facie, kde je potrebn\u00e1 <strong data-start=\"548\" data-end=\"586\">certifikovan\u00e1 bezpe\u010dnos\u0165.<\/strong><\/p>\n<hr data-start=\"589\" data-end=\"592\" \/>\n<h3 data-start=\"594\" data-end=\"626\">\ud83d\udd10 Certifik\u00e1cia a bezpe\u010dnos\u0165<\/h3>\n<ul>\n<li data-start=\"629\" data-end=\"676\"><strong data-start=\"629\" data-end=\"674\">bezpe\u010dnostn\u00e1 trieda 0 pod\u013ea STN EN 1143-1<\/strong><\/li>\n<li data-start=\"710\" data-end=\"751\">trojsmern\u00fd rozvorov\u00fd mechanizmus dver\u00ed<\/li>\n<li data-start=\"754\" data-end=\"804\">uzamykacie z\u00e1vory z <strong data-start=\"774\" data-end=\"802\">\u017eiaruvzdorn\u00e9ho materi\u00e1lu<\/strong><\/li>\n<li data-start=\"807\" data-end=\"856\">vhodn\u00e9 pre <strong data-start=\"818\" data-end=\"854\">dom\u00e1ce aj profesion\u00e1lne pou\u017eitie<\/strong><\/li>\n<\/ul>\n<hr data-start=\"858\" data-end=\"861\" \/>\n<h3 data-start=\"863\" data-end=\"889\">\u2699\ufe0f Kon\u0161trukcia trezoru<\/h3>\n<ul>\n<li data-start=\"892\" data-end=\"939\"><strong data-start=\"892\" data-end=\"937\">jednopl\u00e1\u0161\u0165ov\u00e1 oce\u013eov\u00e1 kon\u0161trukcia korpusu<\/strong><\/li>\n<li data-start=\"942\" data-end=\"990\"><strong data-start=\"942\" data-end=\"988\">dvojpl\u00e1\u0161\u0165ov\u00e9 dvere s medzistenovou v\u00fdpl\u0148ou<\/strong><\/li>\n<li data-start=\"993\" data-end=\"1036\">\u010deln\u00e1 doska dver\u00ed z ocele hr\u00fabky <strong data-start=\"1026\" data-end=\"1034\">8 mm<\/strong><\/li>\n<li data-start=\"1039\" data-end=\"1141\">dvere sa otv\u00e1raj\u00fa smerom <strong data-start=\"1064\" data-end=\"1073\">nahor<\/strong> a v otvorenej polohe ich bezpe\u010dne dr\u017e\u00ed <strong data-start=\"1113\" data-end=\"1139\">pneumatick\u00e9 zariadenie<\/strong><\/li>\n<\/ul>\n<hr data-start=\"1143\" data-end=\"1146\" \/>\n<h3 data-start=\"1148\" data-end=\"1161\">\ud83e\uddf1 Mont\u00e1\u017e<\/h3>\n<ul>\n<li data-start=\"1164\" data-end=\"1202\">ur\u010den\u00e9 na <strong data-start=\"1174\" data-end=\"1200\">zamurovanie do podlahy<\/strong><\/li>\n<li data-start=\"1205\" data-end=\"1273\">\u0161peci\u00e1lna pr\u00edprava pre <strong data-start=\"1228\" data-end=\"1243\">kryc\u00ed plech<\/strong>, ktor\u00fd chr\u00e1ni z\u00e1mok a madlo<\/li>\n<li data-start=\"1276\" data-end=\"1333\">ide\u00e1lne pre <strong data-start=\"1288\" data-end=\"1331\">ukrytie a bezpe\u010dn\u00e9 uskladnenie cennost\u00ed<\/strong><\/li>\n<\/ul>\n<hr data-start=\"1335\" data-end=\"1338\" \/>\n<h3 data-start=\"857\" data-end=\"874\">\ud83d\udd10 Opcie uzamykania<\/h3>\n<ul>\n<li data-start=\"1628\" data-end=\"1675\">K \u2013 trezor s mechanick\u00fdm z\u00e1mkom na k\u013e\u00fa\u010d MAUER<\/li>\n<li data-start=\"1628\" data-end=\"1675\">MK \u2013\u00a0 trezor s mechanick\u00fdm kombina\u010dn\u00fdm z\u00e1mkom\u00a0 LA GARD alebo M-LOCKS<\/li>\n<li data-start=\"1628\" data-end=\"1675\">MKN \u2013\u00a0\u00a0trezor s trojcestn\u00fdm mechanick\u00fdm kombina\u010dn\u00fdm z\u00e1mkom\u00a0 LA GARD alebo M-LOCKS<\/li>\n<li data-start=\"1628\" data-end=\"1675\">EL \u2013\u00a0\u00a0trezor s elektronick\u00fdm z\u00e1mkom\u00a0 LA GARD Basic<\/li>\n<li data-start=\"1628\" data-end=\"1675\">EN \u2013\u00a0\u00a0trezor s elektronick\u00fdm z\u00e1mkom\u00a0 M-LOCKS<\/li>\n<li data-start=\"1628\" data-end=\"1675\">EP \u2013\u00a0 schr\u00e1nka s elektronick\u00fdm z\u00e1mkom E-Pass M-LOCKS<\/li>\n<li data-start=\"1628\" data-end=\"1675\">EPH \u2013\u00a0 schr\u00e1nka s elektronick\u00fdm z\u00e1mkom E-Pass M-LOCKS v hotelovej verzii<\/li>\n<li data-start=\"1628\" data-end=\"1675\">KK \u2013\u00a0 trezor s dvomi mechanick\u00fdmi z\u00e1mkami na k\u013e\u00fa\u010d MAUER<\/li>\n<li data-start=\"1628\" data-end=\"1675\">KMK \u2013\u00a0 trezor s mechanick\u00fdm z\u00e1mkom na k\u013e\u00fa\u010d MAUER a mechanick\u00fdm kombina\u010dn\u00fdm z\u00e1mkom\u00a0 LA GARD alebo M-LOCKS<\/li>\n<li data-start=\"1628\" data-end=\"1675\">KEL \u2013\u00a0 trezor s mechanick\u00fdm z\u00e1mkom na k\u013e\u00fa\u010d MAUER a elektronick\u00fdm z\u00e1mkom\u00a0 LA GARD Basic<\/li>\n<li data-start=\"1628\" data-end=\"1675\">KEN \u2013\u00a0 trezor s mechanick\u00fdm z\u00e1mkom na k\u013e\u00fa\u010d MAUER a elektronick\u00fdm z\u00e1mkom\u00a0 M-LOCKS<\/li>\n<li data-start=\"1628\" data-end=\"1675\">KEP \u2013\u00a0 schr\u00e1nka s mechanick\u00fdm z\u00e1mkom na k\u013e\u00fa\u010d a elektronick\u00fdm z\u00e1mkom\u00a0 E-Pass M-LOCKS<\/li>\n<\/ul>\n<hr data-start=\"1143\" data-end=\"1146\" \/>\n<h3 data-start=\"1340\" data-end=\"1387\">\u2714\ufe0f Pre\u010do si vybra\u0165 podlahov\u00fd trezor SBF?<\/h3>\n<ul>\n<li data-start=\"1390\" data-end=\"1421\"><strong data-start=\"1390\" data-end=\"1419\">slovensk\u00e1 v\u00fdroba Spell SB<\/strong><\/li>\n<li data-start=\"1424\" data-end=\"1472\">odolnos\u0165 proti odv\u0155taniu a n\u00e1siln\u00e9mu otvoreniu<\/li>\n<li data-start=\"1475\" data-end=\"1530\">certifikovan\u00e1 <strong data-start=\"1489\" data-end=\"1528\">bezpe\u010dnostn\u00e1 trieda 0<\/strong><\/li>\n<li data-start=\"1533\" data-end=\"1569\">od\u013eah\u010den\u00e1 dvojpl\u00e1\u0161\u0165ov\u00e1 kon\u0161trukcia<\/li>\n<li data-start=\"1572\" data-end=\"1616\">praktick\u00e9 a bezpe\u010dn\u00e9 zapustenie do podlahy<\/li>\n<\/ul>\n","protected":false},"excerpt":{"rendered":"<p>Maxim\u00e1lne zabezpe\u010denie cennost\u00ed, dokumentov a hotovosti, kde je mo\u017en\u00e9 trezor zapusti\u0165 do podlahy<\/p>\n","protected":false},"featured_media":13635,"comment_status":"open","ping_status":"closed","template":"","meta":{"_monsterinsights_skip_tracking":false,"_monsterinsights_sitenote_active":false,"_monsterinsights_sitenote_note":"","_monsterinsights_sitenote_category":0},"product_brand":[917],"product_cat":[306],"product_tag":[1014],"class_list":{"0":"post-13641","1":"product","2":"type-product","3":"status-publish","4":"has-post-thumbnail","6":"product_brand-spell-sb-slovakia","7":"product_cat-podlahove-trezory","8":"product_tag-sbf","9":"product_shipping_class-od-251-kg-do-40kg","10":"pa_bezpecnostna-trieda-0-podla-en-1143-1-a12009","11":"pa_bezpecnostna-trieda-bezpecnostnej-triedy-a-v-zmysle-normy-en-1300","12":"pa_farba-antracitova-ral7016","13":"pa_farba-biela-ral9003","14":"pa_farba-cierna-ral9011","15":"pa_farba-mysacia-seda-ral7005","16":"pa_farba-sedobiela-ral7035","17":"pa_material-ocel","18":"pa_typ-zamku-el-trezor-s-elektronickym-zamkom-la-gard-basic","19":"pa_typ-zamku-en-trezor-s-elektronickym-zamkom-m-locks","20":"pa_typ-zamku-k-trezor-s-mechanickym-zamkom-na-kluc-mauer","21":"pa_typ-zamku-kel-trezor-s-mechanickym-zamkom-na-kluc-mauer-a-elektronickym-zamkom-la-gard-basic","22":"pa_typ-zamku-kk-trezor-s-dvomi-mechanickymi-zamkami-na-kluc-mauer","23":"pa_typ-zamku-kmk-trezor-s-mechanickym-zamkom-na-kluc-mauer-a-mechanickym-kombinacnym-zamkom-la-gard-alebo-m-locks","24":"pa_typ-zamku-mk-trezor-s-mechanickym-kombinacnym-zamkom-la-gard-alebo-m-locks","25":"pa_typ-zamku-mkn-trezor-s-trojcestnym-mechanickym-kombinacnym-zamkom-la-gard-alebo-m-locks","26":"pa_vnutorna-hlbka-927","27":"pa_vnutorna-sirka-636","28":"pa_vnutorna-vyska-928","29":"pa_vnutorny-objem-932","30":"pa_vonkajsia-hlbka-1015","31":"pa_vonkajsia-sirka-963","32":"pa_vonkajsia-vyska-1016","33":"ts_product_brand-spell-sb-slovakia","35":"first","36":"onbackorder","37":"taxable","38":"shipping-taxable","39":"purchasable","40":"product-type-variable"},"aioseo_notices":[],"jetpack_sharing_enabled":true,"_links":{"self":[{"href":"https:\/\/www.lltrezor.sk\/shop\/wp-json\/wp\/v2\/product\/13641","targetHints":{"allow":["GET"]}}],"collection":[{"href":"https:\/\/www.lltrezor.sk\/shop\/wp-json\/wp\/v2\/product"}],"about":[{"href":"https:\/\/www.lltrezor.sk\/shop\/wp-json\/wp\/v2\/types\/product"}],"replies":[{"embeddable":true,"href":"https:\/\/www.lltrezor.sk\/shop\/wp-json\/wp\/v2\/comments?post=13641"}],"wp:featuredmedia":[{"embeddable":true,"href":"https:\/\/www.lltrezor.sk\/shop\/wp-json\/wp\/v2\/media\/13635"}],"wp:attachment":[{"href":"https:\/\/www.lltrezor.sk\/shop\/wp-json\/wp\/v2\/media?parent=13641"}],"wp:term":[{"taxonomy":"product_brand","embeddable":true,"href":"https:\/\/www.lltrezor.sk\/shop\/wp-json\/wp\/v2\/product_brand?post=13641"},{"taxonomy":"product_cat","embeddable":true,"href":"https:\/\/www.lltrezor.sk\/shop\/wp-json\/wp\/v2\/product_cat?post=13641"},{"taxonomy":"product_tag","embeddable":true,"href":"https:\/\/www.lltrezor.sk\/shop\/wp-json\/wp\/v2\/product_tag?post=13641"}],"curies":[{"name":"wp","href":"https:\/\/api.w.org\/{rel}","templated":true}]}}