{"id":13588,"date":"2025-10-05T19:03:06","date_gmt":"2025-10-05T17:03:06","guid":{"rendered":"https:\/\/www.lltrezor.sk\/shop\/?post_type=product&#038;p=13588"},"modified":"2026-02-19T18:06:22","modified_gmt":"2026-02-19T17:06:22","slug":"zsl-17-m","status":"publish","type":"product","link":"https:\/\/www.lltrezor.sk\/shop\/product\/zsl-17-m\/","title":{"rendered":"ZSL 17 M"},"content":{"rendered":"<p data-start=\"231\" data-end=\"535\"><strong data-start=\"231\" data-end=\"278\">Jednopl\u00e1\u0161\u0165ov\u00e9 bezpe\u010dnostn\u00e9 skrine s\u00e9rie ZSL<\/strong> predstavuj\u00fa cenovo dostupn\u00e9, no z\u00e1rove\u0148 <strong data-start=\"319\" data-end=\"414\">certifikovan\u00e9 rie\u0161enie pre bezpe\u010dn\u00e9 ulo\u017eenie dokumentov, cennost\u00ed, hotovosti alebo streliva<\/strong>. V\u010faka kvalitn\u00e9mu dielensk\u00e9mu spracovaniu a certifik\u00e1cii S1 s\u00fa mimoriadne ob\u013e\u00faben\u00e9 u dom\u00e1cich aj firemn\u00fdch pou\u017e\u00edvate\u013eov.<\/p>\n<p data-start=\"537\" data-end=\"684\">V\u00fdrobcom je renomovan\u00e1 slovensk\u00e1 spolo\u010dnos\u0165 <strong data-start=\"581\" data-end=\"622\"><span class=\"hover:entity-accent entity-underline inline cursor-pointer align-baseline\"><span class=\"whitespace-normal\">SAFEtronics<\/span><\/span><\/strong>, zn\u00e1ma dlhoro\u010dnou trad\u00edciou v oblasti bezpe\u010dnostnej techniky.<\/p>\n<hr data-start=\"686\" data-end=\"689\" \/>\n<h3 data-start=\"691\" data-end=\"732\">\ud83d\udee1\ufe0f Certifik\u00e1cia a bezpe\u010dnostn\u00e1 \u00farove\u0148<\/h3>\n<ul>\n<li data-start=\"735\" data-end=\"766\"><strong data-start=\"735\" data-end=\"759\">Bezpe\u010dnostn\u00e1 trieda:<\/strong> <strong data-start=\"760\" data-end=\"766\">S1<\/strong><\/li>\n<li data-start=\"769\" data-end=\"790\"><strong data-start=\"769\" data-end=\"779\">Norma:<\/strong> EN 14450<\/li>\n<li data-start=\"793\" data-end=\"854\"><strong data-start=\"793\" data-end=\"821\">Odolnos\u0165 proti vl\u00e1maniu:<\/strong> min. <strong data-start=\"827\" data-end=\"836\">15 RU<\/strong> pod\u013ea EN 1143-1<\/li>\n<li data-start=\"857\" data-end=\"917\">Sp\u013a\u0148a z\u00e1konn\u00e9 po\u017eiadavky na zabezpe\u010denie cennost\u00ed a streliva<\/li>\n<\/ul>\n<hr data-start=\"919\" data-end=\"922\" \/>\n<h3 data-start=\"924\" data-end=\"963\">\ud83e\uddf1 Kon\u0161trukcia a mechanick\u00e1 odolnos\u0165<\/h3>\n<ul>\n<li data-start=\"966\" data-end=\"1025\"><strong data-start=\"966\" data-end=\"984\">Korpus skrine:<\/strong> kvalitn\u00fd oce\u013eov\u00fd plech hr\u00fabky <strong data-start=\"1015\" data-end=\"1025\">2,5 mm<\/strong><\/li>\n<li data-start=\"1028\" data-end=\"1069\"><strong data-start=\"1028\" data-end=\"1038\">Dvere:<\/strong> oce\u013eov\u00e1 plat\u0148a hr\u00fabky <strong data-start=\"1061\" data-end=\"1069\">3 mm<\/strong><\/li>\n<li data-start=\"1072\" data-end=\"1101\"><strong data-start=\"1072\" data-end=\"1101\">Jednopl\u00e1\u0161\u0165ov\u00e1 kon\u0161trukcia<\/strong><\/li>\n<li data-start=\"1104\" data-end=\"1130\"><strong data-start=\"1104\" data-end=\"1130\">Uzamykac\u00ed mechanizmus:<\/strong>\n<ul>\n<li data-start=\"1135\" data-end=\"1174\"><strong data-start=\"1135\" data-end=\"1156\">ZSL 17 \/ 28 \/ 43:<\/strong> dvojbodov\u00fd uz\u00e1ver<\/li>\n<li data-start=\"1179\" data-end=\"1218\"><strong data-start=\"1179\" data-end=\"1199\">ZSL 65 a vy\u0161\u0161ie:<\/strong> \u0161tvorbodov\u00fd uz\u00e1ver<\/li>\n<\/ul>\n<\/li>\n<\/ul>\n<hr data-start=\"1220\" data-end=\"1223\" \/>\n<h3 data-start=\"1225\" data-end=\"1276\">\ud83d\udd11 Typy z\u00e1mkov (bezpe\u010dnostn\u00e1 trieda A \u2013 EN 1300)<\/h3>\n<ul>\n<li data-start=\"1279\" data-end=\"1340\"><strong data-start=\"1279\" data-end=\"1310\">Mechanick\u00fd trezorov\u00fd z\u00e1mok:<\/strong> MAUER alebo Lowe &amp; Fletcher<\/li>\n<li data-start=\"1343\" data-end=\"1380\"><strong data-start=\"1343\" data-end=\"1366\">Elektronick\u00fd z\u00e1mok:<\/strong> SAFEtronics\n<ul>\n<li data-start=\"1385\" data-end=\"1441\">doplnen\u00fd <strong data-start=\"1394\" data-end=\"1441\">n\u00fadzov\u00fdm mechanick\u00fdm z\u00e1mkom Lowe &amp; Fletcher<\/strong><\/li>\n<\/ul>\n<\/li>\n<\/ul>\n<hr data-start=\"1443\" data-end=\"1446\" \/>\n<h3 data-start=\"1448\" data-end=\"1487\">\ud83d\udce6 Vn\u00fatorn\u00e9 vybavenie (pod\u013ea modelu)<\/h3>\n<ul>\n<li data-start=\"1490\" data-end=\"1533\">Vyberate\u013en\u00e9 <strong data-start=\"1502\" data-end=\"1533\">v\u00fd\u0161kovo nastavite\u013en\u00e9 police<\/strong><\/li>\n<li data-start=\"1536\" data-end=\"1581\"><strong data-start=\"1536\" data-end=\"1581\">Samostatne uzamykate\u013en\u00e1 vn\u00fatorn\u00e1 schr\u00e1nka<\/strong><\/li>\n<li data-start=\"1584\" data-end=\"1642\">Variabiln\u00e9 vn\u00fatorn\u00e9 usporiadanie pod\u013ea potrieb pou\u017e\u00edvate\u013ea<\/li>\n<\/ul>\n<hr data-start=\"1644\" data-end=\"1647\" \/>\n<h3 data-start=\"1649\" data-end=\"1671\">\ud83c\udfa8 Povrchov\u00e1 \u00faprava<\/h3>\n<ul>\n<li data-start=\"1674\" data-end=\"1742\"><strong data-start=\"1674\" data-end=\"1742\">Polyuret\u00e1nov\u00e1 farba s vysokou mechanickou a chemickou odolnos\u0165ou<\/strong><\/li>\n<li data-start=\"1745\" data-end=\"1764\">Farebn\u00e9 prevedenie:\n<ul>\n<li data-start=\"1769\" data-end=\"1779\"><strong data-start=\"1769\" data-end=\"1779\">Granit<\/strong><\/li>\n<li data-start=\"1784\" data-end=\"1793\"><strong data-start=\"1784\" data-end=\"1793\">Bronz<\/strong><\/li>\n<\/ul>\n<\/li>\n<\/ul>\n<hr data-start=\"1795\" data-end=\"1798\" \/>\n<h3 data-start=\"1800\" data-end=\"1814\">\ud83d\udd29 Kotvenie<\/h3>\n<ul>\n<li data-start=\"1817\" data-end=\"1861\">Vzh\u013eadom na <strong data-start=\"1829\" data-end=\"1851\">hmotnos\u0165 a rozmery<\/strong> je nutn\u00e9:\n<ul>\n<li data-start=\"1866\" data-end=\"1885\">kotvenie do steny<\/li>\n<li data-start=\"1890\" data-end=\"1933\">alebo k in\u00e9mu pevn\u00e9mu kon\u0161truk\u010dn\u00e9mu prvku<\/li>\n<\/ul>\n<\/li>\n<li data-start=\"1936\" data-end=\"1988\">Kotvenie v\u00fdrazne zvy\u0161uje bezpe\u010dnostn\u00fa \u00farove\u0148 trezoru<\/li>\n<\/ul>\n<hr data-start=\"1990\" data-end=\"1993\" \/>\n<h3 data-start=\"1995\" data-end=\"2023\">\u2705 Hlavn\u00e9 v\u00fdhody s\u00e9rie ZSL<\/h3>\n<p data-start=\"2024\" data-end=\"2237\">\u2714 certifik\u00e1cia EN 14450 \u2013 S1<br data-start=\"2052\" data-end=\"2055\" \/>\u2714 priazniv\u00e1 cena pri zachovan\u00ed vysokej bezpe\u010dnosti<br data-start=\"2105\" data-end=\"2108\" \/>\u2714 kvalitn\u00e9 slovensk\u00e9 spracovanie<br data-start=\"2140\" data-end=\"2143\" \/>\u2714 profesion\u00e1lne trezorov\u00e9 z\u00e1mky triedy A<br data-start=\"2183\" data-end=\"2186\" \/>\u2714 \u0161irok\u00e1 \u0161k\u00e1la ve\u013ekost\u00ed a vn\u00fatorn\u00fdch konfigur\u00e1ci\u00ed<\/p>\n","protected":false},"excerpt":{"rendered":"<p>Bezpe\u010dnostn\u00e9 skrine ZSL S1 | Jednopl\u00e1\u0161\u0165ov\u00e9 trezory s v\u00fdborn\u00fdm pomerom ceny a ochrany<\/p>\n","protected":false},"featured_media":13590,"comment_status":"open","ping_status":"closed","template":"","meta":{"_monsterinsights_skip_tracking":false,"_monsterinsights_sitenote_active":false,"_monsterinsights_sitenote_note":"","_monsterinsights_sitenote_category":0},"product_brand":[676],"product_cat":[111],"product_tag":[992],"class_list":{"0":"post-13588","1":"product","2":"type-product","3":"status-publish","4":"has-post-thumbnail","6":"product_brand-safetronics","7":"product_cat-nabytkove-trezory","8":"product_tag-zsl","9":"product_shipping_class-do-10kg","10":"pa_bezpecnostna-trieda-15-ru-norma-en-1143-1","11":"pa_bezpecnostna-trieda-bezpecnostnej-triedy-a-v-zmysle-normy-en-1300","12":"pa_bezpecnostna-trieda-s1-podla-normy-en-14450","13":"pa_material-ocel","14":"pa_miesto-instalacie-pripevnitelne-k-stene-aj-k-podlahe","15":"pa_vnutorna-hlbka-998","16":"pa_vnutorna-sirka-891","17":"pa_vnutorna-vyska-999","18":"pa_vnutorny-objem-1000","19":"pa_vonkajsia-hlbka-572","20":"pa_vonkajsia-sirka-1001","21":"pa_vonkajsia-vyska-1002","22":"ts_product_brand-safetronics","24":"first","25":"onbackorder","26":"taxable","27":"shipping-taxable","28":"purchasable","29":"product-type-simple"},"aioseo_notices":[],"jetpack_sharing_enabled":true,"_links":{"self":[{"href":"https:\/\/www.lltrezor.sk\/shop\/wp-json\/wp\/v2\/product\/13588","targetHints":{"allow":["GET"]}}],"collection":[{"href":"https:\/\/www.lltrezor.sk\/shop\/wp-json\/wp\/v2\/product"}],"about":[{"href":"https:\/\/www.lltrezor.sk\/shop\/wp-json\/wp\/v2\/types\/product"}],"replies":[{"embeddable":true,"href":"https:\/\/www.lltrezor.sk\/shop\/wp-json\/wp\/v2\/comments?post=13588"}],"wp:featuredmedia":[{"embeddable":true,"href":"https:\/\/www.lltrezor.sk\/shop\/wp-json\/wp\/v2\/media\/13590"}],"wp:attachment":[{"href":"https:\/\/www.lltrezor.sk\/shop\/wp-json\/wp\/v2\/media?parent=13588"}],"wp:term":[{"taxonomy":"product_brand","embeddable":true,"href":"https:\/\/www.lltrezor.sk\/shop\/wp-json\/wp\/v2\/product_brand?post=13588"},{"taxonomy":"product_cat","embeddable":true,"href":"https:\/\/www.lltrezor.sk\/shop\/wp-json\/wp\/v2\/product_cat?post=13588"},{"taxonomy":"product_tag","embeddable":true,"href":"https:\/\/www.lltrezor.sk\/shop\/wp-json\/wp\/v2\/product_tag?post=13588"}],"curies":[{"name":"wp","href":"https:\/\/api.w.org\/{rel}","templated":true}]}}