{"id":13158,"date":"2025-09-22T15:31:49","date_gmt":"2025-09-22T13:31:49","guid":{"rendered":"https:\/\/www.lltrezor.sk\/shop\/?post_type=product&#038;p=13158"},"modified":"2026-02-19T18:11:43","modified_gmt":"2026-02-19T17:11:43","slug":"kazeta-na-kratku-zbran-s-pripevnenim","status":"publish","type":"product","link":"https:\/\/www.lltrezor.sk\/shop\/product\/kazeta-na-kratku-zbran-s-pripevnenim\/","title":{"rendered":"Kazeta na kr\u00e1tku zbra\u0148 s pripevnen\u00edm"},"content":{"rendered":"<div class=\"product-sdesc\">\n<p data-start=\"192\" data-end=\"489\"><strong data-start=\"192\" data-end=\"218\">Kazeta na kr\u00e1tku zbra\u0148<\/strong> je ide\u00e1lne rie\u0161enie pre bezpe\u010dn\u00e9 ulo\u017eenie a prevoz kr\u00e1tkych streln\u00fdch zbran\u00ed v\u0161etk\u00fdch typov.<br data-start=\"311\" data-end=\"314\" \/>Je navrhnut\u00e1 tak, aby sp\u013a\u0148ala <strong data-start=\"344\" data-end=\"425\">pr\u00e1vne po\u017eiadavky \u00a7 54 ods. 7 z\u00e1kona \u010d. 190\/2003 Z. z. o zbraniach a strelive<\/strong> a umo\u017enila <strong data-start=\"437\" data-end=\"488\">bezpe\u010dn\u00e9 a preh\u013eadn\u00e9 ulo\u017eenie zbrane aj mun\u00edcie<\/strong>.<\/p>\n<p data-start=\"491\" data-end=\"569\">V\u00fdrobcom je renomovan\u00e1 spolo\u010dnos\u0165 <strong data-start=\"525\" data-end=\"566\"><span class=\"hover:entity-accent entity-underline inline cursor-pointer align-baseline\"><span class=\"whitespace-normal\">Trezor-Liktor Zrt.<\/span><\/span><\/strong>.<\/p>\n<hr data-start=\"571\" data-end=\"574\" \/>\n<h3 data-start=\"576\" data-end=\"607\">\ud83e\uddf1 Kon\u0161trukcia a vyhotovenie<\/h3>\n<ul>\n<li data-start=\"610\" data-end=\"647\"><strong data-start=\"610\" data-end=\"647\">Pevn\u00fd oce\u013eov\u00fd plech hr\u00fabky 1,2 mm<\/strong><\/li>\n<li data-start=\"650\" data-end=\"709\">Odoln\u00e1 a stabiln\u00e1 kon\u0161trukcia vhodn\u00e1 na dlhodob\u00e9 pou\u017e\u00edvanie<\/li>\n<li data-start=\"712\" data-end=\"753\"><strong data-start=\"712\" data-end=\"751\">\u010cierna antracitov\u00e1 povrchov\u00e1 \u00faprava<\/strong><\/li>\n<\/ul>\n<hr data-start=\"755\" data-end=\"758\" \/>\n<h3 data-start=\"760\" data-end=\"792\">\ud83d\udd12 Bezpe\u010dn\u00e9 ulo\u017eenie a prevoz<\/h3>\n<ul>\n<li data-start=\"795\" data-end=\"877\">Vo vn\u00fatri kazety je <strong data-start=\"815\" data-end=\"851\">samostatne uzamykate\u013en\u00e1 schr\u00e1nka<\/strong> pre z\u00e1sobn\u00edk a strelivo<\/li>\n<li data-start=\"880\" data-end=\"956\">Kazetu je mo\u017en\u00e9 <strong data-start=\"896\" data-end=\"935\">jednoducho upevni\u0165 pomocou ko\u013eajn\u00edc<\/strong> na volite\u013en\u00e9 miesto:\n<ul>\n<li data-start=\"961\" data-end=\"973\">do n\u00e1bytku<\/li>\n<li data-start=\"978\" data-end=\"990\">do vozidla<\/li>\n<\/ul>\n<\/li>\n<li data-start=\"993\" data-end=\"1051\">Zabezpe\u010duje bezpe\u010dn\u00fd prevoz aj ukladanie kr\u00e1tkych zbran\u00ed<\/li>\n<\/ul>\n<hr data-start=\"1053\" data-end=\"1056\" \/>\n<h3 data-start=\"1058\" data-end=\"1087\">\ud83d\udee0\ufe0f Pr\u00edslu\u0161enstvo a mont\u00e1\u017e<\/h3>\n<ul>\n<li data-start=\"1090\" data-end=\"1161\">Ku kazete je dod\u00e1van\u00fd <strong data-start=\"1112\" data-end=\"1133\">kotviaci materi\u00e1l<\/strong> pre jednoduch\u00fa in\u0161tal\u00e1ciu<\/li>\n<li data-start=\"1164\" data-end=\"1225\">Mo\u017enos\u0165 r\u00fdchleho presunu a upevnenia v r\u00f4znych prostrediach<\/li>\n<\/ul>\n<hr data-start=\"1227\" data-end=\"1230\" \/>\n<h3 data-start=\"1232\" data-end=\"1256\">\u2705 Odpor\u00fa\u010dan\u00e9 pou\u017eitie<\/h3>\n<ul>\n<li data-start=\"1259\" data-end=\"1326\">bezpe\u010dn\u00e9 ulo\u017eenie kr\u00e1tkych zbran\u00ed doma, v kancel\u00e1rii alebo v aute<\/li>\n<li data-start=\"1329\" data-end=\"1375\">pre profesion\u00e1lne a in\u0161titucion\u00e1lne vyu\u017eitie<\/li>\n<li data-start=\"1378\" data-end=\"1433\">pre osoby s po\u017eiadavkou splnenia z\u00e1konn\u00fdch ustanoven\u00ed<\/li>\n<\/ul>\n<hr data-start=\"1435\" data-end=\"1438\" \/>\n<h3 data-start=\"1440\" data-end=\"1453\">\u2139\ufe0f V\u00fdrobca<\/h3>\n<p data-start=\"1454\" data-end=\"1573\"><strong data-start=\"1454\" data-end=\"1486\">Trezor-Liktor Zrt., Ma\u010farsko<\/strong> \u2013 \u0161pi\u010dkov\u00e1 kvalita a spo\u013eahliv\u00e1 bezpe\u010dnostn\u00e1 kon\u0161trukcia pre profesion\u00e1lne pou\u017eitie.<\/p>\n<\/div>\n","protected":false},"excerpt":{"rendered":"<p>Kazeta na kr\u00e1tku zbra\u0148 \u2013 bezpe\u010dn\u00e9 ulo\u017eenie a prevoz<\/p>\n","protected":false},"featured_media":13160,"comment_status":"open","ping_status":"closed","template":"","meta":{"_monsterinsights_skip_tracking":false,"_monsterinsights_sitenote_active":false,"_monsterinsights_sitenote_note":"","_monsterinsights_sitenote_category":0},"product_brand":[318],"product_cat":[183],"product_tag":[],"class_list":{"0":"post-13158","1":"product","2":"type-product","3":"status-publish","4":"has-post-thumbnail","6":"product_brand-trezor-liktor","7":"product_cat-kazety-na-kratke-zbrane","8":"product_shipping_class-do-10kg","9":"pa_bezpecnostna-trieda-1306","10":"pa_material-ocel","11":"pa_typ-zamku-mechanicky-zamok","12":"pa_vnutorna-hlbka-840","13":"pa_vnutorna-sirka-835","14":"pa_vnutorna-vyska-842","15":"pa_vonkajsia-hlbka-837","16":"pa_vonkajsia-sirka-838","17":"pa_vonkajsia-vyska-839","18":"ts_product_brand-trezor-liktor","20":"first","21":"instock","22":"taxable","23":"shipping-taxable","24":"purchasable","25":"product-type-variable","26":"has-default-attributes"},"aioseo_notices":[],"jetpack_sharing_enabled":true,"_links":{"self":[{"href":"https:\/\/www.lltrezor.sk\/shop\/wp-json\/wp\/v2\/product\/13158","targetHints":{"allow":["GET"]}}],"collection":[{"href":"https:\/\/www.lltrezor.sk\/shop\/wp-json\/wp\/v2\/product"}],"about":[{"href":"https:\/\/www.lltrezor.sk\/shop\/wp-json\/wp\/v2\/types\/product"}],"replies":[{"embeddable":true,"href":"https:\/\/www.lltrezor.sk\/shop\/wp-json\/wp\/v2\/comments?post=13158"}],"wp:featuredmedia":[{"embeddable":true,"href":"https:\/\/www.lltrezor.sk\/shop\/wp-json\/wp\/v2\/media\/13160"}],"wp:attachment":[{"href":"https:\/\/www.lltrezor.sk\/shop\/wp-json\/wp\/v2\/media?parent=13158"}],"wp:term":[{"taxonomy":"product_brand","embeddable":true,"href":"https:\/\/www.lltrezor.sk\/shop\/wp-json\/wp\/v2\/product_brand?post=13158"},{"taxonomy":"product_cat","embeddable":true,"href":"https:\/\/www.lltrezor.sk\/shop\/wp-json\/wp\/v2\/product_cat?post=13158"},{"taxonomy":"product_tag","embeddable":true,"href":"https:\/\/www.lltrezor.sk\/shop\/wp-json\/wp\/v2\/product_tag?post=13158"}],"curies":[{"name":"wp","href":"https:\/\/api.w.org\/{rel}","templated":true}]}}