{"id":13116,"date":"2025-09-22T12:53:23","date_gmt":"2025-09-22T10:53:23","guid":{"rendered":"https:\/\/www.lltrezor.sk\/shop\/?post_type=product&#038;p=13116"},"modified":"2026-02-19T18:12:53","modified_gmt":"2026-02-19T17:12:53","slug":"autotrezor-i","status":"publish","type":"product","link":"https:\/\/www.lltrezor.sk\/shop\/product\/autotrezor-i\/","title":{"rendered":"Autotrezor &#8220;I&#8221;"},"content":{"rendered":"<p data-start=\"138\" data-end=\"392\">Autotrezor je ide\u00e1lnym rie\u0161en\u00edm pre <strong data-start=\"174\" data-end=\"211\">logistick\u00e9 a \u0161pedi\u010dn\u00e9 spolo\u010dnosti<\/strong>, ktor\u00e9 pri preberan\u00ed alebo odovzdan\u00ed tovaru pracuj\u00fa s hotovostnou platbou. Tento bezpe\u010dnostn\u00fd trezor zais\u0165uje <strong data-start=\"322\" data-end=\"389\">maxim\u00e1lnu ochranu pre zamestnancov vykon\u00e1vaj\u00facich rozvoz tovaru<\/strong>.<\/p>\n<p data-start=\"394\" data-end=\"594\">V\u010faka svojmu praktick\u00e9mu vyhotoveniu sa autotrezor zmest\u00ed <strong data-start=\"452\" data-end=\"486\">pod sedadlo \u00fa\u017eitkov\u00e9ho vozidla<\/strong> a je mo\u017en\u00e9 ho pevne pripevni\u0165 k podlahe, \u010d\u00edm sa minimalizuje riziko kr\u00e1de\u017ee alebo neopr\u00e1vnen\u00e9ho pr\u00edstupu.<\/p>\n<hr data-start=\"596\" data-end=\"599\" \/>\n<h3 data-start=\"601\" data-end=\"627\">\ud83d\udd12 Funkcie a bezpe\u010dnos\u0165<\/h3>\n<ul>\n<li data-start=\"630\" data-end=\"739\">Funguje ako <strong data-start=\"642\" data-end=\"662\">depozitn\u00fd trezor<\/strong> \u2013 po vhoden\u00ed hotovosti ju m\u00f4\u017ee vybra\u0165 a vypr\u00e1zdni\u0165 len <strong data-start=\"718\" data-end=\"737\">poverenn\u00e1 osoba<\/strong><\/li>\n<li data-start=\"742\" data-end=\"797\">Vopred pripraven\u00e9 otvory na <strong data-start=\"770\" data-end=\"795\">prikotvenie k vozidlu<\/strong><\/li>\n<li data-start=\"800\" data-end=\"852\"><strong data-start=\"800\" data-end=\"830\">2 ks bezpe\u010dnostn\u00fdch k\u013e\u00fa\u010dov<\/strong> k vyberaniu trezora<\/li>\n<li data-start=\"855\" data-end=\"907\"><strong data-start=\"855\" data-end=\"885\">2 ks bezpe\u010dnostn\u00fdch k\u013e\u00fa\u010dov<\/strong> k otvoreniu trezora<\/li>\n<li data-start=\"910\" data-end=\"976\">Vyhotoven\u00fd z <strong data-start=\"923\" data-end=\"948\">2 mm oce\u013eov\u00e9ho plechu<\/strong> pre odolnos\u0165 a bezpe\u010dnos\u0165<\/li>\n<\/ul>\n<hr data-start=\"978\" data-end=\"981\" \/>\n<h3 data-start=\"983\" data-end=\"1008\">\ud83d\udcd0 Technick\u00e9 parametre<\/h3>\n<ul>\n<li data-start=\"1011\" data-end=\"1058\">Ve\u013ekos\u0165 vhadzovacieho otvoru: <strong data-start=\"1041\" data-end=\"1056\">120 x 27 mm<\/strong><\/li>\n<li data-start=\"1061\" data-end=\"1099\">Z\u00e1kladn\u00e1 farba: <strong data-start=\"1077\" data-end=\"1097\">biela (RAL 9010)<\/strong><\/li>\n<li data-start=\"1102\" data-end=\"1152\">Mo\u017enos\u0165 <strong data-start=\"1110\" data-end=\"1150\">individu\u00e1lneho rozmeru pod\u013ea potreby<\/strong><\/li>\n<\/ul>\n<hr data-start=\"1154\" data-end=\"1157\" \/>\n<h3 data-start=\"1159\" data-end=\"1183\">\u2705 Odpor\u00fa\u010dan\u00e9 pou\u017eitie<\/h3>\n<ul>\n<li data-start=\"1186\" data-end=\"1225\">Prepravn\u00e1 hotovos\u0165 pri rozvoze tovaru<\/li>\n<li data-start=\"1228\" data-end=\"1277\">Ochrana zamestnancov pri manipul\u00e1cii s peniazmi<\/li>\n<li data-start=\"1280\" data-end=\"1366\">Pre logistick\u00e9 a \u0161pedi\u010dn\u00e9 spolo\u010dnosti, kuri\u00e9rske slu\u017eby a men\u0161ie distribu\u010dn\u00e9 vozidl\u00e1<\/li>\n<\/ul>\n","protected":false},"excerpt":{"rendered":"<p>Autotrezor \u2013 bezpe\u010dn\u00e9 ulo\u017eenie hotovosti po\u010das rozvozu<\/p>\n","protected":false},"featured_media":13118,"comment_status":"open","ping_status":"closed","template":"","meta":{"_monsterinsights_skip_tracking":false,"_monsterinsights_sitenote_active":false,"_monsterinsights_sitenote_note":"","_monsterinsights_sitenote_category":0},"product_brand":[318],"product_cat":[301],"product_tag":[],"class_list":{"0":"post-13116","1":"product","2":"type-product","3":"status-publish","4":"has-post-thumbnail","6":"product_brand-trezor-liktor","7":"product_cat-autotrezory","8":"product_shipping_class-do-10kg","9":"pa_bezpecnostna-trieda-1306","10":"pa_material-ocel","11":"pa_miesto-instalacie-volne-stojace","12":"pa_typ-zamku-mechanicky-zamok","13":"pa_vnutorna-hlbka-536","14":"pa_vnutorna-sirka-791","15":"pa_vnutorna-vyska-792","16":"pa_vonkajsia-hlbka-793","17":"pa_vonkajsia-sirka-794","18":"pa_vonkajsia-vyska-795","19":"ts_product_brand-trezor-liktor","21":"first","22":"onbackorder","23":"taxable","24":"shipping-taxable","25":"purchasable","26":"product-type-variable"},"aioseo_notices":[],"jetpack_sharing_enabled":true,"_links":{"self":[{"href":"https:\/\/www.lltrezor.sk\/shop\/wp-json\/wp\/v2\/product\/13116","targetHints":{"allow":["GET"]}}],"collection":[{"href":"https:\/\/www.lltrezor.sk\/shop\/wp-json\/wp\/v2\/product"}],"about":[{"href":"https:\/\/www.lltrezor.sk\/shop\/wp-json\/wp\/v2\/types\/product"}],"replies":[{"embeddable":true,"href":"https:\/\/www.lltrezor.sk\/shop\/wp-json\/wp\/v2\/comments?post=13116"}],"wp:featuredmedia":[{"embeddable":true,"href":"https:\/\/www.lltrezor.sk\/shop\/wp-json\/wp\/v2\/media\/13118"}],"wp:attachment":[{"href":"https:\/\/www.lltrezor.sk\/shop\/wp-json\/wp\/v2\/media?parent=13116"}],"wp:term":[{"taxonomy":"product_brand","embeddable":true,"href":"https:\/\/www.lltrezor.sk\/shop\/wp-json\/wp\/v2\/product_brand?post=13116"},{"taxonomy":"product_cat","embeddable":true,"href":"https:\/\/www.lltrezor.sk\/shop\/wp-json\/wp\/v2\/product_cat?post=13116"},{"taxonomy":"product_tag","embeddable":true,"href":"https:\/\/www.lltrezor.sk\/shop\/wp-json\/wp\/v2\/product_tag?post=13116"}],"curies":[{"name":"wp","href":"https:\/\/api.w.org\/{rel}","templated":true}]}}