{"id":13079,"date":"2025-09-22T11:49:43","date_gmt":"2025-09-22T09:49:43","guid":{"rendered":"https:\/\/www.lltrezor.sk\/shop\/?post_type=product&#038;p=13079"},"modified":"2026-02-19T18:14:03","modified_gmt":"2026-02-19T17:14:03","slug":"office-ii-fire-block-60","status":"publish","type":"product","link":"https:\/\/www.lltrezor.sk\/shop\/product\/office-ii-fire-block-60\/","title":{"rendered":"OFFICE II. Fire Block 60"},"content":{"rendered":"<p data-start=\"154\" data-end=\"424\">Archiva\u010dn\u00fd trezor je ide\u00e1lnym rie\u0161en\u00edm pre <strong data-start=\"197\" data-end=\"252\">kancel\u00e1rie, arch\u00edvy, d\u00e1tov\u00e9 centr\u00e1 alebo dom\u00e1cnosti<\/strong>, ktor\u00e9 vy\u017eaduj\u00fa kombin\u00e1ciu <strong data-start=\"280\" data-end=\"322\">ochrany pred vl\u00e1man\u00edm a oh\u0148ovzdornosti<\/strong>. Tento trezor je vhodn\u00fd na bezpe\u010dn\u00e9 ulo\u017eenie <strong data-start=\"368\" data-end=\"421\">\u0161anonov, d\u00e1tov\u00fdch nosi\u010dov, ale aj kr\u00e1tkych zbran\u00ed<\/strong>.<\/p>\n<hr data-start=\"426\" data-end=\"429\" \/>\n<h3 data-start=\"431\" data-end=\"461\">\ud83d\udd12 Kon\u0161trukcia a bezpe\u010dnos\u0165<\/h3>\n<ul>\n<li data-start=\"464\" data-end=\"533\"><strong data-start=\"464\" data-end=\"486\">Dvojpl\u00e1\u0161\u0165ov\u00e9 dvere<\/strong> s oh\u0148ovzdornou izol\u00e1ciou, hr\u00fabka dver\u00ed 65 mm<\/li>\n<li data-start=\"536\" data-end=\"586\"><strong data-start=\"536\" data-end=\"572\">Dvojpl\u00e1\u0161\u0165ov\u00e1 oce\u013eov\u00e1 kon\u0161trukcia<\/strong> hr\u00fabky 8 mm<\/li>\n<li data-start=\"589\" data-end=\"642\"><strong data-start=\"589\" data-end=\"628\">Bezpe\u010dnostn\u00fd mechanick\u00fd z\u00e1mok MAUER<\/strong>, trieda \u201eA\u201c<\/li>\n<li data-start=\"645\" data-end=\"702\"><strong data-start=\"645\" data-end=\"675\">Elektronick\u00fd z\u00e1mok LA-GARD<\/strong>, bezpe\u010dnostn\u00e1 trieda \u201eA\u201c<\/li>\n<li data-start=\"705\" data-end=\"792\"><strong data-start=\"705\" data-end=\"755\">\u0160tvorstrann\u00fd sedembodov\u00fd rozvorov\u00fd mechanizmus<\/strong> so siln\u00fdmi oce\u013eov\u00fdmi \u010dapmi \u00d8 22 mm<\/li>\n<li data-start=\"795\" data-end=\"863\"><strong data-start=\"795\" data-end=\"834\">Zvl\u00e1\u0161\u0165 uzamykate\u013en\u00fd vn\u00fatorn\u00fd trezor<\/strong> na cennosti alebo strelivo<\/li>\n<li data-start=\"866\" data-end=\"909\"><strong data-start=\"866\" data-end=\"887\">Kotviaci materi\u00e1l<\/strong> je s\u00fa\u010das\u0165ou balenia<\/li>\n<\/ul>\n<hr data-start=\"911\" data-end=\"914\" \/>\n<h3 data-start=\"916\" data-end=\"945\">\ud83d\udd25 Oh\u0148ovzdornos\u0165 a poli\u010dky<\/h3>\n<ul>\n<li data-start=\"948\" data-end=\"1003\">Odolnos\u0165 proti oh\u0148u <strong data-start=\"968\" data-end=\"983\">do 60 min\u00fat<\/strong> (bez certifik\u00e1tu)<\/li>\n<li data-start=\"1006\" data-end=\"1058\">5 <strong data-start=\"1008\" data-end=\"1035\">nastavite\u013en\u00fdch poli\u010diek<\/strong> s nosnos\u0165ou do 50 kg<\/li>\n<li data-start=\"1061\" data-end=\"1136\">Mo\u017enos\u0165 ulo\u017eenia \u0161anonov, dokumentov, d\u00e1tov\u00fdch nosi\u010dov \u010di kr\u00e1tkych zbran\u00ed<\/li>\n<\/ul>\n<hr data-start=\"1138\" data-end=\"1141\" \/>\n<h3 data-start=\"1143\" data-end=\"1167\">\ud83c\udfa8 Farby a prevedenie<\/h3>\n<ul>\n<li data-start=\"1170\" data-end=\"1207\">\u0160tandardn\u00e1 farba: <strong data-start=\"1188\" data-end=\"1205\">siv\u00e1 RAL 7035<\/strong><\/li>\n<li data-start=\"1210\" data-end=\"1284\">Na objedn\u00e1vku mo\u017enos\u0165 <strong data-start=\"1232\" data-end=\"1264\">farby pod\u013ea vlastn\u00e9ho v\u00fdberu<\/strong> (+10 % pr\u00edplatok)<\/li>\n<\/ul>\n<hr data-start=\"1286\" data-end=\"1289\" \/>\n<h3 data-start=\"1291\" data-end=\"1329\">\u2705 Certifik\u00e1ty a bezpe\u010dnostn\u00e9 triedy<\/h3>\n<ul>\n<li data-start=\"1332\" data-end=\"1371\"><strong data-start=\"1332\" data-end=\"1369\">EN 14450 \u2013 bezpe\u010dnostn\u00e1 trieda S2<\/strong><\/li>\n<li data-start=\"1374\" data-end=\"1414\"><strong data-start=\"1374\" data-end=\"1412\">VDMA 24992 \u2013 bezpe\u010dnostn\u00e1 trieda B<\/strong><\/li>\n<\/ul>\n<hr data-start=\"1416\" data-end=\"1419\" \/>\n<h3 data-start=\"1421\" data-end=\"1435\">\ud83d\udcbc Pou\u017eitie<\/h3>\n<ul>\n<li data-start=\"1438\" data-end=\"1508\">Arch\u00edvy, kancel\u00e1rie a firmy s potrebu bezpe\u010dn\u00e9ho ulo\u017eenia dokumentov<\/li>\n<li data-start=\"1511\" data-end=\"1550\">Ukladanie d\u00e1tov\u00fdch nosi\u010dov a cennost\u00ed<\/li>\n<li data-start=\"1553\" data-end=\"1636\">Mo\u017enos\u0165 kombin\u00e1cie s kr\u00e1tkymi zbra\u0148ami pre bezpe\u010dn\u00e9 dom\u00e1ce alebo firemn\u00e9 ulo\u017eenie<\/li>\n<\/ul>\n","protected":false},"excerpt":{"rendered":"<p>Archiva\u010dn\u00fd trezor \u2013 bezpe\u010dn\u00e9 ulo\u017eenie dokumentov, d\u00e1t a zbran\u00ed<\/p>\n","protected":false},"featured_media":18481,"comment_status":"open","ping_status":"closed","template":"","meta":{"_monsterinsights_skip_tracking":false,"_monsterinsights_sitenote_active":false,"_monsterinsights_sitenote_note":"","_monsterinsights_sitenote_category":0},"product_brand":[318],"product_cat":[300,560,1653,131,1443,559,106],"product_tag":[542],"class_list":{"0":"post-13079","1":"product","2":"type-product","3":"status-publish","4":"has-post-thumbnail","6":"product_brand-trezor-liktor","7":"product_cat-archivacne-skrine","8":"product_cat-archivacne-skrine-a-kartoteky","9":"product_cat-ohnovzdorne-trezory","10":"product_cat-skrine-a-schranky-na-strelivo","11":"product_cat-trezory_lltrezor","12":"product_cat-ohnuvzodrne-trezory-na-dokumenty","13":"product_cat-trezory-na-kratke-zbrane","14":"product_tag-diana","15":"product_shipping_class-od-2001-kg-do-300kg","16":"pa_bezpecnostna-trieda-bezpecnostnej-triedy-a-v-zmysle-normy-en-1300","17":"pa_bezpecnostna-trieda-s2-podla-normy-en-14-450","18":"pa_material-ocel","19":"pa_miesto-instalacie-volne-stojace","20":"pa_vnutorna-hlbka-544","21":"pa_vnutorna-sirka-586","22":"pa_vnutorna-vyska-784","23":"pa_vonkajsia-hlbka-540","24":"pa_vonkajsia-sirka-587","25":"pa_vonkajsia-vyska-538","26":"ts_product_brand-trezor-liktor","28":"first","29":"onbackorder","30":"taxable","31":"shipping-taxable","32":"purchasable","33":"product-type-simple"},"aioseo_notices":[],"jetpack_sharing_enabled":true,"_links":{"self":[{"href":"https:\/\/www.lltrezor.sk\/shop\/wp-json\/wp\/v2\/product\/13079","targetHints":{"allow":["GET"]}}],"collection":[{"href":"https:\/\/www.lltrezor.sk\/shop\/wp-json\/wp\/v2\/product"}],"about":[{"href":"https:\/\/www.lltrezor.sk\/shop\/wp-json\/wp\/v2\/types\/product"}],"replies":[{"embeddable":true,"href":"https:\/\/www.lltrezor.sk\/shop\/wp-json\/wp\/v2\/comments?post=13079"}],"wp:featuredmedia":[{"embeddable":true,"href":"https:\/\/www.lltrezor.sk\/shop\/wp-json\/wp\/v2\/media\/18481"}],"wp:attachment":[{"href":"https:\/\/www.lltrezor.sk\/shop\/wp-json\/wp\/v2\/media?parent=13079"}],"wp:term":[{"taxonomy":"product_brand","embeddable":true,"href":"https:\/\/www.lltrezor.sk\/shop\/wp-json\/wp\/v2\/product_brand?post=13079"},{"taxonomy":"product_cat","embeddable":true,"href":"https:\/\/www.lltrezor.sk\/shop\/wp-json\/wp\/v2\/product_cat?post=13079"},{"taxonomy":"product_tag","embeddable":true,"href":"https:\/\/www.lltrezor.sk\/shop\/wp-json\/wp\/v2\/product_tag?post=13079"}],"curies":[{"name":"wp","href":"https:\/\/api.w.org\/{rel}","templated":true}]}}