{"id":13046,"date":"2025-09-22T10:35:06","date_gmt":"2025-09-22T08:35:06","guid":{"rendered":"https:\/\/www.lltrezor.sk\/shop\/?post_type=product&#038;p=13046"},"modified":"2026-02-18T21:35:47","modified_gmt":"2026-02-18T20:35:47","slug":"euron-5600","status":"publish","type":"product","link":"https:\/\/www.lltrezor.sk\/shop\/product\/euron-5600\/","title":{"rendered":"EURON 5600"},"content":{"rendered":"<p data-start=\"240\" data-end=\"543\"><strong data-start=\"240\" data-end=\"262\">Trezory EURON 5600<\/strong> s\u00fa <strong data-start=\"266\" data-end=\"335\">certifikovan\u00e9 v V. bezpe\u010dnostnej triede pod\u013ea EN 1143-1 + A1:2009<\/strong> a s\u00fa ide\u00e1lne pre <strong data-start=\"353\" data-end=\"448\">bezpe\u010dn\u00e9 ulo\u017eenie v\u00e4\u010d\u0161ieho objemu hotovosti, \u0161perkov, cennost\u00ed alebo utajovan\u00fdch dokumentov<\/strong>. Tento model je ur\u010den\u00fd v\u0161ade tam, kde je po\u017eadovan\u00e1 <strong data-start=\"501\" data-end=\"540\">najvy\u0161\u0161ia miera zabezpe\u010denia obsahu<\/strong>.<\/p>\n<hr data-start=\"545\" data-end=\"548\" \/>\n<h3 data-start=\"550\" data-end=\"592\">\ud83d\udee1\ufe0f Certifik\u00e1cia a bezpe\u010dnostn\u00e1 trieda<\/h3>\n<ul>\n<li data-start=\"595\" data-end=\"643\"><strong data-start=\"595\" data-end=\"641\">V. bezpe\u010dnostn\u00e1 trieda EN 1143-1 + A1:2009<\/strong><\/li>\n<li data-start=\"646\" data-end=\"705\">vhodn\u00fd pre <strong data-start=\"657\" data-end=\"703\">dom\u00e1cnosti, kancel\u00e1rie, firmy a in\u0161tit\u00facie<\/strong><\/li>\n<li data-start=\"708\" data-end=\"764\">ur\u010den\u00fd na <strong data-start=\"718\" data-end=\"762\">\u00faschovu cennost\u00ed, dokumentov a hotovosti<\/strong><\/li>\n<\/ul>\n<hr data-start=\"766\" data-end=\"769\" \/>\n<h3 data-start=\"771\" data-end=\"797\">\ud83d\udd11 Z\u00e1mky a elektronika<\/h3>\n<ul>\n<li data-start=\"800\" data-end=\"849\">hlavn\u00fd z\u00e1mok: <strong data-start=\"814\" data-end=\"847\">\u010dasov\u00fd z\u00e1mok SOPHIA TimeLock\u00ae<\/strong>\n<ul>\n<li data-start=\"854\" data-end=\"883\">a\u017e <strong data-start=\"857\" data-end=\"881\">10 nez\u00e1visl\u00fdch k\u00f3dov<\/strong><\/li>\n<li data-start=\"888\" data-end=\"925\"><strong data-start=\"888\" data-end=\"923\">oneskoren\u00e9 otvorenie 0\u201399 min\u00fat<\/strong><\/li>\n<li data-start=\"930\" data-end=\"999\">re\u017eim <strong data-start=\"936\" data-end=\"951\">\u201edve osoby\u201c<\/strong> \u2013 otvorenie len po zadan\u00ed dvoch r\u00f4znych k\u00f3dov<\/li>\n<\/ul>\n<\/li>\n<li data-start=\"1002\" data-end=\"1055\">mechanick\u00e9 z\u00e1mky: <strong data-start=\"1020\" data-end=\"1053\">MAUER Class B + MAUER Class B<\/strong><\/li>\n<li data-start=\"1058\" data-end=\"1111\">vn\u00fatorn\u00e1 uzamykate\u013en\u00e1 schr\u00e1nka: <strong data-start=\"1090\" data-end=\"1109\">Lowe &amp; Fletcher<\/strong><\/li>\n<li data-start=\"1114\" data-end=\"1192\">mikroprocesor zaznamen\u00e1va <strong data-start=\"1140\" data-end=\"1168\">posledn\u00fdch 4095 udalost\u00ed<\/strong>, d\u00e1 sa prenies\u0165 do PC<\/li>\n<li data-start=\"1195\" data-end=\"1325\">otvorenie trezora vy\u017eaduje kombin\u00e1ciu <strong data-start=\"1233\" data-end=\"1277\">elektronick\u00e9ho k\u00f3du a mechanick\u00e9ho k\u013e\u00fa\u010da<\/strong>, n\u00fadzovo \u010fal\u0161\u00ed mechanick\u00fd z\u00e1mok MAUER Class B<\/li>\n<\/ul>\n<hr data-start=\"1327\" data-end=\"1330\" \/>\n<h3 data-start=\"1332\" data-end=\"1361\">\u2699\ufe0f Kon\u0161trukcia a kotvenie<\/h3>\n<ul>\n<li data-start=\"1364\" data-end=\"1411\">viacpl\u00e1\u0161\u0165ov\u00e1 kon\u0161trukcia s vysokou odolnos\u0165ou<\/li>\n<li data-start=\"1414\" data-end=\"1498\">vn\u00fatorn\u00e9 vybavenie: <strong data-start=\"1434\" data-end=\"1496\">1 samostatne uzamykate\u013en\u00e1 schr\u00e1nka a 3 nastavite\u013en\u00e9 police<\/strong><\/li>\n<li data-start=\"1501\" data-end=\"1570\">mo\u017enos\u0165 <strong data-start=\"1509\" data-end=\"1532\">kotvenia do podlahy<\/strong> cez 2 otvory s kotviacimi skrutkami<\/li>\n<li data-start=\"1573\" data-end=\"1603\">z\u00e1kladn\u00e1 farba: <strong data-start=\"1589\" data-end=\"1601\">antracit<\/strong><\/li>\n<\/ul>\n<hr data-start=\"1605\" data-end=\"1608\" \/>\n<h3 data-start=\"1610\" data-end=\"1642\">\ud83d\udcbb Dok\u00fapite\u013en\u00e9 pr\u00edslu\u0161enstvo<\/h3>\n<p data-start=\"1645\" data-end=\"1704\"><strong data-start=\"1645\" data-end=\"1702\">programovac\u00ed adapt\u00e9r a softv\u00e9r s bezpe\u010dnostn\u00fdm k\u013e\u00fa\u010dom<\/strong><\/p>\n<hr data-start=\"1706\" data-end=\"1709\" \/>\n<h3 data-start=\"1711\" data-end=\"1752\">\u2714\ufe0f Pre\u010do si vybra\u0165 trezor EURON 5600?<\/h3>\n<ul>\n<li data-start=\"1755\" data-end=\"1832\"><strong data-start=\"1755\" data-end=\"1801\">V. bezpe\u010dnostn\u00e1 trieda EN 1143-1 + A1:2009<\/strong> \u2013 maxim\u00e1lna ochrana cennost\u00ed<\/li>\n<li data-start=\"1835\" data-end=\"1894\"><strong data-start=\"1835\" data-end=\"1868\">\u010dasov\u00fd z\u00e1mok SOPHIA TimeLock\u00ae<\/strong> s pokro\u010dil\u00fdmi funkciami<\/li>\n<li data-start=\"1897\" data-end=\"1970\">kombin\u00e1cia elektronick\u00e9ho a <strong data-start=\"1925\" data-end=\"1968\">dvoch mechanick\u00fdch z\u00e1mkov MAUER Class B<\/strong><\/li>\n<li data-start=\"1973\" data-end=\"2027\">vn\u00fatorn\u00e1 uzamykate\u013en\u00e1 schr\u00e1nka a nastavite\u013en\u00e9 police<\/li>\n<li data-start=\"2030\" data-end=\"2098\">z\u00e1znam udalost\u00ed a mo\u017enos\u0165 pripojenia k elektronick\u00e9mu zabezpe\u010deniu<\/li>\n<\/ul>\n","protected":false},"excerpt":{"rendered":"<p>Bezpe\u010dn\u00e9 ulo\u017eenie v\u00e4\u010d\u0161ieho objemu hotovosti, \u0161perkov, cennost\u00ed alebo utajovan\u00fdch dokumentov<\/p>\n","protected":false},"featured_media":13043,"comment_status":"open","ping_status":"closed","template":"","meta":{"_monsterinsights_skip_tracking":false,"_monsterinsights_sitenote_active":false,"_monsterinsights_sitenote_note":"","_monsterinsights_sitenote_category":0},"product_brand":[676],"product_cat":[106],"product_tag":[721],"class_list":{"0":"post-13046","1":"product","2":"type-product","3":"status-publish","4":"has-post-thumbnail","6":"product_brand-safetronics","7":"product_cat-trezory-na-kratke-zbrane","8":"product_tag-euron","9":"product_shipping_class-od-6001-kg-do-1000kg","10":"pa_bezpecnostna-trieda-stn-en-1300-zamkovy-mechanizmus-v-bezpecnostnej-triede-b","11":"pa_bezpecnostna-trieda-bezpecnostna-trieda-v-podla-en-1143-1a12009","12":"pa_material-ocel","13":"pa_miesto-instalacie-volne-stojace","14":"pa_typ-zamku-elektronicky-zamok-t-4800-mechanicky-zamok-lowefletcher","15":"pa_vnutorna-hlbka-777","16":"pa_vnutorna-sirka-748","17":"pa_vnutorna-vyska-749","18":"pa_vnutorny-objem-776","19":"pa_vonkajsia-hlbka-778","20":"pa_vonkajsia-sirka-779","21":"pa_vonkajsia-vyska-780","22":"ts_product_brand-safetronics","24":"first","25":"onbackorder","26":"taxable","27":"shipping-taxable","28":"purchasable","29":"product-type-variable"},"aioseo_notices":[],"jetpack_sharing_enabled":true,"_links":{"self":[{"href":"https:\/\/www.lltrezor.sk\/shop\/wp-json\/wp\/v2\/product\/13046","targetHints":{"allow":["GET"]}}],"collection":[{"href":"https:\/\/www.lltrezor.sk\/shop\/wp-json\/wp\/v2\/product"}],"about":[{"href":"https:\/\/www.lltrezor.sk\/shop\/wp-json\/wp\/v2\/types\/product"}],"replies":[{"embeddable":true,"href":"https:\/\/www.lltrezor.sk\/shop\/wp-json\/wp\/v2\/comments?post=13046"}],"wp:featuredmedia":[{"embeddable":true,"href":"https:\/\/www.lltrezor.sk\/shop\/wp-json\/wp\/v2\/media\/13043"}],"wp:attachment":[{"href":"https:\/\/www.lltrezor.sk\/shop\/wp-json\/wp\/v2\/media?parent=13046"}],"wp:term":[{"taxonomy":"product_brand","embeddable":true,"href":"https:\/\/www.lltrezor.sk\/shop\/wp-json\/wp\/v2\/product_brand?post=13046"},{"taxonomy":"product_cat","embeddable":true,"href":"https:\/\/www.lltrezor.sk\/shop\/wp-json\/wp\/v2\/product_cat?post=13046"},{"taxonomy":"product_tag","embeddable":true,"href":"https:\/\/www.lltrezor.sk\/shop\/wp-json\/wp\/v2\/product_tag?post=13046"}],"curies":[{"name":"wp","href":"https:\/\/api.w.org\/{rel}","templated":true}]}}