{"id":13029,"date":"2025-09-22T10:09:14","date_gmt":"2025-09-22T08:09:14","guid":{"rendered":"https:\/\/www.lltrezor.sk\/shop\/?post_type=product&#038;p=13029"},"modified":"2026-02-19T18:18:09","modified_gmt":"2026-02-19T17:18:09","slug":"euron-4300","status":"publish","type":"product","link":"https:\/\/www.lltrezor.sk\/shop\/product\/euron-4300\/","title":{"rendered":"EURON 4300"},"content":{"rendered":"<div class=\"product-sdesc\">\n<p data-start=\"238\" data-end=\"557\"><strong data-start=\"238\" data-end=\"260\">Trezory EURON 4300<\/strong> s\u00fa <strong data-start=\"264\" data-end=\"334\">certifikovan\u00e9 v IV. bezpe\u010dnostnej triede pod\u013ea EN 1143-1 + A1:2009<\/strong>, ur\u010den\u00e9 pre bezpe\u010dn\u00e9 ulo\u017eenie <strong data-start=\"365\" data-end=\"442\">v\u00e4\u010d\u0161ieho objemu hotovosti, \u0161perkov, cennost\u00ed alebo utajovan\u00fdch dokumentov<\/strong>. Ide o <strong data-start=\"450\" data-end=\"496\">pr\u00e9miov\u00fd trezor pre n\u00e1ro\u010dn\u00fdch pou\u017e\u00edvate\u013eov<\/strong>, kde je vy\u017eadovan\u00e1 <strong data-start=\"516\" data-end=\"554\">maxim\u00e1lna ochrana ulo\u017een\u00e9ho obsahu<\/strong>.<\/p>\n<hr data-start=\"559\" data-end=\"562\" \/>\n<h4 data-start=\"564\" data-end=\"606\">\ud83d\udee1\ufe0f Certifik\u00e1cia a bezpe\u010dnostn\u00e1 trieda<\/h4>\n<ul>\n<li data-start=\"564\" data-end=\"606\"><strong data-start=\"609\" data-end=\"656\">IV. bezpe\u010dnostn\u00e1 trieda EN 1143-1 + A1:2009<\/strong><\/li>\n<li data-start=\"564\" data-end=\"606\">vhodn\u00fd pre <strong data-start=\"672\" data-end=\"719\">dom\u00e1cnosti, kancel\u00e1rie, firmy aj in\u0161tit\u00facie<\/strong><\/li>\n<li data-start=\"564\" data-end=\"606\">navrhnut\u00fd na ulo\u017eenie <strong data-start=\"746\" data-end=\"794\">cennost\u00ed, hotovosti a utajovan\u00fdch dokumentov<\/strong><\/li>\n<\/ul>\n<hr data-start=\"798\" data-end=\"801\" \/>\n<h3 data-start=\"803\" data-end=\"829\">\ud83d\udd11 Z\u00e1mky a elektronika<\/h3>\n<ul>\n<li>hlavn\u00fd z\u00e1mok: <strong data-start=\"846\" data-end=\"879\">\u010dasov\u00fd z\u00e1mok SOPHIA TimeLock\u00ae<\/strong>\n<ul>\n<li data-start=\"886\" data-end=\"915\">a\u017e <strong data-start=\"889\" data-end=\"913\">10 nez\u00e1visl\u00fdch k\u00f3dov<\/strong><\/li>\n<li data-start=\"920\" data-end=\"957\"><strong data-start=\"920\" data-end=\"955\">oneskoren\u00e9 otvorenie 0\u201399 min\u00fat<\/strong><\/li>\n<li data-start=\"962\" data-end=\"1031\">re\u017eim <strong data-start=\"968\" data-end=\"983\">\u201edve osoby\u201c<\/strong> \u2013 otvorenie len po zadan\u00ed dvoch r\u00f4znych k\u00f3dov<\/li>\n<\/ul>\n<\/li>\n<li>mechanick\u00e9 z\u00e1mky: <strong data-start=\"1052\" data-end=\"1085\">MAUER Class B + MAUER Class B<\/strong><\/li>\n<li>vn\u00fatorn\u00e1 uzamykate\u013en\u00e1 schr\u00e1nka: <strong data-start=\"1122\" data-end=\"1141\">Lowe &amp; Fletcher<\/strong><\/li>\n<li>elektronika zaznamen\u00e1va <strong data-start=\"1170\" data-end=\"1198\">posledn\u00fdch 4095 udalost\u00ed<\/strong>, d\u00e1 sa prenies\u0165 do PC<\/li>\n<li>otvorenie trezora vy\u017eaduje kombin\u00e1ciu <strong data-start=\"1263\" data-end=\"1307\">elektronick\u00e9ho k\u00f3du a mechanick\u00e9ho k\u013e\u00fa\u010da<\/strong>, n\u00fadzovo \u010fal\u0161\u00ed mechanick\u00fd z\u00e1mok MAUER Class B<\/li>\n<\/ul>\n<hr data-start=\"1357\" data-end=\"1360\" \/>\n<h3 data-start=\"1362\" data-end=\"1391\">\u2699\ufe0f Kon\u0161trukcia a kotvenie<\/h3>\n<ul>\n<li data-start=\"1394\" data-end=\"1441\">viacpl\u00e1\u0161\u0165ov\u00e1 kon\u0161trukcia s vysokou odolnos\u0165ou<\/li>\n<li data-start=\"1444\" data-end=\"1528\">vn\u00fatorn\u00e9 vybavenie: <strong data-start=\"1464\" data-end=\"1526\">1 samostatne uzamykate\u013en\u00e1 schr\u00e1nka a 2 nastavite\u013en\u00e9 police<\/strong><\/li>\n<li data-start=\"1531\" data-end=\"1600\">mo\u017enos\u0165 <strong data-start=\"1539\" data-end=\"1562\">kotvenia do podlahy<\/strong> cez 2 otvory s kotviacimi skrutkami<\/li>\n<li data-start=\"1603\" data-end=\"1633\">z\u00e1kladn\u00e1 farba: <strong data-start=\"1619\" data-end=\"1631\">antracit<\/strong><\/li>\n<\/ul>\n<hr data-start=\"1635\" data-end=\"1638\" \/>\n<h3 data-start=\"1640\" data-end=\"1672\">\ud83d\udcbb Dok\u00fapite\u013en\u00e9 pr\u00edslu\u0161enstvo<\/h3>\n<p data-start=\"1675\" data-end=\"1734\"><strong data-start=\"1675\" data-end=\"1732\">programovac\u00ed adapt\u00e9r a softv\u00e9r s bezpe\u010dnostn\u00fdm k\u013e\u00fa\u010dom<\/strong><\/p>\n<hr data-start=\"1736\" data-end=\"1739\" \/>\n<h3 data-start=\"1741\" data-end=\"1782\">\u2714\ufe0f Pre\u010do si vybra\u0165 trezor EURON 4300?<\/h3>\n<ul>\n<li data-start=\"1785\" data-end=\"1854\"><strong data-start=\"1785\" data-end=\"1832\">IV. bezpe\u010dnostn\u00e1 trieda EN 1143-1 + A1:2009<\/strong> \u2013 maxim\u00e1lna ochrana<\/li>\n<li data-start=\"1857\" data-end=\"1916\"><strong data-start=\"1857\" data-end=\"1890\">\u010dasov\u00fd z\u00e1mok SOPHIA TimeLock\u00ae<\/strong> s pokro\u010dil\u00fdmi funkciami<\/li>\n<li data-start=\"1919\" data-end=\"1992\">kombin\u00e1cia elektronick\u00e9ho a <strong data-start=\"1947\" data-end=\"1990\">dvoch mechanick\u00fdch z\u00e1mkov MAUER Class B<\/strong><\/li>\n<li data-start=\"1995\" data-end=\"2049\">vn\u00fatorn\u00e1 uzamykate\u013en\u00e1 schr\u00e1nka a nastavite\u013en\u00e9 police<\/li>\n<li data-start=\"2052\" data-end=\"2120\">z\u00e1znam udalost\u00ed a mo\u017enos\u0165 pripojenia k elektronick\u00e9mu zabezpe\u010deniu<\/li>\n<\/ul>\n<\/div>\n","protected":false},"excerpt":{"rendered":"<p>Bezpe\u010dn\u00e9 ulo\u017eenie v\u00e4\u010d\u0161ieho objemu hotovosti, \u0161perkov, cennost\u00ed alebo utajovan\u00fdch dokumentov<\/p>\n","protected":false},"featured_media":13031,"comment_status":"open","ping_status":"closed","template":"","meta":{"_monsterinsights_skip_tracking":false,"_monsterinsights_sitenote_active":false,"_monsterinsights_sitenote_note":"","_monsterinsights_sitenote_category":0},"product_brand":[676],"product_cat":[1443,559],"product_tag":[721],"class_list":{"0":"post-13029","1":"product","2":"type-product","3":"status-publish","4":"has-post-thumbnail","6":"product_brand-safetronics","7":"product_cat-trezory_lltrezor","8":"product_cat-ohnuvzodrne-trezory-na-dokumenty","9":"product_tag-euron","10":"product_shipping_class-od-6001-kg-do-1000kg","11":"pa_bezpecnostna-trieda-stn-en-1300-zamkovy-mechanizmus-v-bezpecnostnej-triede-b","12":"pa_bezpecnostna-trieda-en-1143-1-v-bezpecnostnej-triede-iv","13":"pa_material-ocel","14":"pa_miesto-instalacie-volne-stojace","15":"pa_typ-zamku-me-s-elektronickym-zamkom-mechanicky-zamok","16":"pa_vnutorna-hlbka-755","17":"pa_vnutorna-sirka-685","18":"pa_vnutorna-vyska-738","19":"pa_vnutorny-objem-754","20":"pa_vonkajsia-hlbka-661","21":"pa_vonkajsia-sirka-756","22":"pa_vonkajsia-vyska-757","23":"ts_product_brand-safetronics","25":"first","26":"onbackorder","27":"taxable","28":"shipping-taxable","29":"purchasable","30":"product-type-variable"},"aioseo_notices":[],"jetpack_sharing_enabled":true,"_links":{"self":[{"href":"https:\/\/www.lltrezor.sk\/shop\/wp-json\/wp\/v2\/product\/13029","targetHints":{"allow":["GET"]}}],"collection":[{"href":"https:\/\/www.lltrezor.sk\/shop\/wp-json\/wp\/v2\/product"}],"about":[{"href":"https:\/\/www.lltrezor.sk\/shop\/wp-json\/wp\/v2\/types\/product"}],"replies":[{"embeddable":true,"href":"https:\/\/www.lltrezor.sk\/shop\/wp-json\/wp\/v2\/comments?post=13029"}],"wp:featuredmedia":[{"embeddable":true,"href":"https:\/\/www.lltrezor.sk\/shop\/wp-json\/wp\/v2\/media\/13031"}],"wp:attachment":[{"href":"https:\/\/www.lltrezor.sk\/shop\/wp-json\/wp\/v2\/media?parent=13029"}],"wp:term":[{"taxonomy":"product_brand","embeddable":true,"href":"https:\/\/www.lltrezor.sk\/shop\/wp-json\/wp\/v2\/product_brand?post=13029"},{"taxonomy":"product_cat","embeddable":true,"href":"https:\/\/www.lltrezor.sk\/shop\/wp-json\/wp\/v2\/product_cat?post=13029"},{"taxonomy":"product_tag","embeddable":true,"href":"https:\/\/www.lltrezor.sk\/shop\/wp-json\/wp\/v2\/product_tag?post=13029"}],"curies":[{"name":"wp","href":"https:\/\/api.w.org\/{rel}","templated":true}]}}