{"id":12866,"date":"2025-09-09T21:01:10","date_gmt":"2025-09-09T19:01:10","guid":{"rendered":"https:\/\/www.lltrezor.sk\/shop\/?post_type=product&#038;p=12866"},"modified":"2026-02-19T18:25:36","modified_gmt":"2026-02-19T17:25:36","slug":"tss-160-k3","status":"publish","type":"product","link":"https:\/\/www.lltrezor.sk\/shop\/product\/tss-160-k3\/","title":{"rendered":"TSS 160 K3"},"content":{"rendered":"<p data-start=\"180\" data-end=\"314\"><strong data-start=\"180\" data-end=\"204\">Trezorov\u00e9 skrine TSS<\/strong> s\u00fa ide\u00e1lne pre s\u00fakromn\u00e9 osoby, zbroj\u00e1rske kluby alebo bezpe\u010dnostn\u00e9 zlo\u017eky, ktor\u00e9 potrebuj\u00fa bezpe\u010dne ulo\u017ei\u0165:<\/p>\n<ul>\n<li data-start=\"317\" data-end=\"336\"><strong data-start=\"317\" data-end=\"334\">3 dlh\u00e9 zbrane<\/strong><\/li>\n<li data-start=\"339\" data-end=\"389\"><strong data-start=\"339\" data-end=\"351\">Strelivo<\/strong> v samostatne uzamykate\u013enej schr\u00e1nke<\/li>\n<li data-start=\"392\" data-end=\"438\">Dokumenty alebo drobn\u00e9 cennosti na policiach<\/li>\n<\/ul>\n<p data-start=\"440\" data-end=\"576\">Tieto skrine s\u00fa <strong data-start=\"456\" data-end=\"523\">certifikovan\u00e9 v I. bezpe\u010dnostnej triede pod\u013ea EN 1143-1+A1:2009<\/strong> a maj\u00fa <strong data-start=\"531\" data-end=\"575\">certifik\u00e1t NB\u00da \u2013 stupe\u0148 utajenia &#8220;Tajn\u00e9&#8221;<\/strong>.<\/p>\n<hr data-start=\"578\" data-end=\"581\" \/>\n<h3 data-start=\"583\" data-end=\"614\">\ud83c\udfd7\ufe0f Bezpe\u010dnostn\u00e1 kon\u0161trukcia<\/h3>\n<ul>\n<li data-start=\"617\" data-end=\"671\"><strong data-start=\"617\" data-end=\"639\">Dvojpl\u00e1\u0161\u0165ov\u00e9 steny<\/strong> vyplnen\u00e9 izola\u010dn\u00fdm materi\u00e1lom<\/li>\n<li data-start=\"674\" data-end=\"708\"><strong data-start=\"674\" data-end=\"706\">Dvojpl\u00e1\u0161\u0165ov\u00e9 zosilnen\u00e9 dvere<\/strong><\/li>\n<li data-start=\"711\" data-end=\"764\"><strong data-start=\"711\" data-end=\"735\">Trojsmern\u00e9 zamykanie<\/strong> so siln\u00fdmi oce\u013eov\u00fdmi \u010dapmi<\/li>\n<li data-start=\"767\" data-end=\"818\"><strong data-start=\"767\" data-end=\"790\">Kotvenie do podlahy<\/strong> cez predpripraven\u00e9 otvory<\/li>\n<li data-start=\"821\" data-end=\"839\"><strong data-start=\"821\" data-end=\"837\">Typy z\u00e1mkov:<\/strong>\n<ul>\n<li data-start=\"844\" data-end=\"872\">Mechanick\u00fd z\u00e1mok <strong data-start=\"861\" data-end=\"870\">MAUER<\/strong><\/li>\n<li data-start=\"877\" data-end=\"906\">Mechanick\u00fd z\u00e1mok <strong data-start=\"894\" data-end=\"904\">LAGARD<\/strong><\/li>\n<li data-start=\"911\" data-end=\"942\">Kombin\u00e1cia <strong data-start=\"922\" data-end=\"940\">MAUER + LAGARD<\/strong><\/li>\n<li data-start=\"947\" data-end=\"1003\">Kombin\u00e1cia <strong data-start=\"958\" data-end=\"1001\">MAUER + elektronick\u00fd z\u00e1mok SAFEtronics\u00ae<\/strong><\/li>\n<\/ul>\n<\/li>\n<\/ul>\n<hr data-start=\"1005\" data-end=\"1008\" \/>\n<h3 data-start=\"1010\" data-end=\"1034\">\ud83d\udce6 Vn\u00fatorn\u00e9 vybavenie<\/h3>\n<ul>\n<li data-start=\"1037\" data-end=\"1067\"><strong data-start=\"1037\" data-end=\"1065\">Opierka na 3 dlh\u00e9 zbrane<\/strong><\/li>\n<li data-start=\"1070\" data-end=\"1101\"><strong data-start=\"1070\" data-end=\"1099\">Dr\u017eiak na \u010distenie zbran\u00ed<\/strong><\/li>\n<li data-start=\"1104\" data-end=\"1139\"><strong data-start=\"1104\" data-end=\"1137\">3 v\u00fd\u0161kovo nastavite\u013en\u00e9 police<\/strong><\/li>\n<li data-start=\"1142\" data-end=\"1205\"><strong data-start=\"1142\" data-end=\"1178\">Samostatne uzamykate\u013en\u00e1 schr\u00e1nka<\/strong> vo vrchnej \u010dasti trezora<\/li>\n<\/ul>\n<hr data-start=\"1207\" data-end=\"1210\" \/>\n<h3 data-start=\"1212\" data-end=\"1245\">\ud83c\udfa8 Dizajn a farebn\u00e9 prevedenie<\/h3>\n<ul>\n<li data-start=\"1248\" data-end=\"1269\"><strong data-start=\"1248\" data-end=\"1258\">Farba:<\/strong> antracit<\/li>\n<li data-start=\"1272\" data-end=\"1309\"><strong data-start=\"1272\" data-end=\"1284\">V\u00fdrobca:<\/strong> Safetronics, Slovensko<\/li>\n<\/ul>\n<hr data-start=\"1311\" data-end=\"1314\" \/>\n<h3 data-start=\"1316\" data-end=\"1334\">\u2705 Hlavn\u00e9 v\u00fdhody<\/h3>\n<ul>\n<li data-start=\"1337\" data-end=\"1411\"><strong data-start=\"1337\" data-end=\"1361\">Maxim\u00e1lna bezpe\u010dnos\u0165<\/strong> so \u0161tandardom I. bezpe\u010dnostnej triedy EN 1143-1<\/li>\n<li data-start=\"1414\" data-end=\"1481\"><strong data-start=\"1414\" data-end=\"1450\">Flexibiln\u00e9 vn\u00fatorn\u00e9 usporiadanie<\/strong> \u2013 poli\u010dky, schr\u00e1nka, dr\u017eiaky<\/li>\n<li data-start=\"1484\" data-end=\"1544\"><strong data-start=\"1484\" data-end=\"1542\">Mo\u017enos\u0165 kombin\u00e1cie mechanick\u00e9ho a elektronick\u00e9ho z\u00e1mku<\/strong><\/li>\n<li data-start=\"1547\" data-end=\"1606\"><strong data-start=\"1547\" data-end=\"1582\">Odoln\u00e1 dvojpl\u00e1\u0161\u0165ov\u00e1 kon\u0161trukcia<\/strong> s kotven\u00edm do podlahy<\/li>\n<\/ul>\n","protected":false},"excerpt":{"rendered":"<p>Trezorov\u00e1 skri\u0148a TSS \u2013 bezpe\u010dn\u00e9 ulo\u017eenie 3 dlh\u00fdch zbran\u00ed<\/p>\n","protected":false},"featured_media":12871,"comment_status":"open","ping_status":"closed","template":"","meta":{"_monsterinsights_skip_tracking":false,"_monsterinsights_sitenote_active":false,"_monsterinsights_sitenote_note":"","_monsterinsights_sitenote_category":0},"product_brand":[676],"product_cat":[84],"product_tag":[689],"class_list":{"0":"post-12866","1":"product","2":"type-product","3":"status-publish","4":"has-post-thumbnail","6":"product_brand-safetronics","7":"product_cat-trezory-na-dlhe-zbrane","8":"product_tag-tss","9":"product_shipping_class-od-2001-kg-do-300kg","10":"pa_bezpecnostna-trieda-nbu-tajne","11":"pa_bezpecnostna-trieda-bezpecnostnej-triedy-a-v-zmysle-normy-en-1300","12":"pa_bezpecnostna-trieda-norma-en1143-1-v-bezpecnostnej-triede-i","13":"pa_material-ocel","14":"pa_miesto-instalacie-volne-stojace","15":"pa_typ-zamku-elektronicky-zamok-kluc","16":"pa_typ-zamku-kodovy-kombinacny-zamok","17":"pa_typ-zamku-mechanicky-kombinacny-zamok-kluc","18":"pa_typ-zamku-mechanicky-zamok","19":"pa_vnutorna-hlbka-598","20":"pa_vnutorna-sirka-685","21":"pa_vnutorna-vyska-686","22":"pa_vnutorny-objem-669","23":"pa_vonkajsia-hlbka-687","24":"pa_vonkajsia-sirka-688","25":"pa_vonkajsia-vyska-546","26":"ts_product_brand-safetronics","28":"first","29":"onbackorder","30":"taxable","31":"shipping-taxable","32":"purchasable","33":"product-type-variable"},"aioseo_notices":[],"jetpack_sharing_enabled":true,"_links":{"self":[{"href":"https:\/\/www.lltrezor.sk\/shop\/wp-json\/wp\/v2\/product\/12866","targetHints":{"allow":["GET"]}}],"collection":[{"href":"https:\/\/www.lltrezor.sk\/shop\/wp-json\/wp\/v2\/product"}],"about":[{"href":"https:\/\/www.lltrezor.sk\/shop\/wp-json\/wp\/v2\/types\/product"}],"replies":[{"embeddable":true,"href":"https:\/\/www.lltrezor.sk\/shop\/wp-json\/wp\/v2\/comments?post=12866"}],"wp:featuredmedia":[{"embeddable":true,"href":"https:\/\/www.lltrezor.sk\/shop\/wp-json\/wp\/v2\/media\/12871"}],"wp:attachment":[{"href":"https:\/\/www.lltrezor.sk\/shop\/wp-json\/wp\/v2\/media?parent=12866"}],"wp:term":[{"taxonomy":"product_brand","embeddable":true,"href":"https:\/\/www.lltrezor.sk\/shop\/wp-json\/wp\/v2\/product_brand?post=12866"},{"taxonomy":"product_cat","embeddable":true,"href":"https:\/\/www.lltrezor.sk\/shop\/wp-json\/wp\/v2\/product_cat?post=12866"},{"taxonomy":"product_tag","embeddable":true,"href":"https:\/\/www.lltrezor.sk\/shop\/wp-json\/wp\/v2\/product_tag?post=12866"}],"curies":[{"name":"wp","href":"https:\/\/api.w.org\/{rel}","templated":true}]}}