{"id":12846,"date":"2025-09-09T19:30:44","date_gmt":"2025-09-09T17:30:44","guid":{"rendered":"https:\/\/www.lltrezor.sk\/shop\/?post_type=product&#038;p=12846"},"modified":"2026-02-19T18:26:40","modified_gmt":"2026-02-19T17:26:40","slug":"iveta-5-pm","status":"publish","type":"product","link":"https:\/\/www.lltrezor.sk\/shop\/product\/iveta-5-pm\/","title":{"rendered":"IVETA 5 PMs\/PMEs"},"content":{"rendered":"<p data-start=\"241\" data-end=\"446\"><strong data-start=\"241\" data-end=\"275\">Dvojpl\u00e1\u0161\u0165ov\u00fd archiva\u010dn\u00fd trezor<\/strong> je ide\u00e1lny na <strong data-start=\"290\" data-end=\"340\">bezpe\u010dn\u00e9 ulo\u017eenie v\u00e4\u010d\u0161ieho mno\u017estva dokumentov<\/strong>, vr\u00e1tane zaklada\u010dov form\u00e1tu <strong data-start=\"369\" data-end=\"375\">A4<\/strong>, a poskytuje zv\u00fd\u0161en\u00fa ochranu v\u010faka \u0161peci\u00e1lnej v\u00fdplni medzi pl\u00e1\u0161\u0165ami.<\/p>\n<hr data-start=\"448\" data-end=\"451\" \/>\n<h3 data-start=\"453\" data-end=\"491\">\u2699\ufe0f Kon\u0161trukcia a technick\u00e9 rie\u0161enie<\/h3>\n<ul>\n<li data-start=\"495\" data-end=\"533\"><strong data-start=\"495\" data-end=\"531\">dvojpl\u00e1\u0161\u0165ov\u00e1 oce\u013eov\u00e1 kon\u0161trukcia<\/strong><\/li>\n<li data-start=\"536\" data-end=\"604\">\u0161peci\u00e1lna v\u00fdpl\u0148 medzi pl\u00e1\u0161\u0165ami pre zv\u00fd\u0161en\u00fa odolnos\u0165 proti vl\u00e1maniu<\/li>\n<li data-start=\"607\" data-end=\"662\"><strong data-start=\"607\" data-end=\"631\">3 vyberate\u013en\u00e9 police<\/strong> na dokumenty a pr\u00edslu\u0161enstvo<\/li>\n<li data-start=\"665\" data-end=\"701\"><strong data-start=\"665\" data-end=\"699\">vn\u00fatorn\u00e1 uzamykate\u013en\u00e1 schr\u00e1nka<\/strong><\/li>\n<li data-start=\"704\" data-end=\"747\">pripraven\u00e9 <strong data-start=\"715\" data-end=\"745\">kotviace otvory do podlahy<\/strong><\/li>\n<\/ul>\n<hr data-start=\"749\" data-end=\"752\" \/>\n<h3 data-start=\"754\" data-end=\"782\">\ud83d\udd12 Zamykanie a bezpe\u010dnos\u0165<\/h3>\n<ul>\n<li data-start=\"786\" data-end=\"824\"><strong data-start=\"786\" data-end=\"822\">trojsmern\u00e9 \u0161es\u0165bodov\u00e9 uzamykanie<\/strong><\/li>\n<li data-start=\"827\" data-end=\"887\"><strong data-start=\"827\" data-end=\"885\">certifik\u00e1cia EN 1143-1+A1:2009 \u2013 bezpe\u010dnostn\u00e1 trieda 0<\/strong><\/li>\n<li data-start=\"890\" data-end=\"913\">volite\u013en\u00e9 uzamykanie:\n<ul>\n<li data-start=\"918\" data-end=\"966\"><strong data-start=\"918\" data-end=\"944\">mechanick\u00fd z\u00e1mok MAUER<\/strong> \u2013 EN 1300 Class &#8220;A&#8221;<\/li>\n<li data-start=\"971\" data-end=\"1007\"><strong data-start=\"971\" data-end=\"1005\">elektronick\u00fd z\u00e1mok SAFEtronics<\/strong><\/li>\n<\/ul>\n<\/li>\n<\/ul>\n<hr data-start=\"1009\" data-end=\"1012\" \/>\n<h3 data-start=\"1014\" data-end=\"1035\">\ud83c\udfa8 Povrch a dizajn<\/h3>\n<ul>\n<li data-start=\"1039\" data-end=\"1060\">farba: <strong data-start=\"1046\" data-end=\"1058\">antracit<\/strong><\/li>\n<li data-start=\"1063\" data-end=\"1133\">elegantn\u00e9 a profesion\u00e1lne prevedenie vhodn\u00e9 pre kancel\u00e1rie a arch\u00edvy<\/li>\n<\/ul>\n<hr data-start=\"1135\" data-end=\"1138\" \/>\n<h3 data-start=\"1140\" data-end=\"1160\">\ud83c\udfed V\u00fdroba a p\u00f4vod<\/h3>\n<ul>\n<li data-start=\"1164\" data-end=\"1227\">v\u00fdrobca: <strong data-start=\"1173\" data-end=\"1225\"><span class=\"hover:entity-accent entity-underline inline cursor-pointer align-baseline\"><span class=\"whitespace-normal\">Safetronics a.s.<\/span><\/span>, Slovensko<\/strong><\/li>\n<li data-start=\"1230\" data-end=\"1345\"><strong data-start=\"1230\" data-end=\"1244\">PMs verzia<\/strong> \u2013 klasick\u00e1 archiva\u010dn\u00e1 skri\u0148a s 3 vo\u013ene nastavite\u013en\u00fdmi policami a vn\u00fatornou uzamykate\u013enou schr\u00e1nkou<\/li>\n<li data-start=\"1348\" data-end=\"1418\"><strong data-start=\"1348\" data-end=\"1363\">PMEs verzia<\/strong> \u2013 elektronick\u00e1 verzia s rovnak\u00fdm vn\u00fatorn\u00fdm vybaven\u00edm<\/li>\n<\/ul>\n<hr data-start=\"1420\" data-end=\"1423\" \/>\n<h3 data-start=\"1425\" data-end=\"1470\">\u2714\ufe0f Pre\u010do si vybra\u0165 t\u00fato archiva\u010dn\u00fa skri\u0148u?<\/h3>\n<ul>\n<li data-start=\"1474\" data-end=\"1535\">dvojpl\u00e1\u0161\u0165ov\u00e1 bezpe\u010dnostn\u00e1 kon\u0161trukcia so \u0161peci\u00e1lnou v\u00fdpl\u0148ou<\/li>\n<li data-start=\"1538\" data-end=\"1606\">certifikovan\u00e1 v bezpe\u010dnostnej triede <strong data-start=\"1575\" data-end=\"1604\">0 pod\u013ea EN 1143-1+A1:2009<\/strong><\/li>\n<li data-start=\"1609\" data-end=\"1665\">vhodn\u00e1 pre dokumenty form\u00e1tu <strong data-start=\"1638\" data-end=\"1644\">A4<\/strong>, \u0161an\u00f3ny a cennosti<\/li>\n<li data-start=\"1668\" data-end=\"1728\">vo\u013ene nastavite\u013en\u00e9 police a vn\u00fatorn\u00e1 uzamykate\u013en\u00e1 schr\u00e1nka<\/li>\n<li data-start=\"1731\" data-end=\"1780\">mo\u017enos\u0165 mechanick\u00e9ho alebo elektronick\u00e9ho z\u00e1mku<\/li>\n<li data-start=\"1783\" data-end=\"1842\">slovensk\u00e1 v\u00fdroba s overenou kvalitou <strong data-start=\"1820\" data-end=\"1840\">Safetronics a.s.<\/strong><\/li>\n<\/ul>\n","protected":false},"excerpt":{"rendered":"<p>Certifikovan\u00e1 dvojpl\u00e1\u0161\u0165ov\u00e1 archiva\u010dn\u00e1 skri\u0148a + 3 poli\u010dky + vn\u00fatorn\u00e1 schr\u00e1nka<\/p>\n","protected":false},"featured_media":12852,"comment_status":"open","ping_status":"closed","template":"","meta":{"_monsterinsights_skip_tracking":false,"_monsterinsights_sitenote_active":false,"_monsterinsights_sitenote_note":"","_monsterinsights_sitenote_category":0},"product_brand":[676],"product_cat":[300,1443,559],"product_tag":[677],"class_list":{"0":"post-12846","1":"product","2":"type-product","3":"status-publish","4":"has-post-thumbnail","6":"product_brand-safetronics","7":"product_cat-archivacne-skrine","8":"product_cat-trezory_lltrezor","9":"product_cat-ohnuvzodrne-trezory-na-dokumenty","10":"product_tag-iveta-5","11":"product_shipping_class-od-1001-kg-do-150kg","12":"pa_bezpecnostna-trieda-0-podla-en-1143-1-a12009","13":"pa_bezpecnostna-trieda-bezpecnostnej-triedy-a-v-zmysle-normy-en-1300","14":"pa_material-ocel","15":"pa_miesto-instalacie-prisposobene-na-ukotvenie-do-podlahy","16":"pa_typ-zamku-pm-s-mechanickym-zamkom","17":"pa_typ-zamku-pme-s-elektronickym-zamkom","18":"pa_vnutorna-hlbka-666","19":"pa_vnutorna-sirka-667","20":"pa_vnutorna-vyska-668","21":"pa_vnutorny-objem-669","22":"pa_vonkajsia-hlbka-670","23":"pa_vonkajsia-sirka-671","24":"pa_vonkajsia-vyska-672","25":"ts_product_brand-safetronics","27":"first","28":"onbackorder","29":"taxable","30":"shipping-taxable","31":"purchasable","32":"product-type-variable"},"aioseo_notices":[],"jetpack_sharing_enabled":true,"_links":{"self":[{"href":"https:\/\/www.lltrezor.sk\/shop\/wp-json\/wp\/v2\/product\/12846","targetHints":{"allow":["GET"]}}],"collection":[{"href":"https:\/\/www.lltrezor.sk\/shop\/wp-json\/wp\/v2\/product"}],"about":[{"href":"https:\/\/www.lltrezor.sk\/shop\/wp-json\/wp\/v2\/types\/product"}],"replies":[{"embeddable":true,"href":"https:\/\/www.lltrezor.sk\/shop\/wp-json\/wp\/v2\/comments?post=12846"}],"wp:featuredmedia":[{"embeddable":true,"href":"https:\/\/www.lltrezor.sk\/shop\/wp-json\/wp\/v2\/media\/12852"}],"wp:attachment":[{"href":"https:\/\/www.lltrezor.sk\/shop\/wp-json\/wp\/v2\/media?parent=12846"}],"wp:term":[{"taxonomy":"product_brand","embeddable":true,"href":"https:\/\/www.lltrezor.sk\/shop\/wp-json\/wp\/v2\/product_brand?post=12846"},{"taxonomy":"product_cat","embeddable":true,"href":"https:\/\/www.lltrezor.sk\/shop\/wp-json\/wp\/v2\/product_cat?post=12846"},{"taxonomy":"product_tag","embeddable":true,"href":"https:\/\/www.lltrezor.sk\/shop\/wp-json\/wp\/v2\/product_tag?post=12846"}],"curies":[{"name":"wp","href":"https:\/\/api.w.org\/{rel}","templated":true}]}}