{"id":12731,"date":"2025-09-09T06:30:05","date_gmt":"2025-09-09T04:30:05","guid":{"rendered":"https:\/\/www.lltrezor.sk\/shop\/?post_type=product&#038;p=12731"},"modified":"2026-02-19T18:30:04","modified_gmt":"2026-02-19T17:30:04","slug":"new-range-6","status":"publish","type":"product","link":"https:\/\/www.lltrezor.sk\/shop\/product\/new-range-6\/","title":{"rendered":"New Range 6"},"content":{"rendered":"<p data-start=\"165\" data-end=\"312\">Skri\u0148a ur\u010den\u00e1 pre <strong data-start=\"183\" data-end=\"254\">bezpe\u010dn\u00e9 a leg\u00e1lne ulo\u017eenie 6 ks dlh\u00fdch zbran\u00ed, streliva a pr\u00edslu\u0161enstva<\/strong>, vhodn\u00e1 pre fyzick\u00e9 osoby \u2013 dr\u017eite\u013eov zbrojn\u00e9ho preukazu.<\/p>\n<hr data-start=\"314\" data-end=\"317\" \/>\n<h3 data-start=\"319\" data-end=\"351\">\ud83d\udee1\ufe0f Bezpe\u010dnos\u0165 a kon\u0161trukcia<\/h3>\n<ul>\n<li data-start=\"354\" data-end=\"416\"><strong data-start=\"354\" data-end=\"383\">Jednopl\u00e1\u0161\u0165ov\u00e1 kon\u0161trukcia<\/strong> z oce\u013eov\u00e9ho plechu hr\u00fabky 2 mm<\/li>\n<li data-start=\"419\" data-end=\"474\"><strong data-start=\"419\" data-end=\"441\">Dvojpl\u00e1\u0161\u0165ov\u00e9 dvere<\/strong> z oce\u013eov\u00e9ho plechu hr\u00fabky 2 mm<\/li>\n<li data-start=\"477\" data-end=\"542\"><strong data-start=\"477\" data-end=\"514\">Jednosmern\u00e9 \u0161tvorbodov\u00e9 zamykanie<\/strong> s oce\u013eov\u00fdmi \u010dapmi \u00d8 20 mm<\/li>\n<li data-start=\"545\" data-end=\"593\">Z\u00e1mkov\u00fd mechanizmus <strong data-start=\"565\" data-end=\"591\">chr\u00e1nen\u00fd proti v\u0155taniu<\/strong><\/li>\n<li data-start=\"596\" data-end=\"628\"><strong data-start=\"596\" data-end=\"626\">Mechanick\u00fd trezorov\u00fd z\u00e1mok<\/strong><\/li>\n<\/ul>\n<hr data-start=\"630\" data-end=\"633\" \/>\n<h3 data-start=\"635\" data-end=\"660\">\u2699\ufe0f Vn\u00fatorn\u00e9 vybavenie<\/h3>\n<ul>\n<li data-start=\"663\" data-end=\"726\"><strong data-start=\"663\" data-end=\"692\">Molyt\u00e1nov\u00e9 opierky zbran\u00ed<\/strong> pre ulo\u017eenie a\u017e <strong>6\u00a0dlh\u00fdch zbran\u00ed<\/strong><\/li>\n<li data-start=\"663\" data-end=\"726\">Maxim\u00e1lna v\u00fd\u0161ka zbrane 130 cm<\/li>\n<li data-start=\"729\" data-end=\"762\"><strong data-start=\"815\" data-end=\"859\">Zvl\u00e1\u0161\u0165 uzamykate\u013en\u00e1 schr\u00e1nka na strelivo<\/strong><\/li>\n<\/ul>\n<hr data-start=\"982\" data-end=\"985\" \/>\n<h3 data-start=\"987\" data-end=\"1005\">\u2696\ufe0f Legislat\u00edva<\/h3>\n<ul>\n<li data-start=\"1008\" data-end=\"1102\">Skri\u0148a <strong data-start=\"1015\" data-end=\"1100\">sp\u013a\u0148a podmienky ustanoven\u00e9 v \u00a7 55 z\u00e1kona \u010d. 190\/2003 Z. z. o zbraniach a strelive<\/strong><\/li>\n<li data-start=\"1105\" data-end=\"1183\">Vhodn\u00e1 na <strong data-start=\"1115\" data-end=\"1181\">ulo\u017eenie do 10 ks streln\u00fdch zbran\u00ed alebo do 10 000 ks streliva<\/strong><\/li>\n<li data-start=\"1186\" data-end=\"1263\">Umo\u017e\u0148uje <strong data-start=\"1195\" data-end=\"1243\">leg\u00e1lnu a bezpe\u010dn\u00fa \u00faschovu zbran\u00ed a streliva<\/strong> pre fyzick\u00e9 osoby<\/li>\n<\/ul>\n<hr data-start=\"1265\" data-end=\"1268\" \/>\n<h3 data-start=\"1270\" data-end=\"1293\">\ud83c\udfa8 Povrchov\u00e1 \u00faprava<\/h3>\n<ul data-start=\"1294\" data-end=\"1313\">\n<li data-start=\"1294\" data-end=\"1313\">\n<p data-start=\"1296\" data-end=\"1313\">Farba: <strong data-start=\"1303\" data-end=\"1311\">siv\u00e1<\/strong><\/p>\n<\/li>\n<\/ul>\n<hr data-start=\"1315\" data-end=\"1318\" \/>\n<h3 data-start=\"1320\" data-end=\"1334\">\ud83c\udfed V\u00fdrobca<\/h3>\n<ul>\n<li data-start=\"1335\" data-end=\"1376\"><strong data-start=\"1335\" data-end=\"1376\"><span class=\"hover:entity-accent entity-underline inline cursor-pointer align-baseline\"><span class=\"whitespace-normal\">Trezor Liktor Zrt.<\/span><\/span><\/strong><\/li>\n<\/ul>\n<hr data-start=\"1378\" data-end=\"1381\" \/>\n<h3 data-start=\"1383\" data-end=\"1417\">\ud83d\udca1 Pre\u010do si vybra\u0165 t\u00fato skri\u0148u<\/h3>\n<ul>\n<li>\u2714\ufe0f <strong data-start=\"1423\" data-end=\"1450\">Pln\u00e1 legislat\u00edvna zhoda<\/strong> so z\u00e1konom o zbraniach a strelive<\/li>\n<li>\u2714\ufe0f <strong data-start=\"1492\" data-end=\"1530\">Spo\u013eahliv\u00e9 mechanick\u00e9 zabezpe\u010denie<\/strong> s ochranou proti v\u0155taniu<\/li>\n<li>\u2714\ufe0f <strong data-start=\"1563\" data-end=\"1598\">Preh\u013eadn\u00e9 vn\u00fatorn\u00e9 usporiadanie<\/strong> \u2013 zbrane, strelivo aj pr\u00edslu\u0161enstvo<\/li>\n<li>\u2714\ufe0f <strong data-start=\"1642\" data-end=\"1672\">Odoln\u00e1 oce\u013eov\u00e1 kon\u0161trukcia<\/strong> vhodn\u00e1 na dlhodob\u00e9 pou\u017e\u00edvanie<\/li>\n<li>\u2714\ufe0f <strong data-start=\"1710\" data-end=\"1738\">Bezpe\u010dn\u00e9 ulo\u017eenie zbran\u00ed<\/strong> v\u010faka molyt\u00e1nov\u00fdm opierkam<\/li>\n<\/ul>\n","protected":false},"excerpt":{"rendered":"<p>Skri\u0148a na ulo\u017eenie 6 ks dlh\u00fdch zbran\u00ed<\/p>\n","protected":false},"featured_media":12746,"comment_status":"open","ping_status":"closed","template":"","meta":{"_monsterinsights_skip_tracking":false,"_monsterinsights_sitenote_active":false,"_monsterinsights_sitenote_note":"","_monsterinsights_sitenote_category":0},"product_brand":[318],"product_cat":[82],"product_tag":[637],"class_list":{"0":"post-12731","1":"product","2":"type-product","3":"status-publish","4":"has-post-thumbnail","6":"product_brand-trezor-liktor","7":"product_cat-skrine-na-dlhe-zbrane","8":"product_tag-new-range","9":"product_shipping_class-od-251-kg-do-40kg","10":"pa_bezpecnostna-trieda-bezpecnostnej-triedy-a-v-zmysle-normy-en-1300","11":"pa_material-ocel","12":"pa_miesto-instalacie-volne-stojace","13":"pa_vnutorna-hlbka-635","14":"pa_vnutorna-sirka-636","15":"pa_vnutorna-vyska-567","16":"pa_vnutorny-objem-537","17":"pa_vonkajsia-hlbka-618","18":"pa_vonkajsia-sirka-632","19":"pa_vonkajsia-vyska-581","20":"ts_product_brand-trezor-liktor","22":"first","23":"instock","24":"taxable","25":"shipping-taxable","26":"purchasable","27":"product-type-simple"},"aioseo_notices":[],"jetpack_sharing_enabled":true,"_links":{"self":[{"href":"https:\/\/www.lltrezor.sk\/shop\/wp-json\/wp\/v2\/product\/12731","targetHints":{"allow":["GET"]}}],"collection":[{"href":"https:\/\/www.lltrezor.sk\/shop\/wp-json\/wp\/v2\/product"}],"about":[{"href":"https:\/\/www.lltrezor.sk\/shop\/wp-json\/wp\/v2\/types\/product"}],"replies":[{"embeddable":true,"href":"https:\/\/www.lltrezor.sk\/shop\/wp-json\/wp\/v2\/comments?post=12731"}],"wp:featuredmedia":[{"embeddable":true,"href":"https:\/\/www.lltrezor.sk\/shop\/wp-json\/wp\/v2\/media\/12746"}],"wp:attachment":[{"href":"https:\/\/www.lltrezor.sk\/shop\/wp-json\/wp\/v2\/media?parent=12731"}],"wp:term":[{"taxonomy":"product_brand","embeddable":true,"href":"https:\/\/www.lltrezor.sk\/shop\/wp-json\/wp\/v2\/product_brand?post=12731"},{"taxonomy":"product_cat","embeddable":true,"href":"https:\/\/www.lltrezor.sk\/shop\/wp-json\/wp\/v2\/product_cat?post=12731"},{"taxonomy":"product_tag","embeddable":true,"href":"https:\/\/www.lltrezor.sk\/shop\/wp-json\/wp\/v2\/product_tag?post=12731"}],"curies":[{"name":"wp","href":"https:\/\/api.w.org\/{rel}","templated":true}]}}