{"id":12711,"date":"2025-09-08T21:00:33","date_gmt":"2025-09-08T19:00:33","guid":{"rendered":"https:\/\/www.lltrezor.sk\/shop\/?post_type=product&#038;p=12711"},"modified":"2026-03-29T09:43:38","modified_gmt":"2026-03-29T07:43:38","slug":"alpha-8","status":"publish","type":"product","link":"https:\/\/www.lltrezor.sk\/shop\/product\/alpha-8\/","title":{"rendered":"Alpha 8"},"content":{"rendered":"<div class=\"product-sdesc\">\n<div class=\"product-sdesc\">\n<div class=\"product-sdesc\">\n<div class=\"product-sdesc\">\n<div class=\"product-sdesc\">\n<div class=\"product-sdesc\">\n<div class=\"product-sdesc\">\n<div class=\"product-sdesc\">\n<div class=\"product-sdesc\">\n<div class=\"product-sdesc\">\n<div class=\"product-sdesc\">\n<div class=\"product-sdesc\">\n<p data-start=\"160\" data-end=\"391\">Bezpe\u010dnostn\u00e1 skri\u0148a ur\u010den\u00e1 na <strong data-start=\"190\" data-end=\"224\">ulo\u017eenie a\u017e 8 ks dlh\u00fdch zbran\u00ed<\/strong>, streliva a pr\u00edslu\u0161enstva. Ide\u00e1lna pre po\u013eovn\u00edkov, \u0161portov\u00fdch strelcov a s\u00fakromn\u00fdch pou\u017e\u00edvate\u013eov, ktor\u00ed po\u017eaduj\u00fa bezpe\u010dn\u00e9 a preh\u013eadn\u00e9 uskladnenie zbran\u00ed a streliva.<\/p>\n<hr data-start=\"393\" data-end=\"396\" \/>\n<h3 data-start=\"398\" data-end=\"431\">\ud83d\udee1\ufe0f Z\u00e1konn\u00e1 zhoda a bezpe\u010dnos\u0165<\/h3>\n<ul>\n<li data-start=\"435\" data-end=\"522\">sp\u013a\u0148a podmienky ustanoven\u00e9 v <strong data-start=\"464\" data-end=\"520\">\u00a7 55 z\u00e1kona \u010d. 190\/2003 Z. z. o zbraniach a strelive<\/strong><\/li>\n<li data-start=\"525\" data-end=\"594\">vhodn\u00e1 na bezpe\u010dn\u00e9 ulo\u017eenie dlh\u00fdch zbran\u00ed, streliva a pr\u00edslu\u0161enstva<\/li>\n<li data-start=\"597\" data-end=\"687\">robustn\u00e1 kon\u0161trukcia a viacbodov\u00e9 zamykanie zvy\u0161uj\u00fa ochranu proti neopr\u00e1vnen\u00e9mu pr\u00edstupu<\/li>\n<\/ul>\n<hr data-start=\"689\" data-end=\"692\" \/>\n<h3 data-start=\"694\" data-end=\"732\">\u2699\ufe0f Kon\u0161trukcia a technick\u00e9 rie\u0161enie<\/h3>\n<ul>\n<li data-start=\"736\" data-end=\"798\"><strong data-start=\"736\" data-end=\"765\">jednopl\u00e1\u0161\u0165ov\u00e1 kon\u0161trukcia<\/strong> z oce\u013eov\u00e9ho plechu hr\u00fabky 2 mm<\/li>\n<li data-start=\"801\" data-end=\"865\"><strong data-start=\"801\" data-end=\"833\">dvojpl\u00e1\u0161\u0165ov\u00e9 zosilnen\u00e9 dvere<\/strong> s kon\u0161trukciou proti vl\u00e1maniu<\/li>\n<li data-start=\"868\" data-end=\"917\"><strong data-start=\"868\" data-end=\"915\">trojstrann\u00fd p\u00e4\u0165bodov\u00fd rozvorov\u00fd mechanizmus<\/strong><\/li>\n<li data-start=\"920\" data-end=\"951\">oce\u013eov\u00e9 z\u00e1vorov\u00e9 \u010dapy \u00d8 22 mm<\/li>\n<li data-start=\"954\" data-end=\"1003\">dostato\u010dn\u00fd priestor aj pre zbrane s pu\u0161koh\u013eadom<\/li>\n<li data-start=\"1006\" data-end=\"1053\">maxim\u00e1lna d\u013a\u017eka ulo\u017een\u00fdch zbran\u00ed: <strong data-start=\"1040\" data-end=\"1051\">1300 mm<\/strong><\/li>\n<\/ul>\n<hr data-start=\"1055\" data-end=\"1058\" \/>\n<h3>\ud83d\udd11 Zamykanie<\/h3>\n<ul>\n<li data-start=\"1079\" data-end=\"1111\">volite\u013en\u00e9 mo\u017enosti uzamykania:<\/li>\n<li data-start=\"1116\" data-end=\"1142\">mechanick\u00fd z\u00e1mok na k\u013e\u00fa\u010d<\/li>\n<li data-start=\"1147\" data-end=\"1167\">elektronick\u00fd z\u00e1mok<\/li>\n<li data-start=\"1170\" data-end=\"1207\">2 ks trezorov\u00e9 <strong data-start=\"1185\" data-end=\"1205\">mot\u00fdlikov\u00e9 k\u013e\u00fa\u010de<\/strong><\/li>\n<li data-start=\"1210\" data-end=\"1262\">2 ks k\u013e\u00fa\u010de s poradov\u00fdm \u010d\u00edslom k vn\u00fatornej schr\u00e1nke<\/li>\n<\/ul>\n<hr data-start=\"1264\" data-end=\"1267\" \/>\n<h3>\ud83d\udce6 Vn\u00fatorn\u00e9 vybavenie<\/h3>\n<ul>\n<li data-start=\"1297\" data-end=\"1347\"><strong data-start=\"1297\" data-end=\"1345\">samostatne uzamykate\u013en\u00e1 schr\u00e1nka na strelivo<\/strong><\/li>\n<li data-start=\"1352\" data-end=\"1409\">rozmery: <strong data-start=\"1361\" data-end=\"1383\">210 \u00d7 185 \u00d7 450 mm<\/strong> (h\u013abka \u00d7 v\u00fd\u0161ka \u00d7 \u0161\u00edrka)<\/li>\n<li data-start=\"1414\" data-end=\"1455\">otvor: <strong data-start=\"1421\" data-end=\"1437\">115 \u00d7 300 mm<\/strong> (v\u00fd\u0161ka \u00d7 \u0161\u00edrka)<\/li>\n<li data-start=\"1458\" data-end=\"1507\">molitanov\u00e1 opierka pre bezpe\u010dn\u00e9 ulo\u017eenie zbran\u00ed<\/li>\n<li data-start=\"1510\" data-end=\"1576\">dr\u017eiaky na \u010distiace pom\u00f4cky umiestnen\u00e9 na vn\u00fatornej strane dver\u00ed<\/li>\n<\/ul>\n<hr data-start=\"1578\" data-end=\"1581\" \/>\n<h3>\ud83e\uddf1 Kotvenie<\/h3>\n<ul>\n<li data-start=\"1601\" data-end=\"1652\">pripraven\u00e1 na <strong data-start=\"1615\" data-end=\"1650\">kotvenie do podlahy aj do steny<\/strong><\/li>\n<li data-start=\"1655\" data-end=\"1691\">kotviaci materi\u00e1l s\u00fa\u010das\u0165ou balenia<\/li>\n<\/ul>\n<hr data-start=\"1693\" data-end=\"1696\" \/>\n<h3>\ud83c\udfa8 Povrchov\u00e1 \u00faprava<\/h3>\n<ul>\n<li data-start=\"1724\" data-end=\"1761\">z\u00e1kladn\u00e1 farba: <strong data-start=\"1740\" data-end=\"1759\">\u010dierna RAL 9005<\/strong><\/li>\n<li data-start=\"1764\" data-end=\"1822\">ostatn\u00e9 farby pod\u013ea <strong data-start=\"1784\" data-end=\"1798\">RAL palety<\/strong> na objedn\u00e1vku (+10 %)<\/li>\n<\/ul>\n<hr data-start=\"1824\" data-end=\"1827\" \/>\n<h3>\ud83c\udfed V\u00fdrobca<\/h3>\n<ul>\n<li data-start=\"1846\" data-end=\"1898\"><strong data-start=\"1846\" data-end=\"1858\">v\u00fdrobca:<\/strong> <span class=\"hover:entity-accent entity-underline inline cursor-pointer align-baseline\"><span class=\"whitespace-normal\">Trezor-Liktor Zrt.<\/span><\/span><\/li>\n<li data-start=\"1901\" data-end=\"1918\">p\u00f4vod: Ma\u010farsko<\/li>\n<\/ul>\n<hr data-start=\"1920\" data-end=\"1923\" \/>\n<h3>\u2714\ufe0f Pre\u010do si vybra\u0165 tento trezor?<\/h3>\n<ul>\n<li data-start=\"1964\" data-end=\"1997\">ulo\u017eenie a\u017e <strong data-start=\"1976\" data-end=\"1995\">8 dlh\u00fdch zbran\u00ed<\/strong><\/li>\n<li data-start=\"2000\" data-end=\"2046\">samostatne uzamykate\u013en\u00e1 schr\u00e1nka na strelivo<\/li>\n<li data-start=\"2049\" data-end=\"2099\">molitanov\u00e1 opierka a dr\u017eiaky na \u010distiace pom\u00f4cky<\/li>\n<li data-start=\"2102\" data-end=\"2152\">pevn\u00e1 oce\u013eov\u00e1 kon\u0161trukcia a viacbodov\u00e9 zamykanie<\/li>\n<li data-start=\"2155\" data-end=\"2200\">z\u00e1konn\u00e1 zhoda pod\u013ea \u00a7 55 z\u00e1kona o zbraniach<\/li>\n<li data-start=\"2203\" data-end=\"2229\">kvalitn\u00e1 ma\u010farsk\u00e1 v\u00fdroba<\/li>\n<\/ul>\n<\/div>\n<\/div>\n<\/div>\n<\/div>\n<\/div>\n<\/div>\n<\/div>\n<\/div>\n<\/div>\n<\/div>\n<\/div>\n<\/div>\n","protected":false},"excerpt":{"rendered":"<p>Skri\u0148a na 8 dlh\u00fdch zbran\u00ed + uzamykate\u013en\u00e1 schr\u00e1nka<\/p>\n","protected":false},"featured_media":12729,"comment_status":"open","ping_status":"closed","template":"","meta":{"_monsterinsights_skip_tracking":false,"_monsterinsights_sitenote_active":false,"_monsterinsights_sitenote_note":"","_monsterinsights_sitenote_category":0},"product_brand":[318],"product_cat":[82],"product_tag":[629],"class_list":{"0":"post-12711","1":"product","2":"type-product","3":"status-publish","4":"has-post-thumbnail","6":"product_brand-trezor-liktor","7":"product_cat-skrine-na-dlhe-zbrane","8":"product_tag-alpha","9":"product_shipping_class-od-401-kg-do-70kg","10":"pa_bezpecnostna-trieda-bezpecnostnej-triedy-a-v-zmysle-normy-en-1300","11":"pa_farba-matna-cierna","12":"pa_farba-ral-1015-bezova","13":"pa_farba-ral-6005-zelena","14":"pa_farba-ral-7024-seda","15":"pa_farba-ral-7035-svetloseda","16":"pa_farba-ral-8014-hneda","17":"pa_farba-ral-9005-cierna","18":"pa_material-ocel","19":"pa_miesto-instalacie-volne-stojace","20":"pa_typ-zamku-elektronicky-zamok","21":"pa_typ-zamku-mechanicky-zamok","22":"pa_vnutorna-hlbka-630","23":"pa_vnutorna-sirka-633","24":"pa_vnutorna-vyska-567","25":"pa_vnutorny-objem-537","26":"pa_vonkajsia-hlbka-618","27":"pa_vonkajsia-sirka-634","28":"pa_vonkajsia-vyska-581","29":"ts_product_brand-trezor-liktor","31":"first","32":"instock","33":"taxable","34":"shipping-taxable","35":"purchasable","36":"product-type-variable","37":"has-default-attributes"},"aioseo_notices":[],"jetpack_sharing_enabled":true,"_links":{"self":[{"href":"https:\/\/www.lltrezor.sk\/shop\/wp-json\/wp\/v2\/product\/12711","targetHints":{"allow":["GET"]}}],"collection":[{"href":"https:\/\/www.lltrezor.sk\/shop\/wp-json\/wp\/v2\/product"}],"about":[{"href":"https:\/\/www.lltrezor.sk\/shop\/wp-json\/wp\/v2\/types\/product"}],"replies":[{"embeddable":true,"href":"https:\/\/www.lltrezor.sk\/shop\/wp-json\/wp\/v2\/comments?post=12711"}],"wp:featuredmedia":[{"embeddable":true,"href":"https:\/\/www.lltrezor.sk\/shop\/wp-json\/wp\/v2\/media\/12729"}],"wp:attachment":[{"href":"https:\/\/www.lltrezor.sk\/shop\/wp-json\/wp\/v2\/media?parent=12711"}],"wp:term":[{"taxonomy":"product_brand","embeddable":true,"href":"https:\/\/www.lltrezor.sk\/shop\/wp-json\/wp\/v2\/product_brand?post=12711"},{"taxonomy":"product_cat","embeddable":true,"href":"https:\/\/www.lltrezor.sk\/shop\/wp-json\/wp\/v2\/product_cat?post=12711"},{"taxonomy":"product_tag","embeddable":true,"href":"https:\/\/www.lltrezor.sk\/shop\/wp-json\/wp\/v2\/product_tag?post=12711"}],"curies":[{"name":"wp","href":"https:\/\/api.w.org\/{rel}","templated":true}]}}