{"id":12691,"date":"2025-09-08T20:47:39","date_gmt":"2025-09-08T18:47:39","guid":{"rendered":"https:\/\/www.lltrezor.sk\/shop\/?post_type=product&#038;p=12691"},"modified":"2026-02-19T18:30:43","modified_gmt":"2026-02-19T17:30:43","slug":"alpha-6m","status":"publish","type":"product","link":"https:\/\/www.lltrezor.sk\/shop\/product\/alpha-6m\/","title":{"rendered":"Alpha 6M"},"content":{"rendered":"<p data-start=\"174\" data-end=\"490\">Bezpe\u010dnostn\u00e1 skri\u0148a ur\u010den\u00e1 na <strong data-start=\"204\" data-end=\"238\">ulo\u017eenie a\u017e 6 ks dlh\u00fdch zbran\u00ed<\/strong>, streliva a pr\u00edslu\u0161enstva. Sp\u013a\u0148a z\u00e1konn\u00e9 po\u017eiadavky na uchov\u00e1vanie zbran\u00ed a pon\u00faka praktick\u00e9 vn\u00fatorn\u00e9 \u010dlenenie so samostatne uzamykate\u013enou schr\u00e1nkou a policami. Ide\u00e1lne rie\u0161enie pre po\u013eovn\u00edkov, \u0161portov\u00fdch strelcov aj n\u00e1ro\u010dn\u00fdch s\u00fakromn\u00fdch pou\u017e\u00edvate\u013eov.<\/p>\n<hr data-start=\"492\" data-end=\"495\" \/>\n<h3 data-start=\"497\" data-end=\"530\">\ud83d\udee1\ufe0f Z\u00e1konn\u00e1 zhoda a bezpe\u010dnos\u0165<\/h3>\n<ul>\n<li data-start=\"534\" data-end=\"619\">sp\u013a\u0148a podmienky ustanoven\u00e9 v <strong data-start=\"563\" data-end=\"619\">\u00a7 55 z\u00e1kona \u010d. 190\/2003 Z. z. o zbraniach a strelive<\/strong><\/li>\n<li data-start=\"622\" data-end=\"689\">vhodn\u00e1 na bezpe\u010dn\u00e9 ulo\u017eenie dlh\u00fdch zbran\u00ed, streliva a pr\u00edslu\u0161enstva<\/li>\n<li data-start=\"692\" data-end=\"742\">kon\u0161trukcia navrhnut\u00e1 proti neopr\u00e1vnen\u00e9mu pr\u00edstupu<\/li>\n<\/ul>\n<hr data-start=\"744\" data-end=\"747\" \/>\n<h3 data-start=\"749\" data-end=\"789\">\u2699\ufe0f Kon\u0161trukcia a technick\u00e9 prevedenie<\/h3>\n<ul>\n<li data-start=\"793\" data-end=\"853\">jednopl\u00e1\u0161\u0165ov\u00e1 kon\u0161trukcia z oce\u013eov\u00e9ho plechu <strong data-start=\"838\" data-end=\"853\">hr\u00fabky 2 mm<\/strong><\/li>\n<li data-start=\"856\" data-end=\"918\"><strong data-start=\"856\" data-end=\"888\">dvojpl\u00e1\u0161\u0165ov\u00e9 zosilnen\u00e9 dvere<\/strong> s kon\u0161trukciou proti vl\u00e1maniu<\/li>\n<li data-start=\"921\" data-end=\"968\"><strong data-start=\"921\" data-end=\"968\">trojstrann\u00fd p\u00e4\u0165bodov\u00fd rozvorov\u00fd mechanizmus<\/strong><\/li>\n<li data-start=\"971\" data-end=\"1004\">mas\u00edvne z\u00e1vorov\u00e9 \u010dapy <strong data-start=\"993\" data-end=\"1004\">\u00d8 22 mm<\/strong><\/li>\n<li data-start=\"1007\" data-end=\"1052\">maxim\u00e1lna d\u013a\u017eka ulo\u017een\u00fdch zbran\u00ed: <strong data-start=\"1041\" data-end=\"1052\">1300 mm<\/strong><\/li>\n<li data-start=\"1055\" data-end=\"1102\">dostato\u010dn\u00fd priestor aj pre zbrane s pu\u0161koh\u013eadom<\/li>\n<\/ul>\n<hr data-start=\"1104\" data-end=\"1107\" \/>\n<h3 data-start=\"1109\" data-end=\"1124\">\ud83d\udd11 Zamykanie<\/h3>\n<ul>\n<li data-start=\"1128\" data-end=\"1158\">volite\u013en\u00e9 mo\u017enosti uzamykania:\n<ul>\n<li data-start=\"1163\" data-end=\"1187\">mechanick\u00fd z\u00e1mok na k\u013e\u00fa\u010d<\/li>\n<li data-start=\"1192\" data-end=\"1210\">elektronick\u00fd z\u00e1mok<\/li>\n<\/ul>\n<\/li>\n<li data-start=\"1213\" data-end=\"1248\">2 ks trezorov\u00e9 <strong data-start=\"1228\" data-end=\"1248\">mot\u00fdlikov\u00e9 k\u013e\u00fa\u010de<\/strong><\/li>\n<li data-start=\"1251\" data-end=\"1302\">2 ks k\u013e\u00fa\u010dov s poradov\u00fdm \u010d\u00edslom k vn\u00fatornej schr\u00e1nke<\/li>\n<\/ul>\n<hr data-start=\"1304\" data-end=\"1307\" \/>\n<h3 data-start=\"1309\" data-end=\"1333\">\ud83d\udce6 Vn\u00fatorn\u00e9 vybavenie<\/h3>\n<ul>\n<li data-start=\"1337\" data-end=\"1385\"><strong data-start=\"1337\" data-end=\"1385\">samostatne uzamykate\u013en\u00e1 schr\u00e1nka na strelivo<\/strong>\n<ul>\n<li data-start=\"1390\" data-end=\"1454\">rozmery schr\u00e1nky: <strong data-start=\"1408\" data-end=\"1430\">210 \u00d7 185 \u00d7 550 mm<\/strong> (h\u013abka \u00d7 v\u00fd\u0161ka \u00d7 \u0161\u00edrka)<\/li>\n<li data-start=\"1459\" data-end=\"1508\">rozmery dvierok: <strong data-start=\"1476\" data-end=\"1492\">120 \u00d7 400 mm<\/strong> (v\u00fd\u0161ka \u00d7 \u0161\u00edrka)<\/li>\n<\/ul>\n<\/li>\n<li data-start=\"1511\" data-end=\"1544\"><strong data-start=\"1511\" data-end=\"1544\">4 v\u00fd\u0161kovo nastavite\u013en\u00e9 police<\/strong>\n<ul>\n<li data-start=\"1549\" data-end=\"1604\">rozmery jednej police: <strong data-start=\"1572\" data-end=\"1588\">210 \u00d7 150 mm<\/strong> (h\u013abka \u00d7 \u0161\u00edrka)<\/li>\n<\/ul>\n<\/li>\n<li data-start=\"1607\" data-end=\"1654\">molitanov\u00e1 opierka pre bezpe\u010dn\u00e9 ulo\u017eenie zbran\u00ed<\/li>\n<li data-start=\"1657\" data-end=\"1721\">dr\u017eiaky na \u010distiace pom\u00f4cky umiestnen\u00e9 na vn\u00fatornej strane dver\u00ed<\/li>\n<\/ul>\n<hr data-start=\"1723\" data-end=\"1726\" \/>\n<h3 data-start=\"1728\" data-end=\"1742\">\ud83e\uddf1 Kotvenie<\/h3>\n<ul>\n<li data-start=\"1746\" data-end=\"1795\">pripraven\u00e1 na <strong data-start=\"1760\" data-end=\"1795\">kotvenie do podlahy aj do steny<\/strong><\/li>\n<li data-start=\"1798\" data-end=\"1835\">kotviaci materi\u00e1l je s\u00fa\u010das\u0165ou balenia<\/li>\n<\/ul>\n<hr data-start=\"1837\" data-end=\"1840\" \/>\n<h3 data-start=\"1842\" data-end=\"1864\">\ud83c\udfa8 Povrchov\u00e1 \u00faprava<\/h3>\n<ul>\n<li data-start=\"1868\" data-end=\"1903\">z\u00e1kladn\u00e1 farba: <strong data-start=\"1884\" data-end=\"1903\">\u010dierna RAL 9005<\/strong><\/li>\n<li data-start=\"1906\" data-end=\"1962\">ostatn\u00e9 farby pod\u013ea <strong data-start=\"1926\" data-end=\"1940\">RAL palety<\/strong> na objedn\u00e1vku (+10 %)<\/li>\n<\/ul>\n<hr data-start=\"1964\" data-end=\"1967\" \/>\n<h3 data-start=\"1969\" data-end=\"1982\">\ud83c\udfed V\u00fdrobca<\/h3>\n<ul>\n<li data-start=\"1986\" data-end=\"2038\"><strong data-start=\"1986\" data-end=\"1998\">v\u00fdrobca:<\/strong> <span class=\"hover:entity-accent entity-underline inline cursor-pointer align-baseline\"><span class=\"whitespace-normal\">Trezor-Liktor Zrt.<\/span><\/span><\/li>\n<li data-start=\"2041\" data-end=\"2056\">p\u00f4vod: Ma\u010farsko<\/li>\n<\/ul>\n<hr data-start=\"2058\" data-end=\"2061\" \/>\n<h3 data-start=\"2063\" data-end=\"2107\">\u2714\ufe0f Pre\u010do si vybra\u0165 t\u00fato skri\u0148u na zbrane?<\/h3>\n<ul>\n<li data-start=\"2111\" data-end=\"2142\">ulo\u017eenie a\u017e <strong data-start=\"2123\" data-end=\"2142\">6 dlh\u00fdch zbran\u00ed<\/strong><\/li>\n<li data-start=\"2145\" data-end=\"2189\">samostatne uzamykate\u013en\u00e1 schr\u00e1nka na strelivo<\/li>\n<li data-start=\"2192\" data-end=\"2237\">nastavite\u013en\u00e9 police a priestor pre pu\u0161koh\u013eady<\/li>\n<li data-start=\"2240\" data-end=\"2288\">pevn\u00e1 oce\u013eov\u00e1 kon\u0161trukcia a viacbodov\u00e9 zamykanie<\/li>\n<li data-start=\"2291\" data-end=\"2334\">z\u00e1konn\u00e1 zhoda pod\u013ea \u00a7 55 z\u00e1kona o zbraniach<\/li>\n<li data-start=\"2337\" data-end=\"2361\">kvalitn\u00e1 ma\u010farsk\u00e1 v\u00fdroba<\/li>\n<\/ul>\n","protected":false},"excerpt":{"rendered":"<p>Skri\u0148a na 6 dlh\u00fdch zbran\u00ed + uzamykate\u013en\u00e1 schr\u00e1nka + police<\/p>\n","protected":false},"featured_media":12707,"comment_status":"open","ping_status":"closed","template":"","meta":{"_monsterinsights_skip_tracking":false,"_monsterinsights_sitenote_active":false,"_monsterinsights_sitenote_note":"","_monsterinsights_sitenote_category":0},"product_brand":[318],"product_cat":[82],"product_tag":[629],"class_list":{"0":"post-12691","1":"product","2":"type-product","3":"status-publish","4":"has-post-thumbnail","6":"product_brand-trezor-liktor","7":"product_cat-skrine-na-dlhe-zbrane","8":"product_tag-alpha","9":"product_shipping_class-od-401-kg-do-70kg","10":"pa_bezpecnostna-trieda-bezpecnostnej-triedy-a-v-zmysle-normy-en-1300","11":"pa_farba-matna-cierna","12":"pa_farba-ral-1015-bezova","13":"pa_farba-ral-6005-zelena","14":"pa_farba-ral-7024-seda","15":"pa_farba-ral-7035-svetloseda","16":"pa_farba-ral-8014-hneda","17":"pa_farba-ral-9005-cierna","18":"pa_material-ocel","19":"pa_miesto-instalacie-volne-stojace","20":"pa_typ-zamku-elektronicky-zamok","21":"pa_typ-zamku-mechanicky-zamok","22":"pa_vnutorna-hlbka-630","23":"pa_vnutorna-sirka-631","24":"pa_vnutorna-vyska-567","25":"pa_vnutorny-objem-537","26":"pa_vonkajsia-hlbka-618","27":"pa_vonkajsia-sirka-589","28":"pa_vonkajsia-vyska-581","29":"ts_product_brand-trezor-liktor","31":"first","32":"instock","33":"taxable","34":"shipping-taxable","35":"purchasable","36":"product-type-variable","37":"has-default-attributes"},"aioseo_notices":[],"jetpack_sharing_enabled":true,"_links":{"self":[{"href":"https:\/\/www.lltrezor.sk\/shop\/wp-json\/wp\/v2\/product\/12691","targetHints":{"allow":["GET"]}}],"collection":[{"href":"https:\/\/www.lltrezor.sk\/shop\/wp-json\/wp\/v2\/product"}],"about":[{"href":"https:\/\/www.lltrezor.sk\/shop\/wp-json\/wp\/v2\/types\/product"}],"replies":[{"embeddable":true,"href":"https:\/\/www.lltrezor.sk\/shop\/wp-json\/wp\/v2\/comments?post=12691"}],"wp:featuredmedia":[{"embeddable":true,"href":"https:\/\/www.lltrezor.sk\/shop\/wp-json\/wp\/v2\/media\/12707"}],"wp:attachment":[{"href":"https:\/\/www.lltrezor.sk\/shop\/wp-json\/wp\/v2\/media?parent=12691"}],"wp:term":[{"taxonomy":"product_brand","embeddable":true,"href":"https:\/\/www.lltrezor.sk\/shop\/wp-json\/wp\/v2\/product_brand?post=12691"},{"taxonomy":"product_cat","embeddable":true,"href":"https:\/\/www.lltrezor.sk\/shop\/wp-json\/wp\/v2\/product_cat?post=12691"},{"taxonomy":"product_tag","embeddable":true,"href":"https:\/\/www.lltrezor.sk\/shop\/wp-json\/wp\/v2\/product_tag?post=12691"}],"curies":[{"name":"wp","href":"https:\/\/api.w.org\/{rel}","templated":true}]}}