{"id":12658,"date":"2025-09-08T20:28:32","date_gmt":"2025-09-08T18:28:32","guid":{"rendered":"https:\/\/www.lltrezor.sk\/shop\/?post_type=product&#038;p=12658"},"modified":"2026-05-01T03:45:52","modified_gmt":"2026-05-01T01:45:52","slug":"alpha-6","status":"publish","type":"product","link":"https:\/\/www.lltrezor.sk\/shop\/product\/alpha-6\/","title":{"rendered":"Alpha 6"},"content":{"rendered":"<p data-start=\"177\" data-end=\"405\">Bezpe\u010dnostn\u00e1 skri\u0148a ur\u010den\u00e1 na <strong data-start=\"207\" data-end=\"238\">ulo\u017eenie a\u017e 6 dlh\u00fdch zbran\u00ed<\/strong>, streliva a pr\u00edslu\u0161enstva. Ide\u00e1lna pre po\u013eovn\u00edkov, \u0161portov\u00fdch strelcov a s\u00fakromn\u00fdch pou\u017e\u00edvate\u013eov, ktor\u00ed po\u017eaduj\u00fa bezpe\u010dn\u00e9 a preh\u013eadn\u00e9 uskladnenie zbran\u00ed a streliva.<\/p>\n<hr data-start=\"407\" data-end=\"410\" \/>\n<h3 data-start=\"412\" data-end=\"445\">\ud83d\udee1\ufe0f Z\u00e1konn\u00e1 zhoda a bezpe\u010dnos\u0165<\/h3>\n<ul>\n<li data-start=\"449\" data-end=\"536\">sp\u013a\u0148a podmienky ustanoven\u00e9 v <strong data-start=\"478\" data-end=\"534\">\u00a7 55 z\u00e1kona \u010d. 190\/2003 Z. z. o zbraniach a strelive<\/strong><\/li>\n<li data-start=\"539\" data-end=\"608\">vhodn\u00e1 na bezpe\u010dn\u00e9 ulo\u017eenie dlh\u00fdch zbran\u00ed, streliva a pr\u00edslu\u0161enstva<\/li>\n<li data-start=\"611\" data-end=\"701\">robustn\u00e1 kon\u0161trukcia a viacbodov\u00e9 zamykanie zvy\u0161uj\u00fa ochranu proti neopr\u00e1vnen\u00e9mu pr\u00edstupu<\/li>\n<\/ul>\n<hr data-start=\"703\" data-end=\"706\" \/>\n<h3 data-start=\"708\" data-end=\"746\">\u2699\ufe0f Kon\u0161trukcia a technick\u00e9 rie\u0161enie<\/h3>\n<ul>\n<li data-start=\"750\" data-end=\"812\"><strong data-start=\"750\" data-end=\"779\">jednopl\u00e1\u0161\u0165ov\u00e1 kon\u0161trukcia<\/strong> z oce\u013eov\u00e9ho plechu hr\u00fabky 2 mm<\/li>\n<li data-start=\"815\" data-end=\"879\"><strong data-start=\"815\" data-end=\"847\">dvojpl\u00e1\u0161\u0165ov\u00e9 zosilnen\u00e9 dvere<\/strong> s kon\u0161trukciou proti vl\u00e1maniu<\/li>\n<li data-start=\"882\" data-end=\"931\"><strong data-start=\"882\" data-end=\"929\">trojstrann\u00fd p\u00e4\u0165bodov\u00fd rozvorov\u00fd mechanizmus<\/strong><\/li>\n<li data-start=\"934\" data-end=\"965\">oce\u013eov\u00e9 z\u00e1vorov\u00e9 \u010dapy \u00d8 22 mm<\/li>\n<li data-start=\"968\" data-end=\"1017\">dostato\u010dn\u00fd priestor aj pre zbrane s pu\u0161koh\u013eadom<\/li>\n<li data-start=\"1020\" data-end=\"1067\">maxim\u00e1lna d\u013a\u017eka ulo\u017een\u00fdch zbran\u00ed: <strong data-start=\"1054\" data-end=\"1065\">1300 mm<\/strong><\/li>\n<\/ul>\n<hr data-start=\"1069\" data-end=\"1072\" \/>\n<h3 data-start=\"1074\" data-end=\"1089\">\ud83d\udd11 Zamykanie<\/h3>\n<ul>\n<li data-start=\"1093\" data-end=\"1125\">volite\u013en\u00e9 mo\u017enosti uzamykania:\n<ul>\n<li data-start=\"1130\" data-end=\"1156\">mechanick\u00fd z\u00e1mok na k\u013e\u00fa\u010d<\/li>\n<li data-start=\"1161\" data-end=\"1181\">elektronick\u00fd z\u00e1mok<\/li>\n<\/ul>\n<\/li>\n<li data-start=\"1184\" data-end=\"1221\">2 ks trezorov\u00e9 <strong data-start=\"1199\" data-end=\"1219\">mot\u00fdlikov\u00e9 k\u013e\u00fa\u010de<\/strong><\/li>\n<li data-start=\"1224\" data-end=\"1274\">2 ks k\u013e\u00fa\u010de s poradov\u00fdm \u010d\u00edslom k vn\u00fatorn\u00e9mu sejfu<\/li>\n<\/ul>\n<hr data-start=\"1276\" data-end=\"1279\" \/>\n<h3 data-start=\"1281\" data-end=\"1305\">\ud83d\udce6 Vn\u00fatorn\u00e9 vybavenie<\/h3>\n<ul>\n<li data-start=\"1309\" data-end=\"1359\"><strong data-start=\"1309\" data-end=\"1357\">samostatne uzamykate\u013en\u00e1 schr\u00e1nka na strelivo<\/strong>\n<ul>\n<li data-start=\"1364\" data-end=\"1421\">rozmery: <strong data-start=\"1373\" data-end=\"1395\">185 \u00d7 346 \u00d7 182 mm<\/strong> (v\u00fd\u0161ka \u00d7 \u0161\u00edrka \u00d7 h\u013abka)<\/li>\n<li data-start=\"1426\" data-end=\"1467\">otvor: <strong data-start=\"1433\" data-end=\"1449\">115 \u00d7 200 mm<\/strong> (v\u00fd\u0161ka \u00d7 \u0161\u00edrka)<\/li>\n<\/ul>\n<\/li>\n<li data-start=\"1470\" data-end=\"1519\">molyt\u00e1nov\u00e1 opierka pre bezpe\u010dn\u00e9 ulo\u017eenie zbran\u00ed<\/li>\n<li data-start=\"1522\" data-end=\"1588\">dr\u017eiaky na \u010distiace pom\u00f4cky umiestnen\u00e9 na vn\u00fatornej strane dver\u00ed<\/li>\n<\/ul>\n<hr data-start=\"1590\" data-end=\"1593\" \/>\n<h2 data-start=\"1595\" data-end=\"1609\">\ud83e\uddf1 Kotvenie<\/h2>\n<ul>\n<li data-start=\"1613\" data-end=\"1664\">pripraven\u00e1 na <strong data-start=\"1627\" data-end=\"1662\">kotvenie do podlahy aj do steny<\/strong><\/li>\n<li data-start=\"1667\" data-end=\"1703\">kotviaci materi\u00e1l s\u00fa\u010das\u0165ou balenia<\/li>\n<\/ul>\n<hr data-start=\"1705\" data-end=\"1708\" \/>\n<h3 data-start=\"1710\" data-end=\"1732\">\ud83c\udfa8 Povrchov\u00e1 \u00faprava<\/h3>\n<ul>\n<li data-start=\"1736\" data-end=\"1773\">z\u00e1kladn\u00e1 farba: <strong data-start=\"1752\" data-end=\"1771\">\u010dierna RAL 9005<\/strong><\/li>\n<li data-start=\"1776\" data-end=\"1834\">ostatn\u00e9 farby pod\u013ea <strong data-start=\"1796\" data-end=\"1810\">RAL palety<\/strong> na objedn\u00e1vku (+10 %)<\/li>\n<\/ul>\n<hr data-start=\"1836\" data-end=\"1839\" \/>\n<h3 data-start=\"1841\" data-end=\"1854\">\ud83c\udfed V\u00fdrobca<\/h3>\n<ul>\n<li data-start=\"1858\" data-end=\"1910\"><strong data-start=\"1858\" data-end=\"1870\">v\u00fdrobca:<\/strong> <span class=\"hover:entity-accent entity-underline inline cursor-pointer align-baseline\"><span class=\"whitespace-normal\">Trezor-Liktor Zrt.<\/span><\/span><\/li>\n<li data-start=\"1913\" data-end=\"1930\">p\u00f4vod: Ma\u010farsko<\/li>\n<\/ul>\n<hr data-start=\"1932\" data-end=\"1935\" \/>\n<h3 data-start=\"1937\" data-end=\"1971\">\u2714\ufe0f Pre\u010do si vybra\u0165 t\u00fato skri\u0148u?<\/h3>\n<ul>\n<li data-start=\"1975\" data-end=\"2014\">bezpe\u010dn\u00e9 ulo\u017eenie <strong data-start=\"1993\" data-end=\"2012\">6 dlh\u00fdch zbran\u00ed<\/strong><\/li>\n<li data-start=\"2017\" data-end=\"2063\">samostatne uzamykate\u013en\u00e1 schr\u00e1nka na strelivo<\/li>\n<li data-start=\"2066\" data-end=\"2116\">molyt\u00e1nov\u00e1 opierka a dr\u017eiaky na \u010distiace pom\u00f4cky<\/li>\n<li data-start=\"2119\" data-end=\"2169\">pevn\u00e1 oce\u013eov\u00e1 kon\u0161trukcia a viacbodov\u00e9 zamykanie<\/li>\n<li data-start=\"2172\" data-end=\"2217\">z\u00e1konn\u00e1 zhoda pod\u013ea \u00a7 55 z\u00e1kona o zbraniach<\/li>\n<li data-start=\"2220\" data-end=\"2246\">kvalitn\u00e1 ma\u010farsk\u00e1 v\u00fdroba<\/li>\n<\/ul>\n","protected":false},"excerpt":{"rendered":"<p>Skri\u0148a na 6 dlh\u00fdch zbran\u00ed + uzamykate\u013en\u00e1 schr\u00e1nka<\/p>\n","protected":false},"featured_media":12674,"comment_status":"open","ping_status":"closed","template":"","meta":{"_monsterinsights_skip_tracking":false,"_monsterinsights_sitenote_active":false,"_monsterinsights_sitenote_note":"","_monsterinsights_sitenote_category":0},"product_brand":[318],"product_cat":[147,82],"product_tag":[629],"class_list":{"0":"post-12658","1":"product","2":"type-product","3":"status-publish","4":"has-post-thumbnail","6":"product_brand-trezor-liktor","7":"product_cat-akciove-produkty","8":"product_cat-skrine-na-dlhe-zbrane","9":"product_tag-alpha","10":"product_shipping_class-od-401-kg-do-70kg","11":"pa_bezpecnostna-trieda-bezpecnostnej-triedy-a-v-zmysle-normy-en-1300","12":"pa_farba-matna-cierna","13":"pa_farba-ral-1015-bezova","14":"pa_farba-ral-6005-zelena","15":"pa_farba-ral-7024-seda","16":"pa_farba-ral-7035-svetloseda","17":"pa_farba-ral-8014-hneda","18":"pa_farba-ral-9005-cierna","19":"pa_material-ocel","20":"pa_miesto-instalacie-volne-stojace","21":"pa_typ-zamku-elektronicky-zamok","22":"pa_typ-zamku-mechanicky-zamok","23":"pa_vnutorna-hlbka-630","24":"pa_vnutorna-sirka-631","25":"pa_vnutorna-vyska-567","26":"pa_vnutorny-objem-537","27":"pa_vonkajsia-hlbka-618","28":"pa_vonkajsia-sirka-632","29":"pa_vonkajsia-vyska-581","30":"ts_product_brand-trezor-liktor","32":"first","33":"instock","34":"featured","35":"taxable","36":"shipping-taxable","37":"purchasable","38":"product-type-variable","39":"has-default-attributes"},"aioseo_notices":[],"jetpack_sharing_enabled":true,"_links":{"self":[{"href":"https:\/\/www.lltrezor.sk\/shop\/wp-json\/wp\/v2\/product\/12658","targetHints":{"allow":["GET"]}}],"collection":[{"href":"https:\/\/www.lltrezor.sk\/shop\/wp-json\/wp\/v2\/product"}],"about":[{"href":"https:\/\/www.lltrezor.sk\/shop\/wp-json\/wp\/v2\/types\/product"}],"replies":[{"embeddable":true,"href":"https:\/\/www.lltrezor.sk\/shop\/wp-json\/wp\/v2\/comments?post=12658"}],"wp:featuredmedia":[{"embeddable":true,"href":"https:\/\/www.lltrezor.sk\/shop\/wp-json\/wp\/v2\/media\/12674"}],"wp:attachment":[{"href":"https:\/\/www.lltrezor.sk\/shop\/wp-json\/wp\/v2\/media?parent=12658"}],"wp:term":[{"taxonomy":"product_brand","embeddable":true,"href":"https:\/\/www.lltrezor.sk\/shop\/wp-json\/wp\/v2\/product_brand?post=12658"},{"taxonomy":"product_cat","embeddable":true,"href":"https:\/\/www.lltrezor.sk\/shop\/wp-json\/wp\/v2\/product_cat?post=12658"},{"taxonomy":"product_tag","embeddable":true,"href":"https:\/\/www.lltrezor.sk\/shop\/wp-json\/wp\/v2\/product_tag?post=12658"}],"curies":[{"name":"wp","href":"https:\/\/api.w.org\/{rel}","templated":true}]}}