{"id":12624,"date":"2025-09-08T20:03:46","date_gmt":"2025-09-08T18:03:46","guid":{"rendered":"https:\/\/www.lltrezor.sk\/shop\/?post_type=product&#038;p=12624"},"modified":"2026-02-19T18:31:21","modified_gmt":"2026-02-19T17:31:21","slug":"alpha-10m","status":"publish","type":"product","link":"https:\/\/www.lltrezor.sk\/shop\/product\/alpha-10m\/","title":{"rendered":"Alpha 10M"},"content":{"rendered":"<p data-start=\"171\" data-end=\"406\">Extra hlbok\u00e1 bezpe\u010dnostn\u00e1 skri\u0148a navrhnut\u00e1 pre <strong data-start=\"205\" data-end=\"240\">ulo\u017eenie a\u017e 10 ks dlh\u00fdch zbran\u00ed<\/strong>, streliva a pr\u00edslu\u0161enstva. Ide\u00e1lne rie\u0161enie pre po\u013eovn\u00edkov, \u0161portov\u00fdch strelcov a s\u00fakromn\u00fdch pou\u017e\u00edvate\u013eov, ktor\u00ed po\u017eaduj\u00fa bezpe\u010dnos\u0165 a praktick\u00e9 vn\u00fatorn\u00e9 \u010dlenenie.<\/p>\n<hr data-start=\"408\" data-end=\"411\" \/>\n<h3 data-start=\"413\" data-end=\"446\">\ud83d\udee1\ufe0f Z\u00e1konn\u00e1 zhoda a bezpe\u010dnos\u0165<\/h3>\n<ul>\n<li data-start=\"450\" data-end=\"537\">sp\u013a\u0148a podmienky ustanoven\u00e9 v <strong data-start=\"479\" data-end=\"535\">\u00a7 55 z\u00e1kona \u010d. 190\/2003 Z. z. o zbraniach a strelive<\/strong><\/li>\n<li data-start=\"540\" data-end=\"609\">vhodn\u00e1 na bezpe\u010dn\u00e9 ulo\u017eenie dlh\u00fdch zbran\u00ed, streliva a pr\u00edslu\u0161enstva<\/li>\n<li data-start=\"612\" data-end=\"702\">robustn\u00e1 kon\u0161trukcia a viacbodov\u00e9 zamykanie zvy\u0161uj\u00fa ochranu proti neopr\u00e1vnen\u00e9mu pr\u00edstupu<\/li>\n<\/ul>\n<hr data-start=\"704\" data-end=\"707\" \/>\n<h3 data-start=\"709\" data-end=\"747\">\u2699\ufe0f Kon\u0161trukcia a technick\u00e9 rie\u0161enie<\/h3>\n<ul>\n<li data-start=\"751\" data-end=\"813\"><strong data-start=\"751\" data-end=\"780\">jednopl\u00e1\u0161\u0165ov\u00e1 kon\u0161trukcia<\/strong> z oce\u013eov\u00e9ho plechu hr\u00fabky 2 mm<\/li>\n<li data-start=\"816\" data-end=\"880\"><strong data-start=\"816\" data-end=\"848\">dvojpl\u00e1\u0161\u0165ov\u00e9 zosilnen\u00e9 dvere<\/strong> s kon\u0161trukciou proti vl\u00e1maniu<\/li>\n<li data-start=\"883\" data-end=\"932\"><strong data-start=\"883\" data-end=\"930\">trojstrann\u00fd p\u00e4\u0165bodov\u00fd rozvorov\u00fd mechanizmus<\/strong><\/li>\n<li data-start=\"935\" data-end=\"966\">oce\u013eov\u00e9 z\u00e1vorov\u00e9 \u010dapy \u00d8 22 mm<\/li>\n<li data-start=\"969\" data-end=\"1018\">dostato\u010dn\u00fd priestor aj pre zbrane s pu\u0161koh\u013eadom<\/li>\n<li data-start=\"1021\" data-end=\"1068\">maxim\u00e1lna d\u013a\u017eka ulo\u017een\u00fdch zbran\u00ed: <strong data-start=\"1055\" data-end=\"1066\">1300 mm<\/strong><\/li>\n<\/ul>\n<hr data-start=\"1070\" data-end=\"1073\" \/>\n<h3 data-start=\"1075\" data-end=\"1090\">\ud83d\udd11 Zamykanie<\/h3>\n<ul>\n<li data-start=\"1094\" data-end=\"1126\">volite\u013en\u00e9 mo\u017enosti uzamykania:\n<ul>\n<li data-start=\"1131\" data-end=\"1157\">mechanick\u00fd z\u00e1mok na k\u013e\u00fa\u010d<\/li>\n<li data-start=\"1162\" data-end=\"1182\">elektronick\u00fd z\u00e1mok<\/li>\n<\/ul>\n<\/li>\n<li data-start=\"1185\" data-end=\"1222\">2 ks trezorov\u00e9 <strong data-start=\"1200\" data-end=\"1220\">mot\u00fdlikov\u00e9 k\u013e\u00fa\u010de<\/strong><\/li>\n<li data-start=\"1225\" data-end=\"1277\">2 ks k\u013e\u00fa\u010de s poradov\u00fdm \u010d\u00edslom k vn\u00fatornej schr\u00e1nke<\/li>\n<\/ul>\n<hr data-start=\"1279\" data-end=\"1282\" \/>\n<h3 data-start=\"1284\" data-end=\"1308\">\ud83d\udce6 Vn\u00fatorn\u00e9 vybavenie<\/h3>\n<ul>\n<li data-start=\"1312\" data-end=\"1362\"><strong data-start=\"1312\" data-end=\"1360\">samostatne uzamykate\u013en\u00e1 schr\u00e1nka na strelivo<\/strong>\n<ul>\n<li data-start=\"1367\" data-end=\"1424\">rozmery: <strong data-start=\"1376\" data-end=\"1398\">190 \u00d7 210 \u00d7 750 mm<\/strong> (v\u00fd\u0161ka \u00d7 h\u013abka \u00d7 \u0161\u00edrka)<\/li>\n<\/ul>\n<\/li>\n<li data-start=\"1427\" data-end=\"1462\"><strong data-start=\"1427\" data-end=\"1460\">4 v\u00fd\u0161kovo nastavite\u013en\u00e9 police<\/strong>\n<ul>\n<li data-start=\"1467\" data-end=\"1524\">rozmery jednej police: <strong data-start=\"1490\" data-end=\"1506\">265 \u00d7 220 mm<\/strong> (\u0161\u00edrka \u00d7 h\u013abka)<\/li>\n<\/ul>\n<\/li>\n<li data-start=\"1527\" data-end=\"1576\">molitanov\u00e1 opierka pre bezpe\u010dn\u00e9 ulo\u017eenie zbran\u00ed<\/li>\n<li data-start=\"1579\" data-end=\"1645\">dr\u017eiaky na \u010distiace pom\u00f4cky umiestnen\u00e9 na vn\u00fatornej strane dver\u00ed<\/li>\n<\/ul>\n<hr data-start=\"1647\" data-end=\"1650\" \/>\n<h3 data-start=\"1652\" data-end=\"1666\">\ud83e\uddf1 Kotvenie<\/h3>\n<ul>\n<li data-start=\"1670\" data-end=\"1721\">pripraven\u00e1 na <strong data-start=\"1684\" data-end=\"1719\">kotvenie do podlahy aj do steny<\/strong><\/li>\n<li data-start=\"1724\" data-end=\"1760\">kotviaci materi\u00e1l s\u00fa\u010das\u0165ou balenia<\/li>\n<\/ul>\n<hr data-start=\"1762\" data-end=\"1765\" \/>\n<h3 data-start=\"1767\" data-end=\"1789\">\ud83c\udfa8 Povrchov\u00e1 \u00faprava<\/h3>\n<ul>\n<li data-start=\"1793\" data-end=\"1830\">z\u00e1kladn\u00e1 farba: <strong data-start=\"1809\" data-end=\"1828\">\u010dierna RAL 9005<\/strong><\/li>\n<li data-start=\"1833\" data-end=\"1891\">ostatn\u00e9 farby pod\u013ea <strong data-start=\"1853\" data-end=\"1867\">RAL palety<\/strong> na objedn\u00e1vku (+10 %)<\/li>\n<\/ul>\n<hr data-start=\"1893\" data-end=\"1896\" \/>\n<h3 data-start=\"1898\" data-end=\"1911\">\ud83c\udfed V\u00fdrobca<\/h3>\n<ul>\n<li data-start=\"1915\" data-end=\"1967\"><strong data-start=\"1915\" data-end=\"1927\">v\u00fdrobca:<\/strong> <span class=\"hover:entity-accent entity-underline inline cursor-pointer align-baseline\"><span class=\"whitespace-normal\">Trezor-Liktor Zrt.<\/span><\/span><\/li>\n<li data-start=\"1970\" data-end=\"1987\">p\u00f4vod: Ma\u010farsko<\/li>\n<\/ul>\n<hr data-start=\"1989\" data-end=\"1992\" \/>\n<h3 data-start=\"1994\" data-end=\"2029\">\u2714\ufe0f Pre\u010do si vybra\u0165 tento trezor?<\/h3>\n<ul>\n<li data-start=\"2033\" data-end=\"2067\">ulo\u017eenie a\u017e <strong data-start=\"2045\" data-end=\"2065\">10 dlh\u00fdch zbran\u00ed<\/strong><\/li>\n<li data-start=\"2070\" data-end=\"2116\">samostatne uzamykate\u013en\u00e1 schr\u00e1nka na strelivo<\/li>\n<li data-start=\"2119\" data-end=\"2166\">nastavite\u013en\u00e9 police a priestor pre pu\u0161koh\u013eady<\/li>\n<li data-start=\"2169\" data-end=\"2219\">pevn\u00e1 oce\u013eov\u00e1 kon\u0161trukcia a viacbodov\u00e9 zamykanie<\/li>\n<li data-start=\"2222\" data-end=\"2267\">z\u00e1konn\u00e1 zhoda pod\u013ea \u00a7 55 z\u00e1kona o zbraniach<\/li>\n<li data-start=\"2270\" data-end=\"2296\">kvalitn\u00e1 ma\u010farsk\u00e1 v\u00fdroba<\/li>\n<\/ul>\n","protected":false},"excerpt":{"rendered":"<p>Extra hlbok\u00e1 skri\u0148a na 10 dlh\u00fdch zbran\u00ed + uzamykate\u013en\u00e1 schr\u00e1nka + police<\/p>\n","protected":false},"featured_media":12641,"comment_status":"open","ping_status":"closed","template":"","meta":{"_monsterinsights_skip_tracking":false,"_monsterinsights_sitenote_active":false,"_monsterinsights_sitenote_note":"","_monsterinsights_sitenote_category":0},"product_brand":[318],"product_cat":[82],"product_tag":[629],"class_list":{"0":"post-12624","1":"product","2":"type-product","3":"status-publish","4":"has-post-thumbnail","6":"product_brand-trezor-liktor","7":"product_cat-skrine-na-dlhe-zbrane","8":"product_tag-alpha","9":"product_shipping_class-od-701-kg-do-100kg","10":"pa_bezpecnostna-trieda-bezpecnostnej-triedy-a-v-zmysle-normy-en-1300","11":"pa_farba-matna-cierna","12":"pa_farba-ral-1015-bezova","13":"pa_farba-ral-6005-zelena","14":"pa_farba-ral-7024-seda","15":"pa_farba-ral-7035-svetloseda","16":"pa_farba-ral-8014-hneda","17":"pa_farba-ral-9005-cierna","18":"pa_material-ocel","19":"pa_miesto-instalacie-volne-stojace","20":"pa_typ-zamku-elektronicky-zamok","21":"pa_typ-zamku-mechanicky-zamok","22":"pa_vnutorna-hlbka-625","23":"pa_vnutorna-sirka-586","24":"pa_vnutorna-vyska-567","25":"pa_vnutorny-objem-537","26":"pa_vonkajsia-hlbka-626","27":"pa_vonkajsia-sirka-547","28":"ts_product_brand-trezor-liktor","30":"first","31":"instock","32":"taxable","33":"shipping-taxable","34":"purchasable","35":"product-type-variable","36":"has-default-attributes"},"aioseo_notices":[],"jetpack_sharing_enabled":true,"_links":{"self":[{"href":"https:\/\/www.lltrezor.sk\/shop\/wp-json\/wp\/v2\/product\/12624","targetHints":{"allow":["GET"]}}],"collection":[{"href":"https:\/\/www.lltrezor.sk\/shop\/wp-json\/wp\/v2\/product"}],"about":[{"href":"https:\/\/www.lltrezor.sk\/shop\/wp-json\/wp\/v2\/types\/product"}],"replies":[{"embeddable":true,"href":"https:\/\/www.lltrezor.sk\/shop\/wp-json\/wp\/v2\/comments?post=12624"}],"wp:featuredmedia":[{"embeddable":true,"href":"https:\/\/www.lltrezor.sk\/shop\/wp-json\/wp\/v2\/media\/12641"}],"wp:attachment":[{"href":"https:\/\/www.lltrezor.sk\/shop\/wp-json\/wp\/v2\/media?parent=12624"}],"wp:term":[{"taxonomy":"product_brand","embeddable":true,"href":"https:\/\/www.lltrezor.sk\/shop\/wp-json\/wp\/v2\/product_brand?post=12624"},{"taxonomy":"product_cat","embeddable":true,"href":"https:\/\/www.lltrezor.sk\/shop\/wp-json\/wp\/v2\/product_cat?post=12624"},{"taxonomy":"product_tag","embeddable":true,"href":"https:\/\/www.lltrezor.sk\/shop\/wp-json\/wp\/v2\/product_tag?post=12624"}],"curies":[{"name":"wp","href":"https:\/\/api.w.org\/{rel}","templated":true}]}}