{"id":12593,"date":"2025-09-06T19:21:39","date_gmt":"2025-09-06T17:21:39","guid":{"rendered":"https:\/\/www.lltrezor.sk\/shop\/?post_type=product&#038;p=12593"},"modified":"2026-02-19T18:31:45","modified_gmt":"2026-02-19T17:31:45","slug":"diana-queen-5b-safety-5","status":"publish","type":"product","link":"https:\/\/www.lltrezor.sk\/shop\/product\/diana-queen-5b-safety-5\/","title":{"rendered":"DIANA QUEEN 5b (SAFETY 5)"},"content":{"rendered":"<p data-start=\"213\" data-end=\"508\">Certifikovan\u00e1 bezpe\u010dnostn\u00e1 skri\u0148a ur\u010den\u00e1 na <strong data-start=\"257\" data-end=\"291\">ulo\u017eenie a\u017e 5 ks dlh\u00fdch zbran\u00ed<\/strong>, streliva a pr\u00edslu\u0161enstva. V\u010faka <strong data-start=\"325\" data-end=\"344\">certifik\u00e1cii S1<\/strong> a robustnej oce\u013eovej kon\u0161trukcii je ide\u00e1lnou vo\u013ebou pre po\u013eovn\u00edkov, \u0161portov\u00fdch strelcov aj n\u00e1ro\u010dn\u00fdch s\u00fakromn\u00fdch pou\u017e\u00edvate\u013eov, ktor\u00ed vy\u017eaduj\u00fa vy\u0161\u0161iu \u00farove\u0148 ochrany.<\/p>\n<hr data-start=\"510\" data-end=\"513\" \/>\n<h3 data-start=\"515\" data-end=\"550\">\ud83d\udee1\ufe0f Certifik\u00e1cia a z\u00e1konn\u00e1 zhoda<\/h3>\n<ul>\n<li data-start=\"554\" data-end=\"641\">sp\u013a\u0148a podmienky ustanoven\u00e9 v <strong data-start=\"583\" data-end=\"639\">\u00a7 55 z\u00e1kona \u010d. 190\/2003 Z. z. o zbraniach a strelive<\/strong><\/li>\n<li data-start=\"644\" data-end=\"714\">certifikovan\u00e1 v <strong data-start=\"660\" data-end=\"687\">bezpe\u010dnostnej triede S1<\/strong> pod\u013ea normy <strong data-start=\"700\" data-end=\"712\">EN 14450<\/strong><\/li>\n<li data-start=\"717\" data-end=\"767\">minim\u00e1lne <strong data-start=\"727\" data-end=\"736\">15 RU<\/strong> pod\u013ea <strong data-start=\"743\" data-end=\"765\">\u010cSN EN 1143-1:2013<\/strong><\/li>\n<li data-start=\"770\" data-end=\"830\">vybaven\u00e1 z\u00e1mkom <strong data-start=\"786\" data-end=\"798\">triedy A<\/strong> pod\u013ea <strong data-start=\"805\" data-end=\"828\">\u010cSN EN 1300+A1:2012<\/strong><\/li>\n<li data-start=\"833\" data-end=\"879\">vhodn\u00e1 na z\u00e1konn\u00e9 ulo\u017eenie zbran\u00ed a streliva<\/li>\n<\/ul>\n<hr data-start=\"881\" data-end=\"884\" \/>\n<h3 data-start=\"886\" data-end=\"926\">\u2699\ufe0f Kon\u0161trukcia a technick\u00e9 prevedenie<\/h3>\n<ul>\n<li data-start=\"930\" data-end=\"1009\"><strong data-start=\"930\" data-end=\"959\">jednopl\u00e1\u0161\u0165ov\u00e1 kon\u0161trukcia<\/strong> z kvalitn\u00e9ho oce\u013eov\u00e9ho plechu hr\u00fabky <strong data-start=\"997\" data-end=\"1007\">2,5 mm<\/strong><\/li>\n<li data-start=\"1012\" data-end=\"1073\"><strong data-start=\"1012\" data-end=\"1034\">dvojpl\u00e1\u0161\u0165ov\u00e9 dvere<\/strong> z oce\u013eov\u00e9ho plechu hr\u00fabky <strong data-start=\"1061\" data-end=\"1071\">2,5 mm<\/strong><\/li>\n<li data-start=\"1076\" data-end=\"1110\">kon\u0161trukcia dver\u00ed proti vl\u00e1maniu<\/li>\n<li data-start=\"1113\" data-end=\"1164\"><strong data-start=\"1113\" data-end=\"1162\">trojstrann\u00fd \u0161tvorbodov\u00fd rozvorov\u00fd mechanizmus<\/strong><\/li>\n<li data-start=\"1167\" data-end=\"1208\">siln\u00e9 oce\u013eov\u00e9 z\u00e1vorov\u00e9 \u010dapy \u00d8 <strong data-start=\"1197\" data-end=\"1206\">22 mm<\/strong><\/li>\n<li data-start=\"1211\" data-end=\"1258\">maxim\u00e1lna d\u013a\u017eka ulo\u017een\u00fdch zbran\u00ed: <strong data-start=\"1245\" data-end=\"1256\">1250 mm<\/strong><\/li>\n<\/ul>\n<hr data-start=\"1260\" data-end=\"1263\" \/>\n<h3 data-start=\"1265\" data-end=\"1281\">\ud83d\udd11 Uzamykanie<\/h3>\n<ul>\n<li data-start=\"1285\" data-end=\"1350\">trezorov\u00fd <strong data-start=\"1295\" data-end=\"1337\">mechanick\u00fd bezpe\u010dnostn\u00fd z\u00e1mok triedy A<\/strong> (\u0161tandard)<\/li>\n<li data-start=\"1353\" data-end=\"1386\"><strong data-start=\"1353\" data-end=\"1385\">volite\u013en\u00e9 mo\u017enosti zamykania<\/strong>:\n<ul>\n<li data-start=\"1391\" data-end=\"1417\">mechanick\u00fd z\u00e1mok na k\u013e\u00fa\u010d<\/li>\n<li data-start=\"1422\" data-end=\"1442\">elektronick\u00fd z\u00e1mok<\/li>\n<li data-start=\"1447\" data-end=\"1481\">oto\u010dn\u00fd k\u00f3dov\u00fd (kombina\u010dn\u00fd) z\u00e1mok<\/li>\n<\/ul>\n<\/li>\n<\/ul>\n<hr data-start=\"1483\" data-end=\"1486\" \/>\n<h3 data-start=\"1488\" data-end=\"1512\">\ud83d\udce6 Vn\u00fatorn\u00e9 vybavenie<\/h3>\n<ul>\n<li data-start=\"1516\" data-end=\"1560\"><strong data-start=\"1516\" data-end=\"1560\">zvl\u00e1\u0161\u0165 uzamykate\u013en\u00e1 schr\u00e1nka na strelivo<\/strong>\n<ul>\n<li data-start=\"1565\" data-end=\"1622\">rozmery: <strong data-start=\"1574\" data-end=\"1596\">180 \u00d7 220 \u00d7 300 mm<\/strong> (v\u00fd\u0161ka \u00d7 h\u013abka \u00d7 \u0161\u00edrka)<\/li>\n<li data-start=\"1627\" data-end=\"1668\">otvor: <strong data-start=\"1634\" data-end=\"1650\">115 \u00d7 185 mm<\/strong> (v\u00fd\u0161ka \u00d7 \u0161\u00edrka)<\/li>\n<\/ul>\n<\/li>\n<li data-start=\"1671\" data-end=\"1690\">molyt\u00e1nov\u00e1 vlo\u017eka<\/li>\n<li data-start=\"1693\" data-end=\"1742\">molyt\u00e1nov\u00e1 opierka pre bezpe\u010dn\u00e9 ulo\u017eenie zbran\u00ed<\/li>\n<li data-start=\"1745\" data-end=\"1811\">dr\u017eiaky na \u010distiace n\u00e1radie umiestnen\u00e9 na vn\u00fatornej strane dver\u00ed<\/li>\n<\/ul>\n<hr data-start=\"1813\" data-end=\"1816\" \/>\n<h3>\ud83e\uddf1 Kotvenie<\/h3>\n<ul>\n<li data-start=\"1836\" data-end=\"1877\">skri\u0148a je <strong data-start=\"1846\" data-end=\"1875\">prisp\u00f4soben\u00e1 na ukotvenie<\/strong><\/li>\n<li data-start=\"1880\" data-end=\"1919\">kotviaci materi\u00e1l je s\u00fa\u010das\u0165ou balenia<\/li>\n<\/ul>\n<hr data-start=\"1921\" data-end=\"1924\" \/>\n<h3 data-start=\"1926\" data-end=\"1957\">\ud83c\udfa8 Povrchov\u00e1 \u00faprava a dizajn<\/h3>\n<ul>\n<li data-start=\"1961\" data-end=\"2036\"><strong data-start=\"1961\" data-end=\"1984\">polyuret\u00e1nov\u00e1 farba<\/strong> s vysokou odolnos\u0165ou vo\u010di mechanick\u00e9mu po\u0161kodeniu<\/li>\n<li data-start=\"2039\" data-end=\"2074\">z\u00e1kladn\u00e1 farba: <strong data-start=\"2055\" data-end=\"2072\">siv\u00e1 RAL 7024<\/strong><\/li>\n<li data-start=\"2077\" data-end=\"2136\">volite\u013en\u00e9 farby: <strong data-start=\"2094\" data-end=\"2116\">biela alebo \u010dierna<\/strong> (+10 % pr\u00edplatok)<\/li>\n<\/ul>\n<hr data-start=\"2138\" data-end=\"2141\" \/>\n<h3 data-start=\"2143\" data-end=\"2156\">\ud83c\udfed V\u00fdrobca<\/h3>\n<ul>\n<li data-start=\"2160\" data-end=\"2212\"><strong data-start=\"2160\" data-end=\"2172\">v\u00fdrobca:<\/strong> <span class=\"hover:entity-accent entity-underline inline cursor-pointer align-baseline\"><span class=\"whitespace-normal\">Trezor-Liktor Zrt.<\/span><\/span><\/li>\n<li data-start=\"2215\" data-end=\"2241\">krajina p\u00f4vodu: Ma\u010farsko<\/li>\n<\/ul>\n<hr data-start=\"2243\" data-end=\"2246\" \/>\n<h3 data-start=\"2248\" data-end=\"2282\">\u2714\ufe0f Pre\u010do si vybra\u0165 t\u00fato skri\u0148u?<\/h3>\n<ul>\n<li data-start=\"2286\" data-end=\"2322\">certifik\u00e1cia <strong data-start=\"2299\" data-end=\"2320\">S1 pod\u013ea EN 14450<\/strong><\/li>\n<li data-start=\"2325\" data-end=\"2370\">z\u00e1konn\u00e1 zhoda pod\u013ea \u00a7 55 z\u00e1kona o zbraniach<\/li>\n<li data-start=\"2373\" data-end=\"2407\">pevn\u00e1 2,5 mm oce\u013eov\u00e1 kon\u0161trukcia<\/li>\n<li data-start=\"2410\" data-end=\"2456\">samostatne uzamykate\u013en\u00e1 schr\u00e1nka na strelivo<\/li>\n<li data-start=\"2459\" data-end=\"2493\">viacbodov\u00e9 trojstrann\u00e9 zamykanie<\/li>\n<li data-start=\"2496\" data-end=\"2522\">mo\u017enos\u0165 vo\u013eby typu z\u00e1mku<\/li>\n<li data-start=\"2525\" data-end=\"2551\">kvalitn\u00e1 ma\u010farsk\u00e1 v\u00fdroba<\/li>\n<\/ul>\n","protected":false},"excerpt":{"rendered":"<p>Skri\u0148a na 5 dlh\u00fdch zbran\u00ed \u2013 certifikovan\u00e1 S1 + uzamykate\u013en\u00e1 schr\u00e1nka<\/p>\n","protected":false},"featured_media":12612,"comment_status":"open","ping_status":"closed","template":"","meta":{"_monsterinsights_skip_tracking":false,"_monsterinsights_sitenote_active":false,"_monsterinsights_sitenote_note":"","_monsterinsights_sitenote_category":0},"product_brand":[318],"product_cat":[82,84],"product_tag":[542],"class_list":{"0":"post-12593","1":"product","2":"type-product","3":"status-publish","4":"has-post-thumbnail","6":"product_brand-trezor-liktor","7":"product_cat-skrine-na-dlhe-zbrane","8":"product_cat-trezory-na-dlhe-zbrane","9":"product_tag-diana","10":"product_shipping_class-od-401-kg-do-70kg","11":"pa_bezpecnostna-trieda-15-ru-norma-en-1143-1","12":"pa_bezpecnostna-trieda-bezpecnostnej-triedy-a-v-zmysle-normy-en-1300","13":"pa_bezpecnostna-trieda-s1-podla-normy-en-14450","14":"pa_farba-ral-1015-bezova","15":"pa_farba-ral-6005-zelena","16":"pa_farba-ral-7024-seda","17":"pa_farba-ral-8014-hneda","18":"pa_farba-ral-9005-cierna","19":"pa_material-ocel","20":"pa_miesto-instalacie-volne-stojace","21":"pa_typ-zamku-elektronicky-zamok","22":"pa_typ-zamku-mechanicky-zamok","23":"pa_typ-zamku-otocny-kombinacny-zamok","24":"pa_vnutorna-hlbka-616","25":"pa_vnutorna-sirka-617","26":"pa_vnutorna-vyska-571","27":"pa_vnutorny-objem-537","28":"pa_vonkajsia-hlbka-618","29":"pa_vonkajsia-sirka-619","30":"pa_vonkajsia-vyska-615","31":"ts_product_brand-trezor-liktor","33":"first","34":"instock","35":"featured","36":"taxable","37":"shipping-taxable","38":"purchasable","39":"product-type-variable","40":"has-default-attributes"},"aioseo_notices":[],"jetpack_sharing_enabled":true,"_links":{"self":[{"href":"https:\/\/www.lltrezor.sk\/shop\/wp-json\/wp\/v2\/product\/12593","targetHints":{"allow":["GET"]}}],"collection":[{"href":"https:\/\/www.lltrezor.sk\/shop\/wp-json\/wp\/v2\/product"}],"about":[{"href":"https:\/\/www.lltrezor.sk\/shop\/wp-json\/wp\/v2\/types\/product"}],"replies":[{"embeddable":true,"href":"https:\/\/www.lltrezor.sk\/shop\/wp-json\/wp\/v2\/comments?post=12593"}],"wp:featuredmedia":[{"embeddable":true,"href":"https:\/\/www.lltrezor.sk\/shop\/wp-json\/wp\/v2\/media\/12612"}],"wp:attachment":[{"href":"https:\/\/www.lltrezor.sk\/shop\/wp-json\/wp\/v2\/media?parent=12593"}],"wp:term":[{"taxonomy":"product_brand","embeddable":true,"href":"https:\/\/www.lltrezor.sk\/shop\/wp-json\/wp\/v2\/product_brand?post=12593"},{"taxonomy":"product_cat","embeddable":true,"href":"https:\/\/www.lltrezor.sk\/shop\/wp-json\/wp\/v2\/product_cat?post=12593"},{"taxonomy":"product_tag","embeddable":true,"href":"https:\/\/www.lltrezor.sk\/shop\/wp-json\/wp\/v2\/product_tag?post=12593"}],"curies":[{"name":"wp","href":"https:\/\/api.w.org\/{rel}","templated":true}]}}