{"id":12555,"date":"2025-09-06T19:00:32","date_gmt":"2025-09-06T17:00:32","guid":{"rendered":"https:\/\/www.lltrezor.sk\/shop\/?post_type=product&#038;p=12555"},"modified":"2026-02-19T18:32:25","modified_gmt":"2026-02-19T17:32:25","slug":"diana-queen-10b-safety-10-6","status":"publish","type":"product","link":"https:\/\/www.lltrezor.sk\/shop\/product\/diana-queen-10b-safety-10-6\/","title":{"rendered":"DIANA QUEEN 10b (SAFETY 10\/6)"},"content":{"rendered":"<div class=\"product-sdesc\">\n<div class=\"product-sdesc\">\n<div class=\"product-sdesc\">\n<div class=\"product-sdesc\">\n<div class=\"product-sdesc\">\n<div class=\"product-sdesc\">\n<div class=\"product-sdesc\">\n<div class=\"product-sdesc\">\n<div class=\"product-sdesc\">\n<div class=\"product-sdesc\">\n<p data-start=\"226\" data-end=\"542\">Certifikovan\u00e1 bezpe\u010dnostn\u00e1 skri\u0148a ur\u010den\u00e1 na <strong data-start=\"270\" data-end=\"304\">ulo\u017eenie a\u017e 6 ks dlh\u00fdch zbran\u00ed<\/strong>, streliva a pr\u00edslu\u0161enstva. Robustn\u00e1 oce\u013eov\u00e1 kon\u0161trukcia, <strong data-start=\"362\" data-end=\"396\">certifik\u00e1cia S1 pod\u013ea EN 14450<\/strong> a praktick\u00e9 vn\u00fatorn\u00e9 usporiadanie robia z tejto skrine ide\u00e1lne rie\u0161enie pre po\u013eovn\u00edkov, \u0161portov\u00fdch strelcov aj n\u00e1ro\u010dn\u00fdch s\u00fakromn\u00fdch pou\u017e\u00edvate\u013eov.<\/p>\n<hr data-start=\"544\" data-end=\"547\" \/>\n<h3 data-start=\"549\" data-end=\"584\">\ud83d\udee1\ufe0f Certifik\u00e1cia a z\u00e1konn\u00e1 zhoda<\/h3>\n<ul>\n<li data-start=\"588\" data-end=\"675\">sp\u013a\u0148a podmienky ustanoven\u00e9 v <strong data-start=\"617\" data-end=\"673\">\u00a7 55 z\u00e1kona \u010d. 190\/2003 Z. z. o zbraniach a strelive<\/strong><\/li>\n<li data-start=\"678\" data-end=\"748\">certifikovan\u00e1 v <strong data-start=\"694\" data-end=\"721\">bezpe\u010dnostnej triede S1<\/strong> pod\u013ea normy <strong data-start=\"734\" data-end=\"746\">EN 14450<\/strong><\/li>\n<li data-start=\"751\" data-end=\"801\">minim\u00e1lne <strong data-start=\"761\" data-end=\"770\">15 RU<\/strong> pod\u013ea <strong data-start=\"777\" data-end=\"799\">\u010cSN EN 1143-1:2013<\/strong><\/li>\n<li data-start=\"804\" data-end=\"864\">vybaven\u00e1 z\u00e1mkom <strong data-start=\"820\" data-end=\"832\">triedy A<\/strong> pod\u013ea <strong data-start=\"839\" data-end=\"862\">\u010cSN EN 1300+A1:2012<\/strong><\/li>\n<li data-start=\"867\" data-end=\"913\">vhodn\u00e1 na z\u00e1konn\u00e9 ulo\u017eenie zbran\u00ed a streliva<\/li>\n<\/ul>\n<hr data-start=\"915\" data-end=\"918\" \/>\n<h3 data-start=\"920\" data-end=\"960\">\u2699\ufe0f Kon\u0161trukcia a technick\u00e9 prevedenie<\/h3>\n<ul>\n<li data-start=\"964\" data-end=\"1043\"><strong data-start=\"964\" data-end=\"993\">jednopl\u00e1\u0161\u0165ov\u00e1 kon\u0161trukcia<\/strong> z kvalitn\u00e9ho oce\u013eov\u00e9ho plechu hr\u00fabky <strong data-start=\"1031\" data-end=\"1041\">2,5 mm<\/strong><\/li>\n<li data-start=\"1046\" data-end=\"1107\"><strong data-start=\"1046\" data-end=\"1068\">dvojpl\u00e1\u0161\u0165ov\u00e9 dvere<\/strong> z oce\u013eov\u00e9ho plechu hr\u00fabky <strong data-start=\"1095\" data-end=\"1105\">2,5 mm<\/strong><\/li>\n<li data-start=\"1110\" data-end=\"1154\">zosilnen\u00e1 kon\u0161trukcia dver\u00ed proti vl\u00e1maniu<\/li>\n<li data-start=\"1157\" data-end=\"1208\"><strong data-start=\"1157\" data-end=\"1206\">trojstrann\u00fd \u0161tvorbodov\u00fd rozvorov\u00fd mechanizmus<\/strong><\/li>\n<li data-start=\"1211\" data-end=\"1254\">mas\u00edvne oce\u013eov\u00e9 z\u00e1vorov\u00e9 \u010dapy \u00d8 <strong data-start=\"1243\" data-end=\"1252\">22 mm<\/strong><\/li>\n<li data-start=\"1257\" data-end=\"1313\">dostato\u010dn\u00fd priestor aj pre zbrane s v\u00e4\u010d\u0161\u00edm pu\u0161koh\u013eadom<\/li>\n<li data-start=\"1316\" data-end=\"1351\">maxim\u00e1lna d\u013a\u017eka zbran\u00ed: <strong data-start=\"1340\" data-end=\"1351\">1300 mm<\/strong><\/li>\n<\/ul>\n<hr data-start=\"1353\" data-end=\"1356\" \/>\n<h3 data-start=\"1358\" data-end=\"1395\">\ud83d\udd11 Uzamykanie \u2013 volite\u013en\u00e9 rie\u0161enia<\/h3>\n<ul>\n<li data-start=\"1399\" data-end=\"1425\">mechanick\u00fd z\u00e1mok na k\u013e\u00fa\u010d<\/li>\n<li data-start=\"1428\" data-end=\"1448\">elektronick\u00fd z\u00e1mok<\/li>\n<li data-start=\"1451\" data-end=\"1485\">oto\u010dn\u00fd k\u00f3dov\u00fd (kombina\u010dn\u00fd) z\u00e1mok<\/li>\n<\/ul>\n<hr data-start=\"1487\" data-end=\"1490\" \/>\n<h3 data-start=\"1492\" data-end=\"1516\">\ud83d\udce6 Vn\u00fatorn\u00e9 vybavenie<\/h3>\n<ul>\n<li data-start=\"1520\" data-end=\"1588\"><strong data-start=\"1520\" data-end=\"1549\">4 ks nastavite\u013en\u00fdch pol\u00edc<\/strong> na ulo\u017eenie doplnkov a pr\u00edslu\u0161enstva\n<ul>\n<li data-start=\"1593\" data-end=\"1642\">rozmery pol\u00edc: <strong data-start=\"1608\" data-end=\"1624\">220 \u00d7 205 mm<\/strong> (h\u013abka \u00d7 \u0161\u00edrka)<\/li>\n<\/ul>\n<\/li>\n<li data-start=\"1645\" data-end=\"1689\"><strong data-start=\"1645\" data-end=\"1689\">zvl\u00e1\u0161\u0165 uzamykate\u013en\u00e1 schr\u00e1nka na strelivo<\/strong>\n<ul>\n<li data-start=\"1694\" data-end=\"1751\">rozmery: <strong data-start=\"1703\" data-end=\"1725\">190 \u00d7 210 \u00d7 700 mm<\/strong> (v\u00fd\u0161ka \u00d7 h\u013abka \u00d7 \u0161\u00edrka)<\/li>\n<li data-start=\"1756\" data-end=\"1797\">otvor: <strong data-start=\"1763\" data-end=\"1779\">115 \u00d7 375 mm<\/strong> (v\u00fd\u0161ka \u00d7 \u0161\u00edrka)<\/li>\n<\/ul>\n<\/li>\n<li data-start=\"1800\" data-end=\"1846\">molyt\u00e1nov\u00e1 vlo\u017eka pre ochranu povrchu zbran\u00ed<\/li>\n<li data-start=\"1849\" data-end=\"1902\">molyt\u00e1nov\u00e1 opierka pre stabiln\u00e9 a bezpe\u010dn\u00e9 ulo\u017eenie<\/li>\n<\/ul>\n<hr data-start=\"1904\" data-end=\"1907\" \/>\n<h3 data-start=\"1909\" data-end=\"1923\">\ud83e\uddf1 Kotvenie<\/h3>\n<ul>\n<li data-start=\"1927\" data-end=\"1966\">skri\u0148a je <strong data-start=\"1937\" data-end=\"1964\">pripraven\u00e1 na ukotvenie<\/strong><\/li>\n<li data-start=\"1969\" data-end=\"2008\">kotviaci materi\u00e1l je s\u00fa\u010das\u0165ou balenia<\/li>\n<\/ul>\n<hr data-start=\"2010\" data-end=\"2013\" \/>\n<h3 data-start=\"2015\" data-end=\"2037\">\ud83c\udfa8 Povrchov\u00e1 \u00faprava<\/h3>\n<ul>\n<li data-start=\"2041\" data-end=\"2116\"><strong data-start=\"2041\" data-end=\"2064\">polyuret\u00e1nov\u00e1 farba<\/strong> s vysokou odolnos\u0165ou vo\u010di mechanick\u00e9mu po\u0161kodeniu<\/li>\n<li data-start=\"2119\" data-end=\"2156\">farebn\u00e9 prevedenie: <strong data-start=\"2139\" data-end=\"2156\">siv\u00e1 RAL 7024<\/strong><\/li>\n<\/ul>\n<hr data-start=\"2158\" data-end=\"2161\" \/>\n<h3 data-start=\"2163\" data-end=\"2176\">\ud83c\udfed V\u00fdrobca<\/h3>\n<ul>\n<li data-start=\"2180\" data-end=\"2232\"><strong data-start=\"2180\" data-end=\"2192\">v\u00fdrobca:<\/strong> <span class=\"hover:entity-accent entity-underline inline cursor-pointer align-baseline\"><span class=\"whitespace-normal\">Trezor-Liktor Zrt.<\/span><\/span><\/li>\n<li data-start=\"2235\" data-end=\"2261\">krajina p\u00f4vodu: Ma\u010farsko<\/li>\n<\/ul>\n<hr data-start=\"2263\" data-end=\"2266\" \/>\n<h3 data-start=\"2268\" data-end=\"2316\">\u2714\ufe0f Pre\u010do si vybra\u0165 t\u00fato certifikovan\u00fa skri\u0148u?<\/h3>\n<ul>\n<li data-start=\"2320\" data-end=\"2356\">certifik\u00e1cia <strong data-start=\"2333\" data-end=\"2354\">S1 pod\u013ea EN 14450<\/strong><\/li>\n<li data-start=\"2359\" data-end=\"2409\">pln\u00e1 z\u00e1konn\u00e1 zhoda pod\u013ea \u00a7 55 z\u00e1kona o zbraniach<\/li>\n<li data-start=\"2412\" data-end=\"2453\">pevn\u00e1 oce\u013eov\u00e1 kon\u0161trukcia hr\u00fabky 2,5 mm<\/li>\n<li data-start=\"2456\" data-end=\"2513\">4 nastavite\u013en\u00e9 police + samostatn\u00e1 schr\u00e1nka na strelivo<\/li>\n<li data-start=\"2516\" data-end=\"2550\">viacbodov\u00e9 trojstrann\u00e9 zamykanie<\/li>\n<li data-start=\"2553\" data-end=\"2580\">mo\u017enos\u0165 v\u00fdberu typu z\u00e1mku<\/li>\n<li data-start=\"2583\" data-end=\"2609\">kvalitn\u00e1 ma\u010farsk\u00e1 v\u00fdroba<\/li>\n<\/ul>\n<\/div>\n<\/div>\n<\/div>\n<\/div>\n<\/div>\n<\/div>\n<\/div>\n<\/div>\n<\/div>\n<\/div>\n","protected":false},"excerpt":{"rendered":"<p>Skri\u0148a na 6 dlh\u00fdch zbran\u00ed \u2013 certifikovan\u00e1 S1 + 4 police + uzamykate\u013en\u00e1 schr\u00e1nka<\/p>\n","protected":false},"featured_media":12537,"comment_status":"open","ping_status":"closed","template":"","meta":{"_monsterinsights_skip_tracking":false,"_monsterinsights_sitenote_active":false,"_monsterinsights_sitenote_note":"","_monsterinsights_sitenote_category":0},"product_brand":[318],"product_cat":[82,84],"product_tag":[542],"class_list":{"0":"post-12555","1":"product","2":"type-product","3":"status-publish","4":"has-post-thumbnail","6":"product_brand-trezor-liktor","7":"product_cat-skrine-na-dlhe-zbrane","8":"product_cat-trezory-na-dlhe-zbrane","9":"product_tag-diana","10":"product_shipping_class-od-1001-kg-do-150kg","11":"pa_bezpecnostna-trieda-15-ru-norma-en-1143-1","12":"pa_bezpecnostna-trieda-bezpecnostnej-triedy-a-v-zmysle-normy-en-1300","13":"pa_bezpecnostna-trieda-s1-podla-normy-en-14450","14":"pa_farba-ral-1015-bezova","15":"pa_farba-ral-6005-zelena","16":"pa_farba-ral-7024-seda","17":"pa_farba-ral-8014-hneda","18":"pa_farba-ral-9005-cierna","19":"pa_material-ocel","20":"pa_miesto-instalacie-volne-stojace","21":"pa_typ-zamku-elektronicky-zamok","22":"pa_typ-zamku-mechanicky-zamok","23":"pa_typ-zamku-otocny-kombinacny-zamok","24":"pa_vnutorna-hlbka-608","25":"pa_vnutorna-sirka-609","26":"pa_vnutorna-vyska-567","27":"pa_vnutorny-objem-537","28":"pa_vonkajsia-hlbka-610","29":"pa_vonkajsia-sirka-611","30":"pa_vonkajsia-vyska-581","31":"ts_product_brand-trezor-liktor","33":"first","34":"instock","35":"featured","36":"taxable","37":"shipping-taxable","38":"purchasable","39":"product-type-variable","40":"has-default-attributes"},"aioseo_notices":[],"jetpack_sharing_enabled":true,"_links":{"self":[{"href":"https:\/\/www.lltrezor.sk\/shop\/wp-json\/wp\/v2\/product\/12555","targetHints":{"allow":["GET"]}}],"collection":[{"href":"https:\/\/www.lltrezor.sk\/shop\/wp-json\/wp\/v2\/product"}],"about":[{"href":"https:\/\/www.lltrezor.sk\/shop\/wp-json\/wp\/v2\/types\/product"}],"replies":[{"embeddable":true,"href":"https:\/\/www.lltrezor.sk\/shop\/wp-json\/wp\/v2\/comments?post=12555"}],"wp:featuredmedia":[{"embeddable":true,"href":"https:\/\/www.lltrezor.sk\/shop\/wp-json\/wp\/v2\/media\/12537"}],"wp:attachment":[{"href":"https:\/\/www.lltrezor.sk\/shop\/wp-json\/wp\/v2\/media?parent=12555"}],"wp:term":[{"taxonomy":"product_brand","embeddable":true,"href":"https:\/\/www.lltrezor.sk\/shop\/wp-json\/wp\/v2\/product_brand?post=12555"},{"taxonomy":"product_cat","embeddable":true,"href":"https:\/\/www.lltrezor.sk\/shop\/wp-json\/wp\/v2\/product_cat?post=12555"},{"taxonomy":"product_tag","embeddable":true,"href":"https:\/\/www.lltrezor.sk\/shop\/wp-json\/wp\/v2\/product_tag?post=12555"}],"curies":[{"name":"wp","href":"https:\/\/api.w.org\/{rel}","templated":true}]}}