{"id":12282,"date":"2025-09-06T12:30:27","date_gmt":"2025-09-06T10:30:27","guid":{"rendered":"https:\/\/www.lltrezor.sk\/shop\/?post_type=product&#038;p=12282"},"modified":"2026-02-19T18:39:28","modified_gmt":"2026-02-19T17:39:28","slug":"diana-5-standard","status":"publish","type":"product","link":"https:\/\/www.lltrezor.sk\/shop\/product\/diana-5-standard\/","title":{"rendered":"DIANA 5 STANDARD"},"content":{"rendered":"<div class=\"product-sdesc\">\n<div class=\"product-sdesc\">\n<div class=\"product-sdesc\">\n<div class=\"product-sdesc\">\n<div class=\"product-sdesc\">\n<div class=\"product-sdesc\">\n<div class=\"product-sdesc\">\n<div class=\"product-sdesc\">\n<p data-start=\"258\" data-end=\"592\">Praktick\u00e1 a cenovo dostupn\u00e1 skri\u0148a ur\u010den\u00e1 na <strong data-start=\"303\" data-end=\"346\">bezpe\u010dn\u00e9 ulo\u017eenie a\u017e 5 ks dlh\u00fdch zbran\u00ed<\/strong> so samostatne uzamykate\u013enou schr\u00e1nkou na strelivo. Skri\u0148a je navrhnut\u00e1 v s\u00falade s platnou legislat\u00edvou SR a predstavuje ide\u00e1lne rie\u0161enie pre po\u013eovn\u00edkov, \u0161portov\u00fdch strelcov aj be\u017en\u00fdch dr\u017eite\u013eov zbran\u00ed, ktor\u00ed h\u013eadaj\u00fa funk\u010dn\u00e9 a kompaktn\u00e9 ulo\u017eenie.<\/p>\n<p data-start=\"594\" data-end=\"675\">Skri\u0148a <strong data-start=\"601\" data-end=\"674\">sp\u013a\u0148a podmienky \u00a7 55 z\u00e1kona \u010d. 190\/2003 Zb. z. o zbraniach a strelive<\/strong>.<\/p>\n<hr data-start=\"677\" data-end=\"680\" \/>\n<h3 data-start=\"682\" data-end=\"715\">\ud83d\udee1\ufe0f Z\u00e1konn\u00e1 zhoda a bezpe\u010dnos\u0165<\/h3>\n<ul>\n<li data-start=\"719\" data-end=\"760\">Vhodn\u00e1 na ulo\u017eenie <strong data-start=\"738\" data-end=\"760\">5 ks dlh\u00fdch zbran\u00ed<\/strong><\/li>\n<li data-start=\"763\" data-end=\"818\">Pln\u00e1 zhoda s po\u017eiadavkami z\u00e1kona o zbraniach a strelive<\/li>\n<li data-start=\"821\" data-end=\"869\">Samostatne <strong data-start=\"832\" data-end=\"869\">uzamykate\u013en\u00e1 schr\u00e1nka na strelivo<\/strong><\/li>\n<li data-start=\"872\" data-end=\"974\">Mo\u017enos\u0165 <strong data-start=\"880\" data-end=\"939\">roz\u0161\u00edrenia schr\u00e1nky na strelivo na dvojn\u00e1sobn\u00fa kapacitu<\/strong> zak\u00fapen\u00edm schr\u00e1nky pre strelivo IV<\/li>\n<\/ul>\n<hr data-start=\"976\" data-end=\"979\" \/>\n<h3 data-start=\"981\" data-end=\"1021\">\u2699\ufe0f Kon\u0161trukcia a technick\u00e9 prevedenie<\/h3>\n<ul>\n<li data-start=\"1025\" data-end=\"1062\"><strong data-start=\"1025\" data-end=\"1062\">Jednopl\u00e1\u0161\u0165ov\u00e1 oce\u013eov\u00e1 kon\u0161trukcia<\/strong><\/li>\n<li data-start=\"1065\" data-end=\"1100\">Hr\u00fabka oce\u013eov\u00e9ho plechu: <strong data-start=\"1090\" data-end=\"1100\">1,5 mm<\/strong><\/li>\n<li data-start=\"1103\" data-end=\"1140\"><strong data-start=\"1103\" data-end=\"1140\">Trojstrann\u00e9 trojbodov\u00e9 uzamykanie<\/strong><\/li>\n<li data-start=\"1143\" data-end=\"1193\">Stabiln\u00e9 a funk\u010dn\u00e9 vyhotovenie pre dom\u00e1ce pou\u017eitie<\/li>\n<li data-start=\"1196\" data-end=\"1231\">Maxim\u00e1lna d\u013a\u017eka zbran\u00ed: <strong data-start=\"1220\" data-end=\"1231\">1300 mm<\/strong><\/li>\n<\/ul>\n<hr data-start=\"1233\" data-end=\"1236\" \/>\n<h3 data-start=\"1238\" data-end=\"1266\">\ud83d\udd12 Uzamykanie a vybavenie<\/h3>\n<ul>\n<li data-start=\"1270\" data-end=\"1297\">Mechanick\u00fd uzamykac\u00ed syst\u00e9m<\/li>\n<li data-start=\"1300\" data-end=\"1338\"><strong data-start=\"1300\" data-end=\"1338\">2 \u00d7 2 ks k\u013e\u00fa\u010dov s poradov\u00fdm \u010d\u00edslom<\/strong><\/li>\n<li data-start=\"1341\" data-end=\"1406\">Dr\u017eiaky na <strong data-start=\"1352\" data-end=\"1380\">\u010distenie a \u00fadr\u017ebu zbran\u00ed<\/strong> na vn\u00fatornej strane dver\u00ed<\/li>\n<li data-start=\"1409\" data-end=\"1469\"><strong data-start=\"1409\" data-end=\"1442\">Molyt\u00e1nov\u00e1 opierka pre zbrane<\/strong> \u2013 ochrana proti po\u0161kodeniu<\/li>\n<\/ul>\n<hr data-start=\"1471\" data-end=\"1474\" \/>\n<h3 data-start=\"1476\" data-end=\"1490\">\ud83d\udd29 Kotvenie<\/h3>\n<ul>\n<li data-start=\"1494\" data-end=\"1533\">Skri\u0148a je <strong data-start=\"1504\" data-end=\"1533\">prisp\u00f4soben\u00e1 na ukotvenie<\/strong><\/li>\n<li data-start=\"1536\" data-end=\"1577\"><strong data-start=\"1536\" data-end=\"1577\">Kotviaci materi\u00e1l je s\u00fa\u010das\u0165ou balenia<\/strong><\/li>\n<li data-start=\"1580\" data-end=\"1629\">Zv\u00fd\u0161en\u00e1 bezpe\u010dnos\u0165 proti manipul\u00e1cii a odcudzeniu<\/li>\n<\/ul>\n<hr data-start=\"1631\" data-end=\"1634\" \/>\n<h3 data-start=\"1636\" data-end=\"1658\">\ud83c\udfa8 Povrchov\u00e1 \u00faprava<\/h3>\n<ul>\n<li data-start=\"1662\" data-end=\"1697\">Z\u00e1kladn\u00e1 farba: <strong data-start=\"1678\" data-end=\"1697\">zelen\u00e1 RAL 6005<\/strong><\/li>\n<li data-start=\"1700\" data-end=\"1766\">Ostatn\u00e9 farby pod\u013ea RAL palety <strong data-start=\"1731\" data-end=\"1766\">na objedn\u00e1vku (+10 % pr\u00edplatok)<\/strong><\/li>\n<\/ul>\n<hr data-start=\"1768\" data-end=\"1771\" \/>\n<h3 data-start=\"1773\" data-end=\"1786\">\ud83c\udfed V\u00fdrobca<\/h3>\n<ul>\n<li data-start=\"1790\" data-end=\"1840\">V\u00fdrobca: <strong data-start=\"1799\" data-end=\"1840\"><span class=\"hover:entity-accent entity-underline inline cursor-pointer align-baseline\"><span class=\"whitespace-normal\">Trezor-Liktor Zrt.<\/span><\/span><\/strong><\/li>\n<li data-start=\"1843\" data-end=\"1871\">Krajina p\u00f4vodu: <strong data-start=\"1859\" data-end=\"1871\">Ma\u010farsko<\/strong><\/li>\n<\/ul>\n<hr data-start=\"1873\" data-end=\"1876\" \/>\n<h3 data-start=\"1878\" data-end=\"1923\">\u2714\ufe0f Pre\u010do si vybra\u0165 t\u00fato skri\u0148u na zbrane?<\/h3>\n<p data-start=\"1925\" data-end=\"2160\">\u2714 splnenie z\u00e1konn\u00fdch po\u017eiadaviek SR<br data-start=\"1960\" data-end=\"1963\" \/>\u2714 kapacita pre 5 dlh\u00fdch zbran\u00ed<br data-start=\"1993\" data-end=\"1996\" \/>\u2714 samostatn\u00e1 schr\u00e1nka na strelivo s mo\u017enos\u0165ou roz\u0161\u00edrenia<br data-start=\"2052\" data-end=\"2055\" \/>\u2714 jednoduch\u00e1 a spo\u013eahliv\u00e1 oce\u013eov\u00e1 kon\u0161trukcia<br data-start=\"2100\" data-end=\"2103\" \/>\u2714 mo\u017enos\u0165 ukotvenia<br data-start=\"2122\" data-end=\"2125\" \/>\u2714 v\u00fdborn\u00fd pomer ceny a funk\u010dnosti<\/p>\n<\/div>\n<\/div>\n<\/div>\n<\/div>\n<\/div>\n<\/div>\n<\/div>\n<\/div>\n","protected":false},"excerpt":{"rendered":"<p>Skri\u0148a na 5 dlh\u00fdch zbran\u00ed so schr\u00e1nkou na strelivo<\/p>\n","protected":false},"featured_media":12292,"comment_status":"open","ping_status":"closed","template":"","meta":{"_monsterinsights_skip_tracking":false,"_monsterinsights_sitenote_active":false,"_monsterinsights_sitenote_note":"","_monsterinsights_sitenote_category":0},"product_brand":[318],"product_cat":[82],"product_tag":[542],"class_list":{"0":"post-12282","1":"product","2":"type-product","3":"status-publish","4":"has-post-thumbnail","6":"product_brand-trezor-liktor","7":"product_cat-skrine-na-dlhe-zbrane","8":"product_tag-diana","9":"product_shipping_class-od-101-kg-do-25kg","10":"pa_bezpecnostna-trieda-1306","11":"pa_farba-ral-1015-bezova","12":"pa_farba-ral-6005-zelena","13":"pa_farba-ral-8014-hneda","14":"pa_farba-ral-9005-cierna","15":"pa_material-ocel","16":"pa_miesto-instalacie-volne-stojace","17":"pa_typ-zamku-mechanicky-zamok","18":"pa_vnutorna-hlbka-582","19":"pa_vnutorna-sirka-583","20":"pa_vnutorna-vyska-571","21":"pa_vnutorny-objem-537","22":"pa_vonkajsia-hlbka-584","23":"pa_vonkajsia-sirka-585","24":"pa_vonkajsia-vyska-581","25":"ts_product_brand-trezor-liktor","27":"first","28":"instock","29":"featured","30":"taxable","31":"shipping-taxable","32":"purchasable","33":"product-type-variable","34":"has-default-attributes"},"aioseo_notices":[],"jetpack_sharing_enabled":true,"_links":{"self":[{"href":"https:\/\/www.lltrezor.sk\/shop\/wp-json\/wp\/v2\/product\/12282","targetHints":{"allow":["GET"]}}],"collection":[{"href":"https:\/\/www.lltrezor.sk\/shop\/wp-json\/wp\/v2\/product"}],"about":[{"href":"https:\/\/www.lltrezor.sk\/shop\/wp-json\/wp\/v2\/types\/product"}],"replies":[{"embeddable":true,"href":"https:\/\/www.lltrezor.sk\/shop\/wp-json\/wp\/v2\/comments?post=12282"}],"wp:featuredmedia":[{"embeddable":true,"href":"https:\/\/www.lltrezor.sk\/shop\/wp-json\/wp\/v2\/media\/12292"}],"wp:attachment":[{"href":"https:\/\/www.lltrezor.sk\/shop\/wp-json\/wp\/v2\/media?parent=12282"}],"wp:term":[{"taxonomy":"product_brand","embeddable":true,"href":"https:\/\/www.lltrezor.sk\/shop\/wp-json\/wp\/v2\/product_brand?post=12282"},{"taxonomy":"product_cat","embeddable":true,"href":"https:\/\/www.lltrezor.sk\/shop\/wp-json\/wp\/v2\/product_cat?post=12282"},{"taxonomy":"product_tag","embeddable":true,"href":"https:\/\/www.lltrezor.sk\/shop\/wp-json\/wp\/v2\/product_tag?post=12282"}],"curies":[{"name":"wp","href":"https:\/\/api.w.org\/{rel}","templated":true}]}}