{"id":12254,"date":"2025-09-06T12:22:37","date_gmt":"2025-09-06T10:22:37","guid":{"rendered":"https:\/\/www.lltrezor.sk\/shop\/?post_type=product&#038;p=12254"},"modified":"2026-04-02T10:30:49","modified_gmt":"2026-04-02T08:30:49","slug":"diana-5-queen-b","status":"publish","type":"product","link":"https:\/\/www.lltrezor.sk\/shop\/product\/diana-5-queen-b\/","title":{"rendered":"DIANA 5 QUEEN B"},"content":{"rendered":"<div class=\"product-sdesc\">\n<div class=\"product-sdesc\">\n<div class=\"product-sdesc\">\n<div class=\"product-sdesc\">\n<div class=\"product-sdesc\">\n<div class=\"product-sdesc\">\n<div class=\"product-sdesc\">\n<div class=\"product-sdesc\">\n<div class=\"product-sdesc\">\n<div class=\"product-sdesc\">\n<p data-start=\"257\" data-end=\"598\">Profesion\u00e1lna <strong data-start=\"271\" data-end=\"329\">certifikovan\u00e1 skri\u0148a na ulo\u017eenie a\u017e 5 ks dlh\u00fdch zbran\u00ed<\/strong> so samostatne uzamykate\u013enou schr\u00e1nkou na strelivo. Robustn\u00e1 dvojpl\u00e1\u0161\u0165ov\u00e1 kon\u0161trukcia, certifik\u00e1cia bezpe\u010dnostnej triedy <strong data-start=\"450\" data-end=\"456\">S1<\/strong> a kvalitn\u00e9 trezorov\u00e9 z\u00e1mky robia z tejto skrine ide\u00e1lne rie\u0161enie pre po\u013eovn\u00edkov, \u0161portov\u00fdch strelcov aj n\u00e1ro\u010dn\u00fdch civiln\u00fdch dr\u017eite\u013eov zbran\u00ed.<\/p>\n<p data-start=\"600\" data-end=\"701\">Skri\u0148a <strong data-start=\"607\" data-end=\"700\">sp\u013a\u0148a v\u0161etky podmienky ustanoven\u00e9 v \u00a7 55 z\u00e1kona \u010d. 190\/2003 Zb. z. o zbraniach a strelive<\/strong>.<\/p>\n<hr data-start=\"703\" data-end=\"706\" \/>\n<h3 data-start=\"708\" data-end=\"743\">\ud83d\udee1\ufe0f Certifik\u00e1cia a z\u00e1konn\u00e1 zhoda<\/h3>\n<ul>\n<li data-start=\"747\" data-end=\"798\">Bezpe\u010dnostn\u00e1 trieda <strong data-start=\"767\" data-end=\"773\">S1<\/strong> pod\u013ea normy <strong data-start=\"786\" data-end=\"798\">EN 14450<\/strong><\/li>\n<li data-start=\"801\" data-end=\"845\">Minim\u00e1lne <strong data-start=\"811\" data-end=\"845\">15 RU pod\u013ea \u010cSN EN 1143-1:2013<\/strong><\/li>\n<li data-start=\"848\" data-end=\"906\">Z\u00e1mok bezpe\u010dnostnej triedy <strong data-start=\"875\" data-end=\"906\">A pod\u013ea \u010cSN EN 1300+A1:2012<\/strong><\/li>\n<li data-start=\"909\" data-end=\"989\">Vhodn\u00e1 na leg\u00e1lne ulo\u017eenie dlh\u00fdch zbran\u00ed a streliva pod\u013ea platnej legislat\u00edvy SR<\/li>\n<\/ul>\n<hr data-start=\"991\" data-end=\"994\" \/>\n<h3 data-start=\"996\" data-end=\"1022\">\ud83d\udd12 Uzamykanie a ochrana<\/h3>\n<ul>\n<li data-start=\"1026\" data-end=\"1092\"><strong data-start=\"1026\" data-end=\"1069\">Trezorov\u00fd mechanick\u00fd bezpe\u010dnostn\u00fd z\u00e1mok<\/strong> triedy \u201eA\u201c \u2013 <strong data-start=\"1083\" data-end=\"1092\">MAUER<\/strong><\/li>\n<li data-start=\"1095\" data-end=\"1150\"><strong data-start=\"1095\" data-end=\"1125\">Elektronick\u00fd z\u00e1mok LA\u2011GARD<\/strong> bezpe\u010dnostnej triedy \u201eA\u201c<\/li>\n<li data-start=\"1153\" data-end=\"1200\"><strong data-start=\"1153\" data-end=\"1200\">Trojstrann\u00fd p\u00e4\u0165bodov\u00fd rozvorov\u00fd mechanizmus<\/strong><\/li>\n<li data-start=\"1203\" data-end=\"1248\">Mas\u00edvne z\u00e1vorov\u00e9 \u010dapy s priemerom <strong data-start=\"1237\" data-end=\"1248\">\u00d8 22 mm<\/strong><\/li>\n<li data-start=\"1251\" data-end=\"1281\">Zv\u00fd\u0161en\u00e1 ochrana proti vl\u00e1maniu<\/li>\n<\/ul>\n<hr data-start=\"1283\" data-end=\"1286\" \/>\n<h3 data-start=\"1288\" data-end=\"1318\">\u2699\ufe0f Kon\u0161trukcia a prevedenie<\/h3>\n<ul>\n<li data-start=\"1322\" data-end=\"1358\"><strong data-start=\"1322\" data-end=\"1358\">Dvojpl\u00e1\u0161\u0165ov\u00e1 oce\u013eov\u00e1 kon\u0161trukcia<\/strong><\/li>\n<li data-start=\"1361\" data-end=\"1394\">Hr\u00fabka oce\u013eov\u00e9ho plechu: <strong data-start=\"1386\" data-end=\"1394\">3 mm<\/strong><\/li>\n<li data-start=\"1397\" data-end=\"1466\"><strong data-start=\"1397\" data-end=\"1429\">Dvojpl\u00e1\u0161\u0165ov\u00e9 zosilnen\u00e9 dvere<\/strong> s ochranou proti n\u00e1siln\u00e9mu otvoreniu<\/li>\n<li data-start=\"1469\" data-end=\"1549\">Dostatok priestoru aj pre zbrane s <strong data-start=\"1504\" data-end=\"1526\">v\u00e4\u010d\u0161\u00edm pu\u0161koh\u013eadom<\/strong> a mont\u00e1\u017eou s podh\u013eadom<\/li>\n<li data-start=\"1552\" data-end=\"1587\">Maxim\u00e1lna d\u013a\u017eka zbran\u00ed: <strong data-start=\"1576\" data-end=\"1587\">1310 mm<\/strong><\/li>\n<\/ul>\n<hr data-start=\"1589\" data-end=\"1592\" \/>\n<h3 data-start=\"1594\" data-end=\"1618\">\ud83c\udf92 Vn\u00fatorn\u00e9 vybavenie<\/h3>\n<ul>\n<li data-start=\"1622\" data-end=\"1670\"><strong data-start=\"1622\" data-end=\"1670\">Samostatne uzamykate\u013en\u00e1 schr\u00e1nka na strelivo<\/strong><\/li>\n<li data-start=\"1673\" data-end=\"1738\">Dr\u017eiaky na <strong data-start=\"1684\" data-end=\"1712\">\u010distenie a \u00fadr\u017ebu zbran\u00ed<\/strong> na vn\u00fatornej strane dver\u00ed<\/li>\n<li data-start=\"1741\" data-end=\"1762\"><strong data-start=\"1741\" data-end=\"1762\">Molyt\u00e1nov\u00e1 vlo\u017eka<\/strong><\/li>\n<li data-start=\"1765\" data-end=\"1825\"><strong data-start=\"1765\" data-end=\"1798\">Molyt\u00e1nov\u00e1 opierka pre zbrane<\/strong> \u2013 ochrana proti po\u0161kodeniu<\/li>\n<\/ul>\n<hr data-start=\"1827\" data-end=\"1830\" \/>\n<h3 data-start=\"1832\" data-end=\"1846\">\ud83d\udd29 Kotvenie<\/h3>\n<ul>\n<li data-start=\"1850\" data-end=\"1887\">Skri\u0148a je <strong data-start=\"1860\" data-end=\"1887\">pripraven\u00e1 na ukotvenie<\/strong><\/li>\n<li data-start=\"1890\" data-end=\"1931\"><strong data-start=\"1890\" data-end=\"1931\">Kotviaci materi\u00e1l je s\u00fa\u010das\u0165ou dod\u00e1vky<\/strong><\/li>\n<li data-start=\"1934\" data-end=\"1979\">Zv\u00fd\u0161en\u00e1 bezpe\u010dnos\u0165 a stabilita pri in\u0161tal\u00e1cii<\/li>\n<\/ul>\n<hr data-start=\"1981\" data-end=\"1984\" \/>\n<h3 data-start=\"1986\" data-end=\"2014\">\ud83d\udd11 Pr\u00edslu\u0161enstvo v balen\u00ed<\/h3>\n<ul>\n<li data-start=\"2018\" data-end=\"2073\"><strong data-start=\"2018\" data-end=\"2052\">2 ks k\u013e\u00fa\u010dov s poradov\u00fdm \u010d\u00edslom<\/strong> k vn\u00fatornej schr\u00e1nke<\/li>\n<li data-start=\"2076\" data-end=\"2114\"><strong data-start=\"2076\" data-end=\"2114\">2 ks bezpe\u010dnostn\u00e9 mot\u00fdlikov\u00e9 k\u013e\u00fa\u010de<\/strong><\/li>\n<li data-start=\"2117\" data-end=\"2144\">Kompletn\u00fd kotviaci materi\u00e1l<\/li>\n<\/ul>\n<hr data-start=\"2146\" data-end=\"2149\" \/>\n<h3 data-start=\"2151\" data-end=\"2173\">\ud83c\udfa8 Povrchov\u00e1 \u00faprava<\/h3>\n<ul>\n<li data-start=\"2177\" data-end=\"2236\">Polyuret\u00e1nov\u00e1 farba <strong data-start=\"2197\" data-end=\"2236\">odoln\u00e1 vo\u010di mechanick\u00fdm po\u0161kodeniam<\/strong><\/li>\n<li data-start=\"2239\" data-end=\"2274\">Z\u00e1kladn\u00e1 farba: <strong data-start=\"2255\" data-end=\"2274\">zelen\u00e1 RAL 6005<\/strong><\/li>\n<li data-start=\"2277\" data-end=\"2336\">In\u00e9 farebn\u00e9 vyhotovenia <strong data-start=\"2301\" data-end=\"2336\">na objedn\u00e1vku (+10 % pr\u00edplatok)<\/strong><\/li>\n<\/ul>\n<hr data-start=\"2338\" data-end=\"2341\" \/>\n<h3 data-start=\"2343\" data-end=\"2356\">\ud83c\udfed V\u00fdrobca<\/h3>\n<ul>\n<li data-start=\"2360\" data-end=\"2410\">V\u00fdrobca: <strong data-start=\"2369\" data-end=\"2410\"><span class=\"hover:entity-accent entity-underline inline cursor-pointer align-baseline\"><span class=\"whitespace-normal\">Trezor-Liktor Zrt.<\/span><\/span><\/strong><\/li>\n<li data-start=\"2413\" data-end=\"2441\">Krajina p\u00f4vodu: <strong data-start=\"2429\" data-end=\"2441\">Ma\u010farsko<\/strong><\/li>\n<\/ul>\n<hr data-start=\"2443\" data-end=\"2446\" \/>\n<ul>\n<li data-start=\"2448\" data-end=\"2467\">\u2705 Hlavn\u00e9 v\u00fdhody<\/li>\n<li data-start=\"2469\" data-end=\"2697\">\u2714 certifikovan\u00e1 bezpe\u010dnostn\u00e1 trieda S1<br data-start=\"2507\" data-end=\"2510\" \/>\u2714 pln\u00e1 zhoda so z\u00e1konom SR<br data-start=\"2536\" data-end=\"2539\" \/>\u2714 kombin\u00e1cia mechanick\u00e9ho a elektronick\u00e9ho z\u00e1mku<br data-start=\"2587\" data-end=\"2590\" \/>\u2714 mas\u00edvna dvojpl\u00e1\u0161\u0165ov\u00e1 kon\u0161trukcia<br data-start=\"2624\" data-end=\"2627\" \/>\u2714 samostatn\u00e1 schr\u00e1nka na strelivo<br data-start=\"2660\" data-end=\"2663\" \/>\u2714 vhodn\u00e1 aj pre zbrane s optikou<\/li>\n<\/ul>\n<\/div>\n<\/div>\n<\/div>\n<\/div>\n<\/div>\n<\/div>\n<\/div>\n<\/div>\n<\/div>\n<\/div>\n","protected":false},"excerpt":{"rendered":"<p>Certifikovan\u00e1 skri\u0148a na 5 dlh\u00fdch zbran\u00ed \u2013 bezpe\u010dnostn\u00e1 trieda S1<\/p>\n","protected":false},"featured_media":12267,"comment_status":"open","ping_status":"closed","template":"","meta":{"_monsterinsights_skip_tracking":false,"_monsterinsights_sitenote_active":false,"_monsterinsights_sitenote_note":"","_monsterinsights_sitenote_category":0},"product_brand":[318],"product_cat":[82,84],"product_tag":[542],"class_list":{"0":"post-12254","1":"product","2":"type-product","3":"status-publish","4":"has-post-thumbnail","6":"product_brand-trezor-liktor","7":"product_cat-skrine-na-dlhe-zbrane","8":"product_cat-trezory-na-dlhe-zbrane","9":"product_tag-diana","10":"product_shipping_class-od-1001-kg-do-150kg","11":"pa_bezpecnostna-trieda-15-ru-norma-en-1143-1","12":"pa_bezpecnostna-trieda-bezpecnostnej-triedy-a-v-zmysle-normy-en-1300","13":"pa_bezpecnostna-trieda-s1-podla-normy-en-14450","14":"pa_farba-ral-1015-bezova","15":"pa_farba-ral-6005-zelena","16":"pa_farba-ral-8014-hneda","17":"pa_farba-ral-9005-cierna","18":"pa_material-ocel","19":"pa_miesto-instalacie-volne-stojace","20":"pa_typ-zamku-elektronicky-zamok","21":"pa_typ-zamku-mechanicky-zamok","22":"pa_typ-zamku-otocny-kombinacny-zamok","23":"pa_vnutorna-hlbka-536","24":"pa_vnutorna-sirka-575","25":"pa_vnutorna-vyska-554","26":"pa_vnutorny-objem-537","27":"pa_vonkajsia-hlbka-540","28":"pa_vonkajsia-sirka-576","29":"pa_vonkajsia-vyska-555","30":"ts_product_brand-trezor-liktor","32":"first","33":"instock","34":"taxable","35":"shipping-taxable","36":"purchasable","37":"product-type-variable","38":"has-default-attributes"},"aioseo_notices":[],"jetpack_sharing_enabled":true,"_links":{"self":[{"href":"https:\/\/www.lltrezor.sk\/shop\/wp-json\/wp\/v2\/product\/12254","targetHints":{"allow":["GET"]}}],"collection":[{"href":"https:\/\/www.lltrezor.sk\/shop\/wp-json\/wp\/v2\/product"}],"about":[{"href":"https:\/\/www.lltrezor.sk\/shop\/wp-json\/wp\/v2\/types\/product"}],"replies":[{"embeddable":true,"href":"https:\/\/www.lltrezor.sk\/shop\/wp-json\/wp\/v2\/comments?post=12254"}],"wp:featuredmedia":[{"embeddable":true,"href":"https:\/\/www.lltrezor.sk\/shop\/wp-json\/wp\/v2\/media\/12267"}],"wp:attachment":[{"href":"https:\/\/www.lltrezor.sk\/shop\/wp-json\/wp\/v2\/media?parent=12254"}],"wp:term":[{"taxonomy":"product_brand","embeddable":true,"href":"https:\/\/www.lltrezor.sk\/shop\/wp-json\/wp\/v2\/product_brand?post=12254"},{"taxonomy":"product_cat","embeddable":true,"href":"https:\/\/www.lltrezor.sk\/shop\/wp-json\/wp\/v2\/product_cat?post=12254"},{"taxonomy":"product_tag","embeddable":true,"href":"https:\/\/www.lltrezor.sk\/shop\/wp-json\/wp\/v2\/product_tag?post=12254"}],"curies":[{"name":"wp","href":"https:\/\/api.w.org\/{rel}","templated":true}]}}