{"id":12202,"date":"2025-09-06T11:49:53","date_gmt":"2025-09-06T09:49:53","guid":{"rendered":"https:\/\/www.lltrezor.sk\/shop\/?post_type=product&#038;p=12202"},"modified":"2026-02-19T18:55:35","modified_gmt":"2026-02-19T17:55:35","slug":"diana-5-fire-block","status":"publish","type":"product","link":"https:\/\/www.lltrezor.sk\/shop\/product\/diana-5-fire-block\/","title":{"rendered":"DIANA 5 FIRE BLOCK"},"content":{"rendered":"<div class=\"product-sdesc\">\n<div class=\"product-sdesc\">\n<div class=\"product-sdesc\">\n<div class=\"product-sdesc\">\n<div class=\"product-sdesc\">\n<div class=\"product-sdesc\">\n<div class=\"product-sdesc\">\n<div class=\"product-sdesc\">\n<p data-start=\"246\" data-end=\"586\">Vysokobezpe\u010dnostn\u00fd <strong data-start=\"265\" data-end=\"320\">certifikovan\u00fd trezor na ulo\u017eenie 5 ks dlh\u00fdch zbran\u00ed<\/strong> so samostatne uzamykate\u013enou schr\u00e1nkou na strelivo. Robustn\u00e1 kon\u0161trukcia, viacbodov\u00e9 uzamykanie a <strong data-start=\"418\" data-end=\"457\">oh\u0148ovzdorn\u00e9 vyhotovenie do 60 min\u00fat<\/strong> z neho robia ide\u00e1lne rie\u0161enie pre n\u00e1ro\u010dn\u00fdch pou\u017e\u00edvate\u013eov, ktor\u00ed po\u017eaduj\u00fa <strong data-start=\"531\" data-end=\"585\">maxim\u00e1lnu ochranu zbran\u00ed, streliva a pr\u00edslu\u0161enstva<\/strong>.<\/p>\n<hr data-start=\"588\" data-end=\"591\" \/>\n<h3 data-start=\"593\" data-end=\"627\">\u2696\ufe0f Z\u00e1konn\u00e1 zhoda a certifik\u00e1cia<\/h3>\n<ul>\n<li data-start=\"631\" data-end=\"717\">Sp\u013a\u0148a podmienky ustanoven\u00e9 v <strong data-start=\"660\" data-end=\"717\">\u00a7 55 z\u00e1kona \u010d. 190\/2003 Zb. z. o zbraniach a strelive<\/strong><\/li>\n<li data-start=\"720\" data-end=\"771\"><strong data-start=\"720\" data-end=\"771\">Certifikovan\u00fd pod\u013ea noriem EN 1143-1<\/strong><\/li>\n<li data-start=\"821\" data-end=\"875\">Vybaven\u00fd z\u00e1mkom <strong data-start=\"837\" data-end=\"875\">triedy A pod\u013ea \u010cSN EN 1300+A1:2012<\/strong><\/li>\n<li data-start=\"878\" data-end=\"940\">Vhodn\u00fd aj pre ulo\u017eenie zbran\u00ed vy\u0161\u0161\u00edch bezpe\u010dnostn\u00fdch kateg\u00f3ri\u00ed<\/li>\n<\/ul>\n<hr data-start=\"942\" data-end=\"945\" \/>\n<h3 data-start=\"947\" data-end=\"966\">\ud83d\udd25 Oh\u0148ovzdornos\u0165<\/h3>\n<ul>\n<li data-start=\"970\" data-end=\"1009\"><strong data-start=\"970\" data-end=\"1009\">Oh\u0148ovzdorn\u00e9 vyhotovenie do 60 min\u00fat<\/strong><\/li>\n<li data-start=\"1012\" data-end=\"1068\">Ochrana obsahu pred \u00fa\u010dinkami vysok\u00fdch tepl\u00f4t pri po\u017eiari<\/li>\n<li data-start=\"1071\" data-end=\"1130\">Vhodn\u00e9 aj pre ulo\u017eenie citliv\u00e9ho pr\u00edslu\u0161enstva a dokumentov<\/li>\n<\/ul>\n<hr data-start=\"1132\" data-end=\"1135\" \/>\n<h3 data-start=\"1137\" data-end=\"1166\">\ud83d\udd12 Uzamykanie a bezpe\u010dnos\u0165<\/h3>\n<ul>\n<li data-start=\"1170\" data-end=\"1230\"><strong data-start=\"1170\" data-end=\"1230\">Trezorov\u00fd mechanick\u00fd bezpe\u010dnostn\u00fd z\u00e1mok triedy A \u2013 MAUER<\/strong><\/li>\n<li data-start=\"1233\" data-end=\"1284\"><strong data-start=\"1233\" data-end=\"1284\">Elektronick\u00fd kombina\u010dn\u00fd z\u00e1mok LA\u2011GARD, trieda A<\/strong><\/li>\n<li data-start=\"1287\" data-end=\"1336\"><strong data-start=\"1287\" data-end=\"1336\">\u0160tvorsmern\u00fd sedembodov\u00fd rozvorov\u00fd mechanizmus<\/strong><\/li>\n<li data-start=\"1339\" data-end=\"1382\">Siln\u00e9 z\u00e1vorov\u00e9 \u010dapy s priemerom <strong data-start=\"1371\" data-end=\"1382\">\u00d8 22 mm<\/strong><\/li>\n<li data-start=\"1385\" data-end=\"1426\">Vysok\u00e1 odolnos\u0165 proti n\u00e1siln\u00e9mu vniknutiu<\/li>\n<\/ul>\n<hr data-start=\"1428\" data-end=\"1431\" \/>\n<h3 data-start=\"1433\" data-end=\"1450\">\ud83e\uddf1 Kon\u0161trukcia<\/h3>\n<ul>\n<li data-start=\"1454\" data-end=\"1490\"><strong data-start=\"1454\" data-end=\"1490\">Dvojpl\u00e1\u0161\u0165ov\u00e1 oce\u013eov\u00e1 kon\u0161trukcia<\/strong><\/li>\n<li data-start=\"1493\" data-end=\"1516\">Hr\u00fabka stien: <strong data-start=\"1507\" data-end=\"1516\">60 mm<\/strong><\/li>\n<li data-start=\"1519\" data-end=\"1580\"><strong data-start=\"1519\" data-end=\"1551\">Dvojpl\u00e1\u0161\u0165ov\u00e9 zosilnen\u00e9 dvere<\/strong> s protin\u00e1silnou kon\u0161trukciou<\/li>\n<li data-start=\"1583\" data-end=\"1635\">Optimalizovan\u00e9 vn\u00fatorn\u00e9 usporiadanie pre dlh\u00e9 zbrane<\/li>\n<\/ul>\n<hr data-start=\"1637\" data-end=\"1640\" \/>\n<h3 data-start=\"1642\" data-end=\"1666\">\ud83c\udf92 Vn\u00fatorn\u00e9 vybavenie<\/h3>\n<ul>\n<li data-start=\"1670\" data-end=\"1718\"><strong data-start=\"1670\" data-end=\"1718\">Samostatne uzamykate\u013en\u00e1 schr\u00e1nka na strelivo<\/strong><\/li>\n<li data-start=\"1721\" data-end=\"1802\">Dostato\u010dn\u00fd priestor aj pre zbrane s <strong data-start=\"1757\" data-end=\"1779\">v\u00e4\u010d\u0161\u00edm pu\u0161koh\u013eadom<\/strong> a mont\u00e1\u017eou s podh\u013eadom<\/li>\n<li data-start=\"1805\" data-end=\"1869\"><strong data-start=\"1805\" data-end=\"1838\">Molyt\u00e1nov\u00e1 opierka pre zbrane<\/strong> \u2013 stabiln\u00e9 a bezpe\u010dn\u00e9 ulo\u017eenie<\/li>\n<li data-start=\"1872\" data-end=\"1938\">Dr\u017eiaky na <strong data-start=\"1883\" data-end=\"1912\">n\u00e1radie a \u010distenie zbran\u00ed<\/strong> na vn\u00fatornej strane dver\u00ed<\/li>\n<\/ul>\n<hr data-start=\"1940\" data-end=\"1943\" \/>\n<h3 data-start=\"1945\" data-end=\"1959\">\ud83d\udd29 Kotvenie<\/h3>\n<ul>\n<li data-start=\"1963\" data-end=\"2006\">Trezor je <strong data-start=\"1973\" data-end=\"2006\">pripraven\u00fd na pevn\u00e9 ukotvenie<\/strong><\/li>\n<li data-start=\"2009\" data-end=\"2050\"><strong data-start=\"2009\" data-end=\"2050\">Kotviaci materi\u00e1l je s\u00fa\u010das\u0165ou dod\u00e1vky<\/strong><\/li>\n<li data-start=\"2053\" data-end=\"2098\">Zv\u00fd\u0161en\u00e1 ochrana proti odcudzeniu celej skrine<\/li>\n<\/ul>\n<hr data-start=\"2100\" data-end=\"2103\" \/>\n<h3 data-start=\"2105\" data-end=\"2127\">\ud83c\udfa8 Povrchov\u00e1 \u00faprava<\/h3>\n<ul>\n<li data-start=\"2131\" data-end=\"2203\">Polyuret\u00e1nov\u00e1 farba <strong data-start=\"2151\" data-end=\"2203\">odoln\u00e1 vo\u010di mechanick\u00fdm aj chemick\u00fdm po\u0161kodeniam<\/strong><\/li>\n<li data-start=\"2206\" data-end=\"2241\">Z\u00e1kladn\u00e1 farba: <strong data-start=\"2222\" data-end=\"2241\">zelen\u00e1 RAL 6005<\/strong><\/li>\n<li data-start=\"2244\" data-end=\"2302\">In\u00e9 farebn\u00e9 prevedenia <strong data-start=\"2267\" data-end=\"2302\">na objedn\u00e1vku (+10 % pr\u00edplatok)<\/strong><\/li>\n<\/ul>\n<hr data-start=\"2304\" data-end=\"2307\" \/>\n<h3 data-start=\"2309\" data-end=\"2330\">\ud83d\udcd0 Technick\u00e9 \u00fadaje<\/h3>\n<ul>\n<li data-start=\"2334\" data-end=\"2366\">Kapacita: <strong data-start=\"2344\" data-end=\"2366\">5 ks dlh\u00fdch zbran\u00ed<\/strong><\/li>\n<li data-start=\"2369\" data-end=\"2404\">Maxim\u00e1lna d\u013a\u017eka zbran\u00ed: <strong data-start=\"2393\" data-end=\"2404\">1310 mm<\/strong><\/li>\n<li data-start=\"2407\" data-end=\"2461\">Dod\u00e1van\u00e9 k\u013e\u00fa\u010de: <strong data-start=\"2423\" data-end=\"2461\">2 ks bezpe\u010dnostn\u00e9 mot\u00fdlikov\u00e9 k\u013e\u00fa\u010de<\/strong><\/li>\n<\/ul>\n<hr data-start=\"2463\" data-end=\"2466\" \/>\n<h3 data-start=\"2468\" data-end=\"2481\">\ud83c\udfed V\u00fdrobca<\/h3>\n<ul>\n<li data-start=\"2485\" data-end=\"2535\">V\u00fdrobca: <strong data-start=\"2494\" data-end=\"2535\"><span class=\"hover:entity-accent entity-underline inline cursor-pointer align-baseline\"><span class=\"whitespace-normal\">Trezor-Liktor Zrt.<\/span><\/span><\/strong><\/li>\n<li data-start=\"2538\" data-end=\"2566\">Krajina p\u00f4vodu: <strong data-start=\"2554\" data-end=\"2566\">Ma\u010farsko<\/strong><\/li>\n<\/ul>\n<hr data-start=\"2568\" data-end=\"2571\" \/>\n<h3 data-start=\"2573\" data-end=\"2592\">\u2705 Hlavn\u00e9 v\u00fdhody<\/h3>\n<p data-start=\"2594\" data-end=\"2777\">\u2714 certifik\u00e1cia EN 1143\u20111<br data-start=\"2629\" data-end=\"2632\" \/>\u2714 oh\u0148ovzdornos\u0165 do 60 min\u00fat<br data-start=\"2659\" data-end=\"2662\" \/>\u2714 dvojit\u00e9 uzamykanie \u2013 mechanick\u00e9 + elektronick\u00e9<br data-start=\"2710\" data-end=\"2713\" \/>\u2714 mas\u00edvna 60 mm kon\u0161trukcia<br data-start=\"2740\" data-end=\"2743\" \/>\u2714 vhodn\u00e9 aj pre zbrane s optikou<\/p>\n<\/div>\n<\/div>\n<\/div>\n<\/div>\n<\/div>\n<\/div>\n<\/div>\n<\/div>\n","protected":false},"excerpt":{"rendered":"<p>Certifikovan\u00fd trezor na 5 dlh\u00fdch zbran\u00ed \u2013 oh\u0148ovzdorn\u00fd (60 min)<\/p>\n","protected":false},"featured_media":12207,"comment_status":"open","ping_status":"closed","template":"","meta":{"_monsterinsights_skip_tracking":false,"_monsterinsights_sitenote_active":false,"_monsterinsights_sitenote_note":"","_monsterinsights_sitenote_category":0},"product_brand":[318],"product_cat":[1653,84],"product_tag":[542],"class_list":{"0":"post-12202","1":"product","2":"type-product","3":"status-publish","4":"has-post-thumbnail","6":"product_brand-trezor-liktor","7":"product_cat-ohnovzdorne-trezory","8":"product_cat-trezory-na-dlhe-zbrane","9":"product_tag-diana","10":"product_shipping_class-od-2001-kg-do-300kg","11":"pa_bezpecnostna-trieda-0-podla-en-1143-1-a12009","12":"pa_bezpecnostna-trieda-bezpecnostnej-triedy-a-v-zmysle-normy-en-1300","13":"pa_farba-ral-1015-bezova","14":"pa_farba-ral-6005-zelena","15":"pa_farba-ral-8014-hneda","16":"pa_farba-ral-9005-cierna","17":"pa_material-ocel","18":"pa_miesto-instalacie-volne-stojace","19":"pa_typ-zamku-elektronicky-zamok","20":"pa_typ-zamku-mechanicky-zamok","21":"pa_typ-zamku-otocny-kombinacny-zamok","22":"pa_vnutorna-hlbka-536","23":"pa_vnutorna-sirka-575","24":"pa_vnutorna-vyska-565","25":"pa_vnutorny-objem-537","26":"pa_vonkajsia-hlbka-540","27":"pa_vonkajsia-sirka-576","28":"pa_vonkajsia-vyska-538","29":"ts_product_brand-trezor-liktor","31":"first","32":"onbackorder","33":"taxable","34":"shipping-taxable","35":"purchasable","36":"product-type-variable","37":"has-default-attributes"},"aioseo_notices":[],"jetpack_sharing_enabled":true,"_links":{"self":[{"href":"https:\/\/www.lltrezor.sk\/shop\/wp-json\/wp\/v2\/product\/12202","targetHints":{"allow":["GET"]}}],"collection":[{"href":"https:\/\/www.lltrezor.sk\/shop\/wp-json\/wp\/v2\/product"}],"about":[{"href":"https:\/\/www.lltrezor.sk\/shop\/wp-json\/wp\/v2\/types\/product"}],"replies":[{"embeddable":true,"href":"https:\/\/www.lltrezor.sk\/shop\/wp-json\/wp\/v2\/comments?post=12202"}],"wp:featuredmedia":[{"embeddable":true,"href":"https:\/\/www.lltrezor.sk\/shop\/wp-json\/wp\/v2\/media\/12207"}],"wp:attachment":[{"href":"https:\/\/www.lltrezor.sk\/shop\/wp-json\/wp\/v2\/media?parent=12202"}],"wp:term":[{"taxonomy":"product_brand","embeddable":true,"href":"https:\/\/www.lltrezor.sk\/shop\/wp-json\/wp\/v2\/product_brand?post=12202"},{"taxonomy":"product_cat","embeddable":true,"href":"https:\/\/www.lltrezor.sk\/shop\/wp-json\/wp\/v2\/product_cat?post=12202"},{"taxonomy":"product_tag","embeddable":true,"href":"https:\/\/www.lltrezor.sk\/shop\/wp-json\/wp\/v2\/product_tag?post=12202"}],"curies":[{"name":"wp","href":"https:\/\/api.w.org\/{rel}","templated":true}]}}