{"id":12094,"date":"2025-09-06T10:30:59","date_gmt":"2025-09-06T08:30:59","guid":{"rendered":"https:\/\/www.lltrezor.sk\/shop\/?post_type=product&#038;p=12094"},"modified":"2026-03-24T17:19:30","modified_gmt":"2026-03-24T16:19:30","slug":"diana-10-standard","status":"publish","type":"product","link":"https:\/\/www.lltrezor.sk\/shop\/product\/diana-10-standard\/","title":{"rendered":"DIANA 10 STANDARD"},"content":{"rendered":"<div class=\"product-sdesc\">\n<div class=\"product-sdesc\">\n<div class=\"product-sdesc\">\n<p data-start=\"267\" data-end=\"581\">Robustn\u00e1 <strong data-start=\"276\" data-end=\"321\">skri\u0148a na ulo\u017eenie a\u017e 10 ks dlh\u00fdch zbran\u00ed<\/strong>, ur\u010den\u00e1 pre po\u013eovn\u00edkov, \u0161portov\u00fdch strelcov, strelnice aj profesion\u00e1lnych pou\u017e\u00edvate\u013eov. Praktick\u00e9 vn\u00fatorn\u00e9 rie\u0161enie so <strong data-start=\"441\" data-end=\"517\">samostatne uzamykate\u013enou schr\u00e1nkou na strelivo a nastavite\u013en\u00fdmi policami<\/strong> umo\u017e\u0148uje bezpe\u010dn\u00e9 a preh\u013eadn\u00e9 ulo\u017eenie zbran\u00ed aj pr\u00edslu\u0161enstva.<\/p>\n<hr data-start=\"583\" data-end=\"586\" \/>\n<h3 data-start=\"588\" data-end=\"607\">\u2696\ufe0f Z\u00e1konn\u00e1 zhoda<\/h3>\n<ul>\n<li data-start=\"611\" data-end=\"697\">Sp\u013a\u0148a podmienky ustanoven\u00e9 v <strong data-start=\"640\" data-end=\"697\">\u00a7 55 z\u00e1kona \u010d. 190\/2003 Zb. z. o zbraniach a strelive<\/strong><\/li>\n<li data-start=\"700\" data-end=\"751\">Vhodn\u00e1 na z\u00e1konn\u00e9 ulo\u017eenie dlh\u00fdch zbran\u00ed a streliva<\/li>\n<\/ul>\n<hr data-start=\"753\" data-end=\"756\" \/>\n<h3 data-start=\"758\" data-end=\"783\">\ud83d\udd12 Bezpe\u010dnostn\u00fd syst\u00e9m<\/h3>\n<ul>\n<li data-start=\"787\" data-end=\"847\"><strong data-start=\"787\" data-end=\"847\">Trezorov\u00fd mechanick\u00fd bezpe\u010dnostn\u00fd z\u00e1mok triedy A \u2013 MAUER<\/strong><\/li>\n<li data-start=\"850\" data-end=\"903\"><strong data-start=\"850\" data-end=\"880\">Elektronick\u00fd z\u00e1mok LA\u2011GARD<\/strong>, bezpe\u010dnostn\u00e1 trieda A<\/li>\n<li data-start=\"906\" data-end=\"953\"><strong data-start=\"906\" data-end=\"953\">Trojstrann\u00fd p\u00e4\u0165bodov\u00fd rozvorov\u00fd mechanizmus<\/strong><\/li>\n<li data-start=\"956\" data-end=\"1001\">Mas\u00edvne z\u00e1vorov\u00e9 \u010dapy s priemerom <strong data-start=\"990\" data-end=\"1001\">\u00d8 22 mm<\/strong><\/li>\n<li data-start=\"1004\" data-end=\"1057\">Zv\u00fd\u0161en\u00e1 ochrana proti vyp\u00e1\u010deniu a n\u00e1siln\u00e9mu otvoreniu<\/li>\n<\/ul>\n<hr data-start=\"1059\" data-end=\"1062\" \/>\n<h3 data-start=\"1064\" data-end=\"1081\">\ud83e\uddf1 Kon\u0161trukcia<\/h3>\n<ul>\n<li data-start=\"1085\" data-end=\"1149\"><strong data-start=\"1085\" data-end=\"1114\">Jednopl\u00e1\u0161\u0165ov\u00e1 kon\u0161trukcia<\/strong> z oce\u013eov\u00e9ho plechu hr\u00fabky <strong data-start=\"1141\" data-end=\"1149\">2 mm<\/strong><\/li>\n<li data-start=\"1152\" data-end=\"1223\"><strong data-start=\"1152\" data-end=\"1174\">Dvojpl\u00e1\u0161\u0165ov\u00e9 dvere<\/strong> z oce\u013eov\u00e9ho plechu s kon\u0161trukciou proti vl\u00e1maniu<\/li>\n<li data-start=\"1226\" data-end=\"1283\">Pevn\u00e9 a stabiln\u00e9 prevedenie vhodn\u00e9 na dlhodob\u00e9 pou\u017e\u00edvanie<\/li>\n<\/ul>\n<hr data-start=\"1285\" data-end=\"1288\" \/>\n<h3 data-start=\"1290\" data-end=\"1314\">\ud83c\udf92 Vn\u00fatorn\u00e9 vybavenie<\/h3>\n<ul>\n<li data-start=\"1318\" data-end=\"1351\">Kapacita: <strong data-start=\"1328\" data-end=\"1351\">10 ks dlh\u00fdch zbran\u00ed<\/strong><\/li>\n<li data-start=\"1354\" data-end=\"1428\">Dostato\u010dn\u00fd priestor aj pre <strong data-start=\"1381\" data-end=\"1428\">zbrane s pu\u0161koh\u013eadom a mont\u00e1\u017eou s podh\u013eadom<\/strong><\/li>\n<li data-start=\"1431\" data-end=\"1481\"><strong data-start=\"1431\" data-end=\"1479\">Samostatne uzamykate\u013en\u00e1 schr\u00e1nka na strelivo<\/strong>\n<ul>\n<li data-start=\"1486\" data-end=\"1531\">rozmery: <strong data-start=\"1495\" data-end=\"1517\">280 \u00d7 280 \u00d7 750 mm<\/strong> (v \u00d7 h \u00d7 \u0161)<\/li>\n<li data-start=\"1536\" data-end=\"1567\">otvor: <strong data-start=\"1543\" data-end=\"1559\">180 \u00d7 310 mm<\/strong> (v \u00d7 \u0161)<\/li>\n<\/ul>\n<\/li>\n<li data-start=\"1570\" data-end=\"1619\"><strong data-start=\"1570\" data-end=\"1600\">Nastavite\u013en\u00e9 kovov\u00e9 police<\/strong> na pr\u00edslu\u0161enstvo\n<ul>\n<li data-start=\"1624\" data-end=\"1671\">rozmery pol\u00edc: <strong data-start=\"1639\" data-end=\"1655\">280 \u00d7 250 mm<\/strong> (h\u013abka \u00d7 \u0161\u00edrka)<\/li>\n<\/ul>\n<\/li>\n<li data-start=\"1674\" data-end=\"1716\"><strong data-start=\"1674\" data-end=\"1716\">Molyt\u00e1nov\u00e1 vlo\u017eka a opierka pre zbrane<\/strong><\/li>\n<li data-start=\"1719\" data-end=\"1783\">Dr\u017eiaky na n\u00e1radie pre \u010distenie zbran\u00ed na vn\u00fatornej strane dver\u00ed<\/li>\n<\/ul>\n<hr data-start=\"1785\" data-end=\"1788\" \/>\n<h3 data-start=\"1790\" data-end=\"1804\">\ud83d\udd29 Kotvenie<\/h3>\n<ul>\n<li data-start=\"1808\" data-end=\"1868\">Skri\u0148a je <strong data-start=\"1818\" data-end=\"1868\">pripraven\u00e1 na ukotvenie do podlahy alebo steny<\/strong><\/li>\n<li data-start=\"1871\" data-end=\"1912\"><strong data-start=\"1871\" data-end=\"1912\">Kotviaci materi\u00e1l je s\u00fa\u010das\u0165ou dod\u00e1vky<\/strong><\/li>\n<li data-start=\"1915\" data-end=\"1960\">Zv\u00fd\u0161en\u00e1 ochrana proti odcudzeniu celej skrine<\/li>\n<\/ul>\n<hr data-start=\"1962\" data-end=\"1965\" \/>\n<h3 data-start=\"1967\" data-end=\"1989\">\ud83c\udfa8 Povrchov\u00e1 \u00faprava<\/h3>\n<ul>\n<li data-start=\"1993\" data-end=\"2052\">Polyuret\u00e1nov\u00e1 farba <strong data-start=\"2013\" data-end=\"2052\">odoln\u00e1 vo\u010di mechanick\u00fdm po\u0161kodeniam<\/strong><\/li>\n<li data-start=\"2055\" data-end=\"2090\">Z\u00e1kladn\u00e1 farba: <strong data-start=\"2071\" data-end=\"2090\">zelen\u00e1 RAL 6005<\/strong><\/li>\n<li data-start=\"2093\" data-end=\"2164\">Ostatn\u00e9 farby z RAL palety dostupn\u00e9 <strong data-start=\"2129\" data-end=\"2164\">na objedn\u00e1vku s pr\u00edplatkom 10 %<\/strong><\/li>\n<\/ul>\n<hr data-start=\"2166\" data-end=\"2169\" \/>\n<h3 data-start=\"2171\" data-end=\"2192\">\ud83d\udcd0 Technick\u00e9 \u00fadaje<\/h3>\n<ul>\n<li data-start=\"2196\" data-end=\"2231\">Maxim\u00e1lna d\u013a\u017eka zbran\u00ed: <strong data-start=\"2220\" data-end=\"2231\">1300 mm<\/strong><\/li>\n<li data-start=\"2234\" data-end=\"2257\">Dod\u00e1van\u00e9 pr\u00edslu\u0161enstvo:\n<ul>\n<li data-start=\"2262\" data-end=\"2286\"><strong data-start=\"2262\" data-end=\"2286\">2 ks trezorov\u00e9 k\u013e\u00fa\u010de<\/strong><\/li>\n<li data-start=\"2291\" data-end=\"2345\"><strong data-start=\"2291\" data-end=\"2345\">2 ks k\u013e\u00fa\u010de s poradov\u00fdm \u010d\u00edslom k vn\u00fatornej schr\u00e1nke<\/strong><\/li>\n<\/ul>\n<\/li>\n<\/ul>\n<hr data-start=\"2347\" data-end=\"2350\" \/>\n<h3 data-start=\"2352\" data-end=\"2365\">\ud83c\udfed V\u00fdrobca<\/h3>\n<ul>\n<li data-start=\"2369\" data-end=\"2419\">V\u00fdrobca: <strong data-start=\"2378\" data-end=\"2419\"><span class=\"hover:entity-accent entity-underline inline cursor-pointer align-baseline\"><span class=\"whitespace-normal\">Trezor-Liktor Zrt.<\/span><\/span><\/strong><\/li>\n<li data-start=\"2422\" data-end=\"2450\">Krajina p\u00f4vodu: <strong data-start=\"2438\" data-end=\"2450\">Ma\u010farsko<\/strong><\/li>\n<\/ul>\n<hr data-start=\"2452\" data-end=\"2455\" \/>\n<h3>\u2705 Pre\u010do si vybra\u0165 tento model?<\/h3>\n<p>\u2714 kapacita a\u017e 10 dlh\u00fdch zbran\u00ed<br data-start=\"2523\" data-end=\"2526\" \/>\u2714 samostatne uzamykate\u013en\u00e1 schr\u00e1nka na strelivo<br data-start=\"2572\" data-end=\"2575\" \/>\u2714 kombin\u00e1cia mechanick\u00e9ho a elektronick\u00e9ho z\u00e1mku<br data-start=\"2623\" data-end=\"2626\" \/>\u2714 praktick\u00e9 police na pr\u00edslu\u0161enstvo<br data-start=\"2661\" data-end=\"2664\" \/>\u2714 splnenie z\u00e1konn\u00fdch po\u017eiadaviek SR<\/p>\n<\/div>\n<\/div>\n<\/div>\n","protected":false},"excerpt":{"rendered":"<p>Skri\u0148a na 10 dlh\u00fdch zbran\u00ed so schr\u00e1nkou na strelivo a policami<\/p>\n","protected":false},"featured_media":12109,"comment_status":"open","ping_status":"closed","template":"","meta":{"_monsterinsights_skip_tracking":false,"_monsterinsights_sitenote_active":false,"_monsterinsights_sitenote_note":"","_monsterinsights_sitenote_category":0},"product_brand":[318],"product_cat":[82],"product_tag":[542],"class_list":{"0":"post-12094","1":"product","2":"type-product","3":"status-publish","4":"has-post-thumbnail","6":"product_brand-trezor-liktor","7":"product_cat-skrine-na-dlhe-zbrane","8":"product_tag-diana","9":"product_shipping_class-od-1001-kg-do-150kg","10":"pa_bezpecnostna-trieda-bezpecnostnej-triedy-a-v-zmysle-normy-en-1300","11":"pa_farba-ral-1015-bezova","12":"pa_farba-ral-6005-zelena","13":"pa_farba-ral-8014-hneda","14":"pa_farba-ral-9005-cierna","15":"pa_material-ocel","16":"pa_miesto-instalacie-volne-stojace","17":"pa_typ-zamku-elektronicky-zamok","18":"pa_typ-zamku-mechanicky-zamok","19":"pa_typ-zamku-otocny-kombinacny-zamok","20":"pa_vnutorna-hlbka-544","21":"pa_vnutorna-sirka-568","22":"pa_vnutorna-vyska-567","23":"pa_vnutorny-objem-537","24":"pa_vonkajsia-hlbka-548","25":"pa_vonkajsia-sirka-547","26":"pa_vonkajsia-vyska-546","27":"ts_product_brand-trezor-liktor","29":"first","30":"instock","31":"featured","32":"taxable","33":"shipping-taxable","34":"purchasable","35":"product-type-variable"},"aioseo_notices":[],"jetpack_sharing_enabled":true,"_links":{"self":[{"href":"https:\/\/www.lltrezor.sk\/shop\/wp-json\/wp\/v2\/product\/12094","targetHints":{"allow":["GET"]}}],"collection":[{"href":"https:\/\/www.lltrezor.sk\/shop\/wp-json\/wp\/v2\/product"}],"about":[{"href":"https:\/\/www.lltrezor.sk\/shop\/wp-json\/wp\/v2\/types\/product"}],"replies":[{"embeddable":true,"href":"https:\/\/www.lltrezor.sk\/shop\/wp-json\/wp\/v2\/comments?post=12094"}],"wp:featuredmedia":[{"embeddable":true,"href":"https:\/\/www.lltrezor.sk\/shop\/wp-json\/wp\/v2\/media\/12109"}],"wp:attachment":[{"href":"https:\/\/www.lltrezor.sk\/shop\/wp-json\/wp\/v2\/media?parent=12094"}],"wp:term":[{"taxonomy":"product_brand","embeddable":true,"href":"https:\/\/www.lltrezor.sk\/shop\/wp-json\/wp\/v2\/product_brand?post=12094"},{"taxonomy":"product_cat","embeddable":true,"href":"https:\/\/www.lltrezor.sk\/shop\/wp-json\/wp\/v2\/product_cat?post=12094"},{"taxonomy":"product_tag","embeddable":true,"href":"https:\/\/www.lltrezor.sk\/shop\/wp-json\/wp\/v2\/product_tag?post=12094"}],"curies":[{"name":"wp","href":"https:\/\/api.w.org\/{rel}","templated":true}]}}