{"id":11950,"date":"2025-09-02T19:19:36","date_gmt":"2025-09-02T17:19:36","guid":{"rendered":"https:\/\/www.lltrezor.sk\/shop\/?post_type=product&#038;p=11950"},"modified":"2026-04-02T10:37:17","modified_gmt":"2026-04-02T08:37:17","slug":"diana-10-queen-b","status":"publish","type":"product","link":"https:\/\/www.lltrezor.sk\/shop\/product\/diana-10-queen-b\/","title":{"rendered":"DIANA 10 QUEEN B"},"content":{"rendered":"<div class=\"product-sdesc\">\n<div class=\"product-sdesc\">\n<div class=\"product-sdesc\">\n<p data-start=\"234\" data-end=\"504\">Skri\u0148a je ur\u010den\u00e1 na <strong data-start=\"254\" data-end=\"298\">bezpe\u010dn\u00e9 ulo\u017eenie a\u017e 10 ks dlh\u00fdch zbran\u00ed<\/strong> a samostatne uzamykate\u013enej schr\u00e1nky na strelivo. Kon\u0161trukcia, certifik\u00e1cia a pou\u017eit\u00e9 bezpe\u010dnostn\u00e9 prvky sp\u013a\u0148aj\u00fa po\u017eiadavky aj n\u00e1ro\u010dn\u00fdch pou\u017e\u00edvate\u013eov z radov po\u013eovn\u00edkov, \u0161portov\u00fdch strelcov a profesion\u00e1lov.<\/p>\n<hr data-start=\"506\" data-end=\"509\" \/>\n<h3 data-start=\"511\" data-end=\"543\">\ud83d\udcdc Certifik\u00e1cia a legislat\u00edva<\/h3>\n<ul>\n<li data-start=\"546\" data-end=\"632\">sp\u013a\u0148a podmienky ustanoven\u00e9 v <strong data-start=\"575\" data-end=\"632\">\u00a7 55 z\u00e1kona \u010d. 190\/2003 Zb. z. o zbraniach a strelive<\/strong><\/li>\n<li data-start=\"635\" data-end=\"682\"><strong data-start=\"635\" data-end=\"682\">bezpe\u010dnostn\u00e1 trieda S1 pod\u013ea normy EN 14450<\/strong><\/li>\n<li data-start=\"685\" data-end=\"724\"><strong data-start=\"685\" data-end=\"724\">min. 15 RU pod\u013ea \u010cSN EN 1143-1:2013<\/strong><\/li>\n<li data-start=\"727\" data-end=\"781\">vybaven\u00e1 z\u00e1mkom <strong data-start=\"743\" data-end=\"781\">triedy A pod\u013ea \u010cSN EN 1300+A1:2012<\/strong><\/li>\n<\/ul>\n<hr data-start=\"783\" data-end=\"786\" \/>\n<h3 data-start=\"788\" data-end=\"816\">\ud83e\uddf1 Kon\u0161trukcia a odolnos\u0165<\/h3>\n<ul>\n<li data-start=\"819\" data-end=\"882\"><strong data-start=\"819\" data-end=\"847\">dvojpl\u00e1\u0161\u0165ov\u00e1 kon\u0161trukcia<\/strong> z oce\u013eov\u00e9ho plechu hr\u00fabky <strong data-start=\"874\" data-end=\"882\">3 mm<\/strong><\/li>\n<li data-start=\"885\" data-end=\"949\"><strong data-start=\"885\" data-end=\"907\">dvojpl\u00e1\u0161\u0165ov\u00e9 dvere<\/strong> so zosilnenou kon\u0161trukciou proti vl\u00e1maniu<\/li>\n<li data-start=\"952\" data-end=\"999\"><strong data-start=\"952\" data-end=\"999\">trojstrann\u00fd p\u00e4\u0165bodov\u00fd rozvorov\u00fd mechanizmus<\/strong><\/li>\n<li data-start=\"1002\" data-end=\"1047\">mas\u00edvne z\u00e1vorov\u00e9 \u010dapy s priemerom <strong data-start=\"1036\" data-end=\"1047\">\u00d8 22 mm<\/strong><\/li>\n<li data-start=\"1050\" data-end=\"1129\">skri\u0148a je prisp\u00f4soben\u00e1 na <strong data-start=\"1076\" data-end=\"1089\">ukotvenie<\/strong> (kotviaci materi\u00e1l je s\u00fa\u010das\u0165ou dod\u00e1vky)<\/li>\n<\/ul>\n<hr data-start=\"1131\" data-end=\"1134\" \/>\n<h3 data-start=\"1136\" data-end=\"1152\">\ud83d\udd11 Uzamykanie<\/h3>\n<ul>\n<li data-start=\"1155\" data-end=\"1215\">trezorov\u00fd <strong data-start=\"1165\" data-end=\"1215\">mechanick\u00fd bezpe\u010dnostn\u00fd z\u00e1mok triedy A \u2013 MAUER<\/strong><\/li>\n<li data-start=\"1218\" data-end=\"1271\"><strong data-start=\"1218\" data-end=\"1248\">elektronick\u00fd z\u00e1mok LA\u2011GARD<\/strong> bezpe\u010dnostnej triedy A<\/li>\n<li data-start=\"1274\" data-end=\"1312\">2 ks <strong data-start=\"1279\" data-end=\"1312\">bezpe\u010dnostn\u00e9 mot\u00fdlikov\u00e9 k\u013e\u00fa\u010de<\/strong><\/li>\n<li data-start=\"1315\" data-end=\"1366\">2 ks k\u013e\u00fa\u010dov s poradov\u00fdm \u010d\u00edslom k vn\u00fatornej schr\u00e1nke<\/li>\n<\/ul>\n<hr data-start=\"1368\" data-end=\"1371\" \/>\n<h3 data-start=\"1373\" data-end=\"1397\">\ud83c\udfaf Vn\u00fatorn\u00e9 vybavenie<\/h3>\n<ul>\n<li data-start=\"1400\" data-end=\"1448\"><strong data-start=\"1400\" data-end=\"1448\">samostatne uzamykate\u013en\u00e1 schr\u00e1nka na strelivo<\/strong><\/li>\n<li data-start=\"1451\" data-end=\"1532\">dostato\u010dn\u00fd priestor aj pre zbrane s <strong data-start=\"1487\" data-end=\"1509\">v\u00e4\u010d\u0161\u00edm pu\u0161koh\u013eadom<\/strong> a mont\u00e1\u017eou s podh\u013eadom<\/li>\n<li data-start=\"1535\" data-end=\"1606\"><strong data-start=\"1535\" data-end=\"1577\">molyt\u00e1nov\u00e1 vlo\u017eka a molyt\u00e1nov\u00e1 opierka<\/strong> pre bezpe\u010dn\u00e9 ulo\u017eenie zbran\u00ed<\/li>\n<li data-start=\"1609\" data-end=\"1673\">dr\u017eiaky na n\u00e1radie pre \u010distenie zbran\u00ed na vn\u00fatornej strane dver\u00ed<\/li>\n<li data-start=\"1676\" data-end=\"1719\"><strong data-start=\"1676\" data-end=\"1719\">volite\u013en\u00e9 pr\u00edslu\u0161enstvo (za pr\u00edplatok):<\/strong>\n<ul>\n<li data-start=\"1724\" data-end=\"1774\">4 ks nastavite\u013en\u00fdch poli\u010diek v \u013eavej \u010dasti trezora<\/li>\n<\/ul>\n<\/li>\n<\/ul>\n<hr data-start=\"1776\" data-end=\"1779\" \/>\n<h3 data-start=\"1781\" data-end=\"1803\">\ud83c\udfa8 Povrchov\u00e1 \u00faprava<\/h3>\n<ul>\n<li data-start=\"1806\" data-end=\"1865\">polyuret\u00e1nov\u00e1 farba <strong data-start=\"1826\" data-end=\"1865\">odoln\u00e1 vo\u010di mechanick\u00fdm po\u0161kodeniam<\/strong><\/li>\n<li data-start=\"1868\" data-end=\"1903\">z\u00e1kladn\u00e1 farba: <strong data-start=\"1884\" data-end=\"1903\">zelen\u00e1 RAL 6005<\/strong><\/li>\n<li data-start=\"1906\" data-end=\"1964\">in\u00e9 farebn\u00e9 prevedenie na objedn\u00e1vku (<strong data-start=\"1944\" data-end=\"1963\">+10 % pr\u00edplatok<\/strong>)<\/li>\n<\/ul>\n<hr data-start=\"1966\" data-end=\"1969\" \/>\n<h3 data-start=\"1971\" data-end=\"1992\">\ud83d\udccf Technick\u00e9 \u00fadaje<\/h3>\n<ul>\n<li data-start=\"1995\" data-end=\"2040\">maxim\u00e1lna d\u013a\u017eka ulo\u017een\u00fdch zbran\u00ed: <strong data-start=\"2029\" data-end=\"2040\">1310 mm<\/strong><\/li>\n<li data-start=\"2043\" data-end=\"2076\">kapacita: <strong data-start=\"2053\" data-end=\"2076\">10 ks dlh\u00fdch zbran\u00ed<\/strong><\/li>\n<\/ul>\n<hr data-start=\"2078\" data-end=\"2081\" \/>\n<h3 data-start=\"2083\" data-end=\"2096\">\ud83c\udfed V\u00fdrobca<\/h3>\n<ul>\n<li data-start=\"2099\" data-end=\"2150\"><strong data-start=\"2099\" data-end=\"2140\"><span class=\"hover:entity-accent entity-underline inline cursor-pointer align-baseline\"><span class=\"whitespace-normal\">Trezor\u2011Liktor Zrt.<\/span><\/span><\/strong>, Ma\u010farsko<\/li>\n<\/ul>\n<\/div>\n<\/div>\n<\/div>\n","protected":false},"excerpt":{"rendered":"<p>Certifikovan\u00e1 skri\u0148a na 10 dlh\u00fdch zbran\u00ed so schr\u00e1nkou na strelivo<\/p>\n","protected":false},"featured_media":11964,"comment_status":"open","ping_status":"closed","template":"","meta":{"_monsterinsights_skip_tracking":false,"_monsterinsights_sitenote_active":false,"_monsterinsights_sitenote_note":"","_monsterinsights_sitenote_category":0},"product_brand":[318],"product_cat":[82,84],"product_tag":[542],"class_list":{"0":"post-11950","1":"product","2":"type-product","3":"status-publish","4":"has-post-thumbnail","6":"product_brand-trezor-liktor","7":"product_cat-skrine-na-dlhe-zbrane","8":"product_cat-trezory-na-dlhe-zbrane","9":"product_tag-diana","10":"product_shipping_class-od-2001-kg-do-300kg","11":"pa_bezpecnostna-trieda-15-ru-norma-en-1143-1","12":"pa_bezpecnostna-trieda-bezpecnostnej-triedy-a-v-zmysle-normy-en-1300","13":"pa_bezpecnostna-trieda-s1-podla-normy-en-14450","14":"pa_farba-ral-1015-bezova","15":"pa_farba-ral-6005-zelena","16":"pa_farba-ral-8014-hneda","17":"pa_farba-ral-9005-cierna","18":"pa_material-ocel","19":"pa_miesto-instalacie-volne-stojace","20":"pa_typ-zamku-elektronicky-zamok","21":"pa_typ-zamku-mechanicky-zamok","22":"pa_typ-zamku-otocny-kombinacny-zamok","23":"pa_vnutorna-hlbka-536","24":"pa_vnutorna-sirka-535","25":"pa_vnutorna-vyska-554","26":"pa_vnutorny-objem-537","27":"pa_vonkajsia-hlbka-540","28":"pa_vonkajsia-sirka-539","29":"pa_vonkajsia-vyska-555","30":"ts_product_brand-trezor-liktor","32":"first","33":"onbackorder","34":"taxable","35":"shipping-taxable","36":"purchasable","37":"product-type-variable"},"aioseo_notices":[],"jetpack_sharing_enabled":true,"_links":{"self":[{"href":"https:\/\/www.lltrezor.sk\/shop\/wp-json\/wp\/v2\/product\/11950","targetHints":{"allow":["GET"]}}],"collection":[{"href":"https:\/\/www.lltrezor.sk\/shop\/wp-json\/wp\/v2\/product"}],"about":[{"href":"https:\/\/www.lltrezor.sk\/shop\/wp-json\/wp\/v2\/types\/product"}],"replies":[{"embeddable":true,"href":"https:\/\/www.lltrezor.sk\/shop\/wp-json\/wp\/v2\/comments?post=11950"}],"wp:featuredmedia":[{"embeddable":true,"href":"https:\/\/www.lltrezor.sk\/shop\/wp-json\/wp\/v2\/media\/11964"}],"wp:attachment":[{"href":"https:\/\/www.lltrezor.sk\/shop\/wp-json\/wp\/v2\/media?parent=11950"}],"wp:term":[{"taxonomy":"product_brand","embeddable":true,"href":"https:\/\/www.lltrezor.sk\/shop\/wp-json\/wp\/v2\/product_brand?post=11950"},{"taxonomy":"product_cat","embeddable":true,"href":"https:\/\/www.lltrezor.sk\/shop\/wp-json\/wp\/v2\/product_cat?post=11950"},{"taxonomy":"product_tag","embeddable":true,"href":"https:\/\/www.lltrezor.sk\/shop\/wp-json\/wp\/v2\/product_tag?post=11950"}],"curies":[{"name":"wp","href":"https:\/\/api.w.org\/{rel}","templated":true}]}}